{"id":52,"date":"2022-05-02T10:24:53","date_gmt":"2022-05-02T10:24:53","guid":{"rendered":"https:\/\/grants.ulbsibiu.ro\/vizium\/?page_id=52"},"modified":"2022-05-08T10:28:37","modified_gmt":"2022-05-08T10:28:37","slug":"project-team","status":"publish","type":"page","link":"https:\/\/grants.ulbsibiu.ro\/vizium\/project-team\/","title":{"rendered":"Project Team"},"content":{"rendered":"\t\t<div data-elementor-type=\"wp-page\" data-elementor-id=\"52\" class=\"elementor elementor-52\">\n\t\t\t\t\t\t\t\t\t<section class=\"elementor-section elementor-top-section elementor-element elementor-element-610c04f elementor-section-boxed elementor-section-height-default elementor-section-height-default\" data-id=\"610c04f\" data-element_type=\"section\">\n\t\t\t\t\t\t<div class=\"elementor-container elementor-column-gap-default\">\n\t\t\t\t\t<div class=\"elementor-column elementor-col-100 elementor-top-column elementor-element elementor-element-f335e29\" data-id=\"f335e29\" data-element_type=\"column\">\n\t\t\t<div class=\"elementor-widget-wrap elementor-element-populated\">\n\t\t\t\t\t\t\t\t<div class=\"elementor-element elementor-element-098456c elementor-widget elementor-widget-heading\" data-id=\"098456c\" data-element_type=\"widget\" data-widget_type=\"heading.default\">\n\t\t\t\t<div class=\"elementor-widget-container\">\n\t\t\t<style>\/*! elementor - v3.6.5 - 27-04-2022 *\/\n.elementor-heading-title{padding:0;margin:0;line-height:1}.elementor-widget-heading .elementor-heading-title[class*=elementor-size-]>a{color:inherit;font-size:inherit;line-height:inherit}.elementor-widget-heading .elementor-heading-title.elementor-size-small{font-size:15px}.elementor-widget-heading .elementor-heading-title.elementor-size-medium{font-size:19px}.elementor-widget-heading .elementor-heading-title.elementor-size-large{font-size:29px}.elementor-widget-heading .elementor-heading-title.elementor-size-xl{font-size:39px}.elementor-widget-heading .elementor-heading-title.elementor-size-xxl{font-size:59px}<\/style><h3 class=\"elementor-heading-title elementor-size-default\">PROJECT TEAM<\/h3>\t\t<\/div>\n\t\t\t\t<\/div>\n\t\t\t\t\t<\/div>\n\t\t<\/div>\n\t\t\t\t\t\t\t<\/div>\n\t\t<\/section>\n\t\t\t\t<section class=\"elementor-section elementor-top-section elementor-element elementor-element-080a69f elementor-section-boxed elementor-section-height-default elementor-section-height-default\" data-id=\"080a69f\" data-element_type=\"section\">\n\t\t\t\t\t\t<div class=\"elementor-container elementor-column-gap-default\">\n\t\t\t\t\t<div class=\"elementor-column elementor-col-100 elementor-top-column elementor-element elementor-element-9b2a77e\" data-id=\"9b2a77e\" data-element_type=\"column\">\n\t\t\t<div class=\"elementor-widget-wrap elementor-element-populated\">\n\t\t\t\t\t\t\t\t<div class=\"elementor-element elementor-element-ed87316 elementor-widget elementor-widget-text-editor\" data-id=\"ed87316\" data-element_type=\"widget\" data-widget_type=\"text-editor.default\">\n\t\t\t\t<div class=\"elementor-widget-container\">\n\t\t\t<style>\/*! elementor - v3.6.5 - 27-04-2022 *\/\n.elementor-widget-text-editor.elementor-drop-cap-view-stacked .elementor-drop-cap{background-color:#818a91;color:#fff}.elementor-widget-text-editor.elementor-drop-cap-view-framed .elementor-drop-cap{color:#818a91;border:3px solid;background-color:transparent}.elementor-widget-text-editor:not(.elementor-drop-cap-view-default) .elementor-drop-cap{margin-top:8px}.elementor-widget-text-editor:not(.elementor-drop-cap-view-default) .elementor-drop-cap-letter{width:1em;height:1em}.elementor-widget-text-editor .elementor-drop-cap{float:left;text-align:center;line-height:1;font-size:50px}.elementor-widget-text-editor .elementor-drop-cap-letter{display:inline-block}<\/style>\t\t\t\t<h5><strong>1. Drago\u0219 Varga \u2013 Manager, Dean of the Faculty of Letters and Arts, experienced researcher<\/strong><\/h5><h5><strong>2. Radu Dr\u0103gulescu \u2013 Deputy Manager, Head of the Department of Romance Studies, experienced researcher<\/strong><\/h5><h5><strong>3. Andrei Terian \u2013 PI of the ERC Consolidator Grant TRANSHIROL, experienced researcher<\/strong><\/h5><h5><strong>4. Radu Vancu \u2013 experienced researcher (Literary Studies)<\/strong><\/h5><h5><strong>5. Sorin Radu \u2013 experienced researcher (History and Cultural Studies)<\/strong><\/h5><h5><strong>6. Constantin Chiriac \u2013 experienced researcher (Drama Studies)<\/strong><\/h5><h5><strong>7. Simina Terian \u2013 experienced researcher (Language Studies)<\/strong><\/h5><h5><strong>8. C\u0103t\u0103lina R\u0103descu \u2013 research assistant (doctoral candidate)<\/strong><\/h5><h5><strong>9. Denisa Fr\u0103tean \u2013 research assistant (master\u2019s student)<\/strong><\/h5>\t\t\t\t\t\t<\/div>\n\t\t\t\t<\/div>\n\t\t\t\t\t<\/div>\n\t\t<\/div>\n\t\t\t\t\t\t\t<\/div>\n\t\t<\/section>\n\t\t\t\t<section class=\"elementor-section elementor-top-section elementor-element elementor-element-32d80a3 elementor-section-content-middle elementor-section-boxed elementor-section-height-default elementor-section-height-default\" data-id=\"32d80a3\" data-element_type=\"section\">\n\t\t\t\t\t\t<div class=\"elementor-container elementor-column-gap-default\">\n\t\t\t\t\t<div class=\"elementor-column elementor-col-50 elementor-top-column elementor-element elementor-element-87c4df7\" data-id=\"87c4df7\" data-element_type=\"column\">\n\t\t\t<div class=\"elementor-widget-wrap elementor-element-populated\">\n\t\t\t\t\t\t\t\t<div class=\"elementor-element elementor-element-6eaf760 elementor-widget elementor-widget-image\" data-id=\"6eaf760\" data-element_type=\"widget\" data-widget_type=\"image.default\">\n\t\t\t\t<div class=\"elementor-widget-container\">\n\t\t\t<style>\/*! elementor - v3.6.5 - 27-04-2022 *\/\n.elementor-widget-image{text-align:center}.elementor-widget-image a{display:inline-block}.elementor-widget-image a img[src$=\".svg\"]{width:48px}.elementor-widget-image img{vertical-align:middle;display:inline-block}<\/style>\t\t\t\t\t\t\t\t\t\t\t\t\t<a href=\"https:\/\/www.ulbsibiu.ro\" target=\"_blank\">\n\t\t\t\t\t\t\t<img width=\"300\" height=\"90\" src=\"https:\/\/grants.ulbsibiu.ro\/vizium\/wp-content\/uploads\/LOGO-ULBS_orizontal-300x90.png\" class=\"attachment-medium size-medium\" alt=\"\" loading=\"lazy\" srcset=\"https:\/\/grants.ulbsibiu.ro\/vizium\/wp-content\/uploads\/LOGO-ULBS_orizontal-300x90.png 300w, https:\/\/grants.ulbsibiu.ro\/vizium\/wp-content\/uploads\/LOGO-ULBS_orizontal-1024x306.png 1024w, https:\/\/grants.ulbsibiu.ro\/vizium\/wp-content\/uploads\/LOGO-ULBS_orizontal-768x229.png 768w, https:\/\/grants.ulbsibiu.ro\/vizium\/wp-content\/uploads\/LOGO-ULBS_orizontal.png 1182w\" sizes=\"(max-width: 300px) 100vw, 300px\" \/>\t\t\t\t\t\t\t\t<\/a>\n\t\t\t\t\t\t\t\t\t\t\t\t\t\t\t<\/div>\n\t\t\t\t<\/div>\n\t\t\t\t\t<\/div>\n\t\t<\/div>\n\t\t\t\t<div class=\"elementor-column elementor-col-50 elementor-top-column elementor-element elementor-element-129de47\" data-id=\"129de47\" data-element_type=\"column\">\n\t\t\t<div class=\"elementor-widget-wrap elementor-element-populated\">\n\t\t\t\t\t\t\t\t<div class=\"elementor-element elementor-element-cd912c5 elementor-widget elementor-widget-image\" data-id=\"cd912c5\" data-element_type=\"widget\" data-widget_type=\"image.default\">\n\t\t\t\t<div class=\"elementor-widget-container\">\n\t\t\t\t\t\t\t\t\t\t\t\t\t\t\t\t<a href=\"https:\/\/uefiscdi.gov.ro\" target=\"_blank\">\n\t\t\t\t\t\t\t<img width=\"300\" height=\"185\" src=\"https:\/\/grants.ulbsibiu.ro\/vizium\/wp-content\/uploads\/uefiscdi-logo-full-RO-1536x949-1-300x185.png\" class=\"attachment-medium size-medium\" alt=\"\" loading=\"lazy\" srcset=\"https:\/\/grants.ulbsibiu.ro\/vizium\/wp-content\/uploads\/uefiscdi-logo-full-RO-1536x949-1-300x185.png 300w, https:\/\/grants.ulbsibiu.ro\/vizium\/wp-content\/uploads\/uefiscdi-logo-full-RO-1536x949-1-1024x633.png 1024w, https:\/\/grants.ulbsibiu.ro\/vizium\/wp-content\/uploads\/uefiscdi-logo-full-RO-1536x949-1-768x475.png 768w, https:\/\/grants.ulbsibiu.ro\/vizium\/wp-content\/uploads\/uefiscdi-logo-full-RO-1536x949-1.png 1536w\" sizes=\"(max-width: 300px) 100vw, 300px\" \/>\t\t\t\t\t\t\t\t<\/a>\n\t\t\t\t\t\t\t\t\t\t\t\t\t\t\t<\/div>\n\t\t\t\t<\/div>\n\t\t\t\t\t<\/div>\n\t\t<\/div>\n\t\t\t\t\t\t\t<\/div>\n\t\t<\/section>\n\t\t\t\t\t\t\t<\/div>\n\t\t","protected":false},"excerpt":{"rendered":"<p>PROJECT TEAM 1. Drago\u0219 Varga \u2013 Manager, Dean of the Faculty of Letters and Arts, experienced researcher 2. Radu Dr\u0103gulescu \u2013 Deputy Manager, Head of the Department of Romance Studies, experienced researcher 3. Andrei Terian \u2013 PI of the ERC Consolidator Grant TRANSHIROL, experienced researcher 4. Radu Vancu \u2013 experienced researcher (Literary Studies) 5. Sorin [&hellip;]<\/p>\n","protected":false},"author":1,"featured_media":0,"parent":0,"menu_order":0,"comment_status":"closed","ping_status":"closed","template":"","meta":[],"_links":{"self":[{"href":"https:\/\/grants.ulbsibiu.ro\/vizium\/wp-json\/wp\/v2\/pages\/52"}],"collection":[{"href":"https:\/\/grants.ulbsibiu.ro\/vizium\/wp-json\/wp\/v2\/pages"}],"about":[{"href":"https:\/\/grants.ulbsibiu.ro\/vizium\/wp-json\/wp\/v2\/types\/page"}],"author":[{"embeddable":true,"href":"https:\/\/grants.ulbsibiu.ro\/vizium\/wp-json\/wp\/v2\/users\/1"}],"replies":[{"embeddable":true,"href":"https:\/\/grants.ulbsibiu.ro\/vizium\/wp-json\/wp\/v2\/comments?post=52"}],"version-history":[{"count":16,"href":"https:\/\/grants.ulbsibiu.ro\/vizium\/wp-json\/wp\/v2\/pages\/52\/revisions"}],"predecessor-version":[{"id":206,"href":"https:\/\/grants.ulbsibiu.ro\/vizium\/wp-json\/wp\/v2\/pages\/52\/revisions\/206"}],"wp:attachment":[{"href":"https:\/\/grants.ulbsibiu.ro\/vizium\/wp-json\/wp\/v2\/media?parent=52"}],"curies":[{"name":"wp","href":"https:\/\/api.w.org\/{rel}","templated":true}]}}