{"id":71,"date":"2023-11-05T19:43:52","date_gmt":"2023-11-05T19:43:52","guid":{"rendered":"https:\/\/grants.ulbsibiu.ro\/tradespace\/?page_id=71"},"modified":"2023-12-02T17:57:29","modified_gmt":"2023-12-02T17:57:29","slug":"ivana-olujic","status":"publish","type":"page","link":"https:\/\/grants.ulbsibiu.ro\/tradespace\/equipe-du-projet\/ivana-olujic\/","title":{"rendered":"Ivana\u00a0OLUJIC\u00a0\u00a0"},"content":{"rendered":"\n<p><\/p>\n\n\n\n<div class=\"wp-block-group has-global-padding is-layout-constrained wp-block-group-is-layout-constrained\">\n<figure class=\"wp-block-image alignleft size-full is-resized\"><img decoding=\"async\" loading=\"lazy\" width=\"708\" height=\"1024\" src=\"https:\/\/grants.ulbsibiu.ro\/tradespace\/wp-content\/uploads\/image.jpeg\" alt=\"This image has an empty alt attribute; its file name is Ivana-3-708x1024.jpg\" class=\"wp-image-159\" style=\"aspect-ratio:0.69140625;width:225px;height:auto\" srcset=\"https:\/\/grants.ulbsibiu.ro\/tradespace\/wp-content\/uploads\/image.jpeg 708w, https:\/\/grants.ulbsibiu.ro\/tradespace\/wp-content\/uploads\/image-207x300.jpeg 207w\" sizes=\"(max-width: 708px) 100vw, 708px\" \/><\/figure>\n<\/div>\n\n\n\n<div class=\"wp-block-columns is-layout-flex wp-container-7 wp-block-columns-is-layout-flex\">\n<div class=\"wp-block-column is-layout-flow wp-block-column-is-layout-flow\" style=\"flex-basis:100%\">\n<div class=\"wp-block-group has-global-padding is-layout-constrained wp-block-group-is-layout-constrained\">\n<div class=\"wp-block-columns is-layout-flex wp-container-4 wp-block-columns-is-layout-flex\">\n<div class=\"wp-block-column is-layout-flow wp-block-column-is-layout-flow\" style=\"flex-basis:100%\">\n<div class=\"wp-block-group has-global-padding is-layout-constrained wp-block-group-is-layout-constrained\">\n<p>Universit\u00e9 de Zagreb<\/p>\n\n\n\n<p>E-mail : iolujic@ffzg.h<\/p>\n\n\n\n<p>Professeur titulaire \u00e0\u00a0la Chaire de\u00a0langue et litt\u00e9rature roumaine. En tant que chercheur novice, elle a collabor\u00e9 \u00e0 un projet coordonne par le professeur d.sc. Dra\u017een Varga\u00a0<em>\u2013 La grammaire romaine pour les locuteurs croates.<\/em> Elle a travaill\u00e9 pendant une ann\u00e9e universitaire (2007\/2008) en tant que lectrice de la langue croate \u00e0 l&#8217;Universit\u00e9 de Bucarest.<\/p>\n\n\n\n<p>Elle participe r\u00e9guli\u00e8rement \u00e0 des conf\u00e9rences et des rencontres scientifiques en Croatie et en Roumanie. Elle a publi\u00e9 de nombreux travaux en linguistique, notamment en dialectologie croate (par ex.&nbsp;<em>Le probl\u00e8me du genre neutre dans le patois des Croates de Kara\u0161evo<\/em>,&nbsp;<em>Biographies linguistiques de quelques Croates de Cara\u0219ova et Clocotici<\/em>&nbsp;&#8211; co-\u00e9crit avec Peter Radosavljevi\u0107 et Mihaela \u0160triga-Zidari\u0107) et dans le domaine de la litt\u00e9rature (par ex.<em>&nbsp;Une connexion entre le folklore litt\u00e9raire roumain et croate<\/em>,&nbsp;<em>Miori\u021ba dans la litt\u00e9rature \u00e9crite roumaine r\u00e9cente &#8211; Mircea Nedelciu, Dan Lungu<\/em>,&nbsp;<em>Les silences dans les romans de Tatiana \u021aibuleac<\/em>) et elle a traduit une dizaine des livres&nbsp;(par exemple Norman Manea,&nbsp;<em>L&#8217;enveloppe noire<\/em>&nbsp;&#8211; co-traduit avec Luca-Ioan Frana, Mircea C\u0103rt\u0103rescu,&nbsp;<em>Nostalgia<\/em>&nbsp;&#8211; co-traduit avec Luca-Ioan Frana et Marina Gessner, Tatiana \u021a\u00eebuleac,&nbsp;<em>Le jardin de verre<\/em>). Une monographie sur le roman&nbsp;roumain&nbsp;pendant&nbsp;la p\u00e9riode&nbsp;del&#8217;entre-deux-guerres, intitul\u00e9&nbsp;<em>De l&#8217;exp\u00e9rience individuelle \u00e0 l&#8217;exp\u00e9rience collective<\/em>.&nbsp;<em>La Premi\u00e8re Guerre mondiale dans un roman roumain<\/em>&nbsp;est en pr\u00e9paration pour la publication.<\/p>\n\n\n\n<p>Depuis 2021, elle dirige le projet&nbsp;<em>Les<\/em>&nbsp;<em>Kajkaves et les \u0160okces dans le Banat roumain<\/em>, qui effectue des \u00e9tudes de recherche sur les patois en danger des membres de la communaut\u00e9 croate dans le Banat roumain.<\/p>\n\n\n\n<p>\u00c0&nbsp;la Chaire de&nbsp;langue et litt\u00e9rature roumaines, elle dispense des cours et des s\u00e9minaires sur l&#8217;histoire de la litt\u00e9rature roumaine, et pendant une courte p\u00e9riode, elle a \u00e9galement dispens\u00e9 un cours des exercices de traduction. Pendant les ann\u00e9es universitaires 2018\/2019 et 2019\/2020 elle a \u00e9t\u00e9&nbsp;responsable de la Chaire de&nbsp;langue et litt\u00e9rature roumaines.<\/p>\n\n\n\n<p>Elle est membre de la Soci\u00e9t\u00e9 philologique croate et de la Soci\u00e9t\u00e9 des traducteurs litt\u00e9raires croates et r\u00e9dactrice en chef de&nbsp;la revue&nbsp;culturelle bilingue roumain-croate&nbsp;<em>Verso<\/em>.<\/p>\n<\/div>\n<\/div>\n<\/div>\n<\/div>\n<\/div>\n<\/div>\n","protected":false},"excerpt":{"rendered":"<p>Universit\u00e9 de Zagreb E-mail : iolujic@ffzg.h Professeur titulaire \u00e0\u00a0la Chaire de\u00a0langue et litt\u00e9rature roumaine. En tant que chercheur novice, elle a collabor\u00e9 \u00e0 un projet coordonne par le professeur d.sc. Dra\u017een Varga\u00a0\u2013 La grammaire romaine pour les locuteurs croates. Elle a travaill\u00e9 pendant une ann\u00e9e universitaire (2007\/2008) en tant que lectrice de la langue croate [&hellip;]<\/p>\n","protected":false},"author":1,"featured_media":0,"parent":11,"menu_order":3,"comment_status":"closed","ping_status":"closed","template":"","meta":{"footnotes":""},"_links":{"self":[{"href":"https:\/\/grants.ulbsibiu.ro\/tradespace\/wp-json\/wp\/v2\/pages\/71"}],"collection":[{"href":"https:\/\/grants.ulbsibiu.ro\/tradespace\/wp-json\/wp\/v2\/pages"}],"about":[{"href":"https:\/\/grants.ulbsibiu.ro\/tradespace\/wp-json\/wp\/v2\/types\/page"}],"author":[{"embeddable":true,"href":"https:\/\/grants.ulbsibiu.ro\/tradespace\/wp-json\/wp\/v2\/users\/1"}],"replies":[{"embeddable":true,"href":"https:\/\/grants.ulbsibiu.ro\/tradespace\/wp-json\/wp\/v2\/comments?post=71"}],"version-history":[{"count":7,"href":"https:\/\/grants.ulbsibiu.ro\/tradespace\/wp-json\/wp\/v2\/pages\/71\/revisions"}],"predecessor-version":[{"id":169,"href":"https:\/\/grants.ulbsibiu.ro\/tradespace\/wp-json\/wp\/v2\/pages\/71\/revisions\/169"}],"up":[{"embeddable":true,"href":"https:\/\/grants.ulbsibiu.ro\/tradespace\/wp-json\/wp\/v2\/pages\/11"}],"wp:attachment":[{"href":"https:\/\/grants.ulbsibiu.ro\/tradespace\/wp-json\/wp\/v2\/media?parent=71"}],"curies":[{"name":"wp","href":"https:\/\/api.w.org\/{rel}","templated":true}]}}