{"id":65,"date":"2023-11-05T19:41:01","date_gmt":"2023-11-05T19:41:01","guid":{"rendered":"https:\/\/grants.ulbsibiu.ro\/tradespace\/?page_id=65"},"modified":"2023-12-02T17:56:18","modified_gmt":"2023-12-02T17:56:18","slug":"mihaela-gentiana-stanisor-enache","status":"publish","type":"page","link":"https:\/\/grants.ulbsibiu.ro\/tradespace\/equipe-du-projet\/mihaela-gentiana-stanisor-enache\/","title":{"rendered":"Mihaela-Gen\u0163iana ST\u0102NI\u0218OR ENACHE\u00a0"},"content":{"rendered":"\n<div class=\"wp-block-group has-global-padding is-layout-constrained wp-block-group-is-layout-constrained\">\n<figure class=\"wp-block-image alignleft is-resized\"><img decoding=\"async\" loading=\"lazy\" width=\"1536\" height=\"1536\" src=\"https:\/\/grants.ulbsibiu.ro\/tradespace\/wp-content\/uploads\/Mihaela-1.jpg\" alt=\"\" class=\"wp-image-42\" style=\"aspect-ratio:1;width:232px;height:auto\" srcset=\"https:\/\/grants.ulbsibiu.ro\/tradespace\/wp-content\/uploads\/Mihaela-1.jpg 1536w, https:\/\/grants.ulbsibiu.ro\/tradespace\/wp-content\/uploads\/Mihaela-1-300x300.jpg 300w, https:\/\/grants.ulbsibiu.ro\/tradespace\/wp-content\/uploads\/Mihaela-1-1024x1024.jpg 1024w, https:\/\/grants.ulbsibiu.ro\/tradespace\/wp-content\/uploads\/Mihaela-1-150x150.jpg 150w, https:\/\/grants.ulbsibiu.ro\/tradespace\/wp-content\/uploads\/Mihaela-1-768x768.jpg 768w\" sizes=\"(max-width: 1536px) 100vw, 1536px\" \/><\/figure>\n<\/div>\n\n\n\n<p>Universit\u00e9 \u00ab Lucian Blaga\u00a0\u00bb de Sibiu<\/p>\n\n\n\n<p>E-mail: mihaela.enache@ulbsibiu.ro<\/p>\n\n\n\n<p>Elle est ma\u00eetre-assistante \u00e0 l\u2019Universit\u00e9 \u00a0\u00abLucian Blaga\u00a0\u00bb de Sibiu. Docteur \u00e8s lettres de l\u2019Universit\u00e9 de Craiova avec une th\u00e8se sur Cioran, elle est codirectrice de la revue\u00a0ALKEMIE\u00a0et de la s\u00e9rie\u00a0Cioran, archives paradoxales, publi\u00e9es aux \u00e9ditions Classiques Garnier. Elle a notamment publi\u00e9\u00a0<em>Perspectives critiques sur la litt\u00e9rature fran\u00e7aise du XVIIe si\u00e8cle<\/em> (Cluj-Napoca, Editura Casa C\u0103r\u0163ii de \u015etiin\u0163\u0103, 2007),<em> \u00cent\u00eelniri cu Cioran<\/em> [Rencontres avec Cioran], deux volumes, en collaboration avec Marin Diaconu, Bucure\u015fti, Funda\u0163ia Na\u0163ional\u0103 pentru \u015etiin\u0163\u0103 \u015fi Art\u0103, 2010 et 2011, <em>Les\u00a0Cahiers\u00a0de Cioran, l\u2019exil de l\u2019\u00eatre et de l\u2019\u0153uvre<\/em> (Sibiu, Editura Universit\u0103\u021bii \u00ab\u00a0Lucian Blaga\u00a0\u00bb, 2005),\u00a0<em>La\u00a0Mo\u00efeutique\u00a0de Cioran. L\u2019Expansion et la Dissolution du moi dans l\u2019\u00e9criture<\/em> (Paris, Classiques Garnier, 2018), <em>Dic\u021bionar de termeni cioranieni<\/em> [Dictionnaire des termes cioraniens] (co-auteur, 2 vol., Timi\u0219oara, Editura Universit\u0103\u021bii de Vest, Milano, Criterion Editrice, 2020), et traduit en roumain\u00a0La Tentation nihiliste\u00a0de Roland Jaccard (Timi\u015foara, 2008) et les\u00a0<em>Maximes de Nicolas de Chamfort<\/em> (Cluj-Napoca, 2015).<\/p>\n","protected":false},"excerpt":{"rendered":"<p>Universit\u00e9 \u00ab Lucian Blaga\u00a0\u00bb de Sibiu E-mail: mihaela.enache@ulbsibiu.ro Elle est ma\u00eetre-assistante \u00e0 l\u2019Universit\u00e9 \u00a0\u00abLucian Blaga\u00a0\u00bb de Sibiu. Docteur \u00e8s lettres de l\u2019Universit\u00e9 de Craiova avec une th\u00e8se sur Cioran, elle est codirectrice de la revue\u00a0ALKEMIE\u00a0et de la s\u00e9rie\u00a0Cioran, archives paradoxales, publi\u00e9es aux \u00e9ditions Classiques Garnier. Elle a notamment publi\u00e9\u00a0Perspectives critiques sur la litt\u00e9rature fran\u00e7aise du [&hellip;]<\/p>\n","protected":false},"author":1,"featured_media":0,"parent":11,"menu_order":2,"comment_status":"closed","ping_status":"closed","template":"","meta":{"footnotes":""},"_links":{"self":[{"href":"https:\/\/grants.ulbsibiu.ro\/tradespace\/wp-json\/wp\/v2\/pages\/65"}],"collection":[{"href":"https:\/\/grants.ulbsibiu.ro\/tradespace\/wp-json\/wp\/v2\/pages"}],"about":[{"href":"https:\/\/grants.ulbsibiu.ro\/tradespace\/wp-json\/wp\/v2\/types\/page"}],"author":[{"embeddable":true,"href":"https:\/\/grants.ulbsibiu.ro\/tradespace\/wp-json\/wp\/v2\/users\/1"}],"replies":[{"embeddable":true,"href":"https:\/\/grants.ulbsibiu.ro\/tradespace\/wp-json\/wp\/v2\/comments?post=65"}],"version-history":[{"count":6,"href":"https:\/\/grants.ulbsibiu.ro\/tradespace\/wp-json\/wp\/v2\/pages\/65\/revisions"}],"predecessor-version":[{"id":166,"href":"https:\/\/grants.ulbsibiu.ro\/tradespace\/wp-json\/wp\/v2\/pages\/65\/revisions\/166"}],"up":[{"embeddable":true,"href":"https:\/\/grants.ulbsibiu.ro\/tradespace\/wp-json\/wp\/v2\/pages\/11"}],"wp:attachment":[{"href":"https:\/\/grants.ulbsibiu.ro\/tradespace\/wp-json\/wp\/v2\/media?parent=65"}],"curies":[{"name":"wp","href":"https:\/\/api.w.org\/{rel}","templated":true}]}}