{"id":47,"date":"2023-11-05T18:36:24","date_gmt":"2023-11-05T18:36:24","guid":{"rendered":"https:\/\/grants.ulbsibiu.ro\/tradespace\/?page_id=47"},"modified":"2023-12-02T18:00:04","modified_gmt":"2023-12-02T18:00:04","slug":"maja-vukusic-zorica","status":"publish","type":"page","link":"https:\/\/grants.ulbsibiu.ro\/tradespace\/equipe-du-projet\/maja-vukusic-zorica\/","title":{"rendered":"Maja Vuku\u0161i\u0107 ZORICA"},"content":{"rendered":"\n<p id=\"block-91884f55-143a-456f-83c3-24997fa2ac8d\">\ufeff<\/p>\n\n\n\n<div class=\"wp-block-group has-global-padding is-layout-constrained wp-block-group-is-layout-constrained\">\n<figure class=\"wp-block-image alignleft is-resized\"><img decoding=\"async\" loading=\"lazy\" width=\"1920\" height=\"2560\" src=\"https:\/\/grants.ulbsibiu.ro\/tradespace\/wp-content\/uploads\/MAJA-scaled.jpg\" alt=\"\" class=\"wp-image-48\" style=\"aspect-ratio:0.75;width:169px;height:auto\" srcset=\"https:\/\/grants.ulbsibiu.ro\/tradespace\/wp-content\/uploads\/MAJA-scaled.jpg 1920w, https:\/\/grants.ulbsibiu.ro\/tradespace\/wp-content\/uploads\/MAJA-225x300.jpg 225w, https:\/\/grants.ulbsibiu.ro\/tradespace\/wp-content\/uploads\/MAJA-768x1024.jpg 768w, https:\/\/grants.ulbsibiu.ro\/tradespace\/wp-content\/uploads\/MAJA-1152x1536.jpg 1152w, https:\/\/grants.ulbsibiu.ro\/tradespace\/wp-content\/uploads\/MAJA-1536x2048.jpg 1536w\" sizes=\"(max-width: 1920px) 100vw, 1920px\" \/><\/figure>\n<\/div>\n\n\n\n<p>Universit\u00e9 de Zagreb<\/p>\n\n\n\n<p>E-mail: mzorica@ffzg.hr<\/p>\n\n\n\n<p>Professeur titulaire et responsable de la\u00a0Chaire de litt\u00e9rature fran\u00e7aise \u00e0 l\u2019Universit\u00e9 de Zagreb, ancienne boursi\u00e8re du Gouvernement fran\u00e7ais, a soutenu sa th\u00e8se sur le\u00a0<em>Journal\u00a0<\/em>de Gide sous la direction d\u2019\u00c9ric Marty \u00e0 l\u2019Universit\u00e9 Paris Diderot et publi\u00e9 le livre\u00a0<em>Andr\u00e9 Gide : les gestes d\u2019amour et l\u2019amour des gestes<\/em>\u00a0(Paris, \u00c9ditions Orizons, 2013). Son dernier livre, le premier en croate,\u00a0<em>Zato\u010denici ljubavi : knji\u017eevnost, homoseksualnost, anga\u017eman (Prisonniers de l&#8217;amour :\u00a0\u00a0litt\u00e9rature, homosexualit\u00e9, engagement<\/em>, Zagreb, Naklada Ljevak), a \u00e9t\u00e9 publi\u00e9 en 2022.\u00a0<br>Elle travaille r\u00e9guli\u00e8rement avec les coll\u00e8gues du Centre d&#8217;\u00e9tudes\u00a0\u00a0gidiennes, la Fondation Catherine Gide et pour la biblioth\u00e8que gidienne\u00a0\u00a0des Classiques Garnier. Elle est membre du Conseil scientifique du r\u00e9seau francophone\u00a0\u00a0international OFFRES  https:\/\/offres.hypotheses.org\/\u00a0et repr\u00e9sentante de la SERD pour la Croatie https:\/\/serd.hypotheses.org\/.<br>Elle est chercheuse associ\u00e9e au Birmingham Royal Conservatoire, Centre\u00a0\u00a0CIPA (Centre for Performative Arts) etmembre du &#8220;Interdisciplinary Performative Pedagogies&#8221; de l&#8217;International\u00a0 Federation for Theatre Research. Elle vient d&#8217;\u00eatre invit\u00e9e de faire partie du r\u00e9seau de neuf universit\u00e9s\u00a0\u00a0europ\u00e9ennes, dirig\u00e9 par l&#8217;Universit\u00e9 de Bonn, nomm\u00e9 &#8220;Cultures\u00a0europ\u00e9ennes &#8211; identit\u00e9 europ\u00e9enne&#8221;.<br>Elle a \u00e9t\u00e9 l\u2019un des deux directeurs du projet franco-croate COGITO\u00a0\u00a0(Hubert Curien, PHC) \u00ab L\u2019\u00e9criture du concept : le genre occidental \u00bb\u00a0\u00a0(avec le D\u00e9partement de philosophie de l\u2019Universit\u00e9 de Poitiers,\u00a0\u00a0laboratoire MAPP \u2013 M\u00e9taphysique allemande et philosophie pratique, EA\u00a02626),<br>Elle a particip\u00e9, entre autres :\u00a0&#8211; aux projets projets du FSE (Fond Social Europ\u00e9en) en 2016 et en\u00a0\u00a02022-2023,- au projet de l\u2019Universit\u00e9 de Cambridge en 2021 et\u00a0&#8211; a \u00e9t\u00e9 l\u2019un des coorganisateurs des \u00ab travel abroad \u00bb programmes (\u00ab\u00a0Monsters \u00bb) de l\u2019Universit\u00e9 de Cincinnati en Croatie (2017-2019).<br>Elle a \u00e9t\u00e9 l\u2019un des deux directeurs du volume \u00ab Roland Barthes :\u00a0\u00a0cr\u00e9ation, \u00e9motion, jouissance \u00bb publi\u00e9 par les Classiques Garnier en\u00a0\u00a02017 (apr\u00e8s avoir organis\u00e9 la conf\u00e9rence \u00e9ponyme aux Archives nationales\u00a0\u00a0croates \u00e0 Zagreb en 2015) et\u00a0le chef d\u2019\u00e9quipe-\u00e9diteur du premier projet de l\u2019\u00e9ducation num\u00e9rique pour\u00a0\u00a0le Fran\u00e7ais langue \u00e9trang\u00e8re (FLE) en Croatie (2019-2020) financ\u00e9 par\u00a0\u00a0les fonds europ\u00e9ens et CARNET. Elle a organis\u00e9, en tant que seul membre du comit\u00e9 d&#8217;organisation, la\u00a0\u00a022e \u00e9dition de l&#8217;Universit\u00e9 d&#8217;\u00e9t\u00e9 du r\u00e9seau OFFRES (23-30 juillet 2023)\u00a0\u00a0\u00e0 Dubrovnik (Croatie) intitul\u00e9e : &#8220;De l&#8217;utilit\u00e9 et de l&#8217;inconv\u00e9nient de\u00a0\u00a0l&#8217;adaptation, sous l&#8217;\u00e9gide de Moli\u00e8re&#8221;. Elle est membre du DHKP (Association des traducteurs litt\u00e9raires\u00a0\u00a0croates). Elle a traduit 18 livres dont 5 de Saint-Exup\u00e9ry et 3 cours de Michel\u00a0\u00a0Foucault au Coll\u00e8ge de France. Elle a re\u00e7u 2 bourses du CNL (Centre\u00a0\u00a0National du livre) pour ses traductions.<br>Elle s&#8217;int\u00e9resse \u00e0 la litt\u00e9rature, la th\u00e9orie, la philosophie,\u00a0\u00a0l&#8217;histoire, la sociologie, la musique, la musicologie, le corps, la\u00a0sexualit\u00e9, gender, queer and translation studies.<\/p>\n","protected":false},"excerpt":{"rendered":"<p>\ufeff Universit\u00e9 de Zagreb E-mail: mzorica@ffzg.hr Professeur titulaire et responsable de la\u00a0Chaire de litt\u00e9rature fran\u00e7aise \u00e0 l\u2019Universit\u00e9 de Zagreb, ancienne boursi\u00e8re du Gouvernement fran\u00e7ais, a soutenu sa th\u00e8se sur le\u00a0Journal\u00a0de Gide sous la direction d\u2019\u00c9ric Marty \u00e0 l\u2019Universit\u00e9 Paris Diderot et publi\u00e9 le livre\u00a0Andr\u00e9 Gide : les gestes d\u2019amour et l\u2019amour des gestes\u00a0(Paris, \u00c9ditions Orizons, [&hellip;]<\/p>\n","protected":false},"author":1,"featured_media":0,"parent":11,"menu_order":5,"comment_status":"closed","ping_status":"closed","template":"","meta":{"footnotes":""},"_links":{"self":[{"href":"https:\/\/grants.ulbsibiu.ro\/tradespace\/wp-json\/wp\/v2\/pages\/47"}],"collection":[{"href":"https:\/\/grants.ulbsibiu.ro\/tradespace\/wp-json\/wp\/v2\/pages"}],"about":[{"href":"https:\/\/grants.ulbsibiu.ro\/tradespace\/wp-json\/wp\/v2\/types\/page"}],"author":[{"embeddable":true,"href":"https:\/\/grants.ulbsibiu.ro\/tradespace\/wp-json\/wp\/v2\/users\/1"}],"replies":[{"embeddable":true,"href":"https:\/\/grants.ulbsibiu.ro\/tradespace\/wp-json\/wp\/v2\/comments?post=47"}],"version-history":[{"count":8,"href":"https:\/\/grants.ulbsibiu.ro\/tradespace\/wp-json\/wp\/v2\/pages\/47\/revisions"}],"predecessor-version":[{"id":173,"href":"https:\/\/grants.ulbsibiu.ro\/tradespace\/wp-json\/wp\/v2\/pages\/47\/revisions\/173"}],"up":[{"embeddable":true,"href":"https:\/\/grants.ulbsibiu.ro\/tradespace\/wp-json\/wp\/v2\/pages\/11"}],"wp:attachment":[{"href":"https:\/\/grants.ulbsibiu.ro\/tradespace\/wp-json\/wp\/v2\/media?parent=47"}],"curies":[{"name":"wp","href":"https:\/\/api.w.org\/{rel}","templated":true}]}}