{"id":440,"date":"2024-04-29T20:18:07","date_gmt":"2024-04-29T20:18:07","guid":{"rendered":"https:\/\/grants.ulbsibiu.ro\/tradespace\/?page_id=440"},"modified":"2024-05-22T19:48:37","modified_gmt":"2024-05-22T19:48:37","slug":"atelier-vii","status":"publish","type":"page","link":"https:\/\/grants.ulbsibiu.ro\/tradespace\/ateliers-et-reunions-2\/atelier-vii\/","title":{"rendered":"ATELIER VIII"},"content":{"rendered":"\n<div class=\"wp-block-columns is-layout-flex wp-container-3 wp-block-columns-is-layout-flex\">\n<div class=\"wp-block-column is-vertically-aligned-top is-layout-flow wp-block-column-is-layout-flow\" style=\"flex-basis:100%\">\n<div class=\"wp-block-group has-global-padding is-layout-constrained wp-block-group-is-layout-constrained\">\n<div class=\"wp-block-media-text is-stacked-on-mobile\"><figure class=\"wp-block-media-text__media\"><img decoding=\"async\" loading=\"lazy\" width=\"487\" height=\"629\" src=\"https:\/\/grants.ulbsibiu.ro\/tradespace\/wp-content\/uploads\/Captura-de-ecran-din-2024-04-29-la-23.23.59.png\" alt=\"\" class=\"wp-image-443 size-full\" srcset=\"https:\/\/grants.ulbsibiu.ro\/tradespace\/wp-content\/uploads\/Captura-de-ecran-din-2024-04-29-la-23.23.59.png 487w, https:\/\/grants.ulbsibiu.ro\/tradespace\/wp-content\/uploads\/Captura-de-ecran-din-2024-04-29-la-23.23.59-232x300.png 232w\" sizes=\"(max-width: 487px) 100vw, 487px\" \/><\/figure><div class=\"wp-block-media-text__content\">\n<p>Les ateliers de Sibiu 17-21 avril<\/p>\n\n\n\n<p>Facult\u00e9 de Lettres et Arts <\/p>\n\n\n\n<p>Universit\u00e9 Lucian Blaga de Sibiu<\/p>\n<\/div><\/div>\n<\/div>\n<\/div>\n<\/div>\n\n\n\n<div class=\"wp-block-columns is-layout-flex wp-container-6 wp-block-columns-is-layout-flex\">\n<div class=\"wp-block-column is-layout-flow wp-block-column-is-layout-flow\" style=\"flex-basis:100%\">\n<div class=\"wp-block-group has-global-padding is-layout-constrained wp-block-group-is-layout-constrained\">\n<div class=\"wp-block-media-text is-stacked-on-mobile\"><figure class=\"wp-block-media-text__media\"><img decoding=\"async\" loading=\"lazy\" width=\"453\" height=\"629\" src=\"https:\/\/grants.ulbsibiu.ro\/tradespace\/wp-content\/uploads\/Captura-de-ecran-din-2024-04-29-la-23.24.11.png\" alt=\"\" class=\"wp-image-444 size-full\" srcset=\"https:\/\/grants.ulbsibiu.ro\/tradespace\/wp-content\/uploads\/Captura-de-ecran-din-2024-04-29-la-23.24.11.png 453w, https:\/\/grants.ulbsibiu.ro\/tradespace\/wp-content\/uploads\/Captura-de-ecran-din-2024-04-29-la-23.24.11-216x300.png 216w\" sizes=\"(max-width: 453px) 100vw, 453px\" \/><\/figure><div class=\"wp-block-media-text__content\">\n<p>Premier jour : espaces urbaines, espace m\u00e9di\u00e9vales, espaces modernes<\/p>\n\n\n\n<p>Atelier litt\u00e9raire: Perspectives g\u00e9ocritiques sur les litt\u00e9ratures roumaine et croate<\/p>\n<\/div><\/div>\n<\/div>\n<\/div>\n<\/div>\n\n\n\n<div class=\"wp-block-columns is-layout-flex wp-container-8 wp-block-columns-is-layout-flex\">\n<div class=\"wp-block-column is-layout-flow wp-block-column-is-layout-flow\" style=\"flex-basis:100%\">\n<div class=\"wp-block-media-text is-stacked-on-mobile\"><figure class=\"wp-block-media-text__media\"><img decoding=\"async\" loading=\"lazy\" width=\"453\" height=\"629\" src=\"https:\/\/grants.ulbsibiu.ro\/tradespace\/wp-content\/uploads\/Captura-de-ecran-din-2024-04-29-la-23.24.20-1.png\" alt=\"\" class=\"wp-image-447 size-full\" srcset=\"https:\/\/grants.ulbsibiu.ro\/tradespace\/wp-content\/uploads\/Captura-de-ecran-din-2024-04-29-la-23.24.20-1.png 453w, https:\/\/grants.ulbsibiu.ro\/tradespace\/wp-content\/uploads\/Captura-de-ecran-din-2024-04-29-la-23.24.20-1-216x300.png 216w\" sizes=\"(max-width: 453px) 100vw, 453px\" \/><\/figure><div class=\"wp-block-media-text__content\">\n<p>Les ateliers de traduction<\/p>\n\n\n\n<p>Atelier: Valeurs de l&#8217;espace traditionnel &#8211; Mus\u00e9e Astra<\/p>\n<\/div><\/div>\n<\/div>\n<\/div>\n\n\n\n<p>Quelques photos des activit\u00e9s:<\/p>\n\n\n\n<p><\/p>\n\n\n\n<figure class=\"wp-block-image size-large\"><img decoding=\"async\" loading=\"lazy\" width=\"1024\" height=\"768\" src=\"https:\/\/grants.ulbsibiu.ro\/tradespace\/wp-content\/uploads\/9-1024x768.jpeg\" alt=\"\" class=\"wp-image-467\" srcset=\"https:\/\/grants.ulbsibiu.ro\/tradespace\/wp-content\/uploads\/9-1024x768.jpeg 1024w, https:\/\/grants.ulbsibiu.ro\/tradespace\/wp-content\/uploads\/9-300x225.jpeg 300w, https:\/\/grants.ulbsibiu.ro\/tradespace\/wp-content\/uploads\/9-768x576.jpeg 768w, https:\/\/grants.ulbsibiu.ro\/tradespace\/wp-content\/uploads\/9-1536x1152.jpeg 1536w, https:\/\/grants.ulbsibiu.ro\/tradespace\/wp-content\/uploads\/9.jpeg 1600w\" sizes=\"(max-width: 1024px) 100vw, 1024px\" \/><\/figure>\n\n\n\n<figure class=\"wp-block-gallery has-nested-images columns-default is-cropped wp-block-gallery-9 is-layout-flex wp-block-gallery-is-layout-flex\">\n<figure class=\"wp-block-image size-large\"><img decoding=\"async\" loading=\"lazy\" width=\"1024\" height=\"768\" data-id=\"458\" src=\"https:\/\/grants.ulbsibiu.ro\/tradespace\/wp-content\/uploads\/1-2-1024x768.jpeg\" alt=\"\" class=\"wp-image-458\" srcset=\"https:\/\/grants.ulbsibiu.ro\/tradespace\/wp-content\/uploads\/1-2-1024x768.jpeg 1024w, https:\/\/grants.ulbsibiu.ro\/tradespace\/wp-content\/uploads\/1-2-300x225.jpeg 300w, https:\/\/grants.ulbsibiu.ro\/tradespace\/wp-content\/uploads\/1-2-768x576.jpeg 768w, https:\/\/grants.ulbsibiu.ro\/tradespace\/wp-content\/uploads\/1-2-1536x1152.jpeg 1536w, https:\/\/grants.ulbsibiu.ro\/tradespace\/wp-content\/uploads\/1-2.jpeg 1600w\" sizes=\"(max-width: 1024px) 100vw, 1024px\" \/><\/figure>\n\n\n\n<figure class=\"wp-block-image size-large\"><img decoding=\"async\" loading=\"lazy\" width=\"1024\" height=\"768\" data-id=\"459\" src=\"https:\/\/grants.ulbsibiu.ro\/tradespace\/wp-content\/uploads\/2-1-1024x768.jpeg\" alt=\"\" class=\"wp-image-459\" srcset=\"https:\/\/grants.ulbsibiu.ro\/tradespace\/wp-content\/uploads\/2-1-1024x768.jpeg 1024w, https:\/\/grants.ulbsibiu.ro\/tradespace\/wp-content\/uploads\/2-1-300x225.jpeg 300w, https:\/\/grants.ulbsibiu.ro\/tradespace\/wp-content\/uploads\/2-1-768x576.jpeg 768w, https:\/\/grants.ulbsibiu.ro\/tradespace\/wp-content\/uploads\/2-1-1536x1152.jpeg 1536w, https:\/\/grants.ulbsibiu.ro\/tradespace\/wp-content\/uploads\/2-1.jpeg 1600w\" sizes=\"(max-width: 1024px) 100vw, 1024px\" \/><\/figure>\n\n\n\n<figure class=\"wp-block-image size-large\"><img decoding=\"async\" loading=\"lazy\" width=\"1024\" height=\"768\" data-id=\"460\" src=\"https:\/\/grants.ulbsibiu.ro\/tradespace\/wp-content\/uploads\/3-1-1024x768.jpeg\" alt=\"\" class=\"wp-image-460\" srcset=\"https:\/\/grants.ulbsibiu.ro\/tradespace\/wp-content\/uploads\/3-1-1024x768.jpeg 1024w, https:\/\/grants.ulbsibiu.ro\/tradespace\/wp-content\/uploads\/3-1-300x225.jpeg 300w, https:\/\/grants.ulbsibiu.ro\/tradespace\/wp-content\/uploads\/3-1-768x576.jpeg 768w, https:\/\/grants.ulbsibiu.ro\/tradespace\/wp-content\/uploads\/3-1-1536x1152.jpeg 1536w, https:\/\/grants.ulbsibiu.ro\/tradespace\/wp-content\/uploads\/3-1.jpeg 1600w\" sizes=\"(max-width: 1024px) 100vw, 1024px\" \/><\/figure>\n\n\n\n<figure class=\"wp-block-image size-large\"><img decoding=\"async\" loading=\"lazy\" width=\"1024\" height=\"768\" data-id=\"461\" src=\"https:\/\/grants.ulbsibiu.ro\/tradespace\/wp-content\/uploads\/4-1-1024x768.jpeg\" alt=\"\" class=\"wp-image-461\" srcset=\"https:\/\/grants.ulbsibiu.ro\/tradespace\/wp-content\/uploads\/4-1-1024x768.jpeg 1024w, https:\/\/grants.ulbsibiu.ro\/tradespace\/wp-content\/uploads\/4-1-300x225.jpeg 300w, https:\/\/grants.ulbsibiu.ro\/tradespace\/wp-content\/uploads\/4-1-768x576.jpeg 768w, https:\/\/grants.ulbsibiu.ro\/tradespace\/wp-content\/uploads\/4-1-1536x1152.jpeg 1536w, https:\/\/grants.ulbsibiu.ro\/tradespace\/wp-content\/uploads\/4-1.jpeg 1600w\" sizes=\"(max-width: 1024px) 100vw, 1024px\" \/><\/figure>\n\n\n\n<figure class=\"wp-block-image size-large\"><img decoding=\"async\" loading=\"lazy\" width=\"768\" height=\"1024\" data-id=\"462\" src=\"https:\/\/grants.ulbsibiu.ro\/tradespace\/wp-content\/uploads\/5-1-768x1024.jpeg\" alt=\"\" class=\"wp-image-462\" srcset=\"https:\/\/grants.ulbsibiu.ro\/tradespace\/wp-content\/uploads\/5-1-768x1024.jpeg 768w, https:\/\/grants.ulbsibiu.ro\/tradespace\/wp-content\/uploads\/5-1-225x300.jpeg 225w, https:\/\/grants.ulbsibiu.ro\/tradespace\/wp-content\/uploads\/5-1-1152x1536.jpeg 1152w, https:\/\/grants.ulbsibiu.ro\/tradespace\/wp-content\/uploads\/5-1.jpeg 1200w\" sizes=\"(max-width: 768px) 100vw, 768px\" \/><\/figure>\n\n\n\n<figure class=\"wp-block-image size-large\"><img decoding=\"async\" loading=\"lazy\" width=\"1024\" height=\"768\" data-id=\"463\" src=\"https:\/\/grants.ulbsibiu.ro\/tradespace\/wp-content\/uploads\/6-1-1024x768.jpeg\" alt=\"\" class=\"wp-image-463\" srcset=\"https:\/\/grants.ulbsibiu.ro\/tradespace\/wp-content\/uploads\/6-1-1024x768.jpeg 1024w, https:\/\/grants.ulbsibiu.ro\/tradespace\/wp-content\/uploads\/6-1-300x225.jpeg 300w, https:\/\/grants.ulbsibiu.ro\/tradespace\/wp-content\/uploads\/6-1-768x576.jpeg 768w, https:\/\/grants.ulbsibiu.ro\/tradespace\/wp-content\/uploads\/6-1-1536x1152.jpeg 1536w, https:\/\/grants.ulbsibiu.ro\/tradespace\/wp-content\/uploads\/6-1.jpeg 1600w\" sizes=\"(max-width: 1024px) 100vw, 1024px\" \/><\/figure>\n\n\n\n<figure class=\"wp-block-image size-large\"><img decoding=\"async\" loading=\"lazy\" width=\"1024\" height=\"768\" data-id=\"464\" src=\"https:\/\/grants.ulbsibiu.ro\/tradespace\/wp-content\/uploads\/7-1-1024x768.jpeg\" alt=\"\" class=\"wp-image-464\" srcset=\"https:\/\/grants.ulbsibiu.ro\/tradespace\/wp-content\/uploads\/7-1-1024x768.jpeg 1024w, https:\/\/grants.ulbsibiu.ro\/tradespace\/wp-content\/uploads\/7-1-300x225.jpeg 300w, https:\/\/grants.ulbsibiu.ro\/tradespace\/wp-content\/uploads\/7-1-768x576.jpeg 768w, https:\/\/grants.ulbsibiu.ro\/tradespace\/wp-content\/uploads\/7-1-1536x1152.jpeg 1536w, https:\/\/grants.ulbsibiu.ro\/tradespace\/wp-content\/uploads\/7-1.jpeg 1600w\" sizes=\"(max-width: 1024px) 100vw, 1024px\" \/><\/figure>\n\n\n\n<figure class=\"wp-block-image size-large\"><img decoding=\"async\" loading=\"lazy\" width=\"1024\" height=\"768\" data-id=\"465\" src=\"https:\/\/grants.ulbsibiu.ro\/tradespace\/wp-content\/uploads\/8-1-1024x768.jpeg\" alt=\"\" class=\"wp-image-465\" srcset=\"https:\/\/grants.ulbsibiu.ro\/tradespace\/wp-content\/uploads\/8-1-1024x768.jpeg 1024w, https:\/\/grants.ulbsibiu.ro\/tradespace\/wp-content\/uploads\/8-1-300x225.jpeg 300w, https:\/\/grants.ulbsibiu.ro\/tradespace\/wp-content\/uploads\/8-1-768x576.jpeg 768w, https:\/\/grants.ulbsibiu.ro\/tradespace\/wp-content\/uploads\/8-1-1536x1152.jpeg 1536w, https:\/\/grants.ulbsibiu.ro\/tradespace\/wp-content\/uploads\/8-1.jpeg 1600w\" sizes=\"(max-width: 1024px) 100vw, 1024px\" \/><\/figure>\n<\/figure>\n\n\n\n<figure class=\"wp-block-gallery has-nested-images columns-default is-cropped wp-block-gallery-11 is-layout-flex wp-block-gallery-is-layout-flex\">\n<figure class=\"wp-block-image size-large\"><img decoding=\"async\" loading=\"lazy\" width=\"1024\" height=\"768\" data-id=\"471\" src=\"https:\/\/grants.ulbsibiu.ro\/tradespace\/wp-content\/uploads\/12-1024x768.jpeg\" alt=\"\" class=\"wp-image-471\" srcset=\"https:\/\/grants.ulbsibiu.ro\/tradespace\/wp-content\/uploads\/12-1024x768.jpeg 1024w, https:\/\/grants.ulbsibiu.ro\/tradespace\/wp-content\/uploads\/12-300x225.jpeg 300w, https:\/\/grants.ulbsibiu.ro\/tradespace\/wp-content\/uploads\/12-768x576.jpeg 768w, https:\/\/grants.ulbsibiu.ro\/tradespace\/wp-content\/uploads\/12-1536x1152.jpeg 1536w, https:\/\/grants.ulbsibiu.ro\/tradespace\/wp-content\/uploads\/12.jpeg 1600w\" sizes=\"(max-width: 1024px) 100vw, 1024px\" \/><\/figure>\n\n\n\n<figure class=\"wp-block-image size-large\"><img decoding=\"async\" loading=\"lazy\" width=\"1024\" height=\"768\" data-id=\"478\" src=\"https:\/\/grants.ulbsibiu.ro\/tradespace\/wp-content\/uploads\/19-1024x768.jpeg\" alt=\"\" class=\"wp-image-478\" srcset=\"https:\/\/grants.ulbsibiu.ro\/tradespace\/wp-content\/uploads\/19-1024x768.jpeg 1024w, https:\/\/grants.ulbsibiu.ro\/tradespace\/wp-content\/uploads\/19-300x225.jpeg 300w, https:\/\/grants.ulbsibiu.ro\/tradespace\/wp-content\/uploads\/19-768x576.jpeg 768w, https:\/\/grants.ulbsibiu.ro\/tradespace\/wp-content\/uploads\/19-1536x1152.jpeg 1536w, https:\/\/grants.ulbsibiu.ro\/tradespace\/wp-content\/uploads\/19.jpeg 1600w\" sizes=\"(max-width: 1024px) 100vw, 1024px\" \/><\/figure>\n\n\n\n<figure class=\"wp-block-image size-large\"><img decoding=\"async\" loading=\"lazy\" width=\"1024\" height=\"768\" data-id=\"472\" src=\"https:\/\/grants.ulbsibiu.ro\/tradespace\/wp-content\/uploads\/13-1024x768.jpeg\" alt=\"\" class=\"wp-image-472\" srcset=\"https:\/\/grants.ulbsibiu.ro\/tradespace\/wp-content\/uploads\/13-1024x768.jpeg 1024w, https:\/\/grants.ulbsibiu.ro\/tradespace\/wp-content\/uploads\/13-300x225.jpeg 300w, https:\/\/grants.ulbsibiu.ro\/tradespace\/wp-content\/uploads\/13-768x576.jpeg 768w, https:\/\/grants.ulbsibiu.ro\/tradespace\/wp-content\/uploads\/13-1536x1152.jpeg 1536w, https:\/\/grants.ulbsibiu.ro\/tradespace\/wp-content\/uploads\/13.jpeg 1600w\" sizes=\"(max-width: 1024px) 100vw, 1024px\" \/><\/figure>\n\n\n\n<figure class=\"wp-block-image size-large\"><img decoding=\"async\" loading=\"lazy\" width=\"1024\" height=\"768\" data-id=\"476\" src=\"https:\/\/grants.ulbsibiu.ro\/tradespace\/wp-content\/uploads\/17-1024x768.jpeg\" alt=\"\" class=\"wp-image-476\" srcset=\"https:\/\/grants.ulbsibiu.ro\/tradespace\/wp-content\/uploads\/17-1024x768.jpeg 1024w, https:\/\/grants.ulbsibiu.ro\/tradespace\/wp-content\/uploads\/17-300x225.jpeg 300w, https:\/\/grants.ulbsibiu.ro\/tradespace\/wp-content\/uploads\/17-768x576.jpeg 768w, https:\/\/grants.ulbsibiu.ro\/tradespace\/wp-content\/uploads\/17-1536x1152.jpeg 1536w, https:\/\/grants.ulbsibiu.ro\/tradespace\/wp-content\/uploads\/17.jpeg 1600w\" sizes=\"(max-width: 1024px) 100vw, 1024px\" \/><\/figure>\n\n\n\n<figure class=\"wp-block-image size-large\"><img decoding=\"async\" loading=\"lazy\" width=\"1024\" height=\"768\" data-id=\"475\" src=\"https:\/\/grants.ulbsibiu.ro\/tradespace\/wp-content\/uploads\/16-1024x768.jpeg\" alt=\"\" class=\"wp-image-475\" srcset=\"https:\/\/grants.ulbsibiu.ro\/tradespace\/wp-content\/uploads\/16-1024x768.jpeg 1024w, https:\/\/grants.ulbsibiu.ro\/tradespace\/wp-content\/uploads\/16-300x225.jpeg 300w, https:\/\/grants.ulbsibiu.ro\/tradespace\/wp-content\/uploads\/16-768x576.jpeg 768w, https:\/\/grants.ulbsibiu.ro\/tradespace\/wp-content\/uploads\/16-1536x1152.jpeg 1536w, https:\/\/grants.ulbsibiu.ro\/tradespace\/wp-content\/uploads\/16.jpeg 1600w\" sizes=\"(max-width: 1024px) 100vw, 1024px\" \/><\/figure>\n\n\n\n<figure class=\"wp-block-image size-large\"><img decoding=\"async\" loading=\"lazy\" width=\"768\" height=\"1024\" data-id=\"474\" src=\"https:\/\/grants.ulbsibiu.ro\/tradespace\/wp-content\/uploads\/15-768x1024.jpeg\" alt=\"\" class=\"wp-image-474\" srcset=\"https:\/\/grants.ulbsibiu.ro\/tradespace\/wp-content\/uploads\/15-768x1024.jpeg 768w, https:\/\/grants.ulbsibiu.ro\/tradespace\/wp-content\/uploads\/15-225x300.jpeg 225w, https:\/\/grants.ulbsibiu.ro\/tradespace\/wp-content\/uploads\/15-1152x1536.jpeg 1152w, https:\/\/grants.ulbsibiu.ro\/tradespace\/wp-content\/uploads\/15.jpeg 1200w\" sizes=\"(max-width: 768px) 100vw, 768px\" \/><\/figure>\n\n\n\n<figure class=\"wp-block-image size-large\"><img decoding=\"async\" loading=\"lazy\" width=\"768\" height=\"1024\" data-id=\"477\" src=\"https:\/\/grants.ulbsibiu.ro\/tradespace\/wp-content\/uploads\/18-768x1024.jpeg\" alt=\"\" class=\"wp-image-477\" srcset=\"https:\/\/grants.ulbsibiu.ro\/tradespace\/wp-content\/uploads\/18-768x1024.jpeg 768w, https:\/\/grants.ulbsibiu.ro\/tradespace\/wp-content\/uploads\/18-225x300.jpeg 225w, https:\/\/grants.ulbsibiu.ro\/tradespace\/wp-content\/uploads\/18-1152x1536.jpeg 1152w, https:\/\/grants.ulbsibiu.ro\/tradespace\/wp-content\/uploads\/18.jpeg 1200w\" sizes=\"(max-width: 768px) 100vw, 768px\" \/><\/figure>\n\n\n\n<figure class=\"wp-block-image size-large\"><img decoding=\"async\" loading=\"lazy\" width=\"768\" height=\"1024\" data-id=\"473\" src=\"https:\/\/grants.ulbsibiu.ro\/tradespace\/wp-content\/uploads\/14-768x1024.jpeg\" alt=\"\" class=\"wp-image-473\" srcset=\"https:\/\/grants.ulbsibiu.ro\/tradespace\/wp-content\/uploads\/14-768x1024.jpeg 768w, https:\/\/grants.ulbsibiu.ro\/tradespace\/wp-content\/uploads\/14-225x300.jpeg 225w, https:\/\/grants.ulbsibiu.ro\/tradespace\/wp-content\/uploads\/14-1152x1536.jpeg 1152w, https:\/\/grants.ulbsibiu.ro\/tradespace\/wp-content\/uploads\/14.jpeg 1200w\" sizes=\"(max-width: 768px) 100vw, 768px\" \/><\/figure>\n\n\n\n<figure class=\"wp-block-image size-large\"><img decoding=\"async\" loading=\"lazy\" width=\"1024\" height=\"768\" data-id=\"470\" src=\"https:\/\/grants.ulbsibiu.ro\/tradespace\/wp-content\/uploads\/PHOTO-2024-04-29-23-43-44-1024x768.jpg\" alt=\"\" class=\"wp-image-470\" srcset=\"https:\/\/grants.ulbsibiu.ro\/tradespace\/wp-content\/uploads\/PHOTO-2024-04-29-23-43-44-1024x768.jpg 1024w, https:\/\/grants.ulbsibiu.ro\/tradespace\/wp-content\/uploads\/PHOTO-2024-04-29-23-43-44-300x225.jpg 300w, https:\/\/grants.ulbsibiu.ro\/tradespace\/wp-content\/uploads\/PHOTO-2024-04-29-23-43-44-768x576.jpg 768w, https:\/\/grants.ulbsibiu.ro\/tradespace\/wp-content\/uploads\/PHOTO-2024-04-29-23-43-44-1536x1152.jpg 1536w, https:\/\/grants.ulbsibiu.ro\/tradespace\/wp-content\/uploads\/PHOTO-2024-04-29-23-43-44.jpg 1600w\" sizes=\"(max-width: 1024px) 100vw, 1024px\" \/><\/figure>\n\n\n\n<figure class=\"wp-block-image size-large\"><img decoding=\"async\" loading=\"lazy\" width=\"1024\" height=\"768\" data-id=\"469\" src=\"https:\/\/grants.ulbsibiu.ro\/tradespace\/wp-content\/uploads\/PHOTO-2024-04-29-23-43-44-2-1024x768.jpg\" alt=\"\" class=\"wp-image-469\" srcset=\"https:\/\/grants.ulbsibiu.ro\/tradespace\/wp-content\/uploads\/PHOTO-2024-04-29-23-43-44-2-1024x768.jpg 1024w, https:\/\/grants.ulbsibiu.ro\/tradespace\/wp-content\/uploads\/PHOTO-2024-04-29-23-43-44-2-300x225.jpg 300w, https:\/\/grants.ulbsibiu.ro\/tradespace\/wp-content\/uploads\/PHOTO-2024-04-29-23-43-44-2-768x576.jpg 768w, https:\/\/grants.ulbsibiu.ro\/tradespace\/wp-content\/uploads\/PHOTO-2024-04-29-23-43-44-2-1536x1152.jpg 1536w, https:\/\/grants.ulbsibiu.ro\/tradespace\/wp-content\/uploads\/PHOTO-2024-04-29-23-43-44-2.jpg 1600w\" sizes=\"(max-width: 1024px) 100vw, 1024px\" \/><\/figure>\n<\/figure>\n","protected":false},"excerpt":{"rendered":"<p>Les ateliers de Sibiu 17-21 avril Facult\u00e9 de Lettres et Arts Universit\u00e9 Lucian Blaga de Sibiu Premier jour : espaces urbaines, espace m\u00e9di\u00e9vales, espaces modernes Atelier litt\u00e9raire: Perspectives g\u00e9ocritiques sur les litt\u00e9ratures roumaine et croate Les ateliers de traduction Atelier: Valeurs de l&#8217;espace traditionnel &#8211; Mus\u00e9e Astra Quelques photos des activit\u00e9s:<\/p>\n","protected":false},"author":1,"featured_media":0,"parent":331,"menu_order":8,"comment_status":"closed","ping_status":"closed","template":"","meta":{"footnotes":""},"_links":{"self":[{"href":"https:\/\/grants.ulbsibiu.ro\/tradespace\/wp-json\/wp\/v2\/pages\/440"}],"collection":[{"href":"https:\/\/grants.ulbsibiu.ro\/tradespace\/wp-json\/wp\/v2\/pages"}],"about":[{"href":"https:\/\/grants.ulbsibiu.ro\/tradespace\/wp-json\/wp\/v2\/types\/page"}],"author":[{"embeddable":true,"href":"https:\/\/grants.ulbsibiu.ro\/tradespace\/wp-json\/wp\/v2\/users\/1"}],"replies":[{"embeddable":true,"href":"https:\/\/grants.ulbsibiu.ro\/tradespace\/wp-json\/wp\/v2\/comments?post=440"}],"version-history":[{"count":7,"href":"https:\/\/grants.ulbsibiu.ro\/tradespace\/wp-json\/wp\/v2\/pages\/440\/revisions"}],"predecessor-version":[{"id":511,"href":"https:\/\/grants.ulbsibiu.ro\/tradespace\/wp-json\/wp\/v2\/pages\/440\/revisions\/511"}],"up":[{"embeddable":true,"href":"https:\/\/grants.ulbsibiu.ro\/tradespace\/wp-json\/wp\/v2\/pages\/331"}],"wp:attachment":[{"href":"https:\/\/grants.ulbsibiu.ro\/tradespace\/wp-json\/wp\/v2\/media?parent=440"}],"curies":[{"name":"wp","href":"https:\/\/api.w.org\/{rel}","templated":true}]}}