{"id":376,"date":"2024-03-31T15:33:44","date_gmt":"2024-03-31T15:33:44","guid":{"rendered":"https:\/\/grants.ulbsibiu.ro\/tradespace\/?page_id=376"},"modified":"2024-03-31T15:36:17","modified_gmt":"2024-03-31T15:36:17","slug":"atelier-v-2","status":"publish","type":"page","link":"https:\/\/grants.ulbsibiu.ro\/tradespace\/ateliers-et-reunions-2\/atelier-v-2\/","title":{"rendered":"ATELIER V"},"content":{"rendered":"\n<p>Un atelier litt\u00e9raire et des traductions en fran\u00e7ais, roumain et slov\u00e8ne<\/p>\n\n\n\n<p><\/p>\n\n\n\n<figure class=\"wp-block-image size-large\"><img decoding=\"async\" loading=\"lazy\" width=\"1024\" height=\"768\" src=\"https:\/\/grants.ulbsibiu.ro\/tradespace\/wp-content\/uploads\/amfi-1024x768.jpeg\" alt=\"\" class=\"wp-image-377\" srcset=\"https:\/\/grants.ulbsibiu.ro\/tradespace\/wp-content\/uploads\/amfi-1024x768.jpeg 1024w, https:\/\/grants.ulbsibiu.ro\/tradespace\/wp-content\/uploads\/amfi-300x225.jpeg 300w, https:\/\/grants.ulbsibiu.ro\/tradespace\/wp-content\/uploads\/amfi-768x576.jpeg 768w, https:\/\/grants.ulbsibiu.ro\/tradespace\/wp-content\/uploads\/amfi-1536x1152.jpeg 1536w, https:\/\/grants.ulbsibiu.ro\/tradespace\/wp-content\/uploads\/amfi.jpeg 1600w\" sizes=\"(max-width: 1024px) 100vw, 1024px\" \/><\/figure>\n\n\n\n<figure class=\"wp-block-image size-large is-resized\"><img decoding=\"async\" loading=\"lazy\" width=\"1024\" height=\"768\" src=\"https:\/\/grants.ulbsibiu.ro\/tradespace\/wp-content\/uploads\/amfi4-1024x768.jpeg\" alt=\"\" class=\"wp-image-378\" style=\"aspect-ratio:1.3333333333333333;width:650px;height:auto\" srcset=\"https:\/\/grants.ulbsibiu.ro\/tradespace\/wp-content\/uploads\/amfi4-1024x768.jpeg 1024w, https:\/\/grants.ulbsibiu.ro\/tradespace\/wp-content\/uploads\/amfi4-300x225.jpeg 300w, https:\/\/grants.ulbsibiu.ro\/tradespace\/wp-content\/uploads\/amfi4-768x576.jpeg 768w, https:\/\/grants.ulbsibiu.ro\/tradespace\/wp-content\/uploads\/amfi4-1536x1152.jpeg 1536w, https:\/\/grants.ulbsibiu.ro\/tradespace\/wp-content\/uploads\/amfi4.jpeg 1600w\" sizes=\"(max-width: 1024px) 100vw, 1024px\" \/><\/figure>\n\n\n\n<figure class=\"wp-block-image size-large\"><img decoding=\"async\" loading=\"lazy\" width=\"1024\" height=\"557\" src=\"https:\/\/grants.ulbsibiu.ro\/tradespace\/wp-content\/uploads\/PHOTO-2024-03-31-18-34-28-1024x557.jpg\" alt=\"\" class=\"wp-image-388\" srcset=\"https:\/\/grants.ulbsibiu.ro\/tradespace\/wp-content\/uploads\/PHOTO-2024-03-31-18-34-28-1024x557.jpg 1024w, https:\/\/grants.ulbsibiu.ro\/tradespace\/wp-content\/uploads\/PHOTO-2024-03-31-18-34-28-300x163.jpg 300w, https:\/\/grants.ulbsibiu.ro\/tradespace\/wp-content\/uploads\/PHOTO-2024-03-31-18-34-28-768x418.jpg 768w, https:\/\/grants.ulbsibiu.ro\/tradespace\/wp-content\/uploads\/PHOTO-2024-03-31-18-34-28.jpg 1290w\" sizes=\"(max-width: 1024px) 100vw, 1024px\" \/><\/figure>\n\n\n\n<figure class=\"wp-block-image size-large\"><img decoding=\"async\" loading=\"lazy\" width=\"1024\" height=\"768\" src=\"https:\/\/grants.ulbsibiu.ro\/tradespace\/wp-content\/uploads\/amfi5-1024x768.jpeg\" alt=\"\" class=\"wp-image-379\" srcset=\"https:\/\/grants.ulbsibiu.ro\/tradespace\/wp-content\/uploads\/amfi5-1024x768.jpeg 1024w, https:\/\/grants.ulbsibiu.ro\/tradespace\/wp-content\/uploads\/amfi5-300x225.jpeg 300w, https:\/\/grants.ulbsibiu.ro\/tradespace\/wp-content\/uploads\/amfi5-768x576.jpeg 768w, https:\/\/grants.ulbsibiu.ro\/tradespace\/wp-content\/uploads\/amfi5-1536x1152.jpeg 1536w, https:\/\/grants.ulbsibiu.ro\/tradespace\/wp-content\/uploads\/amfi5.jpeg 1600w\" sizes=\"(max-width: 1024px) 100vw, 1024px\" \/><\/figure>\n\n\n\n<figure class=\"wp-block-image size-large\"><img decoding=\"async\" loading=\"lazy\" width=\"1024\" height=\"768\" src=\"https:\/\/grants.ulbsibiu.ro\/tradespace\/wp-content\/uploads\/amfi8-1024x768.jpeg\" alt=\"\" class=\"wp-image-380\" srcset=\"https:\/\/grants.ulbsibiu.ro\/tradespace\/wp-content\/uploads\/amfi8-1024x768.jpeg 1024w, https:\/\/grants.ulbsibiu.ro\/tradespace\/wp-content\/uploads\/amfi8-300x225.jpeg 300w, https:\/\/grants.ulbsibiu.ro\/tradespace\/wp-content\/uploads\/amfi8-768x576.jpeg 768w, https:\/\/grants.ulbsibiu.ro\/tradespace\/wp-content\/uploads\/amfi8-1536x1152.jpeg 1536w, https:\/\/grants.ulbsibiu.ro\/tradespace\/wp-content\/uploads\/amfi8.jpeg 1600w\" sizes=\"(max-width: 1024px) 100vw, 1024px\" \/><\/figure>\n\n\n\n<figure class=\"wp-block-image size-large\"><img decoding=\"async\" loading=\"lazy\" width=\"1024\" height=\"768\" src=\"https:\/\/grants.ulbsibiu.ro\/tradespace\/wp-content\/uploads\/amfi10-1024x768.jpeg\" alt=\"\" class=\"wp-image-381\" srcset=\"https:\/\/grants.ulbsibiu.ro\/tradespace\/wp-content\/uploads\/amfi10-1024x768.jpeg 1024w, https:\/\/grants.ulbsibiu.ro\/tradespace\/wp-content\/uploads\/amfi10-300x225.jpeg 300w, https:\/\/grants.ulbsibiu.ro\/tradespace\/wp-content\/uploads\/amfi10-768x576.jpeg 768w, https:\/\/grants.ulbsibiu.ro\/tradespace\/wp-content\/uploads\/amfi10-1536x1152.jpeg 1536w, https:\/\/grants.ulbsibiu.ro\/tradespace\/wp-content\/uploads\/amfi10.jpeg 1600w\" sizes=\"(max-width: 1024px) 100vw, 1024px\" \/><\/figure>\n\n\n\n<figure class=\"wp-block-image size-large\"><img decoding=\"async\" loading=\"lazy\" width=\"1024\" height=\"768\" src=\"https:\/\/grants.ulbsibiu.ro\/tradespace\/wp-content\/uploads\/amfi11-1024x768.jpeg\" alt=\"\" class=\"wp-image-382\" srcset=\"https:\/\/grants.ulbsibiu.ro\/tradespace\/wp-content\/uploads\/amfi11-1024x768.jpeg 1024w, https:\/\/grants.ulbsibiu.ro\/tradespace\/wp-content\/uploads\/amfi11-300x225.jpeg 300w, https:\/\/grants.ulbsibiu.ro\/tradespace\/wp-content\/uploads\/amfi11-768x576.jpeg 768w, https:\/\/grants.ulbsibiu.ro\/tradespace\/wp-content\/uploads\/amfi11-1536x1152.jpeg 1536w, https:\/\/grants.ulbsibiu.ro\/tradespace\/wp-content\/uploads\/amfi11.jpeg 1600w\" sizes=\"(max-width: 1024px) 100vw, 1024px\" \/><\/figure>\n\n\n\n<figure class=\"wp-block-image size-large\"><img decoding=\"async\" loading=\"lazy\" width=\"1024\" height=\"768\" src=\"https:\/\/grants.ulbsibiu.ro\/tradespace\/wp-content\/uploads\/amfi12-1024x768.jpeg\" alt=\"\" class=\"wp-image-383\" srcset=\"https:\/\/grants.ulbsibiu.ro\/tradespace\/wp-content\/uploads\/amfi12-1024x768.jpeg 1024w, https:\/\/grants.ulbsibiu.ro\/tradespace\/wp-content\/uploads\/amfi12-300x225.jpeg 300w, https:\/\/grants.ulbsibiu.ro\/tradespace\/wp-content\/uploads\/amfi12-768x576.jpeg 768w, https:\/\/grants.ulbsibiu.ro\/tradespace\/wp-content\/uploads\/amfi12-1536x1152.jpeg 1536w, https:\/\/grants.ulbsibiu.ro\/tradespace\/wp-content\/uploads\/amfi12.jpeg 1600w\" sizes=\"(max-width: 1024px) 100vw, 1024px\" \/><\/figure>\n\n\n\n<figure class=\"wp-block-image size-large\"><img decoding=\"async\" loading=\"lazy\" width=\"1024\" height=\"768\" src=\"https:\/\/grants.ulbsibiu.ro\/tradespace\/wp-content\/uploads\/amfi13-1024x768.jpeg\" alt=\"\" class=\"wp-image-384\" srcset=\"https:\/\/grants.ulbsibiu.ro\/tradespace\/wp-content\/uploads\/amfi13-1024x768.jpeg 1024w, https:\/\/grants.ulbsibiu.ro\/tradespace\/wp-content\/uploads\/amfi13-300x225.jpeg 300w, https:\/\/grants.ulbsibiu.ro\/tradespace\/wp-content\/uploads\/amfi13-768x576.jpeg 768w, https:\/\/grants.ulbsibiu.ro\/tradespace\/wp-content\/uploads\/amfi13-1536x1152.jpeg 1536w, https:\/\/grants.ulbsibiu.ro\/tradespace\/wp-content\/uploads\/amfi13.jpeg 1600w\" sizes=\"(max-width: 1024px) 100vw, 1024px\" \/><\/figure>\n\n\n\n<figure class=\"wp-block-image size-large\"><img decoding=\"async\" loading=\"lazy\" width=\"1024\" height=\"552\" src=\"https:\/\/grants.ulbsibiu.ro\/tradespace\/wp-content\/uploads\/PHOTO-2024-03-31-18-34-28-2-1024x552.jpg\" alt=\"\" class=\"wp-image-387\" srcset=\"https:\/\/grants.ulbsibiu.ro\/tradespace\/wp-content\/uploads\/PHOTO-2024-03-31-18-34-28-2-1024x552.jpg 1024w, https:\/\/grants.ulbsibiu.ro\/tradespace\/wp-content\/uploads\/PHOTO-2024-03-31-18-34-28-2-300x162.jpg 300w, https:\/\/grants.ulbsibiu.ro\/tradespace\/wp-content\/uploads\/PHOTO-2024-03-31-18-34-28-2-768x414.jpg 768w, https:\/\/grants.ulbsibiu.ro\/tradespace\/wp-content\/uploads\/PHOTO-2024-03-31-18-34-28-2.jpg 1290w\" sizes=\"(max-width: 1024px) 100vw, 1024px\" \/><\/figure>\n\n\n","protected":false},"excerpt":{"rendered":"<p>Un atelier litt\u00e9raire et des traductions en fran\u00e7ais, roumain et slov\u00e8ne<\/p>\n","protected":false},"author":1,"featured_media":0,"parent":331,"menu_order":5,"comment_status":"closed","ping_status":"closed","template":"","meta":{"footnotes":""},"_links":{"self":[{"href":"https:\/\/grants.ulbsibiu.ro\/tradespace\/wp-json\/wp\/v2\/pages\/376"}],"collection":[{"href":"https:\/\/grants.ulbsibiu.ro\/tradespace\/wp-json\/wp\/v2\/pages"}],"about":[{"href":"https:\/\/grants.ulbsibiu.ro\/tradespace\/wp-json\/wp\/v2\/types\/page"}],"author":[{"embeddable":true,"href":"https:\/\/grants.ulbsibiu.ro\/tradespace\/wp-json\/wp\/v2\/users\/1"}],"replies":[{"embeddable":true,"href":"https:\/\/grants.ulbsibiu.ro\/tradespace\/wp-json\/wp\/v2\/comments?post=376"}],"version-history":[{"count":2,"href":"https:\/\/grants.ulbsibiu.ro\/tradespace\/wp-json\/wp\/v2\/pages\/376\/revisions"}],"predecessor-version":[{"id":390,"href":"https:\/\/grants.ulbsibiu.ro\/tradespace\/wp-json\/wp\/v2\/pages\/376\/revisions\/390"}],"up":[{"embeddable":true,"href":"https:\/\/grants.ulbsibiu.ro\/tradespace\/wp-json\/wp\/v2\/pages\/331"}],"wp:attachment":[{"href":"https:\/\/grants.ulbsibiu.ro\/tradespace\/wp-json\/wp\/v2\/media?parent=376"}],"curies":[{"name":"wp","href":"https:\/\/api.w.org\/{rel}","templated":true}]}}