{"id":365,"date":"2024-03-28T07:13:24","date_gmt":"2024-03-28T07:13:24","guid":{"rendered":"https:\/\/grants.ulbsibiu.ro\/tradespace\/?page_id=365"},"modified":"2024-03-31T15:34:56","modified_gmt":"2024-03-31T15:34:56","slug":"atelier-v","status":"publish","type":"page","link":"https:\/\/grants.ulbsibiu.ro\/tradespace\/ateliers-et-reunions-2\/atelier-v\/","title":{"rendered":"ATELIER VI"},"content":{"rendered":"\n<p>Un atelier et des discussions avec une \u00e9crivaine contemporaine slov\u00e8ne a eu lieu le 30 mars \u00e0 la Biblioth\u00e8que ASTRA de Sibiu. Les \u00e9tudiants ont pos\u00e9 des questions et ils se sont impliqu\u00e9 dans un dialogue sur la litt\u00e9rature et sur les espaces culturels. <\/p>\n\n\n\n<figure class=\"wp-block-image size-large is-resized\"><img decoding=\"async\" loading=\"lazy\" width=\"724\" height=\"1024\" src=\"https:\/\/grants.ulbsibiu.ro\/tradespace\/wp-content\/uploads\/Katarina-Marincic-1-724x1024.png\" alt=\"\" class=\"wp-image-366\" style=\"aspect-ratio:0.70703125;width:282px;height:auto\" srcset=\"https:\/\/grants.ulbsibiu.ro\/tradespace\/wp-content\/uploads\/Katarina-Marincic-1-724x1024.png 724w, https:\/\/grants.ulbsibiu.ro\/tradespace\/wp-content\/uploads\/Katarina-Marincic-1-212x300.png 212w, https:\/\/grants.ulbsibiu.ro\/tradespace\/wp-content\/uploads\/Katarina-Marincic-1-768x1086.png 768w, https:\/\/grants.ulbsibiu.ro\/tradespace\/wp-content\/uploads\/Katarina-Marincic-1-1086x1536.png 1086w, https:\/\/grants.ulbsibiu.ro\/tradespace\/wp-content\/uploads\/Katarina-Marincic-1-1448x2048.png 1448w, https:\/\/grants.ulbsibiu.ro\/tradespace\/wp-content\/uploads\/Katarina-Marincic-1.png 1587w\" sizes=\"(max-width: 724px) 100vw, 724px\" \/><\/figure>\n\n\n\n<figure class=\"wp-block-image size-large\"><img decoding=\"async\" loading=\"lazy\" width=\"1024\" height=\"768\" src=\"https:\/\/grants.ulbsibiu.ro\/tradespace\/wp-content\/uploads\/astra-1024x768.jpeg\" alt=\"\" class=\"wp-image-371\" srcset=\"https:\/\/grants.ulbsibiu.ro\/tradespace\/wp-content\/uploads\/astra-1024x768.jpeg 1024w, https:\/\/grants.ulbsibiu.ro\/tradespace\/wp-content\/uploads\/astra-300x225.jpeg 300w, https:\/\/grants.ulbsibiu.ro\/tradespace\/wp-content\/uploads\/astra-768x576.jpeg 768w, https:\/\/grants.ulbsibiu.ro\/tradespace\/wp-content\/uploads\/astra-1536x1152.jpeg 1536w, https:\/\/grants.ulbsibiu.ro\/tradespace\/wp-content\/uploads\/astra.jpeg 1600w\" sizes=\"(max-width: 1024px) 100vw, 1024px\" \/><\/figure>\n\n\n\n<figure class=\"wp-block-image size-large\"><img decoding=\"async\" loading=\"lazy\" width=\"1024\" height=\"768\" src=\"https:\/\/grants.ulbsibiu.ro\/tradespace\/wp-content\/uploads\/astra-3-1024x768.jpeg\" alt=\"\" class=\"wp-image-372\" srcset=\"https:\/\/grants.ulbsibiu.ro\/tradespace\/wp-content\/uploads\/astra-3-1024x768.jpeg 1024w, https:\/\/grants.ulbsibiu.ro\/tradespace\/wp-content\/uploads\/astra-3-300x225.jpeg 300w, https:\/\/grants.ulbsibiu.ro\/tradespace\/wp-content\/uploads\/astra-3-768x576.jpeg 768w, https:\/\/grants.ulbsibiu.ro\/tradespace\/wp-content\/uploads\/astra-3-1536x1152.jpeg 1536w, https:\/\/grants.ulbsibiu.ro\/tradespace\/wp-content\/uploads\/astra-3.jpeg 1600w\" sizes=\"(max-width: 1024px) 100vw, 1024px\" \/><\/figure>\n\n\n\n<figure class=\"wp-block-image size-large\"><img decoding=\"async\" loading=\"lazy\" width=\"1024\" height=\"768\" src=\"https:\/\/grants.ulbsibiu.ro\/tradespace\/wp-content\/uploads\/astra-2-1024x768.jpeg\" alt=\"\" class=\"wp-image-373\" srcset=\"https:\/\/grants.ulbsibiu.ro\/tradespace\/wp-content\/uploads\/astra-2-1024x768.jpeg 1024w, https:\/\/grants.ulbsibiu.ro\/tradespace\/wp-content\/uploads\/astra-2-300x225.jpeg 300w, https:\/\/grants.ulbsibiu.ro\/tradespace\/wp-content\/uploads\/astra-2-768x576.jpeg 768w, https:\/\/grants.ulbsibiu.ro\/tradespace\/wp-content\/uploads\/astra-2-1536x1152.jpeg 1536w, https:\/\/grants.ulbsibiu.ro\/tradespace\/wp-content\/uploads\/astra-2.jpeg 1600w\" sizes=\"(max-width: 1024px) 100vw, 1024px\" \/><\/figure>\n\n\n\n<figure class=\"wp-block-image size-large\"><img decoding=\"async\" loading=\"lazy\" width=\"1024\" height=\"768\" src=\"https:\/\/grants.ulbsibiu.ro\/tradespace\/wp-content\/uploads\/astra-4-1024x768.jpeg\" alt=\"\" class=\"wp-image-374\" srcset=\"https:\/\/grants.ulbsibiu.ro\/tradespace\/wp-content\/uploads\/astra-4-1024x768.jpeg 1024w, https:\/\/grants.ulbsibiu.ro\/tradespace\/wp-content\/uploads\/astra-4-300x225.jpeg 300w, https:\/\/grants.ulbsibiu.ro\/tradespace\/wp-content\/uploads\/astra-4-768x576.jpeg 768w, https:\/\/grants.ulbsibiu.ro\/tradespace\/wp-content\/uploads\/astra-4-1536x1152.jpeg 1536w, https:\/\/grants.ulbsibiu.ro\/tradespace\/wp-content\/uploads\/astra-4.jpeg 1600w\" sizes=\"(max-width: 1024px) 100vw, 1024px\" \/><\/figure>\n","protected":false},"excerpt":{"rendered":"<p>Un atelier et des discussions avec une \u00e9crivaine contemporaine slov\u00e8ne a eu lieu le 30 mars \u00e0 la Biblioth\u00e8que ASTRA de Sibiu. Les \u00e9tudiants ont pos\u00e9 des questions et ils se sont impliqu\u00e9 dans un dialogue sur la litt\u00e9rature et sur les espaces culturels.<\/p>\n","protected":false},"author":1,"featured_media":0,"parent":331,"menu_order":6,"comment_status":"closed","ping_status":"closed","template":"","meta":{"footnotes":""},"_links":{"self":[{"href":"https:\/\/grants.ulbsibiu.ro\/tradespace\/wp-json\/wp\/v2\/pages\/365"}],"collection":[{"href":"https:\/\/grants.ulbsibiu.ro\/tradespace\/wp-json\/wp\/v2\/pages"}],"about":[{"href":"https:\/\/grants.ulbsibiu.ro\/tradespace\/wp-json\/wp\/v2\/types\/page"}],"author":[{"embeddable":true,"href":"https:\/\/grants.ulbsibiu.ro\/tradespace\/wp-json\/wp\/v2\/users\/1"}],"replies":[{"embeddable":true,"href":"https:\/\/grants.ulbsibiu.ro\/tradespace\/wp-json\/wp\/v2\/comments?post=365"}],"version-history":[{"count":3,"href":"https:\/\/grants.ulbsibiu.ro\/tradespace\/wp-json\/wp\/v2\/pages\/365\/revisions"}],"predecessor-version":[{"id":375,"href":"https:\/\/grants.ulbsibiu.ro\/tradespace\/wp-json\/wp\/v2\/pages\/365\/revisions\/375"}],"up":[{"embeddable":true,"href":"https:\/\/grants.ulbsibiu.ro\/tradespace\/wp-json\/wp\/v2\/pages\/331"}],"wp:attachment":[{"href":"https:\/\/grants.ulbsibiu.ro\/tradespace\/wp-json\/wp\/v2\/media?parent=365"}],"curies":[{"name":"wp","href":"https:\/\/api.w.org\/{rel}","templated":true}]}}