{"id":324,"date":"2024-03-13T22:11:57","date_gmt":"2024-03-13T22:11:57","guid":{"rendered":"https:\/\/grants.ulbsibiu.ro\/tradespace\/?page_id=324"},"modified":"2024-03-20T19:14:45","modified_gmt":"2024-03-20T19:14:45","slug":"atelier-ii","status":"publish","type":"page","link":"https:\/\/grants.ulbsibiu.ro\/tradespace\/ateliers-et-reunions-2\/atelier-ii\/","title":{"rendered":"ATELIER II"},"content":{"rendered":"\n<p><\/p>\n\n\n\n<p><strong> L&#8217;\u00e9quipe de Sibiu le 22 janvier 2024<\/strong><\/p>\n\n\n\n<p>Une rencontre o\u00f9 nous avons parl\u00e9 de la litt\u00e9rature, de sa traduction et de l&#8217;importance de la circulation des textes litt\u00e9raires dans les diff\u00e9rents espaces culturels. <\/p>\n\n\n\n<p>Ensemble, nous avons r\u00e9fl\u00e9chi au d\u00e9roulement des ateliers de traduction, \u00e0 la pr\u00e9sentation et \u00e0 la traduction des textes litt\u00e9raires choisis et \u00e0 la mise en forme du volume \u00e0 publier \u00e0 la fin des ateliers et des recherches.<\/p>\n\n\n\n<figure class=\"wp-block-image size-full\"><img decoding=\"async\" loading=\"lazy\" width=\"1024\" height=\"768\" src=\"https:\/\/grants.ulbsibiu.ro\/tradespace\/wp-content\/uploads\/PHOTO-2024-01-22-19-18-38.jpg\" alt=\"\" class=\"wp-image-220\" srcset=\"https:\/\/grants.ulbsibiu.ro\/tradespace\/wp-content\/uploads\/PHOTO-2024-01-22-19-18-38.jpg 1024w, https:\/\/grants.ulbsibiu.ro\/tradespace\/wp-content\/uploads\/PHOTO-2024-01-22-19-18-38-300x225.jpg 300w, https:\/\/grants.ulbsibiu.ro\/tradespace\/wp-content\/uploads\/PHOTO-2024-01-22-19-18-38-768x576.jpg 768w\" sizes=\"(max-width: 1024px) 100vw, 1024px\" \/><\/figure>\n\n\n\n<figure class=\"wp-block-image size-full\"><img decoding=\"async\" loading=\"lazy\" width=\"1024\" height=\"768\" src=\"https:\/\/grants.ulbsibiu.ro\/tradespace\/wp-content\/uploads\/PHOTO-2024-01-22-19-19-03.jpg\" alt=\"\" class=\"wp-image-222\" srcset=\"https:\/\/grants.ulbsibiu.ro\/tradespace\/wp-content\/uploads\/PHOTO-2024-01-22-19-19-03.jpg 1024w, https:\/\/grants.ulbsibiu.ro\/tradespace\/wp-content\/uploads\/PHOTO-2024-01-22-19-19-03-300x225.jpg 300w, https:\/\/grants.ulbsibiu.ro\/tradespace\/wp-content\/uploads\/PHOTO-2024-01-22-19-19-03-768x576.jpg 768w\" sizes=\"(max-width: 1024px) 100vw, 1024px\" \/><\/figure>\n","protected":false},"excerpt":{"rendered":"<p>L&#8217;\u00e9quipe de Sibiu le 22 janvier 2024 Une rencontre o\u00f9 nous avons parl\u00e9 de la litt\u00e9rature, de sa traduction et de l&#8217;importance de la circulation des textes litt\u00e9raires dans les diff\u00e9rents espaces culturels. Ensemble, nous avons r\u00e9fl\u00e9chi au d\u00e9roulement des ateliers de traduction, \u00e0 la pr\u00e9sentation et \u00e0 la traduction des textes litt\u00e9raires choisis et [&hellip;]<\/p>\n","protected":false},"author":1,"featured_media":0,"parent":331,"menu_order":2,"comment_status":"closed","ping_status":"closed","template":"","meta":{"footnotes":""},"_links":{"self":[{"href":"https:\/\/grants.ulbsibiu.ro\/tradespace\/wp-json\/wp\/v2\/pages\/324"}],"collection":[{"href":"https:\/\/grants.ulbsibiu.ro\/tradespace\/wp-json\/wp\/v2\/pages"}],"about":[{"href":"https:\/\/grants.ulbsibiu.ro\/tradespace\/wp-json\/wp\/v2\/types\/page"}],"author":[{"embeddable":true,"href":"https:\/\/grants.ulbsibiu.ro\/tradespace\/wp-json\/wp\/v2\/users\/1"}],"replies":[{"embeddable":true,"href":"https:\/\/grants.ulbsibiu.ro\/tradespace\/wp-json\/wp\/v2\/comments?post=324"}],"version-history":[{"count":4,"href":"https:\/\/grants.ulbsibiu.ro\/tradespace\/wp-json\/wp\/v2\/pages\/324\/revisions"}],"predecessor-version":[{"id":343,"href":"https:\/\/grants.ulbsibiu.ro\/tradespace\/wp-json\/wp\/v2\/pages\/324\/revisions\/343"}],"up":[{"embeddable":true,"href":"https:\/\/grants.ulbsibiu.ro\/tradespace\/wp-json\/wp\/v2\/pages\/331"}],"wp:attachment":[{"href":"https:\/\/grants.ulbsibiu.ro\/tradespace\/wp-json\/wp\/v2\/media?parent=324"}],"curies":[{"name":"wp","href":"https:\/\/api.w.org\/{rel}","templated":true}]}}