{"id":2,"date":"2023-11-03T13:35:58","date_gmt":"2023-11-03T13:35:58","guid":{"rendered":"https:\/\/grants.ulbsibiu.ro\/tradespace\/?page_id=2"},"modified":"2024-01-29T08:32:53","modified_gmt":"2024-01-29T08:32:53","slug":"sample-page","status":"publish","type":"page","link":"https:\/\/grants.ulbsibiu.ro\/tradespace\/","title":{"rendered":"TRADEspace"},"content":{"rendered":"\n<p class=\"has-text-align-center has-x-large-font-size\"><em><strong>Traduire l\u2019espace : <\/strong><\/em><\/p>\n\n\n\n<p class=\"has-text-align-center has-x-large-font-size\"><em><strong>Les litt\u00e9ratures de l\u2019Europe Centrale et Orientale <\/strong><\/em><\/p>\n\n\n\n<p>* Financement par le programme \u00ab Soutien aux \u00c9quipes de recherche en Europe centrale et orientale \u2013 SER-ECO \u2013 Appel \u00e0 projets 2023 \u00bb de l\u2019AUF ECO *<\/p>\n\n\n\n<blockquote class=\"wp-block-quote\">\n<p>Le projet vise une collaboration entre deux \u00e9quipes de recherche de deux universit\u00e9s au sein d&#8217;un consortium : L&#8217;Universit\u00e9 \u00ab&nbsp;Lucian Blaga&nbsp;\u00bb de Sibiu (Roumanie) et l&#8217;Universit\u00e9 de Zagreb (Croatie). Au d\u00e9but, l&#8217;\u00e9quipe de recherche \u00e9tait compos\u00e9e uniquement d&#8217;universitaires, mais par la suite, en tenant compte de l\u2019int\u00e9r\u00eat des \u00e9tudiants et des jeunes chercheurs, on a ouvert les champs d\u2019activit\u00e9s et ils ont \u00e9t\u00e9 coopt\u00e9s au sein de l&#8217;\u00e9quipe. D&#8217;autres universit\u00e9s europ\u00e9ennes ont \u00e9galement exprim\u00e9 leur volont\u00e9 de joindre les deux \u00e9quipes aux ateliers de traduction et aux discussions sur l&#8217;espace litt\u00e9raire. <\/p>\n<\/blockquote>\n\n\n\n<p>La m\u00e9thodologie&nbsp;<\/p>\n\n\n\n<blockquote class=\"wp-block-quote\">\n<p>l\u2019\u00e9tude de la litt\u00e9rature, plus pr\u00e9cis\u00e9ment des romans et des espaces en utilisant la g\u00e9ocritique (en suivant les id\u00e9es de Bertrand Westphal) et la traductologie pour les trois langues impliqu\u00e9es&nbsp;: le fran\u00e7ais, le roumain, le croate.&nbsp;<\/p>\n<\/blockquote>\n\n\n\n<p>Etude de cas<\/p>\n\n\n\n<p>Nous traduisons des fragments en prose de la litt\u00e9rature roumaine et croate des&nbsp;xix<sup>e<\/sup>,&nbsp;xx<sup>e<\/sup>&nbsp;et&nbsp;xxi<sup>e<\/sup>&nbsp;si\u00e8cles. C\u2019est un objectif ambitieux, les fragments choisis en vue d\u2019\u00eatre traduits couvrant une p\u00e9riode tr\u00e8s large et posant entre autres de difficult\u00e9s stimulantes de vocabulaire. Tous ces textes se concentrent sur le th\u00e8me du projet, celui de \u00ab l&#8217;espace fran\u00e7ais&nbsp;\u00bb.&nbsp;<\/p>\n\n\n\n<p>Nous nous sommes arr\u00eat\u00e9s sur des extraits vari\u00e9s de la litt\u00e9rature :<\/p>\n\n\n\n<ul>\n<li>un fragment du roman policier d\u2019Alexandru I. Alexandrescu,&nbsp;<em>Le Myst\u00e8re de la Tour Eiffel ou La Vengeance d&#8217;une princesse russe<\/em>&nbsp;;&nbsp;<\/li>\n\n\n\n<li>la c\u00e9l\u00e8bre sc\u00e8ne de \u00ab la Coupole \u00bb, espace parisien par excellence, du&nbsp;<em>Depuis deux mille ans&nbsp;<\/em>de Mihail Sebastian.&nbsp;<em>Comment je suis devenu un hooligan&nbsp;<\/em>;&nbsp;<\/li>\n\n\n\n<li>un fragment du texte moins connu de l&#8217;\u00e9crivain de l&#8217;entre-deux-guerres Camil Petrescu, \u00ab La Tour d&#8217;ivoire \u00bb,&nbsp;<em>Les lettres de Madame T&nbsp;<\/em>;<\/li>\n\n\n\n<li>un fragment du roman d\u2019inspiration proustien d&#8217;Anton Holban,&nbsp;<em>Une mort qui ne prouve rien<\/em>, o\u00f9 il \u00e9voque le Jardin du Luxembourg et la Sainte Chapelle&nbsp;;<\/li>\n\n\n\n<li>deux extraits de la litt\u00e9rature contemporaine, l\u2019un du roman de Doina Ru\u0219ti qui combine le r\u00e9alisme magique et les pays lointains&nbsp;:&nbsp;<em>Livre des recettes dangereuses<\/em><em>&nbsp;<\/em>et l\u2019autre, sur Paris, \u00e9crit par Ioana P\u00e2rvulescu et publi\u00e9 dans un volume collectif.<\/li>\n\n\n\n<li>un fragment du roman <em>Dva prsta iznad gle\u017enja<\/em> (Deux doigts au-dessus de la cheville) \u00e9crit par Andrija \u0160kare<\/li>\n\n\n\n<li>un fragment du chapitre <em>Veronese zeleno<\/em> (Le vert v\u00e9ron\u00e8se) du volume Francuska suita (La suite fran\u00e7aise) \u00e9crit par Sibila Petlevski.<\/li>\n\n\n\n<li>un fragment du roman\u00a0<em>Francuska suita<\/em>\u00a0(Suite fran\u00e7aise) \u00e9crit par Sibila Petlevski.<\/li>\n\n\n\n<li>un fragment du roman\u00a0<em>Koko u Parizu<\/em>\u00a0(Koko \u00e0 Paris) \u00e9crit par Ivan Ku\u0161an<\/li>\n\n\n\n<li>un fragment du roman <em>Patnje Antonije Brabec<\/em> (Les Souffrances d&#8217;Antonia Brabec) \u00e9crit par Ludwig Bauer<\/li>\n<\/ul>\n","protected":false},"excerpt":{"rendered":"<p>Traduire l\u2019espace : Les litt\u00e9ratures de l\u2019Europe Centrale et Orientale * Financement par le programme \u00ab Soutien aux \u00c9quipes de recherche en Europe centrale et orientale \u2013 SER-ECO \u2013 Appel \u00e0 projets 2023 \u00bb de l\u2019AUF ECO * Le projet vise une collaboration entre deux \u00e9quipes de recherche de deux universit\u00e9s au sein d&#8217;un consortium [&hellip;]<\/p>\n","protected":false},"author":1,"featured_media":98,"parent":0,"menu_order":0,"comment_status":"closed","ping_status":"open","template":"","meta":{"footnotes":""},"_links":{"self":[{"href":"https:\/\/grants.ulbsibiu.ro\/tradespace\/wp-json\/wp\/v2\/pages\/2"}],"collection":[{"href":"https:\/\/grants.ulbsibiu.ro\/tradespace\/wp-json\/wp\/v2\/pages"}],"about":[{"href":"https:\/\/grants.ulbsibiu.ro\/tradespace\/wp-json\/wp\/v2\/types\/page"}],"author":[{"embeddable":true,"href":"https:\/\/grants.ulbsibiu.ro\/tradespace\/wp-json\/wp\/v2\/users\/1"}],"replies":[{"embeddable":true,"href":"https:\/\/grants.ulbsibiu.ro\/tradespace\/wp-json\/wp\/v2\/comments?post=2"}],"version-history":[{"count":12,"href":"https:\/\/grants.ulbsibiu.ro\/tradespace\/wp-json\/wp\/v2\/pages\/2\/revisions"}],"predecessor-version":[{"id":287,"href":"https:\/\/grants.ulbsibiu.ro\/tradespace\/wp-json\/wp\/v2\/pages\/2\/revisions\/287"}],"wp:featuredmedia":[{"embeddable":true,"href":"https:\/\/grants.ulbsibiu.ro\/tradespace\/wp-json\/wp\/v2\/media\/98"}],"wp:attachment":[{"href":"https:\/\/grants.ulbsibiu.ro\/tradespace\/wp-json\/wp\/v2\/media?parent=2"}],"curies":[{"name":"wp","href":"https:\/\/api.w.org\/{rel}","templated":true}]}}