{"id":38,"date":"2021-05-24T11:04:14","date_gmt":"2021-05-24T11:04:14","guid":{"rendered":"https:\/\/grants.ulbsibiu.ro\/tehne\/?page_id=38"},"modified":"2022-05-11T19:41:27","modified_gmt":"2022-05-11T19:41:27","slug":"despre","status":"publish","type":"page","link":"https:\/\/grants.ulbsibiu.ro\/tehne\/ro\/despre\/","title":{"rendered":"Rezultate"},"content":{"rendered":"\n<div class=\"wp-block-image\"><figure class=\"aligncenter size-medium\"><img loading=\"lazy\" width=\"300\" height=\"90\" src=\"https:\/\/grants.ulbsibiu.ro\/tehne\/wp-content\/uploads\/LOGO-ULBS_orizontal-300x90.png\" alt=\"\" class=\"wp-image-271\" srcset=\"https:\/\/grants.ulbsibiu.ro\/tehne\/wp-content\/uploads\/LOGO-ULBS_orizontal-300x90.png 300w, https:\/\/grants.ulbsibiu.ro\/tehne\/wp-content\/uploads\/LOGO-ULBS_orizontal-1024x306.png 1024w, https:\/\/grants.ulbsibiu.ro\/tehne\/wp-content\/uploads\/LOGO-ULBS_orizontal-768x229.png 768w, https:\/\/grants.ulbsibiu.ro\/tehne\/wp-content\/uploads\/LOGO-ULBS_orizontal.png 1182w\" sizes=\"(max-width: 300px) 100vw, 300px\" \/><\/figure><\/div>\n\n\n\n<p><strong>REZULTATE A\u0218TEPTATE<\/strong>:<\/p>\n\n\n\n<p>Av\u00e2nd \u00een vedere profilul (universitate comprehensiv\u0103), structura (9 facult\u0103\u021bi, 24 centre de cercetare, 1 DIH) \u0219i performan\u021bele demonstrate ale ULBS, scopul \u0219i obiectivele proiectului TEHNE, <strong>indicatorii de rezultat<\/strong> a\u0219tepta\u021bi se concretizeaz\u0103 \u00een:<\/p>\n\n\n\n<ul><li>Cre\u0219terea cu 150 a num\u0103rului de articole \u0219tiin\u021bifice publicate la nivelul ULBS (\u00een anul 2022 un num\u0103r de 300 articole, \u00een 2023 un num\u0103r de 375 articole, \u00een 2024 un num\u0103r de 450 articole). Dintre aceste 150 de articole, 65 vor fi publicate de c\u0103tre membrii echipei de proiect, iar alte 85 de c\u0103tre personal ULBS din afara echipei de proiect. Articole vor fi publicate \u00een reviste \u0219tiin\u021bifice indexate \u00een Web of Science, SCOPUS, BDI sau ERIH Plus.<\/li><li>Cre\u0219terea cu 90 a comunic\u0103rilor \u0219tiin\u021bifice prezentate la conferin\u021be cu participare interna\u021bional\u0103 \u0219i publicate \u00een volume indexate \u00een Web of Science, SCOPUS sau ERIH Plus. Membrii echipei de cercetare vor prezenta cel pu\u021bin o comunicare \u0219tiin\u021bific\u0103 la o conferin\u021b\u0103 cu participare interna\u021bional\u0103. Cel pu\u021bin al\u021bi 50 de cercet\u0103tori\/cadre didactice din ULBS vor fi sprijini\u021bi financiar pentru participarea la conferin\u021be \u0219tiin\u021bifice interna\u021bionale.<\/li><li>Cre\u0219terea cu 30 a num\u0103rului de articole \u0219tiin\u021bifice publicate \u00een reviste ierarhizate \u00een primul sfert din Web of Science. Dintre acestea, 40% vor fi publicate de membrii echipei de proiect \u0219i 60% de c\u0103tre personal ULBS din afara echipei de proiect.<\/li><li>2 solicit\u0103ri de brevete interna\u021bionale EPO pe an;<\/li><li>7 solicit\u0103ri de brevete na\u021bionale pe an;<\/li><li>10 premii interna\u021bionale cumulat;<\/li><li>Cel pu\u021bin 25 tehnologii\/metode\/produse sau servicii noi sau semnificativ \u00eembun\u0103t\u0103\u021bite pe an\u00a0 prin intermediul proiectului;<\/li><li>Cel pu\u021bin 1 companie spin-off pe an dezvoltat\u0103 \u00een baza unui acord de transfer de proprietate intelectual\u0103 sau tehnologie de la ULBS;<\/li><li>Organizarea a minim 10 de evenimente de comunicare \u0219i popularizare a \u0219tiin\u021bei, cu accent pe tehnologiile noi \u0219i emergente dezvoltate \u00een fiecare domeniu prioritar;<\/li><li>Acordarea a 8 burse postdoctorale (c\u00e2te dou\u0103 pentru fiecare echip\u0103) din fondurile proiectului, \u00een domeniile vizate de proiectul TEHNE;<\/li><li>Finalizarea \u0219i sus\u021binerea a 60 de teze de doctorat pe durata proiectului din cadrul celor 4 domenii \u0219tiin\u021bifice prioritare fundamentale identificate;<\/li><li>Atragerea de tineri cercet\u0103tori cu studii doctorale ob\u021binute \u00een str\u0103in\u0103tate sau cu stagii de preg\u0103tire sau de cercetare \u00een str\u0103in\u0103tate prin crearea a minim 8 locuri de munc\u0103 (ENI) sus\u021binute prin program \u00een domeniile prioritare vizate de proiect;<\/li><li>Sus\u021binerea a 70 de luni de mobilit\u0103\u021bi (om x lun\u0103) prin intermediul proiectului, la universit\u0103\u021bi din Top 500 ARWU sau institute de cercetare. Se a\u0219teapt\u0103 ca 8 tineri cercet\u0103tori \u0219i\/sau postdoctoranzi s\u0103 efectueze un stagiu de cercetare de minim 6 luni iar al\u021bi 40 de cercet\u0103tori\/cadre didactice din ULBS s\u0103 beneficieze de un stagiu de cercetare\/preg\u0103tire. \u00a0<\/li><li>Men\u021binerea ponderii personalului de cercetare-dezvoltare \u0219i cadre didactice universitare \u00een totalul personalului ULBS la minim 60%.<\/li><li>Atragerea a minim 1.000.000 EUR pentru investi\u021bii \u00een infrastructura CDI. Estim\u0103m c\u0103 fondurile vor veni fie prin intermediul Centrului de Transfer de Cunoa\u0219tere \u201eHasso Plattner\u201d, fie prin c\u00e2\u0219tigarea de proiecte la nivel na\u021bional \u0219i interna\u021bional (vezi Sus\u021binerea economico-financiar\u0103).<\/li><li>Cel pu\u021bin 30% din suma veniturilor cumulate vor fi atrase din alte surse dec\u00e2t de la bugetul na\u021bional;<\/li><li>Clasarea ULBS \u00een rankingurile interna\u021bionale (THE- The Times Higher Education World University Rankings, World\u2019s Best Universities Rankings\/US-News) \u0219i consolidarea pozi\u021biilor deja de\u021binute (Recent ULBS a fost inclus\u0103 \u00een QS World University Rankings \u0219i a primit, \u00een urma unui audit extern, 4 stele).<\/li><\/ul>\n","protected":false},"excerpt":{"rendered":"<p>REZULTATE A\u0218TEPTATE: Av\u00e2nd \u00een vedere profilul (universitate comprehensiv\u0103), structura (9 facult\u0103\u021bi, 24 centre de cercetare, 1 DIH) \u0219i performan\u021bele demonstrate ale ULBS, scopul \u0219i obiectivele proiectului TEHNE, indicatorii de rezultat a\u0219tepta\u021bi se concretizeaz\u0103 \u00een: Cre\u0219terea cu 150 a num\u0103rului de articole \u0219tiin\u021bifice publicate la nivelul ULBS (\u00een anul 2022 un num\u0103r de 300 articole, \u00een [&hellip;]<\/p>\n","protected":false},"author":1,"featured_media":0,"parent":0,"menu_order":0,"comment_status":"closed","ping_status":"closed","template":"","meta":[],"_links":{"self":[{"href":"https:\/\/grants.ulbsibiu.ro\/tehne\/wp-json\/wp\/v2\/pages\/38"}],"collection":[{"href":"https:\/\/grants.ulbsibiu.ro\/tehne\/wp-json\/wp\/v2\/pages"}],"about":[{"href":"https:\/\/grants.ulbsibiu.ro\/tehne\/wp-json\/wp\/v2\/types\/page"}],"author":[{"embeddable":true,"href":"https:\/\/grants.ulbsibiu.ro\/tehne\/wp-json\/wp\/v2\/users\/1"}],"replies":[{"embeddable":true,"href":"https:\/\/grants.ulbsibiu.ro\/tehne\/wp-json\/wp\/v2\/comments?post=38"}],"version-history":[{"count":9,"href":"https:\/\/grants.ulbsibiu.ro\/tehne\/wp-json\/wp\/v2\/pages\/38\/revisions"}],"predecessor-version":[{"id":285,"href":"https:\/\/grants.ulbsibiu.ro\/tehne\/wp-json\/wp\/v2\/pages\/38\/revisions\/285"}],"wp:attachment":[{"href":"https:\/\/grants.ulbsibiu.ro\/tehne\/wp-json\/wp\/v2\/media?parent=38"}],"curies":[{"name":"wp","href":"https:\/\/api.w.org\/{rel}","templated":true}]}}