{"id":13,"date":"2021-05-24T10:39:30","date_gmt":"2021-05-24T10:39:30","guid":{"rendered":"https:\/\/grants.ulbsibiu.ro\/tehne\/?page_id=13"},"modified":"2026-02-25T09:37:49","modified_gmt":"2026-02-25T09:37:49","slug":"acasa","status":"publish","type":"page","link":"https:\/\/grants.ulbsibiu.ro\/tehne\/ro\/","title":{"rendered":"Despre TEHNE"},"content":{"rendered":"\n<p><\/p>\n\n\n\n<h2 class=\"has-text-align-center\">Proiect PCE-CDI<\/h2>\n\n\n\n<h2 class=\"has-text-align-center\"><strong><strong>Dezvoltarea de tehnologii noi \u0219i emergente \u00een contextul stimul\u0103rii cercet\u0103rii de excelen\u021b\u0103 \u00een ULBS (TEHNE)<\/strong><\/strong><\/h2>\n\n\n\n<div class=\"wp-block-image\"><figure class=\"aligncenter size-medium\"><img loading=\"lazy\" width=\"300\" height=\"90\" src=\"https:\/\/grants.ulbsibiu.ro\/tehne\/wp-content\/uploads\/LOGO-ULBS_orizontal-300x90.png\" alt=\"\" class=\"wp-image-271\" srcset=\"https:\/\/grants.ulbsibiu.ro\/tehne\/wp-content\/uploads\/LOGO-ULBS_orizontal-300x90.png 300w, https:\/\/grants.ulbsibiu.ro\/tehne\/wp-content\/uploads\/LOGO-ULBS_orizontal-1024x306.png 1024w, https:\/\/grants.ulbsibiu.ro\/tehne\/wp-content\/uploads\/LOGO-ULBS_orizontal-768x229.png 768w, https:\/\/grants.ulbsibiu.ro\/tehne\/wp-content\/uploads\/LOGO-ULBS_orizontal.png 1182w\" sizes=\"(max-width: 300px) 100vw, 300px\" \/><\/figure><\/div>\n\n\n\n<p class=\"has-text-align-center\"><strong>Proiectul de dezvoltare institu\u021bional\u0103 PFE-CDI intitulat<em> Dezvoltarea de tehnologii noi \u0219i emergente \u00een contextul stimul\u0103rii cercet\u0103rii de excelen\u021b\u0103 \u00een ULBS (TEHNE)<\/em> are ca scop cre\u0219terea capacit\u0103\u021bii Universit\u0103\u021bii \u201dLucian Blaga\u201d din Sibiu (ULBS) de a valoriza \u0219i capitaliza toate resursele de cercetare de care dispune \u0219i va dispune (umane, financiare, logistice, informa\u021bionale) pentru dezvoltarea de tehnologii noi \u0219i emergente \u00een vederea disemin\u0103rii \u0219i realiz\u0103rii transferului de cuno\u0219tin\u021be c\u0103tre mediul economic public \u0219i privat, na\u021bional \u0219i interna\u021bional.<\/strong><\/p>\n\n\n\n<p><\/p>\n\n\n\n<p>Proiectul a fost c\u00e2\u0219tigat \u00een cadrul competi\u021biei C1.2.PFE-CDI.2021 dedicat\u0103 proiectelor de tipul \u201cProiecte de dezvoltare institu\u021bional\u0103 \u2013 Proiecte de finan\u021bare a excelen\u021bei \u00een CDI\u201d (PFE-CDI) pentru Subprogramul 1.2 \u2013 Performan\u021b\u0103 institu\u021bional\u0103 din cadrul PNCDI III.<\/p>\n\n\n\n<p><strong>Valoarea total\u0103 a proiectului: 6.634.000 lei <\/strong><\/p>\n\n\n\n<p><strong>Perioada de implementare: 30 de luni, ianuarie 2022 &#8211; iulie 2024.<\/strong><\/p>\n\n\n\n<p><a href=\"https:\/\/www.research.gov.ro\/ro\/articol\/4786\/programe-nationale-programul-1-dezvoltarea-sistemului-national-de-cercetare-dezvoltare\">https:\/\/www.research.gov.ro\/ro\/articol\/4786\/programe-nationale-programul-1-dezvoltarea-sistemului-national-de-cercetare-dezvoltare<\/a><\/p>\n\n\n\n<div class=\"wp-block-columns alignwide\">\n<div class=\"wp-block-column\">\n<div class=\"wp-block-group alignfull has-background\" style=\"background-color:#ffffff\"><div class=\"wp-block-group__inner-container\">\n<h2 class=\"has-text-align-center has-text-color\" style=\"color:#0b2f63\">Proiecte componente<\/h2>\n\n\n\n<p>Proiectul component 1: TEHNE &#8211; \u0218tiin\u021be inginere\u0219ti, calculatoare \u0219i tehnologia informa\u021biei (TEHNE-SI) \/ <a href=\"https:\/\/grants.ulbsibiu.ro\/tehne\/wp-content\/uploads\/PC1_Stiinte_Ingineresti.pdf\" data-type=\"URL\" data-id=\"https:\/\/grants.ulbsibiu.ro\/tehne\/wp-content\/uploads\/PC1_Stiinte_Ingineresti.pdf\">Raport SI<\/a><\/p>\n\n\n\n<p>Proiectul component 2: TEHNE &#8211; S\u0103n\u0103tate (TEHNE-SA) \/ <a href=\"https:\/\/grants.ulbsibiu.ro\/tehne\/wp-content\/uploads\/PC2_Sanatate.pdf\">Raport SA<\/a><\/p>\n\n\n\n<p>Proiectul component 3: TEHNE &#8211; \u0218tiin\u021be economice (TEHNE-SE) \/ <a href=\"https:\/\/grants.ulbsibiu.ro\/tehne\/ro\/PC3_Stiinte_Economice\" data-type=\"URL\" data-id=\"https:\/\/grants.ulbsibiu.ro\/tehne\/ro\/PC3_Stiinte_Economice\">Raport SE<\/a><\/p>\n\n\n\n<p>Proiectul component 4: TEHNE &#8211; \u0218tiin\u021be umaniste (TEHNE-SU) \/ <a href=\"https:\/\/grants.ulbsibiu.ro\/tehne\/ro\/PC3_Stiinte_Umaniste\">Raport SU<\/a><\/p>\n\n\n\n<div class=\"wp-block-buttons is-content-justification-center\">\n<div class=\"wp-block-button is-style-outline\"><a class=\"wp-block-button__link has-text-color\" href=\"\" style=\"border-radius:25px;color:#0b2f63\"><strong>Detalii<\/strong><\/a><\/div>\n<\/div>\n<\/div><\/div>\n<\/div>\n\n\n\n<div class=\"wp-block-column\">\n<div class=\"wp-block-columns\">\n<div class=\"wp-block-column\" style=\"flex-basis:100%\">\n<div class=\"wp-block-group\"><div class=\"wp-block-group__inner-container\">\n<div class=\"wp-block-columns\">\n<div class=\"wp-block-column\" style=\"flex-basis:100%\">\n<div class=\"wp-block-columns\">\n<div class=\"wp-block-column\" style=\"flex-basis:100%\"><\/div>\n<\/div>\n<\/div>\n<\/div>\n<\/div><\/div>\n<\/div>\n<\/div>\n<\/div>\n\n\n\n<div class=\"wp-block-column\">\n<div class=\"wp-block-group alignfull has-background\" style=\"background-color:#ffffff\"><div class=\"wp-block-group__inner-container\">\n<h2 class=\"has-text-align-center has-text-color\" style=\"color:#0b2f63\">Obiective<\/h2>\n\n\n\n<p>OP1. Cre\u0219terea performan\u021bei \u00een cercetarea \u0219tiin\u021bific\u0103 la nivelul ULBS, cu impact (na\u021bional \u0219i interna\u021bional) relevant at\u00e2t \u00een plan \u0219tiin\u021bific, c\u00e2t \u0219i societal (socio-economic)<\/p>\n\n\n\n<p>OP2. Dezvoltarea (\u0219i valorizarea) competen\u021belor de cercetare, prin integrarea tehnologiilor noi \u0219i emergente \u00een cercetarea \u0219tiin\u021bific\u0103<\/p>\n\n\n\n<p>OP3. Cre\u0219terea capacit\u0103\u021bii de integrare a ULBS \u00een aria na\u021bional\u0103 \u0219i european\u0103 a cercet\u0103rii, prin facilitarea accesului la platformele tehnologice europene.<\/p>\n\n\n\n<div class=\"wp-block-buttons is-content-justification-center\">\n<div class=\"wp-block-button is-style-outline\"><a class=\"wp-block-button__link has-text-color\" href=\"\" style=\"border-radius:25px;color:#0b2f63\" target=\"_blank\" rel=\"noreferrer noopener\">detalii<\/a><\/div>\n<\/div>\n<\/div><\/div>\n<\/div>\n<\/div>\n\n\n\n<div class=\"wp-block-columns alignwide\">\n<div class=\"wp-block-column\"><\/div>\n\n\n\n<div class=\"wp-block-column\"><\/div>\n\n\n\n<div class=\"wp-block-column\"><\/div>\n<\/div>\n","protected":false},"excerpt":{"rendered":"<p>Proiect PCE-CDI Dezvoltarea de tehnologii noi \u0219i emergente \u00een contextul stimul\u0103rii cercet\u0103rii de excelen\u021b\u0103 \u00een ULBS (TEHNE) Proiectul de dezvoltare institu\u021bional\u0103 PFE-CDI intitulat Dezvoltarea de tehnologii noi \u0219i emergente \u00een contextul stimul\u0103rii cercet\u0103rii de excelen\u021b\u0103 \u00een ULBS (TEHNE) are ca scop cre\u0219terea capacit\u0103\u021bii Universit\u0103\u021bii \u201dLucian Blaga\u201d din Sibiu (ULBS) de a valoriza \u0219i capitaliza toate [&hellip;]<\/p>\n","protected":false},"author":1,"featured_media":0,"parent":0,"menu_order":0,"comment_status":"closed","ping_status":"closed","template":"","meta":[],"_links":{"self":[{"href":"https:\/\/grants.ulbsibiu.ro\/tehne\/wp-json\/wp\/v2\/pages\/13"}],"collection":[{"href":"https:\/\/grants.ulbsibiu.ro\/tehne\/wp-json\/wp\/v2\/pages"}],"about":[{"href":"https:\/\/grants.ulbsibiu.ro\/tehne\/wp-json\/wp\/v2\/types\/page"}],"author":[{"embeddable":true,"href":"https:\/\/grants.ulbsibiu.ro\/tehne\/wp-json\/wp\/v2\/users\/1"}],"replies":[{"embeddable":true,"href":"https:\/\/grants.ulbsibiu.ro\/tehne\/wp-json\/wp\/v2\/comments?post=13"}],"version-history":[{"count":82,"href":"https:\/\/grants.ulbsibiu.ro\/tehne\/wp-json\/wp\/v2\/pages\/13\/revisions"}],"predecessor-version":[{"id":314,"href":"https:\/\/grants.ulbsibiu.ro\/tehne\/wp-json\/wp\/v2\/pages\/13\/revisions\/314"}],"wp:attachment":[{"href":"https:\/\/grants.ulbsibiu.ro\/tehne\/wp-json\/wp\/v2\/media?parent=13"}],"curies":[{"name":"wp","href":"https:\/\/api.w.org\/{rel}","templated":true}]}}