{"id":32,"date":"2022-12-06T16:56:03","date_gmt":"2022-12-06T16:56:03","guid":{"rendered":"https:\/\/grants.ulbsibiu.ro\/ssc\/?page_id=32"},"modified":"2022-12-06T17:03:37","modified_gmt":"2022-12-06T17:03:37","slug":"bio","status":"publish","type":"page","link":"https:\/\/grants.ulbsibiu.ro\/ssc\/bio\/","title":{"rendered":"Bio"},"content":{"rendered":"\n<p><strong>Sorin RADU <\/strong>\u2013 Profesor la Universitatea \u201eLucian Blaga\u201d din Sibiu, membru al Centrului de Cercetare a Patrimoniului \u0219i Istoriei Socio-Culturale. Domeniile sale de cercetare cuprind istoria Rom\u00e2niei \u00een secolele XIX \u0219i XX, istoria partidelor politice, cultura politic\u0103 \u0219i modernizarea \u00een Rom\u00e2nia modern\u0103 \u0219i contemporan\u0103. Este convenor pentru Rom\u00e2nia al <em>International Commission for the History of Representative and Parliamentary Institutions <\/em>\u0219i membru al <em>European Information and Research Network on Parliamentary History<\/em><em>.<\/em> Este redactor-\u0219ef al revistei \u201eStudia Universitatis Cibiniensis. Series Historica\u201d. \u00centre ultimele sale publica\u021bii se num\u0103r\u0103: <em>The Countryside and Communism in Eastern Europe: Perceptions, Attitudes, Propaganda<\/em> (editor, \u00een colaborare cu Cosmin Budeanc\u0103) (2016);<em> Politics and Peasants in Interwar Romania: Perceptions, Mentalities, Propaganda<\/em> (editor, \u00een colaborare cu Oliver Jens Schmitt) (2017);<em> Germanii din Rom\u00e2nia \u2013 migra\u021bie \u0219i patrimoniu cultural dup\u0103 1945<\/em> (editor, \u00een colaborare cu Mathias Beer \u0219i Florian K\u00fchrer-Wielach) (2019), precum \u0219i o serie de studii \u00een publica\u021bii din \u021bar\u0103 \u0219i str\u0103in\u0103tate.<\/p>\n\n\n\n<p>E-mail: <a href=\"mailto:sorin.radu@ulbsibiu.ro\">sorin.radu@ulbsibiu.ro<\/a><\/p>\n\n\n\n<p><strong>Constantin IORDACHI<\/strong> \u2013 Profesor la Facultatea de Istorie, Universitatea Central European\u0103, Viena, coeditor al revistei <em>East Central Europe <\/em>(Brill); editor consultant al revistei <em>Fascism. A Journal of Comparative Fascist Studies<\/em> (Brill); Pre\u0219edinte al <em>International Association for Comparative Fascist Studies<\/em> (<a href=\"http:\/\/www.comfas.org\">www.comfas.org<\/a>) \u0219i membru al Comitetului Stiin\u021bific al Muzeului House of European History, Brussels. Autor al c\u0103r\u021bilor: <em>Karizma, politika, er\u0151szak: A fasiszta&nbsp;Vasg\u00e1rda&nbsp;Rom\u00e1ni\u00e1ban, 1927-1941<\/em> (Budapest: L\u2019Harmattan, 2017, 2018);&nbsp;<em>Charisma, Politics and Violence: The Legion of &#8220;Archangel Michael&#8221; in Inter-War Romania<\/em> (Trondheim: 2004); \u0219i <em>Liberalism, Constitutional Nationalism and Minorities: The Making of Romanian Citizenship, c. 1750-1918<\/em> (Leiden: Brill, 2019). Editor sau coeditor al peste 16 c\u0103rti, printre care: <em>The Biopolitics of the Danube Delta<\/em> (2014); <em>The Collectivization of Agriculture in Communist Eastern Europe<\/em> (2014); <em>Hungary and Romania Beyond National Narratives<\/em> (2013); <em>Anti-Semitism and the Holocaust in East-Central Europe <\/em>(2012); <em>Redob\u00e2ndirea cet\u0103\u0163eniei rom\u00e2ne<\/em> (2012);<em> Fascism in East, Central and Southeastern Europe<\/em> (2010); <em>Comparative Fascist Studies: New Perspectives<\/em> (2009, 2010, tradus\u0103 \u00een limbile rom\u00e2n\u0103 \u0219i turc\u0103); <em>Transforming Peasants, Property and Power: The Process of Land Collectivization in Romania, 1949-1962 <\/em>(2009); \u0219i <em>Rom\u00e2nia \u015fi Transnistria: Problema Holocaustului <\/em>(2004).<\/p>\n\n\n\n<p>E-mail: <a href=\"mailto:Iordachinc@ceu.edu\">Iordachinc@ceu.edu<\/a><\/p>\n\n\n\n<p><strong>Ovidiu BURUIAN\u0102 \u2013 <\/strong>Conferen\u021biar la Facultatea de Istorie a Universit\u0103\u021bii \u201eAlexandru Ioan Cuza\u201d din Ia\u0219i. C\u00e2mpurile sale de cercetare vizeaz\u0103 Rom\u00e2nia \u00een secolul XX, cu prec\u0103dere istoria partidelor politice \u0219i istoria ideilor din perioada interbelic\u0103. Este membru fondator al \u201eSociet\u0103\u021bii de Studii Istorice din Rom\u00e2nia\u201d. A fost redactor \u0219ef al publica\u021biei <em>Analele \u015etiin\u0163ifice ale Universit\u0103\u0163ii Alexandru Ioan Cuza din Ia\u015fi. Seria Istorie<\/em> (2004-2012). Actualmente, face parte din comitetul redac\u021bional al revistei <em>Historia Universitatis Iassiensis<\/em> \u0219i este membru \u00een comitetul \u0219tiin\u021bific al <em>Revistei Arhivelor<\/em> \u0219i <em>Arhiva Moldaviae<\/em>. Principalele lucr\u0103ri de autor: <em>Construind opozi\u0163ia. Istoria politic\u0103 a Partidului Na\u0163ional Liberal \u00eentre anii 1927 \u015fi 1933<\/em> (2013) \u0219i <em>Liberalii. Structuri \u015fi sociabilit\u0103\u0163i politice liberale \u00een Rom\u00e2nia interbelic\u0103<\/em> (2013).<\/p>\n\n\n\n<p>E-mail: <a href=\"mailto:ovidiu.buruiana@uaic.ro\">ovidiu.buruiana@uaic.ro<\/a><\/p>\n\n\n\n<p><strong>Ramona BESOIU<\/strong> \u2013 &nbsp;dr. \u00een sociologie, cercet\u0103tor \u0219tiin\u021bific \u00een cadrul Centrului de Cercetare a Patrimoniului \u0219i Istoriei Socio-Culturale, Universitatea \u201eLucian Blaga\u201d din Sibiu \u0219i manager proiecte la Consistoriul Superior al Bisericii Evanghelice C.A. din Rom\u00e2nia. Domenii de cercetare de interes: minoritatea german\u0103 din Rom\u00e2nia, patrimoniul cultural imaterial, religiozitatea. Publica\u021bii: <em>Bleiben oder gehen? Wiederspiegelung der Auswanderungsgr\u00fcnde Rum\u00e4niendeutscher in ihrer Erinnerungsliteratur. Die Kommunistische Zeit<\/em>, \u201eStudia Universitatis Cibiniensis. Series Historica\u201d (2021); <em>Bleiben oder gehen? Abbild der Auswanderungsgr\u00fcnde Rum\u00e4niendeutscher in der Erinnerungsliteratur (1939-1947)<\/em>, \u201eStudia Universitatis Cibiniensis. Series Historica\u201d (2020), <em>Transformarea unei tradi\u021bii Fuga Lolelor din Agnita. Wandel einer Tradition. Der Urzelnlauf in Agnetheln<\/em>, co-autor \u00eempreun\u0103 cu Hannelore Baier \u0219i Sorin Radu (2021).<\/p>\n\n\n\n<p>E-mail: <a href=\"mailto:ramona.besoiu@ulbsibiu.ro\">ramona.besoiu@ulbsibiu.ro<\/a><\/p>\n\n\n\n<p><strong>Andrei Florin SORA<\/strong> \u2013 conferen\u021biar universitar la Facultatea de Istorie a Universit\u0103\u0163ii din Bucure\u015fti. \u00cen 2009 a ob\u021binut doctoratul \u00een Istorie acordat de c\u0103tre \u00c9cole des Hautes \u00c9tudes en Sciences Sociales (Paris) \u015fi Universitatea din Bucure\u015fti, cu lucrarea<em>Servir l\u2019\u00c9tat roumain. Le corps pr\u00e9fectoral, 1866-1940<\/em>, publicat\u0103 \u00een 2011, la Editura Universit\u0103\u021bii din Bucure\u0219ti. Andrei Florin Sora a participat la mai multe proiecte de cercetare na\u021bionale \u0219i interna\u021bionale, iar preocup\u0103rile sale \u015ftiin\u0163ifice cuprind ansamblul istoriei moderne \u0219i contemporane, cu focalizare asupra rela\u021biei dintre continuit\u0103\u021bile structurilor sociale \u0219i dinamica momentelor de schimbare istoric\u0103 (de exemplu 1918 sau 1989). A publicat numeroase studii \u00een volume colective \u0219i periodice de specialitate, cele mai multe privind teme precum istoria administra\u0163iei publice \u015fi elitele politice \u015fi administrative din Rom\u00e2nia secolelor XIX-XX. \u00cen 2019, \u00eempreun\u0103 cu Bogdan Murgescu a coordonat volumul <em>R<\/em><em>om\u00e2nia Mare voteaz\u0103: alegerile parlamentare din 1919 la \u201efirul ierbii\u201d<\/em> (2019).&nbsp;<\/p>\n\n\n\n<p>E-mail: <a href=\"mailto:florinandrei.sora@istorie.unibuc.ro\">florinandrei.sora@istorie.unibuc.ro<\/a><\/p>\n\n\n\n<p><strong>Ana\u2010Maria UNGUREANU-ILINCA<\/strong> &#8211; doctorand la Universitatea \u201eLucian Blaga\u201d din Sibiu cu tema: \u201eSocializarea politic\u0103 \u00een mediul rural. Studiu de caz: jude\u021bul Sibiu \u00een perioada interbelic\u0103\u201d. Domeniile de cercetare de interes cuprind cultura politic\u0103, partidele politice, istoria Rom\u00e2niei \u00een secolele XIX \u0219i XX. Publica\u021bii: \u201ePolitica cultural\u0103 reflectat\u0103 \u00een presa sibian\u0103 1884-1900\u201d, \u201eAlegeri comunale din anul 1930. Studiu de caz: comuna Ocna Sibiului, jude\u021bul Sibiu\u201d, \u201eAspecte cotidiene ale \u00eenv\u0103\u021b\u0103m\u00e2ntului Sibian din ultimele dou\u0103 decenii ale secolului al XIX lea\u201d.<\/p>\n\n\n\n<p>E-mail: <a href=\"mailto:anamaria.ilinca@ulbsibiu.ro\">anamaria.ilinca@ulbsibiu.ro<\/a><\/p>\n\n\n\n<p><strong>Iustina FIERARU<\/strong> \u2013 Bibliotecar, Biblioteca Jude\u021bean\u0103 ASTRA, Sibiu, \u0219i doctorand \u00een domeniul istorie, \u00een cadrul Universit\u0103\u021bii \u201eLucian Blaga\u201d din Sibiu. Tema tezei de doctorat este \u201eUnificarea \u0219i integrarea economic\u0103 a Transilvaniei \u00een Rom\u00e2nia Mare. Studii de caz : jude\u021bele Sibiu \u0219i Bra\u0219ov\u201d. Domeniul de cercetare este cel al istoriei social-economice: partidele politice interbelice \u0219i viziunea lor asupra integr\u0103rii Transilvaniei \u00een Rom\u00e2nia Mare, statistic\u0103 industrial\u0103 \u0219i dezvoltare&nbsp; economic\u0103.<\/p>\n\n\n\n<p>E-mail: <a href=\"mailto:iustina.dragan@ulbsibiu.ro\">iustina.dragan@ulbsibiu.ro<\/a><\/p>\n","protected":false},"excerpt":{"rendered":"<p>Sorin RADU \u2013 Profesor la Universitatea \u201eLucian Blaga\u201d din Sibiu, membru al Centrului de Cercetare a Patrimoniului \u0219i Istoriei Socio-Culturale. Domeniile sale de cercetare cuprind istoria Rom\u00e2niei \u00een secolele XIX \u0219i XX, istoria partidelor politice, cultura politic\u0103 \u0219i modernizarea \u00een Rom\u00e2nia modern\u0103 \u0219i contemporan\u0103. Este convenor pentru Rom\u00e2nia al International Commission for the History of [&hellip;]<\/p>\n","protected":false},"author":2,"featured_media":0,"parent":0,"menu_order":0,"comment_status":"closed","ping_status":"closed","template":"","meta":[],"_links":{"self":[{"href":"https:\/\/grants.ulbsibiu.ro\/ssc\/wp-json\/wp\/v2\/pages\/32"}],"collection":[{"href":"https:\/\/grants.ulbsibiu.ro\/ssc\/wp-json\/wp\/v2\/pages"}],"about":[{"href":"https:\/\/grants.ulbsibiu.ro\/ssc\/wp-json\/wp\/v2\/types\/page"}],"author":[{"embeddable":true,"href":"https:\/\/grants.ulbsibiu.ro\/ssc\/wp-json\/wp\/v2\/users\/2"}],"replies":[{"embeddable":true,"href":"https:\/\/grants.ulbsibiu.ro\/ssc\/wp-json\/wp\/v2\/comments?post=32"}],"version-history":[{"count":3,"href":"https:\/\/grants.ulbsibiu.ro\/ssc\/wp-json\/wp\/v2\/pages\/32\/revisions"}],"predecessor-version":[{"id":43,"href":"https:\/\/grants.ulbsibiu.ro\/ssc\/wp-json\/wp\/v2\/pages\/32\/revisions\/43"}],"wp:attachment":[{"href":"https:\/\/grants.ulbsibiu.ro\/ssc\/wp-json\/wp\/v2\/media?parent=32"}],"curies":[{"name":"wp","href":"https:\/\/api.w.org\/{rel}","templated":true}]}}