{"id":16,"date":"2022-12-06T16:41:06","date_gmt":"2022-12-06T16:41:06","guid":{"rendered":"https:\/\/grants.ulbsibiu.ro\/ssc\/?page_id=16"},"modified":"2022-12-06T16:41:06","modified_gmt":"2022-12-06T16:41:06","slug":"echipa","status":"publish","type":"page","link":"https:\/\/grants.ulbsibiu.ro\/ssc\/echipa\/","title":{"rendered":"Echipa"},"content":{"rendered":"\n<figure class=\"wp-block-table\"><table><tbody><tr><td><strong>Sorin Radu<\/strong><\/td><td><strong>Director proiect<\/strong><strong><\/strong><\/td><\/tr><tr><td><strong>Constantin Iordachi<\/strong><\/td><td><strong>Cercet\u0103tor<\/strong><strong><\/strong><\/td><\/tr><tr><td><strong>Ovidiu \u0218tefan Buruian\u0103<\/strong><\/td><td><strong>Cercet\u0103tor <\/strong><strong><\/strong><\/td><\/tr><tr><td><strong>Ramona Besoiu<\/strong><\/td><td><strong>Cercet\u0103tor <\/strong><strong><\/strong><\/td><\/tr><tr><td><strong>Andrei Sora<\/strong><\/td><td><strong>Cercet\u0103tor <\/strong><strong><\/strong><\/td><\/tr><tr><td><strong>Anamaria Ungureanu-Ilinca<\/strong><\/td><td><strong>Doctorand<\/strong><strong><\/strong><\/td><\/tr><tr><td><strong>Iustina Fieraru<\/strong><\/td><td><strong>Doctorand<\/strong><strong><\/strong><\/td><\/tr><\/tbody><\/table><\/figure>\n","protected":false},"excerpt":{"rendered":"<p>Sorin Radu Director proiect Constantin Iordachi Cercet\u0103tor Ovidiu \u0218tefan Buruian\u0103 Cercet\u0103tor Ramona Besoiu Cercet\u0103tor Andrei Sora Cercet\u0103tor Anamaria Ungureanu-Ilinca Doctorand Iustina Fieraru Doctorand<\/p>\n","protected":false},"author":2,"featured_media":0,"parent":0,"menu_order":0,"comment_status":"closed","ping_status":"closed","template":"","meta":[],"_links":{"self":[{"href":"https:\/\/grants.ulbsibiu.ro\/ssc\/wp-json\/wp\/v2\/pages\/16"}],"collection":[{"href":"https:\/\/grants.ulbsibiu.ro\/ssc\/wp-json\/wp\/v2\/pages"}],"about":[{"href":"https:\/\/grants.ulbsibiu.ro\/ssc\/wp-json\/wp\/v2\/types\/page"}],"author":[{"embeddable":true,"href":"https:\/\/grants.ulbsibiu.ro\/ssc\/wp-json\/wp\/v2\/users\/2"}],"replies":[{"embeddable":true,"href":"https:\/\/grants.ulbsibiu.ro\/ssc\/wp-json\/wp\/v2\/comments?post=16"}],"version-history":[{"count":1,"href":"https:\/\/grants.ulbsibiu.ro\/ssc\/wp-json\/wp\/v2\/pages\/16\/revisions"}],"predecessor-version":[{"id":17,"href":"https:\/\/grants.ulbsibiu.ro\/ssc\/wp-json\/wp\/v2\/pages\/16\/revisions\/17"}],"wp:attachment":[{"href":"https:\/\/grants.ulbsibiu.ro\/ssc\/wp-json\/wp\/v2\/media?parent=16"}],"curies":[{"name":"wp","href":"https:\/\/api.w.org\/{rel}","templated":true}]}}