{"id":12,"date":"2022-12-06T16:38:46","date_gmt":"2022-12-06T16:38:46","guid":{"rendered":"https:\/\/grants.ulbsibiu.ro\/ssc\/?page_id=12"},"modified":"2022-12-06T23:52:10","modified_gmt":"2022-12-06T23:52:10","slug":"descriere","status":"publish","type":"page","link":"https:\/\/grants.ulbsibiu.ro\/ssc\/","title":{"rendered":"Descriere"},"content":{"rendered":"\n<p><em>Supu\u0219i sau cet\u0103\u021beni? \u00centre cens \u0219i sufragiu universal: integrarea politic\u0103 a \u021b\u0103ranilor din Rom\u00e2nia (1859-1940) <\/em>este un proiect de cercetare exploratorie finan\u021bat de UEFISCDI \u0219i are un buget de 1.200.000 lei.<\/p>\n\n\n\n<p>Proiectulse concentreaz\u0103 pe dimensiunea social\u0103 \u0219i politic\u0103 a \u021b\u0103ranilor \u0219i integrarea lor \u00een proiectul statului na\u021bional rom\u00e2n. Europa de Est \u0219i de Sud-Est are o tradi\u021bie rural\u0103 puternic\u0103, \u021b\u0103r\u0103nimea juc\u00e2nd un rol important \u00een via\u021ba economic\u0103, social\u0103, politic\u0103 \u0219i cultural\u0103 a statelor. Preocuparea intelectualilor de a \u00een\u021belege \u021b\u0103r\u0103nimea ca actor social, familia \u021b\u0103r\u0103neasc\u0103 \u0219i rela\u021biile socio-economice din cadrul societ\u0103\u021bilor rurale a generat o literatur\u0103 extrem de divers\u0103 \u0219i bogat\u0103. Cercet\u0103rile \u0219tiin\u021bifice care au vizat \u021b\u0103r\u0103nimea, lumea rural\u0103 ca univers social \u0219i cultural \u0219i procesele care le-au modelat, s-au desf\u0103\u0219urat pe fondul dezvolt\u0103rii societ\u0103\u021bii moderne urban-burgheze \u0219i al procesului de industrializare, care a schimbat fundamental economia european\u0103 \u00een secolele XIX \u0219i XX. Pe fondul procesului de construire a na\u021biunii sunt \u201edescoperi\u021bi\u201d, \u201ecartografia\u021bi\u201d \u0219i \u201eexamina\u021bi\u201d \u021b\u0103ranii \u0219i lumea\/cultura \u021b\u0103r\u0103neasc\u0103. \u021a\u0103r\u0103nimea a fost privit\u0103 \u0219i analizat\u0103 fie dintr-o perspectiv\u0103 conservatoare, idilic\u0103, \u00eentr-o gril\u0103 care o opunea modernit\u0103\u021bii, sau care o plasa \u00een afara modernit\u0103\u021bii, un univers socio-cultural guvernat de tradi\u021bii \u0219i cutume, fie dintr-o perspectiv\u0103 opus\u0103, o direc\u021bie critic\u0103 a \u201erealismului\u201d concentr\u00e2ndu-se asupra aspectelor nepl\u0103cute ale vie\u021bii rurale, adeseori cu tu\u0219e groase de mizerabilism.<\/p>\n\n\n\n<p>Proiectul nostru nu \u00ee\u0219i propune o analiz\u0103 a \u021b\u0103r\u0103nimii ca clas\u0103 social\u0103 sau a rolului jucat de aceasta \u00een cadrul statului, ci urm\u0103re\u0219te s\u0103 deschid\u0103 o discu\u021bie asupra felului \u00een care statul na\u021bional rom\u00e2n modern s-a raportat la \u021b\u0103r\u0103nime din perspectiva construc\u021biei politice, a sistemului democratic \u0219i a manierei \u00een care s-a desf\u0103\u0219urat integrarea politic\u0103, prin transformarea \u021b\u0103ranilor din subiec\u021bi ai politicului \u00een cet\u0103\u021beni, urm\u0103rind maniera \u00een care democra\u021bia a fost \u00een\u021beleas\u0103 \u00een lumea rural\u0103 de la na\u0219terea statului na\u021bional modern (1859), \u00een perioada votului cenzitar, la perioada Rom\u00e2niei Mari \u0219i a sufragiului universal, \u0219i \u00eencheind cu instaurarea monarhiei autoritare \u0219i a restric\u021biile impuse principiului reprezentativit\u0103\u021bii, respectiv disolu\u021bia monarhiei constitu\u021bionale (1938-1940).<\/p>\n\n\n\n<p>Obiectivele proiectului sunt:<\/p>\n\n\n\n<p>O1. Analiza proiectelor elitei politice viz\u00e2nd integrarea politic\u0103 a \u021b\u0103ranilor \u00een statul na\u021bional rom\u00e2n. \u00centrebarea care ne fr\u0103m\u00e2nt\u0103 \u0219i la care vom c\u0103uta un r\u0103spuns este urm\u0103toarea: Ce a presupus conversia \u021b\u0103ranilor din \u201esupu\u0219i\u201d \u00een \u201ecet\u0103\u021beni\u201d emancipa\u021bi politic, social \u0219i economic?<\/p>\n\n\n\n<p>O2. Investigarea censului \u0219i a evolu\u021biei acestuia de la 1859 la 1914, respectiv a influen\u021bei asupra particip\u0103rii \u021b\u0103ranilor la vot.<\/p>\n\n\n\n<p>O3. Analiza impactului legifer\u0103rii sufragiului universal asupra mentalit\u0103\u0163ilor politice \u015fi a comportamentului electoral al \u021b\u0103ranului.<\/p>\n\n\n\n<p>O4. Cercetarea prin intermediul unor studii de caz a unor aspecte ale vie\u021bii de partid din comunit\u0103\u021bile rurale, focus\u00e2ndu-ne pe \u00eencercarea elitelor politice de a conecta institu\u021biile de partid, activi\u0219ti de partid la contextele locale.<\/p>\n\n\n\n<p>O5. Analiza modului \u00een care stratific\u0103rile sociale ale \u021b\u0103r\u0103nimii au afectat exercitarea, influen\u021barea politicii, a administra\u021biei la nivelul comunit\u0103\u021bilor locale rurale.<\/p>\n\n\n\n<p>O6. Cercetarea formelor de sociabilitatea politic\u0103 \u0219i a practicilor politice \u00een lumea rural\u0103.<\/p>\n\n\n\n<p>O7. C\u0103utarea unui r\u0103spuns la \u00eentrebarea: \u00cen ce m\u0103sur\u0103 criza \u0219i pr\u0103bu\u0219irea democra\u021biei la sf\u00e2r\u0219itul anilor 1930 au leg\u0103tur\u0103 cu asumarea sau nu a principiilor de func\u021bionare a democra\u021biei \u00een lumea rural\u0103 rom\u00e2neasc\u0103? Se confirm\u0103 sau nu teoria unor speciali\u0219ti (precum Barrinton Moore sau Heinz Gollwitzer) conform c\u0103reia e\u0219cul democra\u021biei \u00een Europa Central\u0103 \u0219i de Sud-Est, implicit din Rom\u00e2nia, s-ar datora cel pu\u021bin \u00een parte mentalit\u0103\u021bii tradi\u021bionaliste\/supuse a \u021b\u0103r\u0103nimii care prefera autoritarismul \u00eenaintea democra\u021biei?<\/p>\n","protected":false},"excerpt":{"rendered":"<p>Supu\u0219i sau cet\u0103\u021beni? \u00centre cens \u0219i sufragiu universal: integrarea politic\u0103 a \u021b\u0103ranilor din Rom\u00e2nia (1859-1940) este un proiect de cercetare exploratorie finan\u021bat de UEFISCDI \u0219i are un buget de 1.200.000 lei. Proiectulse concentreaz\u0103 pe dimensiunea social\u0103 \u0219i politic\u0103 a \u021b\u0103ranilor \u0219i integrarea lor \u00een proiectul statului na\u021bional rom\u00e2n. Europa de Est \u0219i de Sud-Est are [&hellip;]<\/p>\n","protected":false},"author":2,"featured_media":0,"parent":0,"menu_order":0,"comment_status":"closed","ping_status":"closed","template":"","meta":[],"_links":{"self":[{"href":"https:\/\/grants.ulbsibiu.ro\/ssc\/wp-json\/wp\/v2\/pages\/12"}],"collection":[{"href":"https:\/\/grants.ulbsibiu.ro\/ssc\/wp-json\/wp\/v2\/pages"}],"about":[{"href":"https:\/\/grants.ulbsibiu.ro\/ssc\/wp-json\/wp\/v2\/types\/page"}],"author":[{"embeddable":true,"href":"https:\/\/grants.ulbsibiu.ro\/ssc\/wp-json\/wp\/v2\/users\/2"}],"replies":[{"embeddable":true,"href":"https:\/\/grants.ulbsibiu.ro\/ssc\/wp-json\/wp\/v2\/comments?post=12"}],"version-history":[{"count":4,"href":"https:\/\/grants.ulbsibiu.ro\/ssc\/wp-json\/wp\/v2\/pages\/12\/revisions"}],"predecessor-version":[{"id":53,"href":"https:\/\/grants.ulbsibiu.ro\/ssc\/wp-json\/wp\/v2\/pages\/12\/revisions\/53"}],"wp:attachment":[{"href":"https:\/\/grants.ulbsibiu.ro\/ssc\/wp-json\/wp\/v2\/media?parent=12"}],"curies":[{"name":"wp","href":"https:\/\/api.w.org\/{rel}","templated":true}]}}