{"id":32,"date":"2024-12-31T11:18:39","date_gmt":"2024-12-31T11:18:39","guid":{"rendered":"https:\/\/grants.ulbsibiu.ro\/safehabitus\/?page_id=32"},"modified":"2026-04-10T08:06:19","modified_gmt":"2026-04-10T08:06:19","slug":"cop-romania-2","status":"publish","type":"page","link":"https:\/\/grants.ulbsibiu.ro\/safehabitus\/cop-romania-2\/","title":{"rendered":"SafeHabitus &#8211; CoP Rom\u00e2nia"},"content":{"rendered":"\n<div class=\"wp-block-media-text is-stacked-on-mobile\"><figure class=\"wp-block-media-text__media\"><img loading=\"lazy\" decoding=\"async\" width=\"593\" height=\"1024\" src=\"https:\/\/grants.ulbsibiu.ro\/safehabitus\/wp-content\/uploads\/Ferma-didactica-ULBS-2026-593x1024.jpeg\" alt=\"\" class=\"wp-image-262 size-full\" srcset=\"https:\/\/grants.ulbsibiu.ro\/safehabitus\/wp-content\/uploads\/Ferma-didactica-ULBS-2026-593x1024.jpeg 593w, https:\/\/grants.ulbsibiu.ro\/safehabitus\/wp-content\/uploads\/Ferma-didactica-ULBS-2026-174x300.jpeg 174w, https:\/\/grants.ulbsibiu.ro\/safehabitus\/wp-content\/uploads\/Ferma-didactica-ULBS-2026-768x1326.jpeg 768w, https:\/\/grants.ulbsibiu.ro\/safehabitus\/wp-content\/uploads\/Ferma-didactica-ULBS-2026-890x1536.jpeg 890w, https:\/\/grants.ulbsibiu.ro\/safehabitus\/wp-content\/uploads\/Ferma-didactica-ULBS-2026-1186x2048.jpeg 1186w, https:\/\/grants.ulbsibiu.ro\/safehabitus\/wp-content\/uploads\/Ferma-didactica-ULBS-2026-scaled.jpeg 1483w\" sizes=\"(max-width: 593px) 100vw, 593px\" \/><\/figure><div class=\"wp-block-media-text__content\">\n<p><strong>Eveniment dedicat riscurilor \u00een caz de incendii la Ferma Didactic\u0103 a ULBS<\/strong><\/p>\n\n\n\n<p>03\/04\/2026<\/p>\n\n\n\n<p><\/p>\n\n\n\n<details class=\"wp-block-details is-layout-flow wp-block-details-is-layout-flow\"><summary>\u00cen luna aprilie, Comunitatea de Practici SafeHabitus din Rom\u00e2nia a colaborat pentru organizarea unui eveniment la Ferma Didactic\u0103 a Universit\u0103\u021bii \u201eLucian Blaga\u201d din Sibiu.<\/summary>\n<p>\u00cen acest cadru, un expert invitat a prezentat echipamente de protec\u021bie \u0219i de stingere a incendiilor, abord\u00e2nd \u0219i specificul incendiilor din ferme. Au fost f\u0103cute exemplific\u0103ri \u0219i demonstra\u021bii de utilizare a sting\u0103toarelor \u0219i au fost dezb\u0103tute aspecte legate de evacuarea persoanelor \u00een astfel de situa\u021bii de urgen\u021b\u0103. <br>Exerci\u021biul a avut un rol important \u00een ceea ce prive\u0219te con\u0219tientizarea participan\u021bilor asupra riscurilor \u0219i obliga\u021biilor legale din domeniul S\u0103n\u0103t\u0103\u021bii \u0219i Securit\u0103\u021bii \u00een Munc\u0103, precum \u0219i sublinierea importan\u021bei prevenirii, instruirii \u0219i form\u0103rii unor automatisme pentru un management mai bun al riscurilor.<\/p>\n<\/details>\n<\/div><\/div>\n\n\n\n<div class=\"wp-block-media-text is-stacked-on-mobile\"><figure class=\"wp-block-media-text__media\"><img loading=\"lazy\" decoding=\"async\" width=\"1024\" height=\"904\" src=\"https:\/\/grants.ulbsibiu.ro\/safehabitus\/wp-content\/uploads\/CoP_27_03_2026_img-1-1024x904.jpeg\" alt=\"\" class=\"wp-image-255 size-full\" srcset=\"https:\/\/grants.ulbsibiu.ro\/safehabitus\/wp-content\/uploads\/CoP_27_03_2026_img-1-1024x904.jpeg 1024w, https:\/\/grants.ulbsibiu.ro\/safehabitus\/wp-content\/uploads\/CoP_27_03_2026_img-1-300x265.jpeg 300w, https:\/\/grants.ulbsibiu.ro\/safehabitus\/wp-content\/uploads\/CoP_27_03_2026_img-1-768x678.jpeg 768w, https:\/\/grants.ulbsibiu.ro\/safehabitus\/wp-content\/uploads\/CoP_27_03_2026_img-1-1536x1356.jpeg 1536w, https:\/\/grants.ulbsibiu.ro\/safehabitus\/wp-content\/uploads\/CoP_27_03_2026_img-1.jpeg 1704w\" sizes=\"(max-width: 1024px) 100vw, 1024px\" \/><\/figure><div class=\"wp-block-media-text__content\">\n<p><strong>Comunitatea de Practici SafeHabitus Rom\u00e2nia s-a reunit la o ferm\u0103 din jude\u021bul Sibiu<\/strong><\/p>\n\n\n\n<p>27\/03\/2026<\/p>\n\n\n\n<details class=\"wp-block-details is-layout-flow wp-block-details-is-layout-flow\"><summary>\u00cen luna martie, Comunitatea de Practici SafeHabitus din Rom\u00e2nia a organizat un atelier de lucru la o ferm\u0103 de ovine din localitatea Al\u0103mor, jude\u021bul Sibiu. <\/summary>\n<p>Evenimentul a reunit fermieri, reprezentan\u021bi ai unor institu\u021bii publice locale \u0219i jude\u021bene, studen\u021bi la programe ale Facult\u0103\u021bii de \u0218tiin\u021be Agricole, Industrie Alimentar\u0103 \u0219i Protec\u021bia Mediului, exper\u021bi \u00een sfera s\u0103n\u0103t\u0103\u021bii \u0219i securit\u0103\u021bii \u00een munc\u0103, precum \u0219i cadre didactice universitare \u0219i cercet\u0103tori.<\/p>\n\n\n\n<p>Reunirea Comunit\u0103\u021bii de Practici \u00een cadrul unei ferme de familie atrage aten\u021bia asupra riscurilor \u0219i provoc\u0103rilor din sfera securit\u0103\u021bii \u00een munc\u0103 pe care le \u00eent\u00e2mpin\u0103 micile ferme din Rom\u00e2nia. Lipsa unor programe eficiente de sprijin pentru extinderea s\u0103n\u0103t\u0103\u021bii \u0219i securit\u0103\u021bii \u00een munca din ferme fiind resim\u021bit\u0103 din plin de aceast\u0103 categorie de fermieri at\u00e2t \u00een Rom\u00e2nia, c\u00e2t \u0219i \u00een alte state europene. Evenimentul a fost organizat \u00een jurul a dou\u0103 dimensiuni principale. Prima dimensiune a facilitat discu\u021bii aplicate asupra unor elemente de securitate \u00een utilizarea echipamentelor \u0219i ma\u0219inilor agricole \u00een ferm\u0103 \u0219i a fost moderat\u0103 de domnul \u0218ef lucr\u0103ri doctor inginer P\u0103\u0219c\u0103nu\u021b Ioan \u00een calitate de expert invitat. Cea de-a doua component\u0103 a fost moderat\u0103 de profesor universitar doctor Mirela Stanciu \u0219i a fost dedicat\u0103 riscurilor la care se expun cresc\u0103torii de ovine atunci c\u00e2nd manipuleaz\u0103 animalele \u0219i utilizeaz\u0103 echipamentele specifice pentru muls \u0219i tuns. Totodat\u0103, vizitarea fermei a permis schimbul de bune practici la nivelul Comunit\u0103\u021bii de Practici SafeHabitus.<\/p>\n<\/details>\n<\/div><\/div>\n\n\n\n<div class=\"wp-block-media-text is-stacked-on-mobile\"><figure class=\"wp-block-media-text__media\"><img loading=\"lazy\" decoding=\"async\" width=\"1024\" height=\"684\" src=\"https:\/\/grants.ulbsibiu.ro\/safehabitus\/wp-content\/uploads\/CoP-Sibiu-18-iunie-2025-1024x684.jpeg\" alt=\"\" class=\"wp-image-200 size-full\" srcset=\"https:\/\/grants.ulbsibiu.ro\/safehabitus\/wp-content\/uploads\/CoP-Sibiu-18-iunie-2025-1024x684.jpeg 1024w, https:\/\/grants.ulbsibiu.ro\/safehabitus\/wp-content\/uploads\/CoP-Sibiu-18-iunie-2025-300x200.jpeg 300w, https:\/\/grants.ulbsibiu.ro\/safehabitus\/wp-content\/uploads\/CoP-Sibiu-18-iunie-2025-768x513.jpeg 768w, https:\/\/grants.ulbsibiu.ro\/safehabitus\/wp-content\/uploads\/CoP-Sibiu-18-iunie-2025-1536x1026.jpeg 1536w, https:\/\/grants.ulbsibiu.ro\/safehabitus\/wp-content\/uploads\/CoP-Sibiu-18-iunie-2025.jpeg 2004w\" sizes=\"(max-width: 1024px) 100vw, 1024px\" \/><\/figure><div class=\"wp-block-media-text__content\">\n<p><strong>Comunitatea de<br>Practici SafeHabitus: eveniment dedicat educa\u021biei pentru s\u0103n\u0103tate, securitate \u0219i atractivitatea muncii agricole<br>\u00een Rom\u00e2nia <\/strong><\/p>\n\n\n\n<p>30\/06\/2025<\/p>\n\n\n\n<details class=\"wp-block-details is-layout-flow wp-block-details-is-layout-flow\"><summary>Comunitatea de Practici SafeHabitus s-a reunit \u00een luna iunie la ULBS.<\/summary>\n<p>Comunitatea de Practici SafeHabitus din Rom\u00e2nia s-a reunit \u00een cadrul proiectului Orizont Europa \u201cStrengthening Farm Health and Safety Knowledge and Innovation Systems\u201d \u2013 SafeHabitus \u0219i a organizat un nou atelier de lucru \u00een 18 iunie 2025. Evenimentul a fost g\u0103zduit la Ferma Didactic\u0103 Rusciori a Universit\u0103\u021bii \u201eLucian Blaga\u201d din Sibiu \u0219i a facilitat o serie de activit\u0103\u021bi centrate asupra educa\u021biei pentru s\u0103n\u0103tate \u0219i securitate \u00een munca agricol\u0103 din Rom\u00e2nia \u0219i a atractivit\u0103\u021bii acestui domeniu de activitate. <\/p>\n\n\n\n<p>\u00cen acest context, s-au discutat unele priorit\u0103\u021bi pentru a face din ferme un mediu de lucru mai sigur, precum \u0219i metode de formare adecvate pentru ca fermierii \u0219i lucr\u0103torii agricoli s\u0103-\u0219i dezvolte \u00een\u021belegerea \u0219i cuno\u0219tin\u021bele \u00een ceea ce prive\u0219te s\u0103n\u0103tatea \u0219i securitatea \u00een munc\u0103. Ulterior, atelierul de lucru a fost concentrat asupra atractivit\u0103\u021bii muncii agricole din Rom\u00e2nia dintr-o perspectiv\u0103 multidimensional\u0103 care a permis diferen\u021bierea \u00eentre componenta economic\u0103, cea a mediului de lucru \u0219i cea a \u00eengrijirii propriei s\u0103n\u0103t\u0103\u021bi. Formatul \u00eent\u00e2lnirii a permis expunerea unor puncte de vedere \u0219i realizarea unor exerci\u021bii interactive pentru \u00een\u021belegerea complexit\u0103\u021bii problemelor din domeniu \u0219i identificarea unor direc\u021bii de ac\u021biune.<br>Evenimentul a consolidat colaborarea institu\u021bional\u0103 \u00een scopuri de cercetare \u0219i inova\u021bie social\u0103 \u00eentre Universitatea \u201eLucian Blaga\u201d din Sibiu, administra\u021biile locale din Miercurea Sibiului \u0219i Tili\u0219ca, Grupul de Ac\u021biune Local\u0103 M\u0103rginimea Sibiului, reprezentan\u021bi ai Consiliului Jude\u021bean Sibiu, Direc\u021bia pentru Agricultur\u0103 Jude\u021bean\u0103 Sibiu, Institutul de Cercetare a Calit\u0103\u021bii Vie\u021bii din cadrul Academiei Rom\u00e2ne, Institutul de Cercetare Dezvoltare pentru Montanologie Cristian \u2013 Sibiu, reprezentan\u021bi ai \u00eenv\u0103\u021b\u0103m\u00e2ntului preuniversitar de profil, fermieri, consultan\u021bi \u0219i exper\u021bi din domeniul s\u0103n\u0103t\u0103\u021bii \u0219i securit\u0103\u021bii \u00een munc\u0103. <\/p>\n\n\n\n<p>Una dintre principalele concluzii ale evenimentul se leag\u0103 de necesitatea dezvolt\u0103rii unor programe educa\u021bionale diferen\u021biate pentru ca fermierii, studen\u021bii \u0219i elevii de la institu\u021bii educa\u021bionale de profil, precum \u0219i reprezentan\u021bii institu\u021biilor publice cu atribu\u021bii \u00een domeniu s\u0103 con\u0219tientizeze riscurile pe care le presupune acest tip de munc\u0103 (inclusiv, efecte pe termen lung asupra s\u0103n\u0103t\u0103\u021bii) \u0219i s\u0103 cunoasc\u0103 resurse existente \u0219i modalit\u0103\u021bi optime de management al riscului.<\/p>\n\n\n\n<p><\/p>\n<\/details>\n<\/div><\/div>\n\n\n\n<div class=\"wp-block-media-text is-stacked-on-mobile\"><figure class=\"wp-block-media-text__media\"><img loading=\"lazy\" decoding=\"async\" width=\"1024\" height=\"771\" src=\"https:\/\/grants.ulbsibiu.ro\/safehabitus\/wp-content\/uploads\/AC_1-cop-5-2-1024x771.jpeg\" alt=\"\" class=\"wp-image-188 size-full\" srcset=\"https:\/\/grants.ulbsibiu.ro\/safehabitus\/wp-content\/uploads\/AC_1-cop-5-2-1024x771.jpeg 1024w, https:\/\/grants.ulbsibiu.ro\/safehabitus\/wp-content\/uploads\/AC_1-cop-5-2-300x226.jpeg 300w, https:\/\/grants.ulbsibiu.ro\/safehabitus\/wp-content\/uploads\/AC_1-cop-5-2-768x578.jpeg 768w, https:\/\/grants.ulbsibiu.ro\/safehabitus\/wp-content\/uploads\/AC_1-cop-5-2-1536x1157.jpeg 1536w, https:\/\/grants.ulbsibiu.ro\/safehabitus\/wp-content\/uploads\/AC_1-cop-5-2.jpeg 2040w\" sizes=\"(max-width: 1024px) 100vw, 1024px\" \/><\/figure><div class=\"wp-block-media-text__content\">\n<p><strong>Comunitatea de Practici SafeHabitus la Universitatea Lucian Blaga din Sibiu <\/strong><\/p>\n\n\n\n<p>30\/05\/2025<\/p>\n\n\n\n<details class=\"wp-block-details is-layout-flow wp-block-details-is-layout-flow\"><summary>Comunitatea de Practici SafeHabitus prezent\u0103 la Universitatea Lucian Blaga din Sibiu.<\/summary>\n<p>\u00cen data de 23 mai 2025, Comunitatea de Practici SafeHabitus din Rom\u00e2nia a fost inclus\u0103 \u00een agenda unui eveniment dedicat studen\u021bilor \u0219i cadrelor didactice de la <em>Facultatea de \u0218tiin\u021be Agricole, Industrie Alimentar\u0103 \u0219i Protec\u021bia Mediului <\/em>de la Universitatea Lucian Blaga din Sibiu. Cel de-al cincilea eveniment al Comunit\u0103\u021bii de Practici \u00een Rom\u00e2nia a adus o abordare nou\u0103 \u00een seria activit\u0103\u021bilor SafeHabitus din Rom\u00e2nia \u0219i a urm\u0103rit trei obiective specifice. \u00cen primul r\u00e2nd, au fost comunicate o serie de informa\u021bii despre proiectul SafeHabitus. \u00cen acest sens, a fost accentuat\u0103 perspectiva comparativ\u0103 european\u0103 \u0219i specificul Rom\u00e2niei ca \u021bar\u0103 cu un sector de ocupare semnificativ ca dimensiune \u0219i diversitate a popula\u021biei ocupate \u00een agricultur\u0103. \u00cen cel de-al doilea r\u00e2nd, a fost prezentat\u0103 Comunitatea de Practici SafeHabitus \u00een Rom\u00e2nia \u0219i modul \u00een care aceasta este inclus\u0103 \u00een abordarea metodologic\u0103 a proiectului. De asemenea, a fost lansat\u0103 invita\u021bia pentru colaborare c\u0103tre cei care au un interes sau expertiz\u0103 \u00een domeniul agricol. \u00cen cel de-al treilea r\u00e2nd, comunicarea a adus \u00een discu\u021bie importan\u021ba educa\u021biei pentru s\u0103n\u0103tate \u0219i securitate \u00een munca din agricultur\u0103 \u0219i necesitatea ca aceasta s\u0103 fie abordat\u0103 multidimensional, cu o dimensiune specific\u0103 dedicat\u0103 \u00eenv\u0103\u021b\u0103m\u00e2ntului universitar de profil.<\/p>\n<\/details>\n<\/div><\/div>\n\n\n\n<div class=\"wp-block-media-text is-stacked-on-mobile\"><figure class=\"wp-block-media-text__media\"><img loading=\"lazy\" decoding=\"async\" width=\"852\" height=\"1024\" src=\"https:\/\/grants.ulbsibiu.ro\/safehabitus\/wp-content\/uploads\/CopP_4-852x1024.png\" alt=\"\" class=\"wp-image-105 size-full\" srcset=\"https:\/\/grants.ulbsibiu.ro\/safehabitus\/wp-content\/uploads\/CopP_4-852x1024.png 852w, https:\/\/grants.ulbsibiu.ro\/safehabitus\/wp-content\/uploads\/CopP_4-250x300.png 250w, https:\/\/grants.ulbsibiu.ro\/safehabitus\/wp-content\/uploads\/CopP_4-768x923.png 768w, https:\/\/grants.ulbsibiu.ro\/safehabitus\/wp-content\/uploads\/CopP_4.png 1242w\" sizes=\"(max-width: 852px) 100vw, 852px\" \/><\/figure><div class=\"wp-block-media-text__content\">\n<p><strong>Comunitatea de Practici SafeHabitus la Ferma Didactic\u0103 Rusciori<\/strong> <\/p>\n\n\n\n<p>16\/12\/2024<\/p>\n\n\n\n<details class=\"wp-block-details is-layout-flow wp-block-details-is-layout-flow\"><summary>Comunitatea de Practici SafeHabitus din Rom\u00e2nia a organizat cel de-al patrulea atelier de lucru \u00een luna decembrie 2024.<\/summary>\n<p>Evenimentul a fost g\u0103zduit la Ferma Didactic\u0103 Rusciori a Universit\u0103\u021bii \u201eLucian Blaga\u201d din Sibiu \u0219i a facilitat o serie de activit\u0103\u021bi centrate asupra s\u0103n\u0103t\u0103\u021bii \u0219i siguran\u021bei \u00een munca agricol\u0103 din Rom\u00e2nia.<\/p>\n\n\n\n<p>Agenda de lucru a inclus lucr\u0103ri interactive dedicate evalu\u0103rii sistemului de guvernan\u021b\u0103 relevant pentru \u00een\u021belegerea condi\u021biilor de munc\u0103 \u0219i a riscurilor pentru s\u0103n\u0103tatea \u0219i siguran\u021ba muncitorilor agricoli, o prezentare despre munca copiilor \u00een ferme sus\u021binut\u0103 de doamna prof. univ. dr. habil. Mirela Stanciu, precum \u0219i o activitate formativ\u0103 \u00een sfera provoc\u0103rilor securit\u0103\u021bii \u0219i s\u0103n\u0103t\u0103\u021bii \u00een munca din IMM-urile din agricultur\u0103 coordonat\u0103 de \u0219.l. dr. ing. George C\u0103t\u0103lin Cri\u0219an. \u00cen direct\u0103 leg\u0103tur\u0103 cu specificul regional, din partea Grupului de Ac\u021biune Local\u0103 \u2013 M\u0103rginimea, doamna manager Marina Bogdan a contribuit la lucr\u0103ri cu prezentarea unor elemente de siguran\u021b\u0103 \u00een activit\u0103\u021bile de oierit implicate pentru producerea br\u00e2nzei de munte. Complementaritatea activit\u0103\u021bilor desf\u0103\u0219urate a oferit un cadru fertil pentru discutarea unor perspective variate \u00een rela\u021bie cu tema s\u0103n\u0103t\u0103\u021bii \u0219i siguran\u021bei \u00een munca agricol\u0103.<\/p>\n<\/details>\n<\/div><\/div>\n\n\n\n<div class=\"wp-block-media-text is-stacked-on-mobile\"><figure class=\"wp-block-media-text__media\"><img loading=\"lazy\" decoding=\"async\" width=\"1024\" height=\"539\" src=\"https:\/\/grants.ulbsibiu.ro\/safehabitus\/wp-content\/uploads\/CoP_3-2-1024x539.png\" alt=\"\" class=\"wp-image-143 size-full\" srcset=\"https:\/\/grants.ulbsibiu.ro\/safehabitus\/wp-content\/uploads\/CoP_3-2-1024x539.png 1024w, https:\/\/grants.ulbsibiu.ro\/safehabitus\/wp-content\/uploads\/CoP_3-2-300x158.png 300w, https:\/\/grants.ulbsibiu.ro\/safehabitus\/wp-content\/uploads\/CoP_3-2-768x404.png 768w, https:\/\/grants.ulbsibiu.ro\/safehabitus\/wp-content\/uploads\/CoP_3-2.png 1216w\" sizes=\"(max-width: 1024px) 100vw, 1024px\" \/><\/figure><div class=\"wp-block-media-text__content\">\n<p><strong>Comunitatea de Practici SafeHabitus la Ferma Didactic\u0103 ULBS de la Rusciori<\/strong> (2024)<\/p>\n\n\n\n<details class=\"wp-block-details is-layout-flow wp-block-details-is-layout-flow\"><summary>\u00cen luna mai 2024, Comunitatea de Practici SafeHabitus din Rom\u00e2nia a organizat cea de-a treia \u00eent\u00e2lnire de lucru la noua Ferm\u0103 Didactic\u0103 de la Rusciori din cadrul Universit\u0103\u021bii \u201eLucian Blaga\u201d din Sibiu.<\/summary>\n<p>La eveniment au participat reprezentan\u021bi ai unor institu\u021biilor publice jude\u021bene \u0219i administra\u021bii locale, profesori \u0219i cercet\u0103tori din domeniu, fermieri \u0219i reprezentan\u021bi ai asocia\u021biilor de cresc\u0103tori de ovine, precum \u0219i tineri din familii \u00een care activitatea de cre\u0219tere a ovinelor este practicat\u0103. Evenimentul a oferit oportunitatea de a consolida rela\u021biile de lucru din cadrul Comunit\u0103\u021bii de Practici \u0219i de a explora noi c\u0103i de colaborare \u00eentre membri. Agenda \u00eent\u00e2lnirii s-a concentrat pe exerci\u021bii aplicate menite s\u0103 contribuie la definitivarea unui Registru de Nevoi pentru S\u0103n\u0103tatea \u0219i Siguran\u021ba \u00een Ferme \u00een Rom\u00e2nia, cu un accent special pe sectorul cre\u0219terii ovinelor. Echipa SafeHabitus din Rom\u00e2nia a prezentat progresul activit\u0103\u021bilor principale din proiect \u0219i planurile pentru etapele viitoare, \u00een timp ce participan\u021bii la Comunitatea de Practici au fost implica\u021bi \u00een dezbateri \u0219i exerci\u021bii practice pentru aprofundarea \u00een\u021belegerii nevoilor specifice din acest sector de activitate.&nbsp;<\/p>\n<\/details>\n<\/div><\/div>\n\n\n\n<div class=\"wp-block-media-text is-stacked-on-mobile\"><figure class=\"wp-block-media-text__media\"><img loading=\"lazy\" decoding=\"async\" width=\"834\" height=\"1024\" src=\"https:\/\/grants.ulbsibiu.ro\/safehabitus\/wp-content\/uploads\/CopP_2-1-834x1024.png\" alt=\"\" class=\"wp-image-144 size-full\" srcset=\"https:\/\/grants.ulbsibiu.ro\/safehabitus\/wp-content\/uploads\/CopP_2-1-834x1024.png 834w, https:\/\/grants.ulbsibiu.ro\/safehabitus\/wp-content\/uploads\/CopP_2-1-244x300.png 244w, https:\/\/grants.ulbsibiu.ro\/safehabitus\/wp-content\/uploads\/CopP_2-1-768x944.png 768w, https:\/\/grants.ulbsibiu.ro\/safehabitus\/wp-content\/uploads\/CopP_2-1.png 862w\" sizes=\"(max-width: 834px) 100vw, 834px\" \/><\/figure><div class=\"wp-block-media-text__content\">\n<p><strong>\u00cent\u00e2lnirea Comunit\u0103\u021bii de practici SafeHabitus g\u0103zduit\u0103 de ULBS<\/strong> (2023)<\/p>\n\n\n\n<details class=\"wp-block-details is-layout-flow wp-block-details-is-layout-flow\"><summary>\u00cen data de 8 decembrie 2023 a avut loc cea de-a doua \u00eent\u00e2lnire a&nbsp;Comunit\u0103\u021bii de practici SafeHabitus din Rom\u00e2nia la Facultatea de \u0218tiin\u021be Agricole, Industrie Alimentar\u0103 \u015fi Protec\u021bia Mediului din cadrul ULBS.<\/summary>\n<p>\u00cent\u00e2lnirea CoP a fost deschis\u0103 cu un mesaj din partea doamnei decan prof. univ. dr. ing. Camelia Sava.<\/p>\n\n\n\n<p>Al\u0103turi de prezent\u0103rile membrilor echipei SafeHabitus \u0219i validarea rezultatelor ob\u021binute anterior, \u00eent\u00e2lnirea a beneficiat de comunicarea sus\u021binut\u0103 de \u0218.l. dr. biol. Iuliana Antonie pe tema leg\u0103turii dintre plantele terapeutice \u0219i cre\u0219terea oilor. Dezbaterile din jurul comunic\u0103rii au accentuat o serie de aspecte utile pentru o mai bun\u0103 \u00een\u021belegere a problemelor de s\u0103n\u0103tate din sectorul de cre\u0219tere a oilor, a modelelor de g\u00e2ndire \u0219i a practicilor tradi\u021bionale din domeniu. Partea a doua a \u00eent\u00e2lnirii a fost dedicat\u0103 unui atelier de lucru organizat de lect. univ. dr. Sorina Corman \u0219i a avut ca principal scop \u00een\u021belegerea diferen\u021biat\u0103 pe v\u00e2rste a riscurilor de s\u0103n\u0103tate din sectorul muncii de cre\u0219tere a oilor, at\u00e2t pentru fermieri c\u00e2t \u0219i pentru al\u021bi membri din familiile acestora.<\/p>\n\n\n\n<p>\u00cent\u00e2lnirea a consolidat colaborarea institu\u021bional\u0103 \u00een scopuri de cercetare \u0219i inova\u021bie social\u0103 \u00eentre ULBS \u0219i administra\u021biile locale din Cincu, Miercurea Sibiului \u0219i Tili\u0219ca, Direc\u021bia pentru Agricultur\u0103 Jude\u021bean\u0103 Sibiu, Institutul de Cercetare Dezvoltare pentru Montanologie Cristian \u2013 Sibiu, Liceul Tehnologic \u201eDr. Ioan \u0218enchea\u201d F\u0103g\u0103ra\u0219 \u0219i al\u021bi speciali\u0219ti din domeniu. Agenda de lucru a \u00eent\u00e2lnirii a avut ca principale subiecte de interes s\u0103n\u0103tatea \u0219i siguran\u021ba \u00een munca de cre\u0219tere a oilor, iar pentru o \u00een\u021belegere aprofundat\u0103 a problematicilor analizate, comunitatea de practici SafeHabitus include fermieri \u0219i membri din familiile acestora.<\/p>\n<\/details>\n<\/div><\/div>\n\n\n\n<div class=\"wp-block-media-text is-stacked-on-mobile\"><figure class=\"wp-block-media-text__media\"><img loading=\"lazy\" decoding=\"async\" width=\"900\" height=\"1024\" src=\"https:\/\/grants.ulbsibiu.ro\/safehabitus\/wp-content\/uploads\/CopP_1-3-900x1024.png\" alt=\"\" class=\"wp-image-145 size-full\" srcset=\"https:\/\/grants.ulbsibiu.ro\/safehabitus\/wp-content\/uploads\/CopP_1-3-900x1024.png 900w, https:\/\/grants.ulbsibiu.ro\/safehabitus\/wp-content\/uploads\/CopP_1-3-264x300.png 264w, https:\/\/grants.ulbsibiu.ro\/safehabitus\/wp-content\/uploads\/CopP_1-3-768x874.png 768w, https:\/\/grants.ulbsibiu.ro\/safehabitus\/wp-content\/uploads\/CopP_1-3.png 1078w\" sizes=\"(max-width: 900px) 100vw, 900px\" \/><\/figure><div class=\"wp-block-media-text__content\">\n<p><strong>Prima \u00eent\u00e2lnire a Comunit\u0103\u021bii de practici din Rom\u00e2nia<\/strong> (2023)<\/p>\n\n\n\n<details class=\"wp-block-details is-layout-flow wp-block-details-is-layout-flow\"><summary>\u00cen data de 20 octombrie 2023 a avut loc prima \u00eent\u00e2lnire a Comunit\u0103\u021bii de Practici SafeHabitus din Rom\u00e2nia.<\/summary>\n<p>\u00cent\u00e2lnirea a reunit fermieri din regiune, asocia\u021bii ale cresc\u0103torilor de oi, reprezentan\u021bi ai autorit\u0103\u021bilor locale din localit\u0103\u021bi cu popula\u021bie ocupat\u0103 \u00een acest sector, reprezentan\u021bi ai unor autorit\u0103\u021bi publice jude\u021bene, profesori universitari, cercet\u0103tori, precum \u0219i al\u021bi invita\u021bi relevan\u021bi pentru acest domeniu.&nbsp;<\/p>\n\n\n\n<p>Prima parte a \u00eent\u00e2lnirii de lucru a fost dedicat\u0103 prezent\u0103rii obiectivelor principale \u0219i a activit\u0103\u021bilor asumate \u00een cadrul proiectului SafeHabitus \u0219i discut\u0103rii rolului important al Comunit\u0103\u021bii de practici. Ulterior, \u00eent\u00e2lnirea a reprezentat un cadru excelent pentru dezbaterea deschis\u0103 a unor teme centrale pentru proiectul SafeHabitus, respectiv problemele de s\u0103n\u0103tate \u0219i siguran\u021b\u0103 legate de munca \u00een acest sector al agriculturii.&nbsp;<\/p>\n\n\n\n<p>Perspectivele complementare asupra principalelor provoc\u0103ri pentru s\u0103n\u0103tatea \u0219i siguran\u021ba fermierilor \u0219i muncitorilor agricoli au eviden\u021biat complexitatea muncii presupuse de cre\u0219terea oilor \u0219i a formelor de organizare a muncii din acest sector. \u00cen acest context, au fost identificate o serie de aspecte care necesit\u0103 eforturi de cercetare aprofundat\u0103 \u0219i au fost stabilite c\u00e2teva repere importante pentru urm\u0103toarele ateliere de lucru.<\/p>\n<\/details>\n<\/div><\/div>\n","protected":false},"excerpt":{"rendered":"","protected":false},"author":1,"featured_media":0,"parent":0,"menu_order":0,"comment_status":"closed","ping_status":"closed","template":"","meta":{"footnotes":""},"class_list":["post-32","page","type-page","status-publish","hentry"],"_links":{"self":[{"href":"https:\/\/grants.ulbsibiu.ro\/safehabitus\/wp-json\/wp\/v2\/pages\/32"}],"collection":[{"href":"https:\/\/grants.ulbsibiu.ro\/safehabitus\/wp-json\/wp\/v2\/pages"}],"about":[{"href":"https:\/\/grants.ulbsibiu.ro\/safehabitus\/wp-json\/wp\/v2\/types\/page"}],"author":[{"embeddable":true,"href":"https:\/\/grants.ulbsibiu.ro\/safehabitus\/wp-json\/wp\/v2\/users\/1"}],"replies":[{"embeddable":true,"href":"https:\/\/grants.ulbsibiu.ro\/safehabitus\/wp-json\/wp\/v2\/comments?post=32"}],"version-history":[{"count":22,"href":"https:\/\/grants.ulbsibiu.ro\/safehabitus\/wp-json\/wp\/v2\/pages\/32\/revisions"}],"predecessor-version":[{"id":265,"href":"https:\/\/grants.ulbsibiu.ro\/safehabitus\/wp-json\/wp\/v2\/pages\/32\/revisions\/265"}],"wp:attachment":[{"href":"https:\/\/grants.ulbsibiu.ro\/safehabitus\/wp-json\/wp\/v2\/media?parent=32"}],"curies":[{"name":"wp","href":"https:\/\/api.w.org\/{rel}","templated":true}]}}