{"id":28,"date":"2024-12-31T11:17:18","date_gmt":"2024-12-31T11:17:18","guid":{"rendered":"https:\/\/grants.ulbsibiu.ro\/safehabitus\/?page_id=28"},"modified":"2024-12-31T17:54:14","modified_gmt":"2024-12-31T17:54:14","slug":"acasa","status":"publish","type":"page","link":"https:\/\/grants.ulbsibiu.ro\/safehabitus\/acasa\/","title":{"rendered":"Descrierea proiectului"},"content":{"rendered":"\n<h4 class=\"wp-block-heading alignwide\" id=\"h.30af9yftotnr_l\"><\/h4>\n\n\n\n<p><a href=\"https:\/\/www.safehabitus.eu\/\">SafeHabitus <\/a>este un proiect de cercetare Orizont Europa care va contribui la efortul Uniunii Europene de a face agricultura o ocupa\u021bie mai sigur\u0103 pentru c\u0103 munca agricol\u0103 se num\u0103r\u0103 printre cele mai periculoase ocupa\u021bii. Statisticile europene arat\u0103 c\u0103 rata mortalit\u0103\u021bii \u00een agricultur\u0103 este cu 233% mai mare dec\u00e2t \u00een alte sectoare de ocupare, iar rata accidentelor este cu 18% mai mare. Aceste statistici subestimeaz\u0103 amploarea problemei, deoarece o propor\u021bie semnificativ\u0103 a deceselor, r\u0103nilor \u0219i problemelor de s\u0103n\u0103tate la locul de munc\u0103 \u00een agricultur\u0103 nu sunt raportate, nu sunt investigate, iar abord\u0103rile de prevenire nu sunt \u00eenv\u0103\u021bate. \u00cembun\u0103t\u0103\u021birea s\u0103n\u0103t\u0103\u021bii, securit\u0103\u021bii fermierilor \u0219i a calit\u0103\u021bii vie\u021bii muncitorilor din agricultur\u0103 necesit\u0103 ac\u021biuni din partea unei game largi de p\u0103r\u021bi interesate pentru a-i sprijini s\u0103 schimbe practicile nesigure \u0219i s\u0103 descopere moduri inovatoare de lucru.<\/p>\n\n\n\n<p>SafeHabitus este un proiect multi-actor care se implementeaz\u0103 pentru a consolida sistemele de inovare a cuno\u0219tin\u021belor \u00een domeniul s\u0103n\u0103t\u0103\u021bii \u0219i securit\u0103\u021bii \u00een agricultur\u0103 \u0219i pentru a sus\u021bine tranzi\u021bia Uniunii Europene (UE) c\u0103tre sustenabilitate social\u0103 \u00een agricultur\u0103. Premisa noastr\u0103 este c\u0103 promovarea s\u0103n\u0103t\u0103\u021bii \u0219i securit\u0103\u021bii \u00een agricultur\u0103 nu const\u0103 \u00een diseminare, ci \u00een schimbarea practicilor obi\u0219nuite.<\/p>\n\n\n\n<p>Consor\u021biul include p\u0103r\u021bi interesate \u0219i cercet\u0103rori care lucreaz\u0103 \u00eempreun\u0103 \u00een 11 comunit\u0103\u021bi de practici (CoP) na\u021bionale sau regionale \u0219i acoper\u0103 o varietate reprezentativ\u0103 de \u021b\u0103ri \u0219i sectoare. SafeHabitus colaboreaz\u0103, de asemenea, cu organiza\u021bii europene \u0219i p\u0103r\u021bi interesate care creeaz\u0103 pun\u021bi critice \u00eentre UE \u0219i actorii na\u021bionali \/ regionali \u0219i care pot influen\u021ba politica UE, cum ar fi Geopa (Copa-Cogeca), CEJA, EFFAT, Oxfam, SVLFG \u0219i AEIDL. Aceast\u0103 abordare multi-nivel \u0219i transna\u021bional\u0103 va permite SafeHabitus s\u0103 avanseze practici mai sigure \u00een agricultur\u0103 \u00een UE \u0219i s\u0103 contribuie la cre\u0219terea calit\u0103\u021bii vie\u021bii pentru cei care activeaz\u0103 \u00een acest sector.<\/p>\n\n\n\n<p>Consor\u021biu coordonat de&nbsp;<strong>TEAGASC<\/strong>&nbsp;&#8211; AGRICULTURE AND FOOD DEVELOPMENT AUTHORITY (IRLANDA)<\/p>\n\n\n\n<p>Partener din ROM\u00c2NIA \u00een consor\u021biu &#8211; <a href=\"https:\/\/www.ulbsibiu.ro\/ro\/\">UNIVERSITATEA LUCIAN BLAGA DIN SIBIU<\/a><\/p>\n\n\n\n<p><\/p>\n\n\n\n<p><strong>Durata:&nbsp;01\/01\/2023 &#8211; 31\/12\/2026<\/strong><\/p>\n\n\n\n<div class=\"wp-block-group is-layout-grid wp-container-core-group-is-layout-1 wp-block-group-is-layout-grid\">\n<figure class=\"wp-block-image size-full\"><img loading=\"lazy\" decoding=\"async\" width=\"1024\" height=\"757\" src=\"https:\/\/grants.ulbsibiu.ro\/safehabitus\/wp-content\/uploads\/SafeHabitus-field-1.jpg\" alt=\"\" class=\"wp-image-148\" srcset=\"https:\/\/grants.ulbsibiu.ro\/safehabitus\/wp-content\/uploads\/SafeHabitus-field-1.jpg 1024w, https:\/\/grants.ulbsibiu.ro\/safehabitus\/wp-content\/uploads\/SafeHabitus-field-1-300x222.jpg 300w, https:\/\/grants.ulbsibiu.ro\/safehabitus\/wp-content\/uploads\/SafeHabitus-field-1-768x568.jpg 768w\" sizes=\"(max-width: 1024px) 100vw, 1024px\" \/><\/figure>\n\n\n\n<figure class=\"wp-block-image size-full\"><img loading=\"lazy\" decoding=\"async\" width=\"768\" height=\"598\" src=\"https:\/\/grants.ulbsibiu.ro\/safehabitus\/wp-content\/uploads\/SH-1-2.jpg\" alt=\"\" class=\"wp-image-151\" srcset=\"https:\/\/grants.ulbsibiu.ro\/safehabitus\/wp-content\/uploads\/SH-1-2.jpg 768w, https:\/\/grants.ulbsibiu.ro\/safehabitus\/wp-content\/uploads\/SH-1-2-300x234.jpg 300w\" sizes=\"(max-width: 768px) 100vw, 768px\" \/><\/figure>\n\n\n\n<figure class=\"wp-block-image size-full\"><img loading=\"lazy\" decoding=\"async\" width=\"698\" height=\"583\" src=\"https:\/\/grants.ulbsibiu.ro\/safehabitus\/wp-content\/uploads\/SH-1.jpg\" alt=\"\" class=\"wp-image-153\" srcset=\"https:\/\/grants.ulbsibiu.ro\/safehabitus\/wp-content\/uploads\/SH-1.jpg 698w, https:\/\/grants.ulbsibiu.ro\/safehabitus\/wp-content\/uploads\/SH-1-300x251.jpg 300w\" sizes=\"(max-width: 698px) 100vw, 698px\" \/><\/figure>\n<\/div>\n","protected":false},"excerpt":{"rendered":"<p>SafeHabitus este un proiect de cercetare Orizont Europa care va contribui la efortul Uniunii Europene de a face agricultura o ocupa\u021bie mai sigur\u0103 pentru c\u0103 munca agricol\u0103 se num\u0103r\u0103 printre cele mai periculoase ocupa\u021bii. Statisticile europene arat\u0103 c\u0103 rata mortalit\u0103\u021bii \u00een agricultur\u0103 este cu 233% mai mare dec\u00e2t \u00een alte sectoare de ocupare, iar rata [&hellip;]<\/p>\n","protected":false},"author":1,"featured_media":0,"parent":0,"menu_order":0,"comment_status":"closed","ping_status":"closed","template":"","meta":{"footnotes":""},"class_list":["post-28","page","type-page","status-publish","hentry"],"_links":{"self":[{"href":"https:\/\/grants.ulbsibiu.ro\/safehabitus\/wp-json\/wp\/v2\/pages\/28"}],"collection":[{"href":"https:\/\/grants.ulbsibiu.ro\/safehabitus\/wp-json\/wp\/v2\/pages"}],"about":[{"href":"https:\/\/grants.ulbsibiu.ro\/safehabitus\/wp-json\/wp\/v2\/types\/page"}],"author":[{"embeddable":true,"href":"https:\/\/grants.ulbsibiu.ro\/safehabitus\/wp-json\/wp\/v2\/users\/1"}],"replies":[{"embeddable":true,"href":"https:\/\/grants.ulbsibiu.ro\/safehabitus\/wp-json\/wp\/v2\/comments?post=28"}],"version-history":[{"count":17,"href":"https:\/\/grants.ulbsibiu.ro\/safehabitus\/wp-json\/wp\/v2\/pages\/28\/revisions"}],"predecessor-version":[{"id":152,"href":"https:\/\/grants.ulbsibiu.ro\/safehabitus\/wp-json\/wp\/v2\/pages\/28\/revisions\/152"}],"wp:attachment":[{"href":"https:\/\/grants.ulbsibiu.ro\/safehabitus\/wp-json\/wp\/v2\/media?parent=28"}],"curies":[{"name":"wp","href":"https:\/\/api.w.org\/{rel}","templated":true}]}}