{"id":2,"date":"2024-11-08T13:32:47","date_gmt":"2024-11-08T13:32:47","guid":{"rendered":"https:\/\/grants.ulbsibiu.ro\/safehabitus\/?page_id=2"},"modified":"2025-04-24T14:17:37","modified_gmt":"2025-04-24T14:17:37","slug":"sample-page","status":"publish","type":"page","link":"https:\/\/grants.ulbsibiu.ro\/safehabitus\/sample-page\/","title":{"rendered":"Echipa"},"content":{"rendered":"\n<div class=\"wp-block-columns is-layout-flex wp-container-core-columns-is-layout-1 wp-block-columns-is-layout-flex\">\n<div class=\"wp-block-column is-layout-flow wp-block-column-is-layout-flow\" style=\"flex-basis:100%\">\n<div class=\"wp-block-media-text is-stacked-on-mobile\"><figure class=\"wp-block-media-text__media\"><img loading=\"lazy\" decoding=\"async\" width=\"1024\" height=\"1024\" src=\"https:\/\/grants.ulbsibiu.ro\/safehabitus\/wp-content\/uploads\/Croitoru_Alin_sq-1-1024x1024.jpg\" alt=\"\" class=\"wp-image-71 size-full\" srcset=\"https:\/\/grants.ulbsibiu.ro\/safehabitus\/wp-content\/uploads\/Croitoru_Alin_sq-1-1024x1024.jpg 1024w, https:\/\/grants.ulbsibiu.ro\/safehabitus\/wp-content\/uploads\/Croitoru_Alin_sq-1-300x300.jpg 300w, https:\/\/grants.ulbsibiu.ro\/safehabitus\/wp-content\/uploads\/Croitoru_Alin_sq-1-150x150.jpg 150w, https:\/\/grants.ulbsibiu.ro\/safehabitus\/wp-content\/uploads\/Croitoru_Alin_sq-1-768x768.jpg 768w, https:\/\/grants.ulbsibiu.ro\/safehabitus\/wp-content\/uploads\/Croitoru_Alin_sq-1.jpg 1280w\" sizes=\"(max-width: 1024px) 100vw, 1024px\" \/><\/figure><div class=\"wp-block-media-text__content\">\n<p><strong>Conf. univ. dr. Alin Croitoru<\/strong><\/p>\n\n\n\n<p>Director proiect la nivel na\u021bional<\/p>\n\n\n\n<p>Email: alin.croitoru@ulbsibiu.ro<\/p>\n<\/div><\/div>\n\n\n\n<div class=\"wp-block-media-text is-stacked-on-mobile\"><figure class=\"wp-block-media-text__media\"><img loading=\"lazy\" decoding=\"async\" width=\"768\" height=\"768\" src=\"https:\/\/grants.ulbsibiu.ro\/safehabitus\/wp-content\/uploads\/Serban_Monica.jpg\" alt=\"\" class=\"wp-image-67 size-full\" srcset=\"https:\/\/grants.ulbsibiu.ro\/safehabitus\/wp-content\/uploads\/Serban_Monica.jpg 768w, https:\/\/grants.ulbsibiu.ro\/safehabitus\/wp-content\/uploads\/Serban_Monica-300x300.jpg 300w, https:\/\/grants.ulbsibiu.ro\/safehabitus\/wp-content\/uploads\/Serban_Monica-150x150.jpg 150w\" sizes=\"(max-width: 768px) 100vw, 768px\" \/><\/figure><div class=\"wp-block-media-text__content\">\n<p><strong>CS II dr. Monica \u0218erban<\/strong><\/p>\n\n\n\n<p>Cercet\u0103tor<\/p>\n<\/div><\/div>\n\n\n\n<div class=\"wp-block-media-text is-stacked-on-mobile\"><figure class=\"wp-block-media-text__media\"><img loading=\"lazy\" decoding=\"async\" width=\"1024\" height=\"1024\" src=\"https:\/\/grants.ulbsibiu.ro\/safehabitus\/wp-content\/uploads\/Foto_Mirela_IMG_9054-1-1024x1024.jpg\" alt=\"\" class=\"wp-image-72 size-full\" srcset=\"https:\/\/grants.ulbsibiu.ro\/safehabitus\/wp-content\/uploads\/Foto_Mirela_IMG_9054-1-1024x1024.jpg 1024w, https:\/\/grants.ulbsibiu.ro\/safehabitus\/wp-content\/uploads\/Foto_Mirela_IMG_9054-1-300x300.jpg 300w, https:\/\/grants.ulbsibiu.ro\/safehabitus\/wp-content\/uploads\/Foto_Mirela_IMG_9054-1-150x150.jpg 150w, https:\/\/grants.ulbsibiu.ro\/safehabitus\/wp-content\/uploads\/Foto_Mirela_IMG_9054-1-768x768.jpg 768w, https:\/\/grants.ulbsibiu.ro\/safehabitus\/wp-content\/uploads\/Foto_Mirela_IMG_9054-1.jpg 1280w\" sizes=\"(max-width: 1024px) 100vw, 1024px\" \/><\/figure><div class=\"wp-block-media-text__content\">\n<p><strong>Prof. univ. dr. Mirela Stanciu<\/strong><\/p>\n\n\n\n<p>Cercet\u0103tor<\/p>\n<\/div><\/div>\n\n\n\n<div class=\"wp-block-media-text is-stacked-on-mobile\"><figure class=\"wp-block-media-text__media\"><img loading=\"lazy\" decoding=\"async\" width=\"624\" height=\"897\" src=\"https:\/\/grants.ulbsibiu.ro\/safehabitus\/wp-content\/uploads\/Madalina-Capraru.jpg\" alt=\"\" class=\"wp-image-163 size-full\" srcset=\"https:\/\/grants.ulbsibiu.ro\/safehabitus\/wp-content\/uploads\/Madalina-Capraru.jpg 624w, https:\/\/grants.ulbsibiu.ro\/safehabitus\/wp-content\/uploads\/Madalina-Capraru-209x300.jpg 209w\" sizes=\"(max-width: 624px) 100vw, 624px\" \/><\/figure><div class=\"wp-block-media-text__content\">\n<p><strong>Dr. M\u0103d\u0103lina C\u0103praru<\/strong><\/p>\n\n\n\n<p>Cercet\u0103tor<\/p>\n<\/div><\/div>\n\n\n\n<div class=\"wp-block-media-text is-stacked-on-mobile\"><figure class=\"wp-block-media-text__media\"><img loading=\"lazy\" decoding=\"async\" width=\"768\" height=\"768\" src=\"https:\/\/grants.ulbsibiu.ro\/safehabitus\/wp-content\/uploads\/Corman_Sorina_sq-768x768-1.jpg\" alt=\"\" class=\"wp-image-70 size-full\" srcset=\"https:\/\/grants.ulbsibiu.ro\/safehabitus\/wp-content\/uploads\/Corman_Sorina_sq-768x768-1.jpg 768w, https:\/\/grants.ulbsibiu.ro\/safehabitus\/wp-content\/uploads\/Corman_Sorina_sq-768x768-1-300x300.jpg 300w, https:\/\/grants.ulbsibiu.ro\/safehabitus\/wp-content\/uploads\/Corman_Sorina_sq-768x768-1-150x150.jpg 150w\" sizes=\"(max-width: 768px) 100vw, 768px\" \/><\/figure><div class=\"wp-block-media-text__content\">\n<p><strong>Conf. univ. dr. Sorina Corman<\/strong><\/p>\n\n\n\n<p>Expert asociat<\/p>\n<\/div><\/div>\n\n\n\n<div class=\"wp-block-media-text is-stacked-on-mobile\"><figure class=\"wp-block-media-text__media\"><img loading=\"lazy\" decoding=\"async\" width=\"406\" height=\"405\" src=\"https:\/\/grants.ulbsibiu.ro\/safehabitus\/wp-content\/uploads\/Alexandra-Deliu.png\" alt=\"\" class=\"wp-image-171 size-full\" srcset=\"https:\/\/grants.ulbsibiu.ro\/safehabitus\/wp-content\/uploads\/Alexandra-Deliu.png 406w, https:\/\/grants.ulbsibiu.ro\/safehabitus\/wp-content\/uploads\/Alexandra-Deliu-300x300.png 300w, https:\/\/grants.ulbsibiu.ro\/safehabitus\/wp-content\/uploads\/Alexandra-Deliu-150x150.png 150w\" sizes=\"(max-width: 406px) 100vw, 406px\" \/><\/figure><div class=\"wp-block-media-text__content\">\n<p><strong>CS III Dr. Alexandra Deliu<\/strong><\/p>\n\n\n\n<p>Expert asociat<\/p>\n<\/div><\/div>\n<\/div>\n<\/div>\n\n\n\n<p><\/p>\n","protected":false},"excerpt":{"rendered":"<p>Conf. univ. dr. Alin Croitoru Director proiect la nivel na\u021bional Email: alin.croitoru@ulbsibiu.ro CS II dr. Monica \u0218erban Cercet\u0103tor Prof. univ. dr. Mirela Stanciu Cercet\u0103tor Dr. M\u0103d\u0103lina C\u0103praru Cercet\u0103tor Conf. univ. dr. Sorina Corman Expert asociat CS III Dr. Alexandra Deliu Expert asociat<\/p>\n","protected":false},"author":1,"featured_media":0,"parent":0,"menu_order":0,"comment_status":"closed","ping_status":"open","template":"","meta":{"footnotes":""},"class_list":["post-2","page","type-page","status-publish","hentry"],"_links":{"self":[{"href":"https:\/\/grants.ulbsibiu.ro\/safehabitus\/wp-json\/wp\/v2\/pages\/2"}],"collection":[{"href":"https:\/\/grants.ulbsibiu.ro\/safehabitus\/wp-json\/wp\/v2\/pages"}],"about":[{"href":"https:\/\/grants.ulbsibiu.ro\/safehabitus\/wp-json\/wp\/v2\/types\/page"}],"author":[{"embeddable":true,"href":"https:\/\/grants.ulbsibiu.ro\/safehabitus\/wp-json\/wp\/v2\/users\/1"}],"replies":[{"embeddable":true,"href":"https:\/\/grants.ulbsibiu.ro\/safehabitus\/wp-json\/wp\/v2\/comments?post=2"}],"version-history":[{"count":7,"href":"https:\/\/grants.ulbsibiu.ro\/safehabitus\/wp-json\/wp\/v2\/pages\/2\/revisions"}],"predecessor-version":[{"id":173,"href":"https:\/\/grants.ulbsibiu.ro\/safehabitus\/wp-json\/wp\/v2\/pages\/2\/revisions\/173"}],"wp:attachment":[{"href":"https:\/\/grants.ulbsibiu.ro\/safehabitus\/wp-json\/wp\/v2\/media?parent=2"}],"curies":[{"name":"wp","href":"https:\/\/api.w.org\/{rel}","templated":true}]}}