{"id":150,"date":"2022-12-06T08:48:42","date_gmt":"2022-12-06T08:48:42","guid":{"rendered":"https:\/\/grants.ulbsibiu.ro\/polsocsas\/?page_id=150"},"modified":"2024-02-08T09:38:02","modified_gmt":"2024-02-08T09:38:02","slug":"announcements","status":"publish","type":"page","link":"https:\/\/grants.ulbsibiu.ro\/polsocsas\/en\/announcements\/","title":{"rendered":"Announcements"},"content":{"rendered":"\n<div class=\"wp-block-getwid-section alignwide getwid-section-content-full-width\"><div class=\"wp-block-getwid-section__wrapper\"><div class=\"wp-block-getwid-section__inner-wrapper\"><div class=\"wp-block-getwid-section__background-holder\"><div class=\"wp-block-getwid-section__background\"><\/div><div class=\"wp-block-getwid-section__foreground\"><\/div><\/div><div class=\"wp-block-getwid-section__content\"><div class=\"wp-block-getwid-section__inner-content\">\n<div class=\"wp-block-file\"><a href=\"https:\/\/grants.ulbsibiu.ro\/polsocsas\/wp-content\/uploads\/CfP-Political-Sociability_re.pdf\">Call for papers (EN)<\/a><a href=\"https:\/\/grants.ulbsibiu.ro\/polsocsas\/wp-content\/uploads\/CfP-Political-Sociability_re.pdf\" class=\"wp-block-file__button\" download>Download<\/a><\/div>\n\n\n\n<div class=\"wp-block-file\"><a href=\"https:\/\/grants.ulbsibiu.ro\/polsocsas\/wp-content\/uploads\/CfP-Politica-si-urbanitate.pdf\">Call for papers (RO)<\/a><a href=\"https:\/\/grants.ulbsibiu.ro\/polsocsas\/wp-content\/uploads\/CfP-Politica-si-urbanitate.pdf\" class=\"wp-block-file__button\" download>Download<\/a><\/div>\n\n\n\n<p><\/p>\n\n\n\n<p style=\"text-align: center;\"><strong>Organizers: Executive Unit for Financing Higher Education, Research, Development, and Innovation, Romania; Lucian Blaga University of Sibiu;\u00a0<\/strong><\/p>\n<p style=\"text-align: center;\"><strong>20 \u2013 22 November, Sibiu, Romania<\/strong><\/p>\n<p style=\"text-align: center;\"><strong>Deadline for proposal submissions: 31<sup>st<\/sup> of May 2024<\/strong><\/p>\n<p style=\"text-align: center;\"><strong>Call for Papers:<\/strong><\/p>\n<p style=\"text-align: center;\"><strong>Making the State. Integration Policies and Sociability in post-imperial realities. <\/strong><\/p>\n<p style=\"text-align: center;\">\u00a0<\/p>\n<p>The societal transformations in the provinces of the territories belonging to the former Austrian-Hungarian monarchy can be depicted in their wide complexity, comprising political, demographic, cultural, social and economic dimensions. The matter of integration cannot be regarded only in black and white, but is ought to generate wide means of analysis, like the transnational, multi-and interdisciplinary ones. Urbanity developed in the periphery of the Double Monarchy by imitation and inspiration and local political and cultural actors intended to implement new, modern urban models in the provinces by following the example of the capitals Vienna and Hungary. One aspect of the urbanity is the sociability and the way in which political, cultural, economic actors, either local or national elite, came together to collaborate, negotiate and create ideas in order to make the state, or to find their own place in the new national state they will belong to.\u00a0\u00a0<\/p>\n<p>However, the Great War represented both a turning point and a caesura of the time, and political and cultural elites had to rethink their place in the newly enlarged national Romanian state. Beginning with this event, a new stage in the history of the actors from Transylvania and Bucovina, characterized by the redefinition of political behavior, negotiation and sociability. The matter of discussion refers to the means in which the process of metamorphosis of sociability occurs from the imperial history to the postimperial one in the lives of the urban actors belonging to the former provinces of the Double Monarchy. Key aspects which will be discussed in the workshop are linked to the concepts of loyalism, integration, sociability and communication and collaboration between elites and social actors from the both sides of the Carpathians, from there and from here.\u00a0<\/p>\n<p>Our workshop aims to open a forum of debate and reflection on how local elites of the former provinces on the one hand and national elites from the center on the other one, have related to each other, in order to fulfil and complete the integration process. Places of sociability are of great interest, being considered as <em>lieux de sociabilite<\/em> because they represent nodes that create networks of communication, negotiation and collaboration. The transformations of society are placed under the umbrella of loyalty, which in turn is undergoing a social and cultural metamorphosis from imperial to post-imperial realities.<\/p>\n<p>The organizers of the workshop encourage contributions that focus on the social, cultural and political dimension of the urban world and, especially, on the practices associated with the process of integrating social actors from the former imperial provinces into state projects in the region. We call for new interdisciplinary approaches that reveal the specificity of the urbanity in this part of Europe, and that will hopefully lead to a critical reconsideration of the topic, enabling us to overcome the common places that still dominate discourses on the local elite, minority actors and their role and place in society and history.<\/p>\n<p>The workshop promotes interdisciplinary and comparative approaches to the issue of political integration of peasants within the various societies of the Austro-Hungarian Empire and the nation states of Central and Eastern Europe. We encourage submissions tackling the following major research themes and questions:<\/p>\n<ul>\n<li><strong>Imperial and post-imperial realities regarded from different perspectives: cultural, social, demographic, political.<\/strong><\/li>\n<li><strong>Projects by political and intellectual elites regarding the political integration of the urban actors and their transformation into citizens.<\/strong><\/li>\n<li><strong>Means of communication and negotiation between actors, either from the national or minority elite.<\/strong><\/li>\n<li><strong>Political leaders and discourse on minority, equal rights, self-determination of peoples and integration of the new provinces into greater Romania.<\/strong><\/li>\n<li><strong>How did the cultural and economic associations in Transylvania and Bucovina rethink their role in society after the Great War? What were the signs and spheres of civil society in the city?<\/strong><\/li>\n<li><strong>Concepts, research methods and sources of documentation of the urban milieu.<\/strong><\/li>\n<li><strong>The state, center-periphery relationship, and the monopoly of \u201cdemocratization of the public\u201d in the city.<\/strong><\/li>\n<\/ul>\n<p>\u00a0<\/p>\n<p>The official languages of the discussion workshop are English and Romanian. Please send us your proposals by <strong>May 31<sup>st<\/sup>, 2024<\/strong> (title and summary of up to 300 words) to daniela.stanciu@ulbsibiu.ro. Acceptance decisions will be communicated by <strong>15<sup>th<\/sup> of June 2024<\/strong>.<\/p>\n<p>The organizers will provide accommodation and meals in the natural area of Paltinis. They also plan to publish the conference proceedings. Final papers, written in English, should not exceed 12,000 words and must be submitted by 15 November. All accepted contributions will be published in a special issue of the journal <strong>Studia Universitatis Cibiniensis. Series Historica<\/strong> (SUCSH), indexed in international databases (Sciendo, SCOPUS (Elsevier), ERIH+, CEEOL, Ebsco, Index Copernicus). We look forward to your contributions. Do not hesitate to contact us for additional information and clarifications.<\/p>\n<p><strong>Contact person<\/strong>:\u00a0 <strong>Dr. Daniela Stanciu-P\u0103sc\u0103ri\u021ba <\/strong>(<u>daniela.stanciu@ulbsibiu.ro<\/u>)<\/p>\n<p><strong>Organizers <\/strong>: <strong>asist.univ.dr. Daniela STANCIU-P\u0102SC\u0102RI\u021aA, <\/strong><strong style=\"font-size: inherit;\">prof.univ.dr.habil Sorin RADU<\/strong><\/p>\n\n\n\n<hr class=\"wp-block-separator\"\/>\n\n\n\n<p style=\"text-align: center;\"><strong>Organizatori: Unitatea Executiv\u0103 pentru Finan\u021barea \u00cenv\u0103\u021b\u0103m\u00e2ntului Superior, a Cercet\u0103rii, Dezvolt\u0103rii \u0219i Inov\u0103rii \u0219i Universitatea Lucian Blaga din Sibiu;\u00a0<\/strong><\/p>\n<p style=\"text-align: center;\"><strong>20 \u2013 22 Noiembrie, Sibiu, Romania<\/strong><\/p>\n<p style=\"text-align: center;\"><strong>Termen-limit\u0103 de trimitere a abstractelor: 31 mai 2024<\/strong><\/p>\n<p style=\"text-align: center;\"><strong>Call for Papers: <\/strong><\/p>\n<p style=\"text-align: center;\"><strong>Politic\u0103 \u0219i urbanitate. Forme ale sociabilit\u0103\u021bii \u0219i politicilor de integrare sub spectrul realit\u0103\u021bilor post-imperiale <\/strong><\/p>\n<p>Transform\u0103rile societ\u0103\u021bii din provinciile apar\u021bin\u00e2nd fostei monarhii austro-ungare pot fi descrise \u00een larga lor complexitate, cuprinz\u00e2nd dimensiuni politice, demografice, culturale, sociale \u0219i economice. Chestiunea integr\u0103rii acestora \u00een noul stat rom\u00e2n nu poate fi privit\u0103 doar \u00een alb \u0219i negru, ci trebuie s\u0103 genereze mijloace largi de analiz\u0103, cum ar fi cele transna\u021bionale, multi- \u0219i interdisciplinare. Mai mult dec\u00e2t at\u00e2t, urbanitatea s-a dezvoltat la periferia Dublei Monarhii prin imita\u021bie \u0219i inspira\u021bie, iar actorii politici \u0219i culturali locali au inten\u021bionat s\u0103 implementeze \u00een provincie modele urbane noi, moderne, urm\u00e2nd exemplul capitalelor Viena \u0219i Budapesta.\u00a0<\/p>\n<p>Un aspect al urbanit\u0103\u021bii \u00eel reprezint\u0103 sociabilitatea \u0219i modul \u00een care actorii politici, culturali, economici, fie ei elite locale sau na\u021bionale, s-au reunit pentru a colabora, a negocia \u0219i a crea idei cu scopul de a identifica propria cale de apartenen\u021b\u0103 \u0219i integrare \u00een noul stat na\u021bional din care vor face parte.\u00a0 Marele R\u0103zboi a reprezentat at\u00e2t un punct de cotitur\u0103, c\u00e2t \u0219i o cezur\u0103 a vremii, iar elitele politice \u0219i culturale au trebuit s\u0103-\u0219i reg\u00e2ndeasc\u0103 locul \u00een noul stat na\u021bional rom\u00e2nesc extins. \u00cencep\u00e2nd cu acest eveniment, se deschide o nou\u0103 etap\u0103 \u00een istoria actorilor din Transilvania \u0219i Bucovina, caracterizat\u0103 prin redefinirea comportamentului politic, a negocierii \u0219i a sociabilit\u0103\u021bii.\u00a0<\/p>\n<p>Subiectul de discu\u021bie al conferin\u021bei se refer\u0103 la modalit\u0103\u021bile prin care se produce procesul de metamorfozare a sociabilit\u0103\u021bii de la istoria imperial\u0103 la cea post-imperial\u0103 \u00een via\u021ba actorilor urbani apar\u021bin\u00e2nd fostelor provincii ale Dublei Monarhii. Aspectele cheie care vor fi discutate \u00een cadrul atelierului sunt legate de conceptele de loialitate, integrare, sociabilitate, comunicare \u0219i colaborare \u00eentre elitele \u0219i actorii sociali de pe o parte \u0219i de pe cealalt\u0103 a mun\u021bilor Carpa\u021bi.<\/p>\n<p>Conferin\u021ba este g\u00e2ndit\u0103 mai degrab\u0103 ca un atelier care \u00ee\u0219i propune s\u0103 deschid\u0103 un forum de dezbatere \u0219i reflec\u021bie asupra modului \u00een care elitele locale din fostele provincii, pe de o parte, \u0219i elitele na\u021bionale de la centru, pe de alt\u0103 parte, au rela\u021bionat \u00eentre ele, pentru a realiza \u0219i finaliza procesul de integrare. Totodat\u0103, locurile de sociabilitate sunt de mare interes, fiind considerate <em>lieux de sociabilite<\/em>, deoarece reprezint\u0103 noduri care creeaz\u0103 re\u021bele de comunicare, negociere \u0219i colaborare. Transform\u0103rile societ\u0103\u021bii sunt plasate sub umbrela loialit\u0103\u021bii, care, la r\u00e2ndul ei, sufer\u0103 o metamorfoz\u0103 social\u0103 \u0219i cultural\u0103 de la realit\u0103\u021bile imperiale la cele post-imperiale.<\/p>\n<p>Organizatorii atelierului de discu\u021bii \u00eencurajeaz\u0103 contribu\u021bii care se concentreaz\u0103 pe dimensiunea social\u0103, cultural\u0103 \u0219i politic\u0103 a lumii urbane \u0219i, mai ales, pe practicile asociate procesului de integrare a actorilor sociali din fostele provincii imperiale \u00een proiectele de stat din regiune. Facem apel la noi abord\u0103ri interdisciplinare care s\u0103 dezv\u0103luie specificitatea urbanit\u0103\u021bii din aceast\u0103 parte a Europei \u0219i care, sper\u0103m, vor conduce la o reconsiderare critic\u0103 a subiectului, permi\u021b\u00e2ndu-ne s\u0103 dep\u0103\u0219im viziunile care \u00eenc\u0103 domin\u0103 discursurile despre elita local\u0103, actorii minoritari \u0219i rolul \u0219i locul lor \u00een societate \u0219i istorie.<\/p>\n<p>Atelierul promoveaz\u0103 abord\u0103ri interdisciplinare \u0219i comparative ale problemei integr\u0103rii politice a actorilor urbani \u00een cadrul diferitelor asocia\u021bii din Imperiul Austro-Ungar \u0219i ulterior din statele na\u021bionale din Europa Central\u0103 \u0219i de Est. \u00cencuraj\u0103m contribu\u021biile care abordeaz\u0103 urm\u0103toarele teme \u0219i direc\u021bii majore de cercetare:<\/p>\n<ul>\n<li><strong>Realit\u0103\u021bi imperiale \u0219i post-imperiale privite din diferite perspective: culturale, sociale, demografice, politice.<\/strong><\/li>\n<li><strong>Proiecte ale elitelor politice \u0219i intelectuale privind integrarea politic\u0103 a actorilor urbani \u0219i transformarea lor \u00een cet\u0103\u021beni ai noului stat.<\/strong><\/li>\n<li><strong>Mijloacele de comunicare \u0219i negociere \u00eentre actori, fie din elita na\u021bional\u0103, fie din cea minoritar\u0103.<\/strong><\/li>\n<li><strong>Liderii politici \u0219i discursul privitor la <em>minoritate<\/em>, <em>egalitate \u00een drepturi<\/em>, <em>autodeterminarea popoarelor<\/em> \u0219i integrare a noilor provincii \u00een Rom\u00e2nia mare.<\/strong><\/li>\n<li><strong>Cum \u0219i-au reg\u00e2ndit rolul \u00een societate asocia\u021biile culturale, economice din Transilvania \u0219i Bucovina dup\u0103 Marele R\u0103zboi? Care au fost semnele \u0219i sferele societ\u0103\u021bii civile \u00een ora\u0219?<\/strong><\/li>\n<li><strong>Concepte, metode de cercetare \u0219i surse de documentare a mediului urban.<\/strong><\/li>\n<li><strong>Statul, rela\u021bia centru-periferie \u0219i apari\u021bia conceptului de &#8220;democratizare a publicului&#8221; \u00een ora\u0219.<\/strong><\/li>\n<\/ul>\n<p>Limbile oficiale ale atelierului de discu\u021bii sunt engleza \u0219i rom\u00e2na. V\u0103 rug\u0103m s\u0103 ne trimite\u021bi propunerile dvs. p\u00e2n\u0103 la <strong>31 mai 2024<\/strong> (titlu \u0219i rezumat de maximum 300 de cuvinte) la adresa <strong>daniela.stanciu@ulbsibiu.ro<\/strong>. Deciziile de acceptare vor fi comunicate p\u00e2n\u0103 la data de <strong>15 iunie 2024. <\/strong><\/p>\n<p>Organizatorii vor asigura cazarea \u0219i masa \u00een spa\u021biul natural al P\u0103ltini\u0219ului. De asemenea, ace\u0219tia inten\u021bioneaz\u0103 s\u0103 publice lucr\u0103rile conferin\u021bei. Studiile finale, scrise \u00een limba englez\u0103, nu trebuie s\u0103 dep\u0103\u0219easc\u0103 12.000 de cuvinte \u0219i trebuie trimise p\u00e2n\u0103 la 15 noiembrie. Toate contribu\u021biile acceptate\u00a0 vor fi publicate \u00eentr-un num\u0103r special al revistei <strong>Studia Universitatis Cibiniensis. Series Historica (SUCSH<\/strong>), indexat\u0103 \u00een baze de date interna\u021bionale (Sciendo, SCOPUS (Elsevier), ERIH+, CEEOL, Ebsco, Index Copernicus).<\/p>\n<p>A\u0219tept\u0103m cu ner\u0103bdare contribu\u021biile dumneavoastr\u0103. Nu ezita\u021bi s\u0103 ne contacta\u021bi pentru informa\u021bii suplimentare \u0219i clarific\u0103ri.<\/p>\n<p>Persoan\u0103 de contact:\u00a0 <strong>Dr. Daniela Stanciu-P\u0103sc\u0103ri\u021ba (<\/strong><strong><u>daniela.stanciu@ulbsibiu.ro<\/u>) <\/strong><\/p>\n<p><strong>Organizatori: asist.univ.dr. Daniela STANCIU-P\u0102SC\u0102RI\u021aA ,\u00a0<\/strong><strong>prof.univ.dr.habil Sorin RADU<\/strong><\/p>\n<\/div><\/div><\/div><\/div><\/div>\n","protected":false},"excerpt":{"rendered":"","protected":false},"author":1,"featured_media":0,"parent":0,"menu_order":0,"comment_status":"closed","ping_status":"closed","template":"","meta":[],"_links":{"self":[{"href":"https:\/\/grants.ulbsibiu.ro\/polsocsas\/wp-json\/wp\/v2\/pages\/150"}],"collection":[{"href":"https:\/\/grants.ulbsibiu.ro\/polsocsas\/wp-json\/wp\/v2\/pages"}],"about":[{"href":"https:\/\/grants.ulbsibiu.ro\/polsocsas\/wp-json\/wp\/v2\/types\/page"}],"author":[{"embeddable":true,"href":"https:\/\/grants.ulbsibiu.ro\/polsocsas\/wp-json\/wp\/v2\/users\/1"}],"replies":[{"embeddable":true,"href":"https:\/\/grants.ulbsibiu.ro\/polsocsas\/wp-json\/wp\/v2\/comments?post=150"}],"version-history":[{"count":22,"href":"https:\/\/grants.ulbsibiu.ro\/polsocsas\/wp-json\/wp\/v2\/pages\/150\/revisions"}],"predecessor-version":[{"id":188,"href":"https:\/\/grants.ulbsibiu.ro\/polsocsas\/wp-json\/wp\/v2\/pages\/150\/revisions\/188"}],"wp:attachment":[{"href":"https:\/\/grants.ulbsibiu.ro\/polsocsas\/wp-json\/wp\/v2\/media?parent=150"}],"curies":[{"name":"wp","href":"https:\/\/api.w.org\/{rel}","templated":true}]}}