{"id":24,"date":"2024-08-13T07:20:10","date_gmt":"2024-08-13T07:20:10","guid":{"rendered":"https:\/\/grants.ulbsibiu.ro\/patliro\/?page_id=24"},"modified":"2026-02-25T10:53:45","modified_gmt":"2026-02-25T10:53:45","slug":"rezultate","status":"publish","type":"page","link":"https:\/\/grants.ulbsibiu.ro\/patliro\/rezultate\/","title":{"rendered":"Rezultate"},"content":{"rendered":"\n<p><strong>RAPORTARE \u0218TIIN\u021aIFIC\u0102 FINAL\u0102<\/strong><\/p>\n\n\n\n<p><strong>A. Articole<\/strong><\/p>\n\n\n\n<ol>\n<li>Bor\u0219, Monica. \u201eSitua\u021bii de predictibilitate a alternan\u021belor fonologice \u00een materializarea opozi\u021biei de num\u0103r la substantive\u201d, \u00een&nbsp;<em>Transilvania<\/em>&nbsp;(SCOPUS Q1), nr. 10 (2010), pp. 83-88.&nbsp;<a href=\"https:\/\/revistatransilvania.ro\/wp-content\/uploads\/2023\/12\/RT10-2023-bors.pdf\">https:\/\/revistatransilvania.ro\/wp-content\/uploads\/2023\/12\/RT10-2023-bors.pdf<\/a><\/li>\n\n\n\n<li>Dr\u0103gulescu, Radu. \u201eO cercetare asupra fitonimelor rom\u00e2ne\u0219ti create cu ajutorul termenului de origine latin\u0103 \u00abiarb\u0103\u00bb\u201d (III).&nbsp;<em>Transilvania<\/em>, nr. 11-12 (2023), pp. 147-154.&nbsp;<a href=\"https:\/\/revistatransilvania.ro\/wp-content\/uploads\/2023\/12\/RT11-12-2023-19-Dragulescu-149-154.pdf\">https:\/\/revistatransilvania.ro\/wp-content\/uploads\/2023\/12\/RT11-12-2023-19-Dragulescu-149-154.pdf<\/a><\/li>\n\n\n\n<li>Dr\u0103gulescu, Radu. \u201eO cercetare asupra fitonimelor rom\u00e2ne\u0219ti create cu ajutorul termenului de origine latin\u0103 \u00abiarb\u0103\u00bb\u201d (IV).&nbsp;<em>Transilvania<\/em>, nr. 2 (2024), pp. 87-96.&nbsp;<a href=\"https:\/\/revistatransilvania.ro\/wp-content\/uploads\/2024\/04\/RT2.2024-10-Radu-Dragulescu.pdf\">https:\/\/revistatransilvania.ro\/wp-content\/uploads\/2024\/04\/RT2.2024-10-Radu-Dragulescu.pdf<\/a><\/li>\n\n\n\n<li>V\u0103tavu, Bogdan \u0219i David Morariu. \u201cEnhancing Usability of Digital Collections: Accuracy Assessment and OCR Post-Correction of the Digital Museum of the Romanian Novel\u201d.&nbsp;<em>Transilvania<\/em>, nr. 10 (2024), pp. 66-75.&nbsp;<a href=\"https:\/\/revistatransilvania.ro\/wp-content\/uploads\/2024\/12\/RT-10-2024-8-V%C4%83tavu-Morariu.pdf\">https:\/\/revistatransilvania.ro\/wp-content\/uploads\/2024\/12\/RT-10-2024-8-V\u0103tavu-Morariu.pdf<\/a><\/li>\n\n\n\n<li>Comaniciu, Georgiana. \u201eOvercoming barriers to intercultural communication: The role of intercultural awareness\u201d.<em>Analele Universit\u0103\u021bii \u201eOvidius\u201d din Constan\u021ba. Seria Filologie<\/em>, vol. 35, nr. 2 (2024): 319-332.&nbsp;<a href=\"https:\/\/litere.univ-ovidius.ro\/Anale\/2024-volumul-2\/II.%20Lingvistica.%20Didactica\/9.%20Georgiana%20Comaniciu_articol.pdf\">https:\/\/litere.univ-ovidius.ro\/Anale\/2024-volumul-2\/II.%20Lingvistica.%20Didactica\/9.%20Georgiana%20Comaniciu_articol.pdf<\/a><\/li>\n\n\n\n<li>B\u00e2lc, Denisa-Maria. \u201eDezvoltarea competen\u021bei discursive \u00een predarea RLS\u201d.&nbsp;<em>Analele Universit\u0103\u021bii \u201eOvidius\u201d din Constan\u021ba. Seria Filologie<\/em>, vol. 35, nr. 2 (2024): 333-347.&nbsp;<a href=\"https:\/\/litere.univ-ovidius.ro\/Anale\/2024-volumul-2\/II.%20Lingvistica.%20Didactica\/10.%20Denisa-Maria%20B%C3%A2lc_articol.pdf\">https:\/\/litere.univ-ovidius.ro\/Anale\/2024-volumul-2\/II.%20Lingvistica.%20Didactica\/10.%20Denisa-Maria%20B\u00e2lc_articol.pdf<\/a><\/li>\n\n\n\n<li>Spori\u0219, Valerica. \u201eTextele&nbsp;&nbsp;func\u021bionale&nbsp;&nbsp;\u00een&nbsp;&nbsp;manualele&nbsp;&nbsp;de RLS:&nbsp;&nbsp;studiu&nbsp;&nbsp;comparativ\u201d.&nbsp;<em>Swedish Journal of Romanian Studies<\/em>, vol. 8, nr. 1 (2025): 142-153.&nbsp;<a href=\"https:\/\/journals.lub.lu.se\/sjrs\/issue\/view\/3615\/908\">https:\/\/journals.lub.lu.se\/sjrs\/issue\/view\/3615\/908<\/a><\/li>\n\n\n\n<li>Valerica Spori\u0219, Iulia-Maria Tic\u0103r\u0103u. \u201e<em>\u00cendreptarul ortografic, ortoepic, morfologic \u0219i de punctua\u021bie<\/em>. Tradi\u021bie \u0219i modernitate\u201d,&nbsp;<em>Annales Universitatis Apulensis. Series Philologica<\/em>, nr. 26(2) (2025): 246-256.&nbsp;<a href=\"http:\/\/philologica.uab.ro\/upload\/44_597_24.pdf\">http:\/\/philologica.uab.ro\/upload\/44_597_24.pdf<\/a><\/li>\n\n\n\n<li>Tic\u0103r\u0103u, Iulia-Maria.&nbsp;\u201eC\u00e2teva considera\u0163ii asupra fenomenului polite\u0163ii \u00een procesul de predare-\u00eenv\u0103\u0163are a limbii rom\u00e2ne ca limb\u0103 str\u0103in\u0103\u201d.&nbsp;<em>Analele Universit\u0103\u021bii \u201eOvidius\u201d Constan\u021ba. Seria Filologie<\/em>, vol. 36, nr. 1 (2025): 627-640.&nbsp;<a href=\"https:\/\/litere.univ-ovidius.ro\/Anale\/2025_volumul_1\/sectiunea3\/39.%20Iulia%20Maria%20Ticarau.pdf\">https:\/\/litere.univ-ovidius.ro\/Anale\/2025_volumul_1\/sectiunea3\/39.%20Iulia%20Maria%20Ticarau.pdf<\/a><\/li>\n\n\n\n<li><em><\/em>Morariu, David. \u201eName(less)-Based Stereotypes and Strategies of Name Bias in Corpus-Assisted Literary Socio-Onomastics: Anti-Roma Prejudices in the Romanian Novel of the Nineteenth and Early Twentieth Centuries\u201d.<em>Philologica Jassyensia<\/em>, an XXI, nr. 1\/41 (2025): 55-75.&nbsp;<a href=\"https:\/\/philologica-jassyensia.ro\/articol\/?id=nameless-based-stereotypes-and-strategies-of-name-bias-in-corpus-assisted-literary-socio-onomastics-anti-roma-prejudices-in-the-romanian-novel-of-the-nineteenth-and-early-twentieth-centuries\">https:\/\/philologica-jassyensia.ro\/articol\/?id=nameless-based-stereotypes-and-strategies-of-name-bias-in-corpus-assisted-literary-socio-onomastics-anti-roma-prejudices-in-the-romanian-novel-of-the-nineteenth-and-early-twentieth-centuries<\/a><em><\/em><\/li>\n<\/ol>\n\n\n\n<p><strong>B. C\u0103r\u021bi<\/strong><\/p>\n\n\n\n<p>1. Terian-Dan, Simina-Maria (ed.).&nbsp;<em>Romanian as a Foreign Language. Acquisition Process and Cultural Interferences<\/em>. Berlin: Peter Lang, 2026.<\/p>\n\n\n\n<p><strong>C. Rezultate exploatabile<\/strong><\/p>\n\n\n\n<p>1.\u00a0<em>Model lingvistic de mari dimensiuni (LLM) specializat pentru patrimoniul cultural \u0219i bazat pe reutilizarea datelor \u0219i pe cercetarea eficien\u021bei computa\u021bionale<\/em>\u00a0(MOPAT) \u2013 nivel de maturitate tehnologic\u0103 (TRL) 5, conform <a href=\"https:\/\/grants.ulbsibiu.ro\/patliro\/wp-content\/uploads\/Raport-TRL-MOPAT.pdf\">Raportului<\/a> ata\u0219at.<\/p>\n","protected":false},"excerpt":{"rendered":"<p>RAPORTARE \u0218TIIN\u021aIFIC\u0102 FINAL\u0102 A. Articole B. C\u0103r\u021bi 1. Terian-Dan, Simina-Maria (ed.).&nbsp;Romanian as a Foreign Language. Acquisition Process and Cultural Interferences. Berlin: Peter Lang, 2026. C. Rezultate exploatabile 1.\u00a0Model lingvistic de mari dimensiuni (LLM) specializat pentru patrimoniul cultural \u0219i bazat pe reutilizarea datelor \u0219i pe cercetarea eficien\u021bei computa\u021bionale\u00a0(MOPAT) \u2013 nivel de maturitate tehnologic\u0103 (TRL) 5, conform [&hellip;]<\/p>\n","protected":false},"author":1,"featured_media":0,"parent":0,"menu_order":0,"comment_status":"closed","ping_status":"closed","template":"","meta":{"footnotes":""},"_links":{"self":[{"href":"https:\/\/grants.ulbsibiu.ro\/patliro\/wp-json\/wp\/v2\/pages\/24"}],"collection":[{"href":"https:\/\/grants.ulbsibiu.ro\/patliro\/wp-json\/wp\/v2\/pages"}],"about":[{"href":"https:\/\/grants.ulbsibiu.ro\/patliro\/wp-json\/wp\/v2\/types\/page"}],"author":[{"embeddable":true,"href":"https:\/\/grants.ulbsibiu.ro\/patliro\/wp-json\/wp\/v2\/users\/1"}],"replies":[{"embeddable":true,"href":"https:\/\/grants.ulbsibiu.ro\/patliro\/wp-json\/wp\/v2\/comments?post=24"}],"version-history":[{"count":4,"href":"https:\/\/grants.ulbsibiu.ro\/patliro\/wp-json\/wp\/v2\/pages\/24\/revisions"}],"predecessor-version":[{"id":81,"href":"https:\/\/grants.ulbsibiu.ro\/patliro\/wp-json\/wp\/v2\/pages\/24\/revisions\/81"}],"wp:attachment":[{"href":"https:\/\/grants.ulbsibiu.ro\/patliro\/wp-json\/wp\/v2\/media?parent=24"}],"curies":[{"name":"wp","href":"https:\/\/api.w.org\/{rel}","templated":true}]}}