{"id":22,"date":"2024-08-13T07:19:42","date_gmt":"2024-08-13T07:19:42","guid":{"rendered":"https:\/\/grants.ulbsibiu.ro\/patliro\/?page_id=22"},"modified":"2026-02-25T10:13:36","modified_gmt":"2026-02-25T10:13:36","slug":"echipa","status":"publish","type":"page","link":"https:\/\/grants.ulbsibiu.ro\/patliro\/echipa\/","title":{"rendered":"Echipa"},"content":{"rendered":"\n<div class=\"wp-block-media-text alignwide is-stacked-on-mobile is-image-fill\" style=\"grid-template-columns:25% auto\"><figure class=\"wp-block-media-text__media\" style=\"background-image:url(https:\/\/grants.ulbsibiu.ro\/patliro\/wp-content\/uploads\/simina_terian.jpg);background-position:50% 0%\"><img fetchpriority=\"high\" decoding=\"async\" width=\"554\" height=\"775\" src=\"https:\/\/grants.ulbsibiu.ro\/patliro\/wp-content\/uploads\/simina_terian.jpg\" alt=\"\" class=\"wp-image-40 size-full\" srcset=\"https:\/\/grants.ulbsibiu.ro\/patliro\/wp-content\/uploads\/simina_terian.jpg 554w, https:\/\/grants.ulbsibiu.ro\/patliro\/wp-content\/uploads\/simina_terian-214x300.jpg 214w\" sizes=\"(max-width: 554px) 100vw, 554px\" \/><\/figure><div class=\"wp-block-media-text__content\">\n<p class=\"has-tiny-font-size\"><strong>Nume: <\/strong>Simina-Maria TERIAN-DAN<br><strong>Pozi\u021bia \u00een proiect:<\/strong> Director<br><strong>Scurt\u0103 prezentare:<\/strong> Simina-Maria Terian-Dan este conferen\u021biar universitar doctor \u00een cadrul Departamentului de Studii Romanice al Facult\u0103\u021bii de Litere \u0219i Arte (Universitatea \u201eLucian Blaga\u201d din Sibiu). \u00cen prezent, pred\u0103 urm\u0103toarele cursuri: Comunicare oral\u0103 \u0219i scris\u0103 \u0219i Receptarea discursului scris \u0219i oral (Programul preg\u0103titor de limba rom\u00e2n\u0103 pentru cet\u0103\u021benii str\u0103ini); Sintaxa limbii rom\u00e2ne \u0219i Pragmatic\u0103 (Studii de licen\u021b\u0103); Sintaxa limbii rom\u00e2ne. Noi interpret\u0103ri \u0219i Limba rom\u00e2n\u0103. Instrumente \u0219i medii digitale (Studii de masterat). A coordonat diverse proiecte de cercetare-dezvoltare, a participat la conferin\u021be (inter)na\u021bionale, a publicat c\u0103r\u021bi, studii \u0219i articole \u00een domeniile de interes: RLS, Sintax\u0103 \u0219i Pragmatic\u0103. Este manager executiv al proiectului \u201eThe coverage and reception of the Russian-Ukrainian conflict in Polish, Romanian and English-language media: A comparative critical discourse study with recommendations for journalism training (CORECON)\u201d.<\/p>\n\n\n\n<p class=\"has-small-font-size\"><strong>E-mail:<\/strong> simina.terian@ulbsibiu.ro<\/p>\n<\/div><\/div>\n\n\n\n<div class=\"wp-block-media-text alignwide is-stacked-on-mobile is-image-fill\" style=\"grid-template-columns:25% auto\"><figure class=\"wp-block-media-text__media\" style=\"background-image:url(https:\/\/grants.ulbsibiu.ro\/patliro\/wp-content\/uploads\/radu_dragulescu.png);background-position:65% 11%\"><img decoding=\"async\" width=\"302\" height=\"460\" src=\"https:\/\/grants.ulbsibiu.ro\/patliro\/wp-content\/uploads\/radu_dragulescu.png\" alt=\"\" class=\"wp-image-47 size-full\" srcset=\"https:\/\/grants.ulbsibiu.ro\/patliro\/wp-content\/uploads\/radu_dragulescu.png 302w, https:\/\/grants.ulbsibiu.ro\/patliro\/wp-content\/uploads\/radu_dragulescu-197x300.png 197w\" sizes=\"(max-width: 302px) 100vw, 302px\" \/><\/figure><div class=\"wp-block-media-text__content\">\n<p class=\"has-tiny-font-size\"><strong>Nume: <\/strong>Radu DR\u0102GULESCU<br><strong>Pozi\u021bia \u00een proiect:<\/strong> Cercet\u0103tor \u0219tiin\u021bific I \u2013 cercet\u0103tor \u00een filologie<br><strong>Scurt\u0103 prezentare:<\/strong> Radu Dr\u0103gulescu este profesor universitar doctor abilitat \u00een cadrul Departamentului de Studii Romanice al Facult\u0103\u021bii de Litere \u0219i Arte (Universitatea \u201eLucian Blaga\u201d din Sibiu). \u00cen prezent, pred\u0103 urm\u0103toarele cursuri: Acte de vorbire (Programul preg\u0103titor de limba rom\u00e2n\u0103 pentru cet\u0103\u021benii str\u0103ini); Lingvistic\u0103 general\u0103; Limba rom\u00e2n\u0103 \u00een diacronie; Semiotic\u0103 (Studii de licen\u021b\u0103); Discurs \u0219i comunicare; Istoria limbii rom\u00e2ne literare (Studii de masterat). A participat la conferin\u021be (inter)na\u021bionale, a publicat c\u0103r\u021bi, studii \u0219i articole \u00een domeniile de interes: RLS, Lingvistic\u0103 general\u0103, Istoria limbii, Fitonimie rom\u00e2neasc\u0103. Face parte din echipa proiectului \u201eThe coverage and reception of the Russian-Ukrainian conflict in Polish, Romanian and English-language media: A comparative critical discourse study with recommendations for journalism training (CORECON)\u201d.<\/p>\n\n\n\n<p><strong>E-mail:<\/strong> radu.dragulescu@ulbsibiu.ro<\/p>\n<\/div><\/div>\n\n\n\n<div class=\"wp-block-media-text alignwide is-stacked-on-mobile is-image-fill\" style=\"grid-template-columns:25% auto\"><figure class=\"wp-block-media-text__media\" style=\"background-image:url(https:\/\/grants.ulbsibiu.ro\/patliro\/wp-content\/uploads\/carmen_oprisor.png);background-position:50% 50%\"><img decoding=\"async\" width=\"554\" height=\"556\" src=\"https:\/\/grants.ulbsibiu.ro\/patliro\/wp-content\/uploads\/carmen_oprisor.png\" alt=\"\" class=\"wp-image-41 size-full\" srcset=\"https:\/\/grants.ulbsibiu.ro\/patliro\/wp-content\/uploads\/carmen_oprisor.png 554w, https:\/\/grants.ulbsibiu.ro\/patliro\/wp-content\/uploads\/carmen_oprisor-300x300.png 300w, https:\/\/grants.ulbsibiu.ro\/patliro\/wp-content\/uploads\/carmen_oprisor-150x150.png 150w\" sizes=\"(max-width: 554px) 100vw, 554px\" \/><\/figure><div class=\"wp-block-media-text__content\">\n<p class=\"has-tiny-font-size\"><strong>Nume:<\/strong> Carmen-Simona OPRI\u0218OR<br><strong>Pozi\u021bia \u00een proiect:<\/strong> Cercet\u0103tor \u0219tiin\u021bific II \u2013 cercet\u0103tor \u00een filologie<br><strong>Scurt\u0103 prezentare:<\/strong> Carmen-Simona Opri\u0219or este conferen\u021biar universitar doctor \u00een cadrul Departamentului de Studii Romanice al Facult\u0103\u021bii de Litere \u0219i Arte (Universitatea \u201eLucian Blaga\u201d din Sibiu). \u00cen prezent, pred\u0103 urm\u0103toarele cursuri: Cultur\u0103 \u0219i civiliza\u021bie rom\u00e2neasc\u0103 (Programul preg\u0103titor de limba rom\u00e2n\u0103 pentru cet\u0103\u021benii str\u0103ini); Literatura rom\u00e2n\u0103 de la origini p\u00e2n\u0103 la perioada postpa\u0219optist\u0103, Cultur\u0103 \u0219i civiliza\u021bie \u0219i Folclor literar rom\u00e2nesc (Studii de licen\u021b\u0103); Influen\u021ba culturii europene \u00een literatura rom\u00e2n\u0103 \u0219i Repere fundamentale \u00een literatura rom\u00e2n\u0103 a secolului XX (Studii de masterat). Pred\u0103 Cultur\u0103 \u0219i civiliza\u021bie rom\u00e2neasc\u0103 studen\u021bilor interna\u021bionali, fiind formator \u00een cadrul modulului interna\u0163ionalizare \u00een proiectul \u201eULBS Fostering Global Growth\u201d. Publica\u021biile sale sunt \u00een domeniul literaturii rom\u00e2ne, al folclorului rom\u00e2nesc \u0219i al studiilor culturale. Din anul 2018, organizeaz\u0103 colocviul Personalit\u0103\u021bi ale culturii din Transilvania \u0219i coordoneaz\u0103 volumul \u00een care sunt publicate aceste studii.<\/p>\n\n\n\n<p><strong>E-mail:<\/strong> carmensimona.oprisor@ulbsibiu.ro<\/p>\n<\/div><\/div>\n\n\n\n<div class=\"wp-block-media-text alignwide is-stacked-on-mobile is-image-fill\" style=\"grid-template-columns:25% auto\"><figure class=\"wp-block-media-text__media\" style=\"background-image:url(https:\/\/grants.ulbsibiu.ro\/patliro\/wp-content\/uploads\/valerica_sporis.jpg);background-position:0% 0%\"><img loading=\"lazy\" decoding=\"async\" width=\"554\" height=\"556\" src=\"https:\/\/grants.ulbsibiu.ro\/patliro\/wp-content\/uploads\/valerica_sporis.jpg\" alt=\"\" class=\"wp-image-48 size-full\" srcset=\"https:\/\/grants.ulbsibiu.ro\/patliro\/wp-content\/uploads\/valerica_sporis.jpg 554w, https:\/\/grants.ulbsibiu.ro\/patliro\/wp-content\/uploads\/valerica_sporis-300x300.jpg 300w, https:\/\/grants.ulbsibiu.ro\/patliro\/wp-content\/uploads\/valerica_sporis-150x150.jpg 150w\" sizes=\"(max-width: 554px) 100vw, 554px\" \/><\/figure><div class=\"wp-block-media-text__content\">\n<p class=\"has-tiny-font-size\"><strong>Nume:<\/strong> Valerica SPORI\u0218<br><strong>Pozi\u021bia \u00een proiect:<\/strong> Cercet\u0103tor \u0219tiin\u021bific II \u2013 cercet\u0103tor \u00een filologie<br><strong>Scurt\u0103 prezentare:<\/strong> Valerica SPORI\u015e este conferen\u021biar universitar doctor \u00een cadrul Departamentului de Studii Romanice al Facult\u0103\u021bii de Litere \u0219i Arte (Universitatea \u201eLucian Blaga\u201d din Sibiu). \u00cen prezent, pred\u0103 urm\u0103toarele cursuri: Texte func\u021bionale \u0219i No\u021biuni de gramatic\u0103 (Programul preg\u0103titor de limba rom\u00e2n\u0103 pentru cet\u0103\u021benii str\u0103ini); Limb\u0103 \u0219i comunicare, Stilistica limbii rom\u00e2ne \u0219i Gramatic\u0103 normativ\u0103 (Studii de licen\u021b\u0103); Gramatic\u0103 expresiv\u0103 (Studii de masterat). Pe parcursul celor 26 de ani de experien\u021b\u0103 academic\u0103, a participat la conferin\u021be (inter)na\u021bionale, a publicat c\u0103r\u021bi, studii \u0219i articole \u00een domeniile de interes: Lingvistic\u0103 \u0219i Stilistic\u0103. Face parte din echipa proiectului \u201eThe coverage and reception of the Russian-Ukrainian conflict in Polish, Romanian and English-language media: A comparative critical discourse study with recommendations for journalism training (CORECON)\u201d.<\/p>\n\n\n\n<p><strong>E-mail:<\/strong> valerica.sporis@ulbsibiu.ro<\/p>\n<\/div><\/div>\n\n\n\n<div class=\"wp-block-media-text alignwide is-stacked-on-mobile is-image-fill\" style=\"grid-template-columns:25% auto\"><figure class=\"wp-block-media-text__media\" style=\"background-image:url(https:\/\/grants.ulbsibiu.ro\/patliro\/wp-content\/uploads\/monica_bors-2-838x1024.jpg);background-position:49% 37%\"><img loading=\"lazy\" decoding=\"async\" width=\"838\" height=\"1024\" src=\"https:\/\/grants.ulbsibiu.ro\/patliro\/wp-content\/uploads\/monica_bors-2-838x1024.jpg\" alt=\"\" class=\"wp-image-52 size-full\" srcset=\"https:\/\/grants.ulbsibiu.ro\/patliro\/wp-content\/uploads\/monica_bors-2-838x1024.jpg 838w, https:\/\/grants.ulbsibiu.ro\/patliro\/wp-content\/uploads\/monica_bors-2-245x300.jpg 245w, https:\/\/grants.ulbsibiu.ro\/patliro\/wp-content\/uploads\/monica_bors-2-768x939.jpg 768w, https:\/\/grants.ulbsibiu.ro\/patliro\/wp-content\/uploads\/monica_bors-2-1257x1536.jpg 1257w, https:\/\/grants.ulbsibiu.ro\/patliro\/wp-content\/uploads\/monica_bors-2-1676x2048.jpg 1676w\" sizes=\"(max-width: 838px) 100vw, 838px\" \/><\/figure><div class=\"wp-block-media-text__content\">\n<p class=\"has-tiny-font-size\"><strong>Nume:<\/strong> Monica BOR\u015e<br><strong>Pozi\u021bia \u00een proiect:<\/strong> Cercet\u0103tor \u0219tiin\u021bific III \u2013 cercet\u0103tor \u00een filologie<br><strong>Scurt\u0103 prezentare:<\/strong> Monica Bor\u015f este lector universitar doctor \u00een cadrul Departamentului de Studii Romanice al Facult\u0103\u021bii de Litere \u0219i Arte (Universitatea \u201eLucian Blaga\u201d din Sibiu). \u00cen prezent, pred\u0103 urm\u0103toarele cursuri: Introducere \u00een studiul limbii rom\u00e2ne (Programul preg\u0103titor de limba rom\u00e2n\u0103 pentru cet\u0103\u021benii str\u0103ini); Limb\u0103 rom\u00e2n\u0103 contemporan\u0103. Fonetic\u0103, lexicologie, semantic\u0103, Limb\u0103 rom\u00e2n\u0103 contemporan\u0103. Morfologie (Studii de licen\u021b\u0103); Morfologia limbii rom\u00e2ne. Noi interpret\u0103ri (Studii de masterat). Publica\u021biile sale vizeaz\u0103 domenii de interes precum RLS, Lexicologia, Semantica \u0219i Morfologia. Pred\u0103 cursul de Comunicare oral\u0103 \u00een limba rom\u00e2n\u0103 studen\u021bilor interna\u021bionali, fiind formator \u00een cadrul modulului interna\u0163ionalizare \u00een proiectul \u201eULBS Fostering Global Growth\u201d. Face parte din echipa proiectului \u201eThe coverage and reception of the Russian-Ukrainian conflict in Polish, Romanian and English-language media: A comparative critical discourse study with recommendations for journalism training (CORECON)\u201d.<\/p>\n\n\n\n<p><strong>E-mail:<\/strong> monica.bors@ulbsibiu.ro<\/p>\n<\/div><\/div>\n\n\n\n<div class=\"wp-block-media-text alignwide is-stacked-on-mobile is-image-fill\" style=\"grid-template-columns:25% auto\"><figure class=\"wp-block-media-text__media\" style=\"background-image:url(https:\/\/grants.ulbsibiu.ro\/patliro\/wp-content\/uploads\/denisa_balc.jpg);background-position:50% 50%\"><img loading=\"lazy\" decoding=\"async\" width=\"504\" height=\"657\" src=\"https:\/\/grants.ulbsibiu.ro\/patliro\/wp-content\/uploads\/denisa_balc.jpg\" alt=\"\" class=\"wp-image-43 size-full\" srcset=\"https:\/\/grants.ulbsibiu.ro\/patliro\/wp-content\/uploads\/denisa_balc.jpg 504w, https:\/\/grants.ulbsibiu.ro\/patliro\/wp-content\/uploads\/denisa_balc-230x300.jpg 230w\" sizes=\"(max-width: 504px) 100vw, 504px\" \/><\/figure><div class=\"wp-block-media-text__content\">\n<p class=\"has-tiny-font-size\"><strong>Nume:<\/strong> Denisa-Maria B\u00c2LC<br><strong>Pozi\u021bia \u00een proiect:<\/strong> Asistent de cercetare \u0219tiin\u021bific\u0103 \u2013 asistent de cercetare \u00een filologie<br>Scurt\u0103 prezentare: Denisa-Maria B\u00e2lc este asistent universitar doctorand \u00een cadrul Departamentului de Studii Romanice al Facult\u0103\u021bii de Litere \u0219i Arte (Universitatea \u201eLucian Blaga\u201d din Sibiu). \u00cen prezent, pred\u0103 cursul de Limbaj specializat \u0219i seminarele disciplinelor Comunicare oral\u0103 \u0219i scris\u0103, Receptarea discursului oral \u0219i scris (Programul preg\u0103titor de limba rom\u00e2n\u0103 pentru cet\u0103\u021benii str\u0103ini), precum \u0219i seminarele disciplinelor Gramatic\u0103 normativ\u0103 \u0219i Func\u021bii sintactice (Studii de licen\u021b\u0103). Domeniul RLS reprezint\u0103 domeniul ei principal de cercetare, interes eviden\u021biat prin publicarea de articole \u0219i participarea la conferin\u021be (inter)na\u021bionale. Face parte din echipa proiectului \u201eThe coverage and reception of the Russian-Ukrainian conflict in Polish, Romanian and English-language media: A comparative critical discourse study with recommendations for journalism training (CORECON)\u201d.<\/p>\n\n\n\n<p><strong>E-mail:<\/strong> denisa.fratean@ulbsibiu.ro<\/p>\n<\/div><\/div>\n\n\n\n<div class=\"wp-block-media-text alignwide is-stacked-on-mobile is-image-fill\" style=\"grid-template-columns:25% auto\"><figure class=\"wp-block-media-text__media\" style=\"background-image:url(https:\/\/grants.ulbsibiu.ro\/patliro\/wp-content\/uploads\/david_morariu-1-683x1024.jpg);background-position:50% 50%\"><img loading=\"lazy\" decoding=\"async\" width=\"683\" height=\"1024\" src=\"https:\/\/grants.ulbsibiu.ro\/patliro\/wp-content\/uploads\/david_morariu-1-683x1024.jpg\" alt=\"\" class=\"wp-image-49 size-full\" srcset=\"https:\/\/grants.ulbsibiu.ro\/patliro\/wp-content\/uploads\/david_morariu-1-683x1024.jpg 683w, https:\/\/grants.ulbsibiu.ro\/patliro\/wp-content\/uploads\/david_morariu-1-200x300.jpg 200w, https:\/\/grants.ulbsibiu.ro\/patliro\/wp-content\/uploads\/david_morariu-1-768x1152.jpg 768w, https:\/\/grants.ulbsibiu.ro\/patliro\/wp-content\/uploads\/david_morariu-1-1024x1536.jpg 1024w, https:\/\/grants.ulbsibiu.ro\/patliro\/wp-content\/uploads\/david_morariu-1-1365x2048.jpg 1365w, https:\/\/grants.ulbsibiu.ro\/patliro\/wp-content\/uploads\/david_morariu-1-scaled.jpg 1706w\" sizes=\"(max-width: 683px) 100vw, 683px\" \/><\/figure><div class=\"wp-block-media-text__content\">\n<p class=\"has-tiny-font-size\"><strong>Nume:<\/strong> David MORARIU<br><strong>Pozi\u021bia \u00een proiect:<\/strong> Asistent de cercetare \u0219tiin\u021bific\u0103 \u2013 asistent de cercetare \u00een filologie<br>Scurt\u0103 prezentare: David Morariu este asistent universitar doctorand \u00een cadrul Departamentului de Studii Romanice al Facult\u0103\u021bii de Litere \u0219i Arte (Universitatea \u201eLucian Blaga\u201d din Sibiu). \u00cen prezent, pred\u0103 seminarele de Lingvistic\u0103 general\u0103, Pragmatic\u0103, Sintaxa limbii rom\u00e2ne, Stilistica limbii rom\u00e2ne, Analize gramaticale (Studii de licen\u021b\u0103) \u0219i Sintaxa limbii rom\u00e2ne. Noi interpret\u0103ri (Studii de masterat). A participat la cursuri de formare \u0219i workshopuri dedicate paradigmelor actuale \u00een predarea RLS, precum \u201eGIRO\u201d (\u201eInstruirea bazat\u0103 pe gamification \u00een predarea limbii rom\u00e2ne ca limb\u0103 str\u0103in\u0103\u201d) \u0219i \u201eTeachME\u201d (\u201eAtelier de neurodidactic\u0103\u201d), iar interesele sale de cercetare vizeaz\u0103 o abordare neurodidactic\u0103 a metodelor \u0219i a instrumentelor digitale \u00een predarea RLS. Face parte din echipa proiectului \u201eThe coverage and reception of the Russian-Ukrainian conflict in Polish, Romanian and English-language media: A comparative critical discourse study with recommendations for journalism training (CORECON)\u201d.<\/p>\n\n\n\n<p><strong>E-mail:<\/strong> david.morariu@ulbsibiu.ro<\/p>\n<\/div><\/div>\n\n\n\n<div class=\"wp-block-media-text alignwide is-stacked-on-mobile is-image-fill\" style=\"grid-template-columns:25% auto\"><figure class=\"wp-block-media-text__media\" style=\"background-image:url(https:\/\/grants.ulbsibiu.ro\/patliro\/wp-content\/uploads\/georgiana_comaniciu.jpg);background-position:69% 19%\"><img loading=\"lazy\" decoding=\"async\" width=\"306\" height=\"468\" src=\"https:\/\/grants.ulbsibiu.ro\/patliro\/wp-content\/uploads\/georgiana_comaniciu.jpg\" alt=\"\" class=\"wp-image-50 size-full\" srcset=\"https:\/\/grants.ulbsibiu.ro\/patliro\/wp-content\/uploads\/georgiana_comaniciu.jpg 306w, https:\/\/grants.ulbsibiu.ro\/patliro\/wp-content\/uploads\/georgiana_comaniciu-196x300.jpg 196w\" sizes=\"(max-width: 306px) 100vw, 306px\" \/><\/figure><div class=\"wp-block-media-text__content\">\n<p class=\"has-tiny-font-size\"><strong>Nume:<\/strong> Georgiana COMANICIU<br><strong>Pozi\u021bia \u00een proiect: <\/strong>Asistent de cercetare \u0219tiin\u021bific\u0103 \u2013 asistent de cercetare \u00een filologie<br><strong>Scurt\u0103 prezentare:<\/strong> Georgiana Comaniciu este student\u0103 la \u0218coala Doctoral\u0103 de Filologie a Universit\u0103\u021bii \u201eLucian Blaga\u201d din Sibiu. Prin teza sa urm\u0103re\u0219te s\u0103 defineasc\u0103 statutul limbii rom\u00e2ne ca limb\u0103 str\u0103in\u0103 \u00een contextul interna\u021bionaliz\u0103rii \u00eenv\u0103\u021b\u0103m\u00e2ntului superior, de unde \u0219i preocuparea pentru achizi\u021bia RLS \u00een context endo-lingvistic \u0219i exo-lingvistic. \u00cen prezent, pred\u0103 cursul de Limba rom\u00e2n\u0103 studen\u021bilor interna\u021bionali (programul Medicin\u0103 &#8211; EN), particip\u0103 la \u0219coli de var\u0103 destinate RLS \u0219i face parte din echipa proiectului \u201eFostering outreach within European regions, transnational higher education and mobility (FORTHEM)\u201d.<\/p>\n\n\n\n<p><strong>E-mail:<\/strong> georgiana.ungureanu@ulbsibiu.ro<\/p>\n<\/div><\/div>\n\n\n\n<div class=\"wp-block-media-text alignwide is-stacked-on-mobile is-image-fill\" style=\"grid-template-columns:25% auto\"><figure class=\"wp-block-media-text__media\" style=\"background-image:url(https:\/\/grants.ulbsibiu.ro\/patliro\/wp-content\/uploads\/iulia_maria_ticarau.png);background-position:50% 50%\"><img loading=\"lazy\" decoding=\"async\" width=\"302\" height=\"454\" src=\"https:\/\/grants.ulbsibiu.ro\/patliro\/wp-content\/uploads\/iulia_maria_ticarau.png\" alt=\"\" class=\"wp-image-45 size-full\" srcset=\"https:\/\/grants.ulbsibiu.ro\/patliro\/wp-content\/uploads\/iulia_maria_ticarau.png 302w, https:\/\/grants.ulbsibiu.ro\/patliro\/wp-content\/uploads\/iulia_maria_ticarau-200x300.png 200w\" sizes=\"(max-width: 302px) 100vw, 302px\" \/><\/figure><div class=\"wp-block-media-text__content\">\n<p class=\"has-tiny-font-size\"><strong>Nume:<\/strong> Iulia-Maria TIC\u0102R\u0102U<br><strong>Pozi\u021bia \u00een proiect:<\/strong> Asistent de cercetare \u0219tiin\u021bific\u0103 \u2013 asistent de cercetare \u00een filologie<br><strong>Scurt\u0103 prezentare:<\/strong>&nbsp;Iulia-Maria Tic\u0103r\u0103u este asistent universitar doctorand \u00een cadrul Departamentului de Studii Romanice al Facult\u0103\u021bii de Litere \u0219i Arte (Universitatea \u201eLucian Blaga\u201d din Sibiu). \u00cen prezent, pred\u0103 cursurile practice Redact\u0103ri \u0219i compozi\u021bie \u0219i Limba rom\u00e2n\u0103: fonetic\u0103, vocabular \u0219i structuri gramaticale (Programul preg\u0103titor de limba rom\u00e2n\u0103 pentru cet\u0103\u021benii str\u0103ini), precum \u0219i seminarele disciplinelor Gramatic\u0103 normativ\u0103 \u0219i Limb\u0103 \u0219i comunicare (Studii de licen\u021b\u0103). Domeniul RLS reprezint\u0103 domeniul ei principal de cercetare, interes eviden\u021biat prin publicarea studiului: Gramatica limbii rom\u00e2ne pentru str\u0103ini. Caiet de teorie \u0219i exerci\u021bii (A1-A2-B1), precum \u0219i prin alte articole. Face parte din echipa proiectului \u201eThe coverage and reception of the Russian-Ukrainian conflict in Polish, Romanian and English-language media: A comparative critical discourse study with recommendations for journalism training (CORECON)\u201d.<\/p>\n\n\n\n<p><strong>E-mail:<\/strong>&nbsp;iulia.deaconu@ulbsibiu.ro<\/p>\n<\/div><\/div>\n","protected":false},"excerpt":{"rendered":"<p>Nume: Simina-Maria TERIAN-DANPozi\u021bia \u00een proiect: DirectorScurt\u0103 prezentare: Simina-Maria Terian-Dan este conferen\u021biar universitar doctor \u00een cadrul Departamentului de Studii Romanice al Facult\u0103\u021bii de Litere \u0219i Arte (Universitatea \u201eLucian Blaga\u201d din Sibiu). \u00cen prezent, pred\u0103 urm\u0103toarele cursuri: Comunicare oral\u0103 \u0219i scris\u0103 \u0219i Receptarea discursului scris \u0219i oral (Programul preg\u0103titor de limba rom\u00e2n\u0103 pentru cet\u0103\u021benii str\u0103ini); Sintaxa limbii [&hellip;]<\/p>\n","protected":false},"author":1,"featured_media":0,"parent":0,"menu_order":0,"comment_status":"closed","ping_status":"closed","template":"","meta":{"footnotes":""},"_links":{"self":[{"href":"https:\/\/grants.ulbsibiu.ro\/patliro\/wp-json\/wp\/v2\/pages\/22"}],"collection":[{"href":"https:\/\/grants.ulbsibiu.ro\/patliro\/wp-json\/wp\/v2\/pages"}],"about":[{"href":"https:\/\/grants.ulbsibiu.ro\/patliro\/wp-json\/wp\/v2\/types\/page"}],"author":[{"embeddable":true,"href":"https:\/\/grants.ulbsibiu.ro\/patliro\/wp-json\/wp\/v2\/users\/1"}],"replies":[{"embeddable":true,"href":"https:\/\/grants.ulbsibiu.ro\/patliro\/wp-json\/wp\/v2\/comments?post=22"}],"version-history":[{"count":6,"href":"https:\/\/grants.ulbsibiu.ro\/patliro\/wp-json\/wp\/v2\/pages\/22\/revisions"}],"predecessor-version":[{"id":57,"href":"https:\/\/grants.ulbsibiu.ro\/patliro\/wp-json\/wp\/v2\/pages\/22\/revisions\/57"}],"wp:attachment":[{"href":"https:\/\/grants.ulbsibiu.ro\/patliro\/wp-json\/wp\/v2\/media?parent=22"}],"curies":[{"name":"wp","href":"https:\/\/api.w.org\/{rel}","templated":true}]}}