{"id":20,"date":"2024-08-13T07:18:37","date_gmt":"2024-08-13T07:18:37","guid":{"rendered":"https:\/\/grants.ulbsibiu.ro\/patliro\/?page_id=20"},"modified":"2026-02-25T10:35:43","modified_gmt":"2026-02-25T10:35:43","slug":"despre-noi","status":"publish","type":"page","link":"https:\/\/grants.ulbsibiu.ro\/patliro\/despre-noi\/","title":{"rendered":"Despre noi"},"content":{"rendered":"\n<p><strong>Titlul proiectului:<\/strong> <em>PREZERVAREA, TRANSFORMAREA \u0218I STUDIEREA PATRIMONIULUI LINGVISTIC ROM\u00c2NESC \u00ceN CONTEXTUL GLOBALIZ\u0102RII (PATLIRO)<\/em><\/p>\n\n\n\n<p><strong>Scopul proiectului PATLIRO:<\/strong> studierea modalit\u0103\u021bilor optime de promovare \u0219i de prezervare a limbii rom\u00e2ne, \u00een condi\u021biile \u00een care:<\/p>\n\n\n\n<ul>\n<li>procesul globaliz\u0103rii conduce la o cre\u0219tere a num\u0103rului de cet\u0103\u021beni str\u0103ini, \u00een special imigran\u021bi proveni\u021bi din Ucraina \u0219i Asia, dar nu numai, dornici de a \u00eenv\u0103\u021ba limba rom\u00e2n\u0103;<\/li>\n\n\n\n<li>experien\u021ba istoric\u0103 arat\u0103 c\u0103 procesul de interna\u021bionalizare a oric\u0103rei limbi na\u021bionale antreneaz\u0103 o serie de provoc\u0103ri resim\u021bite de normele acesteia, sub presiunea diverselor tradi\u021bii culturale \u0219i a diverselor particularit\u0103\u021bi idiomatice ale utilizatorilor str\u0103ini care doresc s\u0103-\u0219i \u00eensu\u0219easc\u0103 o alt\u0103 limb\u0103.<\/li>\n<\/ul>\n\n\n\n<p><strong>Obiective:<\/strong><\/p>\n\n\n\n<ol style=\"list-style-type:lower-alpha\">\n<li>explorarea prezerv\u0103rii \u0219i transform\u0103rii patrimoniului lingvistic \u00een contextul globaliz\u0103rii, mai ales al interna\u021bionaliz\u0103rii \u00eenv\u0103\u021b\u0103m\u00e2ntului superior rom\u00e2nesc;<\/li>\n\n\n\n<li>cre\u0219terea num\u0103rului de studen\u021bi str\u0103ini dornici s\u0103 studieze la ULBS, \u00een special cre\u0219terea num\u0103rului de cursan\u021bi la Programul Preg\u0103titor de Limba Rom\u00e2n\u0103 pentru Cet\u0103\u021benii Str\u0103ini (PPLR);<\/li>\n\n\n\n<li>cre\u0219terea num\u0103rului de articole \u0219tiin\u021bifice;<\/li>\n\n\n\n<li>organizarea unui curs de formare\/ instruire de specialitate\/ educa\u021bie continu\u0103, adresat \u00een special tinerilor cercet\u0103tori;<\/li>\n\n\n\n<li>organizarea unor evenimente de comunicare \u0219i de popularizare a \u0219tiin\u021bei;<\/li>\n\n\n\n<li>organizarea unor vizite de lucru la partenerii interna\u021bionali ai ULBS, cu scopul de a consolida parteneriatele, \u00een vederea depunerii de proiecte comune de CDI;<\/li>\n\n\n\n<li>participarea la manifest\u0103ri \u0219tiin\u021bifice interna\u021bionale.<\/li>\n\n\n\n<li>crearea unui instrument digital de tip LLM care s\u0103 faciliteze \u00eenv\u0103\u021barea limbii rom\u00e2ne de c\u0103tre studen\u021bii str\u0103ini;<\/li>\n<\/ol>\n\n\n\n<p><strong>Durata proiectului:<\/strong><mark style=\"background-color:rgba(0, 0, 0, 0);color:#f60000\" class=\"has-inline-color\"> <\/mark>01.11.2023-31.10.2025<\/p>\n","protected":false},"excerpt":{"rendered":"<p>Titlul proiectului: PREZERVAREA, TRANSFORMAREA \u0218I STUDIEREA PATRIMONIULUI LINGVISTIC ROM\u00c2NESC \u00ceN CONTEXTUL GLOBALIZ\u0102RII (PATLIRO) Scopul proiectului PATLIRO: studierea modalit\u0103\u021bilor optime de promovare \u0219i de prezervare a limbii rom\u00e2ne, \u00een condi\u021biile \u00een care: Obiective: Durata proiectului: 01.11.2023-31.10.2025<\/p>\n","protected":false},"author":1,"featured_media":0,"parent":0,"menu_order":0,"comment_status":"closed","ping_status":"closed","template":"","meta":{"footnotes":""},"_links":{"self":[{"href":"https:\/\/grants.ulbsibiu.ro\/patliro\/wp-json\/wp\/v2\/pages\/20"}],"collection":[{"href":"https:\/\/grants.ulbsibiu.ro\/patliro\/wp-json\/wp\/v2\/pages"}],"about":[{"href":"https:\/\/grants.ulbsibiu.ro\/patliro\/wp-json\/wp\/v2\/types\/page"}],"author":[{"embeddable":true,"href":"https:\/\/grants.ulbsibiu.ro\/patliro\/wp-json\/wp\/v2\/users\/1"}],"replies":[{"embeddable":true,"href":"https:\/\/grants.ulbsibiu.ro\/patliro\/wp-json\/wp\/v2\/comments?post=20"}],"version-history":[{"count":5,"href":"https:\/\/grants.ulbsibiu.ro\/patliro\/wp-json\/wp\/v2\/pages\/20\/revisions"}],"predecessor-version":[{"id":77,"href":"https:\/\/grants.ulbsibiu.ro\/patliro\/wp-json\/wp\/v2\/pages\/20\/revisions\/77"}],"wp:attachment":[{"href":"https:\/\/grants.ulbsibiu.ro\/patliro\/wp-json\/wp\/v2\/media?parent=20"}],"curies":[{"name":"wp","href":"https:\/\/api.w.org\/{rel}","templated":true}]}}