{"id":40,"date":"2021-07-04T15:12:33","date_gmt":"2021-07-04T15:12:33","guid":{"rendered":"https:\/\/grants.ulbsibiu.ro\/papnpf\/?page_id=40"},"modified":"2021-11-27T20:03:01","modified_gmt":"2021-11-27T20:03:01","slug":"obiective-2","status":"publish","type":"page","link":"https:\/\/grants.ulbsibiu.ro\/papnpf\/?page_id=40","title":{"rendered":"Obiective"},"content":{"rendered":"\n<p><strong>I.&nbsp;Obiective principale<\/strong><\/p>\n\n\n\n<p>(OP1) elaborarea mecanismului preferin\u021bei adaptive de integrare a informa\u021biei disponibile \u00een pia\u021b\u0103<\/p>\n\n\n\n<p>Relevan\u021ba \u00een cadrul proiectului: acest obiectiv reprezint\u0103 nucleul cercet\u0103rii, deoarece propune o solu\u021bie pentru o problem\u0103 \u00eenc\u0103 nerezolvat\u0103 satisf\u0103c\u0103tor nici \u00een AMH, ca s\u0103 nu mai vorbim despre EMH \u2013 mecanismul prin care informa\u021bia disponibil\u0103 este integrat\u0103 de pia\u021b\u0103, mecanism bazat pe conceptul de preferin\u021b\u0103 adaptiv\u0103;<\/p>\n\n\n\n<p>(OP2) elaborarea modelului (logic \u0219i cantitativ) al co-evolu\u021biei pre\u021b-informa\u021bie-preferin\u021b\u0103 (mod. PIP)<\/p>\n\n\n\n<p>Relevan\u021ba \u00een cadrul proiectului: este obiectivul care fundamenteaz\u0103, dincolo de AMH, procesul co-evolutiv care caracterizeaz\u0103, \u00een background, emergen\u021ba \u0219i func\u021bionarea pie\u021bei financiare generice;<\/p>\n\n\n\n<p>(OP3) elaborarea modelului autopoietic al pie\u021bei financiare<\/p>\n\n\n\n<p>Relevan\u021ba \u00een cadrul proiectului: acest obiectiv se refer\u0103 la principala inova\u021bie conceptual\u0103 a proiectului \u0219i anume la propunerea unui model autopoietic al pie\u021bei financiare (un asemenea model, evident, nu este propus \u00een acest moment \u00een literatura de specialitate \u2013 pentru cazul firmei economice exist\u0103 propunerea lui Sidney Winter \u0219i Richard Nelson, iar pentru sociologie, exist\u0103 modelul propus de Niklas Luhmann)<\/p>\n\n\n\n<p>(OP4) elaborarea modelului (logic \u0219i cantitativ) al pre\u021bului natural (auto-sustenabil) pe pia\u021ba fin.<\/p>\n\n\n\n<p>Relevan\u021ba \u00een cadrul proiectului: se refer\u0103 la derivarea pre\u021bului natural (sau sustenabil) al pie\u021bei financiare, pe baza condi\u021biei matematice de sustenabilitate, nu pe cea de optimalitate (extremizare), folosind modelul co-evolutiv al pie\u021bei financiare<\/p>\n\n\n\n<p><strong>II. Obiective conexe (derivate)<\/strong><\/p>\n\n\n\n<p>a. de natur\u0103 conceptual\u0103<\/p>\n\n\n\n<p>(OC1) formularea unei opinii fundamentate privind \u0219tiin\u021bificitatea (adic\u0103 testabilitatea factual\u0103, \u00een sensul lui Popper) a ipotezei standard EMH (problema este abordat\u0103, relativ disparat, \u00een literatura);<\/p>\n\n\n\n<p>b. de natur\u0103 metodologic\u0103<\/p>\n\n\n\n<p>(OC2) formularea unei opinii fundamentate privind posibilitatea utiliz\u0103rii ecua\u021biilor de tip Lotka-Voltera (prad\u0103-pr\u0103d\u0103tor) \u00een modelarea co-evolu\u021biei \u201etripartite\u201d: informa\u021bie-pre\u021b-preferin\u021b\u0103 pe pia\u021ba financiar\u0103 (sporadic, \u00een ipoteza AMH, problema este atins\u0103);<\/p>\n\n\n\n<p>c. de natur\u0103 instrumental\u0103<\/p>\n\n\n\n<p>(OC3) formularea unei opinii fundamentate privind posibilitatea utiliz\u0103rii matematicii intervalelor (nu a matematicii discrete \u2013 matematica intervalelor men\u021bine continuitatea, deci se situeaz\u0103 \u00een mul\u021bimea numerelor reale) \u00een formalismul cerut de modelul co-evolutiv, respectiv de ipoteza autopoietic\u0103 a pie\u021bei financiare (o asemenea abordare nu exist\u0103 \u00een literatura de specialitate).<\/p>\n\n\n\n<p><strong>III. Obiective de follow-up<\/strong><\/p>\n\n\n\n<p>(OF1) scrierea\/publicarea a minim \u0219ase articole (zona ro\u0219ie si galbena, reviste WoS) (OF2) elaborarea draft-ului unui grant de cercetare aplicabil pentru finan\u021bare na\u021bional\u0103 sau internationala.<\/p>\n","protected":false},"excerpt":{"rendered":"<p>I.&nbsp;Obiective principale (OP1) elaborarea mecanismului preferin\u021bei adaptive de integrare a informa\u021biei disponibile \u00een pia\u021b\u0103 Relevan\u021ba \u00een cadrul proiectului: acest obiectiv reprezint\u0103 nucleul cercet\u0103rii, deoarece propune o solu\u021bie pentru o problem\u0103 \u00eenc\u0103 nerezolvat\u0103 satisf\u0103c\u0103tor nici \u00een AMH, ca s\u0103 nu mai vorbim despre EMH \u2013 mecanismul prin care informa\u021bia disponibil\u0103 este<\/p>\n","protected":false},"author":1,"featured_media":0,"parent":0,"menu_order":0,"comment_status":"closed","ping_status":"closed","template":"","meta":[],"_links":{"self":[{"href":"https:\/\/grants.ulbsibiu.ro\/papnpf\/index.php?rest_route=\/wp\/v2\/pages\/40"}],"collection":[{"href":"https:\/\/grants.ulbsibiu.ro\/papnpf\/index.php?rest_route=\/wp\/v2\/pages"}],"about":[{"href":"https:\/\/grants.ulbsibiu.ro\/papnpf\/index.php?rest_route=\/wp\/v2\/types\/page"}],"author":[{"embeddable":true,"href":"https:\/\/grants.ulbsibiu.ro\/papnpf\/index.php?rest_route=\/wp\/v2\/users\/1"}],"replies":[{"embeddable":true,"href":"https:\/\/grants.ulbsibiu.ro\/papnpf\/index.php?rest_route=%2Fwp%2Fv2%2Fcomments&post=40"}],"version-history":[{"count":3,"href":"https:\/\/grants.ulbsibiu.ro\/papnpf\/index.php?rest_route=\/wp\/v2\/pages\/40\/revisions"}],"predecessor-version":[{"id":84,"href":"https:\/\/grants.ulbsibiu.ro\/papnpf\/index.php?rest_route=\/wp\/v2\/pages\/40\/revisions\/84"}],"wp:attachment":[{"href":"https:\/\/grants.ulbsibiu.ro\/papnpf\/index.php?rest_route=%2Fwp%2Fv2%2Fmedia&parent=40"}],"curies":[{"name":"wp","href":"https:\/\/api.w.org\/{rel}","templated":true}]}}