{"id":18,"date":"2021-07-04T15:00:17","date_gmt":"2021-07-04T15:00:17","guid":{"rendered":"https:\/\/grants.ulbsibiu.ro\/papnpf\/?page_id=18"},"modified":"2021-11-27T20:02:09","modified_gmt":"2021-11-27T20:02:09","slug":"despre-proiect","status":"publish","type":"page","link":"https:\/\/grants.ulbsibiu.ro\/papnpf\/?page_id=18","title":{"rendered":"Despre proiect"},"content":{"rendered":"\n<p><p style=\"text-align:justify\">Ipoteza pie\u021bei eficiente (EMH) continu\u0103 s\u0103 ofere, cu precau\u021biile necesare, un cadru conceptual, metodologic \u0219i empiric valoros \u0219i productiv \u00een analiza economic\u0103. Cea mai promi\u021b\u0103toare perfec\u021bionare conceptual\u0103 a ipotezei standard a pie\u021bei eficiente este, \u00een acest moment, ipoteza pie\u021bei adaptive (AMH). Totu\u0219i, nici aceast\u0103 versiune nu duce prea departe cercetarea \u00een materie, men\u021bin\u00e2nd-o \u00een paradigma biologist\u0103. \u00cen acest context, proiectul de cercetare \u00ee\u0219i propune s\u0103 dezvolte aceast\u0103 ultim\u0103 ipotez\u0103 prin formalizarea preferin\u021bei&nbsp; adaptive de comportament, care va \u201efiltra\u201d integrarea informa\u021biei disponibile pe pia\u021ba financiar\u0103, a\u0219a \u00eenc\u00e2t se poate ajunge, \u00een ultim\u0103 instan\u021b\u0103, la conceptul de pre\u021b natural, care este un pre\u021b auto-sustenabil al pie\u021bei. Tot pe linia auto-sustenabilit\u0103\u021bii este propus un model co-evolutiv informa\u021bie \u2013 preferin\u021b\u0103 \u2013 decizie wantable (pe linia sugestiei lui Irving Fisher), deci nu decizie optim\u0103. Pe aceast\u0103 baz\u0103, proiectul va \u00eencerca, de asemenea, s\u0103 propun\u0103 comunit\u0103\u021bii \u0219tiin\u021bifice o ipotez\u0103 generalizatoare privind mecanismul pie\u021bei financiare, dar nu din perspectiva eficien\u021bei ei (imposibil\u0103, conform paradoxului Grossman-Stiglitz), ci din perspectiva rezilien\u021bei ei (prin care vom \u00een\u021belege integrarea informa\u021bional\u0103 a zgomotului \u00een varia\u021bia preferin\u021bei adaptive). Proiectul combin\u0103, sub aspect metodologic, abordarea logic\u0103, behaviorist\u0103, institu\u021bional\u0103 \u0219i cantitativ\u0103 (ultima at\u00e2t sub aspect econometric, c\u00e2t \u0219i sub aspect cliometric).<\/p><\/p>\n\n\n\n<p><strong>Cuvinte-cheie:<\/strong><\/p>\n\n\n\n<ol><li>preferin\u021be adaptive<\/li><li>pre\u021b natural<\/li><li>ipoteza pie\u021bei eficiente (EMH)<\/li><li>ipoteza pie\u021bei adaptive (AMH)<\/li><li>pia\u021ba autopoietic\u0103<\/li><\/ol>\n\n\n\n<p><\/p>\n","protected":false},"excerpt":{"rendered":"<p>Ipoteza pie\u021bei eficiente (EMH) continu\u0103 s\u0103 ofere, cu precau\u021biile necesare, un cadru conceptual, metodologic \u0219i empiric valoros \u0219i productiv \u00een analiza economic\u0103. Cea mai promi\u021b\u0103toare perfec\u021bionare conceptual\u0103 a ipotezei standard a pie\u021bei eficiente este, \u00een acest moment, ipoteza pie\u021bei adaptive (AMH). Totu\u0219i, nici aceast\u0103 versiune nu duce prea departe cercetarea<\/p>\n","protected":false},"author":1,"featured_media":0,"parent":0,"menu_order":0,"comment_status":"closed","ping_status":"closed","template":"","meta":[],"_links":{"self":[{"href":"https:\/\/grants.ulbsibiu.ro\/papnpf\/index.php?rest_route=\/wp\/v2\/pages\/18"}],"collection":[{"href":"https:\/\/grants.ulbsibiu.ro\/papnpf\/index.php?rest_route=\/wp\/v2\/pages"}],"about":[{"href":"https:\/\/grants.ulbsibiu.ro\/papnpf\/index.php?rest_route=\/wp\/v2\/types\/page"}],"author":[{"embeddable":true,"href":"https:\/\/grants.ulbsibiu.ro\/papnpf\/index.php?rest_route=\/wp\/v2\/users\/1"}],"replies":[{"embeddable":true,"href":"https:\/\/grants.ulbsibiu.ro\/papnpf\/index.php?rest_route=%2Fwp%2Fv2%2Fcomments&post=18"}],"version-history":[{"count":6,"href":"https:\/\/grants.ulbsibiu.ro\/papnpf\/index.php?rest_route=\/wp\/v2\/pages\/18\/revisions"}],"predecessor-version":[{"id":82,"href":"https:\/\/grants.ulbsibiu.ro\/papnpf\/index.php?rest_route=\/wp\/v2\/pages\/18\/revisions\/82"}],"wp:attachment":[{"href":"https:\/\/grants.ulbsibiu.ro\/papnpf\/index.php?rest_route=%2Fwp%2Fv2%2Fmedia&parent=18"}],"curies":[{"name":"wp","href":"https:\/\/api.w.org\/{rel}","templated":true}]}}