{"id":13,"date":"2021-07-02T08:48:41","date_gmt":"2021-07-02T08:48:41","guid":{"rendered":"https:\/\/grants.ulbsibiu.ro\/papnpf\/?page_id=13"},"modified":"2021-11-28T00:14:38","modified_gmt":"2021-11-28T00:14:38","slug":"rezultate","status":"publish","type":"page","link":"https:\/\/grants.ulbsibiu.ro\/papnpf\/?page_id=13","title":{"rendered":"Rezultate"},"content":{"rendered":"\r\n<p><strong>Rezultate vizate<\/strong><\/p>\r\n\r\n\r\n\r\n<p>Tipuri de rezultate vizate de competi\u021bia LBUS-HPI-ERG-2020:<\/p>\r\n\r\n\r\n\r\n<p>1) atragerea de fonduri din competi\u021bii de cercetare na\u021bionale sau interna\u021bionale;<\/p>\r\n\r\n\r\n\r\n<p>2) publicarea de articole \u0219tiin\u021bifice \u00een reviste BDI (inclusiv ISI);<\/p>\r\n\r\n\r\n\r\n<p>3) publicarea de c\u0103r\u021bi\/capitole de c\u0103r\u021bi la edituri interna\u021bionale de prestigiu;<\/p>\r\n\r\n\r\n\r\n<p>4) participarea la conferin\u021be interna\u021bionale de prestigiu \u0219i publicarea de lucr\u0103ri \u00een volumele conferin\u021belor.<\/p>\r\n<p>&nbsp;<\/p>\r\n\r\n\r\n\r\n<p><strong>Rezultate ob\u021binute<\/strong><\/p>\r\n\r\n\r\n\r\n<p><strong>C\u0103rti:<\/strong>\u00a0<\/p>\r\n\r\n\r\n\r\n<ol>\r\n<li>Emil Dinga, Camelia Oprean-Stan, Cristina-Roxana T\u0103n\u0103sescu, Vasile Br\u0103tian, Gabriela-Mariana Ionescu<em>, Pia\u021ba financiar\u0103. Studii de teorie \u0219i metodologie general\u0103. Volumul 1: Fenomenologia preferin\u021bei adaptive<\/em>, Editura Economica, Bucuresti, 2021, ISBN 978-973-709-966-2, 312 pg. (<a href=\"http:\/\/www.edecon.ro\/carte\/1566\/piata-financiara-studii-de-teorie-si-metodologie-generala-volumul-1-fenomenologia-preferintei-adaptive_emil-dinga_camelia-oprean-stan_cristina-roxana-tanasescu_vasile-bratian_gabriela-mariana-ionescu\">http:\/\/www.edecon.ro\/carte\/1566\/piata-financiara-studii-de-teorie-si-metodologie-generala-volumul-1-fenomenologia-preferintei-adaptive_emil-dinga_camelia-oprean-stan_cristina-roxana-tanasescu_vasile-bratian_gabriela-mariana-ionescu<\/a>)<\/li>\r\n<li>Emil Dinga, Camelia Oprean-Stan, Cristina-Roxana T\u0103n\u0103sescu, Vasile Br\u0103tian, Gabriela-Mariana Ionescu, <em>Financial Market Analysis and Behaviour<\/em>, Routledge, Taylor &amp; Frances Group, Oxfordshire, 2021 (in publication)<\/li>\r\n<\/ol>\r\n\r\n\r\n\r\n<p>&nbsp;<\/p>\r\n\r\n\r\n\r\n<p><strong>Articole stiintifice:<\/strong><\/p>\r\n<ol>\r\n<li>Br\u0103tian, V.; Acu, A.-M.; Oprean-Stan, C.; Dinga, E.; Ionescu, G.-M. Efficient or Fractal Market Hypothesis? A Stock Indexes Modelling Using Geometric Brownian Motion and Geometric Fractional Brownian Motion. Mathematics 2021, 9, 2983. <a href=\"https:\/\/doi.org\/10.3390\/math9222983\">https:\/\/doi.org\/10.3390\/math9222983<\/a> (Q1)<\/li>\r\n<li>Dinga, E.; Oprean-Stan, C.; T\u0103n\u0103sescu, C.-R.; Br\u0103tian, V.; Ionescu, G.-M. Entropy-Based Behavioural Efficiency of the Financial Market. Entropy 2021, 23, 1396. <a href=\"https:\/\/doi.org\/10.3390\/e23111396\">https:\/\/doi.org\/10.3390\/e23111396<\/a> (Q2)<\/li>\r\n<li>Acu, AM., Dancs, M., Heilmann, M. et al. Voronovskaya type results for special sequences of operators. RACSAM 116, 19 (2022). <a href=\"https:\/\/doi.org\/10.1007\/s13398-021-01157-6\">https:\/\/doi.org\/10.1007\/s13398-021-01157-6<\/a> (Q1)<\/li>\r\n<li>Acu, A.M.; Ra \u0327sa, I.; Srivastava, R. Modified Operators Interpolating at Endpoints. Mathematics 2021, 9, 2051. <a href=\"https:\/\/doi.org\/10.3390\/math9172051\">https:\/\/doi.org\/10.3390\/math9172051<\/a> (Q1)<\/li>\r\n<li>Acu, AM., Buscu, I.C. &amp; Rasa, I. A sequence of Appell polynomials and the associated Jakimovski\u2013Leviatan operators. Anal.Math.Phys. 11, 88 (2021). <a href=\"https:\/\/doi.org\/10.1007\/s13324-021-00525-0\">https:\/\/doi.org\/10.1007\/s13324-021-00525-0<\/a> (Q1)<\/li>\r\n<li>Acu, AM., Heilmann, M. &amp; Rasa, I. Eigenstructure and iterates for uniquely ergodic Kantorovich modifications of operators II. Positivity 25, 1585\u20131599 (2021). <a href=\"https:\/\/doi.org\/10.1007\/s11117-021-00832-7\">https:\/\/doi.org\/10.1007\/s11117-021-00832-7<\/a> (Q2)<\/li>\r\n<li>Ana Maria Acu, Ioan Rasa, On the composition and decomposition of positive linear operators (VII), Appl. Anal. Discrete Math. 15 (2021), 213\u2013232. <a href=\"https:\/\/doi.org\/10.2298\/AADM191103006A\">https:\/\/doi.org\/10.2298\/AADM191103006A<\/a> (Q2)<\/li>\r\n<li>Ana-Maria Acu, G\u00fclen Ba\u015fcanbaz-Tunca, Ioan Rasa, &#8220;Differences of Positive Linear Operators on Simplices&#8221;, Journal of Function Spaces, vol. 2021, Article ID 5531577, 11 pages, 2021. <a href=\"https:\/\/doi.org\/10.1155\/2021\/5531577\">https:\/\/doi.org\/10.1155\/2021\/5531577<\/a> (Q1)<\/li>\r\n<\/ol>\r\n","protected":false},"excerpt":{"rendered":"<p>Rezultate vizate Tipuri de rezultate vizate de competi\u021bia LBUS-HPI-ERG-2020: 1) atragerea de fonduri din competi\u021bii de cercetare na\u021bionale sau interna\u021bionale; 2) publicarea de articole \u0219tiin\u021bifice \u00een reviste BDI (inclusiv ISI); 3) publicarea de c\u0103r\u021bi\/capitole de c\u0103r\u021bi la edituri interna\u021bionale de prestigiu; 4) participarea la conferin\u021be interna\u021bionale de prestigiu \u0219i publicarea<\/p>\n","protected":false},"author":1,"featured_media":0,"parent":0,"menu_order":0,"comment_status":"closed","ping_status":"closed","template":"","meta":[],"_links":{"self":[{"href":"https:\/\/grants.ulbsibiu.ro\/papnpf\/index.php?rest_route=\/wp\/v2\/pages\/13"}],"collection":[{"href":"https:\/\/grants.ulbsibiu.ro\/papnpf\/index.php?rest_route=\/wp\/v2\/pages"}],"about":[{"href":"https:\/\/grants.ulbsibiu.ro\/papnpf\/index.php?rest_route=\/wp\/v2\/types\/page"}],"author":[{"embeddable":true,"href":"https:\/\/grants.ulbsibiu.ro\/papnpf\/index.php?rest_route=\/wp\/v2\/users\/1"}],"replies":[{"embeddable":true,"href":"https:\/\/grants.ulbsibiu.ro\/papnpf\/index.php?rest_route=%2Fwp%2Fv2%2Fcomments&post=13"}],"version-history":[{"count":8,"href":"https:\/\/grants.ulbsibiu.ro\/papnpf\/index.php?rest_route=\/wp\/v2\/pages\/13\/revisions"}],"predecessor-version":[{"id":153,"href":"https:\/\/grants.ulbsibiu.ro\/papnpf\/index.php?rest_route=\/wp\/v2\/pages\/13\/revisions\/153"}],"wp:attachment":[{"href":"https:\/\/grants.ulbsibiu.ro\/papnpf\/index.php?rest_route=%2Fwp%2Fv2%2Fmedia&parent=13"}],"curies":[{"name":"wp","href":"https:\/\/api.w.org\/{rel}","templated":true}]}}