{"id":13,"date":"2021-05-24T10:39:30","date_gmt":"2021-05-24T10:39:30","guid":{"rendered":"https:\/\/grants.ulbsibiu.ro\/openeplus\/?page_id=13"},"modified":"2026-01-20T12:48:55","modified_gmt":"2026-01-20T12:48:55","slug":"acasa","status":"publish","type":"page","link":"https:\/\/grants.ulbsibiu.ro\/openeplus\/","title":{"rendered":"Acasa"},"content":{"rendered":"\n<figure class=\"wp-block-image alignfull size-full\"><img loading=\"lazy\" width=\"2560\" height=\"854\" src=\"https:\/\/grants.ulbsibiu.ro\/openeplus\/wp-content\/uploads\/BANNER-SITE_OpenE-scaled.jpg\" alt=\"\" class=\"wp-image-335\" srcset=\"https:\/\/grants.ulbsibiu.ro\/openeplus\/wp-content\/uploads\/BANNER-SITE_OpenE-scaled.jpg 2560w, https:\/\/grants.ulbsibiu.ro\/openeplus\/wp-content\/uploads\/BANNER-SITE_OpenE-300x100.jpg 300w, https:\/\/grants.ulbsibiu.ro\/openeplus\/wp-content\/uploads\/BANNER-SITE_OpenE-1024x341.jpg 1024w, https:\/\/grants.ulbsibiu.ro\/openeplus\/wp-content\/uploads\/BANNER-SITE_OpenE-768x256.jpg 768w, https:\/\/grants.ulbsibiu.ro\/openeplus\/wp-content\/uploads\/BANNER-SITE_OpenE-1536x512.jpg 1536w, https:\/\/grants.ulbsibiu.ro\/openeplus\/wp-content\/uploads\/BANNER-SITE_OpenE-2048x683.jpg 2048w, https:\/\/grants.ulbsibiu.ro\/openeplus\/wp-content\/uploads\/BANNER-SITE_OpenE-1200x400.jpg 1200w, https:\/\/grants.ulbsibiu.ro\/openeplus\/wp-content\/uploads\/BANNER-SITE_OpenE-1980x660.jpg 1980w\" sizes=\"(max-width: 2560px) 100vw, 2560px\" \/><\/figure>\n\n\n\n<div class=\"wp-block-group alignfull\"><div class=\"wp-block-group__inner-container\">\n<div class=\"wp-block-getwid-section alignfull alignwide alignwide getwid-section-content-full-width\" style=\"margin-bottom:1px\"><div class=\"wp-block-getwid-section__wrapper\"><div class=\"wp-block-getwid-section__inner-wrapper\"><div class=\"wp-block-getwid-section__background-holder\"><div class=\"wp-block-getwid-section__background\"><\/div><div class=\"wp-block-getwid-section__foreground\"><\/div><\/div><div class=\"wp-block-getwid-section__content\"><div class=\"wp-block-getwid-section__inner-content\">\n<div class=\"wp-block-image\"><figure class=\"aligncenter size-large\"><img loading=\"lazy\" width=\"1024\" height=\"83\" src=\"https:\/\/grants.ulbsibiu.ro\/openeplus\/wp-content\/uploads\/LOGO-uri-1-1-1024x83.png\" alt=\"\" class=\"wp-image-184\" srcset=\"https:\/\/grants.ulbsibiu.ro\/openeplus\/wp-content\/uploads\/LOGO-uri-1-1-1024x83.png 1024w, https:\/\/grants.ulbsibiu.ro\/openeplus\/wp-content\/uploads\/LOGO-uri-1-1-300x24.png 300w, https:\/\/grants.ulbsibiu.ro\/openeplus\/wp-content\/uploads\/LOGO-uri-1-1-768x63.png 768w, https:\/\/grants.ulbsibiu.ro\/openeplus\/wp-content\/uploads\/LOGO-uri-1-1-1536x125.png 1536w, https:\/\/grants.ulbsibiu.ro\/openeplus\/wp-content\/uploads\/LOGO-uri-1-1-2048x167.png 2048w, https:\/\/grants.ulbsibiu.ro\/openeplus\/wp-content\/uploads\/LOGO-uri-1-1-1200x98.png 1200w, https:\/\/grants.ulbsibiu.ro\/openeplus\/wp-content\/uploads\/LOGO-uri-1-1-1980x161.png 1980w\" sizes=\"(max-width: 1024px) 100vw, 1024px\" \/><\/figure><\/div>\n\n\n\n<p class=\"has-text-align-center\" style=\"font-size:15px\">Programul Educa\u021bie \u0219i Ocupare 2021-2027<\/p>\n\n\n\n<p class=\"has-text-align-center\" style=\"font-size:11px\">Prioritate: P7. Cre\u0219terea calit\u0103\u021bii ofertei de educa\u021bie \u0219i formare profesional\u0103 pentru asigurarea echit\u0103\u021bii sistemului \u0219i o mai bun\u0103 adaptare la dinamica pie\u021bei muncii \u0219i la provoc\u0103rile inov\u0103rii \u0219i progresului tehnologic<\/p>\n\n\n\n<p class=\"has-text-align-center\" style=\"font-size:11px\">Obiectiv specific ESO4.5_\u00cembun\u0103t\u0103\u021birea calit\u0103\u021bii, a caracterului incluziv, a eficacit\u0103\u021bii \u0219i a relevan\u021bei sistemelor de educa\u021bie \u0219i formare pentru pia\u021ba muncii, inclusiv prin validarea \u00eenv\u0103\u021b\u0103rii nonformale \u0219i informale, pentru a sprijini dob\u00e2ndirea de competen\u021be-cheie, inclusiv de competen\u021be de antreprenoriat \u0219i digitale, precum \u0219i prin promovarea introducerii sistemelor de formare dual\u0103 \u0219i a sistemelor de ucenicie<\/p>\n\n\n\n<p class=\"has-text-align-center\" style=\"font-size:11px\">Tip de ac\u021biune: 7.e7. Sprijinirea mobilit\u0103\u021bii transnationale de tip Erasmus+<\/p>\n\n\n\n<p class=\"has-text-align-center\" style=\"font-size:11px\">Titlu proiect: OpenE+: Sprijin pentru mobilitatile E+ destinate studentilor ULBS cu oportunit\u0103\u021bi reduse<\/p>\n\n\n\n<p class=\"has-text-align-center\" style=\"font-size:11px\">Cod Smis: 339423<\/p>\n\n\n\n<p class=\"has-text-align-center\" style=\"font-size:11px\">Beneficiar: Universitatea \u201eLucian Blaga\u201d din Sibiu<\/p>\n\n\n\n<p class=\"has-text-align-center\" style=\"font-size:11px\">Perioada de implementare: 01.10.2025 \u2013 30.09.2028<\/p>\n\n\n\n<p class=\"has-text-align-center\" style=\"font-size:13px\"><em>Acest proiect este cofinan\u021bat de Uniunea European\u0103, prin Fondul Social European Plus, \u00een cadrul Programului Educa\u021bie \u0219i Ocupare 2021-2027.<\/em><\/p>\n<\/div><\/div><\/div><\/div><\/div>\n<\/div><\/div>\n\n\n\n<div class=\"wp-block-columns alignwide\">\n<div class=\"wp-block-column\">\n<div class=\"wp-block-group has-background\" style=\"background-color:#ffffff\"><div class=\"wp-block-group__inner-container\">\n<h2 class=\"has-text-align-center has-text-color\" style=\"color:#0b2f63\">DESPRE<\/h2>\n\n\n\n<p class=\"has-text-align-center\"><\/p>\n\n\n\n<div class=\"wp-block-getwid-icon is-aligned-center\"><div class=\"wp-block-getwid-icon__wrapper has-text-color\" style=\"font-size:66px;color:#0b2f63\"><i class=\"fas fa-award\"><\/i><\/div><\/div>\n\n\n\n<div class=\"wp-block-buttons is-content-justification-center\">\n<div class=\"wp-block-button is-style-outline\"><a class=\"wp-block-button__link has-text-color\" style=\"border-radius:25px;color:#0b2f63\">INFORMATII<\/a><\/div>\n<\/div>\n<\/div><\/div>\n<\/div>\n\n\n\n<div class=\"wp-block-column\">\n<div class=\"wp-block-group has-background\" style=\"background-color:#ffffff\"><div class=\"wp-block-group__inner-container\">\n<h2 class=\"has-text-align-center has-text-color\" style=\"color:#0b2f63\">ANUNTURI<\/h2>\n\n\n\n<p class=\"has-text-align-center\"><\/p>\n\n\n\n<div class=\"wp-block-getwid-icon is-aligned-center\"><div class=\"wp-block-getwid-icon__wrapper has-text-color\" style=\"font-size:60px;color:#0b2f63\"><i class=\"far fa-address-card\"><\/i><\/div><\/div>\n\n\n\n<div class=\"wp-block-buttons is-content-justification-center\">\n<div class=\"wp-block-button is-style-outline\"><a class=\"wp-block-button__link has-text-color\" href=\"https:\/\/grants.ulbsibiu.ro\/openeplus\/stiri\/\" style=\"border-radius:25px;color:#0b2f63\">INFORMATII<\/a><\/div>\n<\/div>\n<\/div><\/div>\n<\/div>\n\n\n\n<div class=\"wp-block-column\">\n<div class=\"wp-block-group has-background\" style=\"background-color:#ffffff\"><div class=\"wp-block-group__inner-container\">\n<h2 class=\"has-text-align-center has-text-color\" style=\"color:#0b2f63\">CONTACT<\/h2>\n\n\n\n<p class=\"has-text-align-center\"><\/p>\n\n\n\n<div class=\"wp-block-getwid-icon is-aligned-center\"><div class=\"wp-block-getwid-icon__wrapper has-text-color\" style=\"font-size:60px;color:#0b2f63\"><i class=\"far fa-file-alt\"><\/i><\/div><\/div>\n\n\n\n<div class=\"wp-block-buttons is-content-justification-center\">\n<div class=\"wp-block-button is-style-outline\"><a class=\"wp-block-button__link has-text-color\" style=\"border-radius:25px;color:#0b2f63\">INFORMATII<\/a><\/div>\n<\/div>\n<\/div><\/div>\n<\/div>\n<\/div>\n\n\n\n<div class=\"wp-block-columns alignwide\">\n<div class=\"wp-block-column\"><\/div>\n\n\n\n<div class=\"wp-block-column\">\n<div class=\"wp-block-group has-background\" style=\"background-color:#ffffff\"><div class=\"wp-block-group__inner-container\">\n<h2 class=\"has-text-align-center has-text-color\" style=\"color:#0b2f63\">STUDEN\u021aI<\/h2>\n\n\n\n<p class=\"has-text-align-center\"><\/p>\n\n\n\n<div class=\"wp-block-getwid-icon is-aligned-center\"><div class=\"wp-block-getwid-icon__wrapper has-text-color\" style=\"font-size:60px;color:#0b2f63\"><i class=\"fas fa-user-alt\"><\/i><\/div><\/div>\n\n\n\n<div class=\"wp-block-buttons is-content-justification-center\">\n<div class=\"wp-block-button is-style-outline\"><a class=\"wp-block-button__link has-text-color\" href=\"https:\/\/grants.ulbsibiu.ro\/openeplus\/category\/studenti\/\" style=\"border-radius:25px;color:#0b2f63\">INFORMATII<\/a><\/div>\n<\/div>\n<\/div><\/div>\n<\/div>\n\n\n\n<div class=\"wp-block-column\"><\/div>\n<\/div>\n","protected":false},"excerpt":{"rendered":"","protected":false},"author":1,"featured_media":0,"parent":0,"menu_order":0,"comment_status":"closed","ping_status":"closed","template":"","meta":[],"_links":{"self":[{"href":"https:\/\/grants.ulbsibiu.ro\/openeplus\/wp-json\/wp\/v2\/pages\/13"}],"collection":[{"href":"https:\/\/grants.ulbsibiu.ro\/openeplus\/wp-json\/wp\/v2\/pages"}],"about":[{"href":"https:\/\/grants.ulbsibiu.ro\/openeplus\/wp-json\/wp\/v2\/types\/page"}],"author":[{"embeddable":true,"href":"https:\/\/grants.ulbsibiu.ro\/openeplus\/wp-json\/wp\/v2\/users\/1"}],"replies":[{"embeddable":true,"href":"https:\/\/grants.ulbsibiu.ro\/openeplus\/wp-json\/wp\/v2\/comments?post=13"}],"version-history":[{"count":92,"href":"https:\/\/grants.ulbsibiu.ro\/openeplus\/wp-json\/wp\/v2\/pages\/13\/revisions"}],"predecessor-version":[{"id":337,"href":"https:\/\/grants.ulbsibiu.ro\/openeplus\/wp-json\/wp\/v2\/pages\/13\/revisions\/337"}],"wp:attachment":[{"href":"https:\/\/grants.ulbsibiu.ro\/openeplus\/wp-json\/wp\/v2\/media?parent=13"}],"curies":[{"name":"wp","href":"https:\/\/api.w.org\/{rel}","templated":true}]}}