{"id":94,"date":"2025-02-22T09:26:37","date_gmt":"2025-02-22T09:26:37","guid":{"rendered":"https:\/\/grants.ulbsibiu.ro\/netsim\/?page_id=94"},"modified":"2025-02-22T09:29:59","modified_gmt":"2025-02-22T09:29:59","slug":"results","status":"publish","type":"page","link":"https:\/\/grants.ulbsibiu.ro\/netsim\/results\/","title":{"rendered":"Results"},"content":{"rendered":"\t\t<div data-elementor-type=\"wp-page\" data-elementor-id=\"94\" class=\"elementor elementor-94\">\n\t\t\t\t<div class=\"elementor-element elementor-element-3c12b87 e-flex e-con-boxed e-con e-parent\" data-id=\"3c12b87\" data-element_type=\"container\">\n\t\t\t\t\t<div class=\"e-con-inner\">\n\t\t\t\t<div class=\"elementor-element elementor-element-700a79d elementor-widget elementor-widget-text-editor\" data-id=\"700a79d\" data-element_type=\"widget\" data-widget_type=\"text-editor.default\">\n\t\t\t\t<div class=\"elementor-widget-container\">\n\t\t\t\t\t\t\t\t\t<h4><strong>PUBLICATIONS (monographs\/ edited volumes\/ book chapters\/ special issues\/ articles, etc.)<\/strong><\/h4><ol><li>Polilova, Vera. &#8220;German and Spanish rhythmic accents in Russian three-ictus dolnik.&#8221; <em>Studia Metrica et Poetica<\/em> 11, no. 2 (2024): 7-44. https:\/\/doi.org\/10.12697\/smp.2024.11.2.01<\/li><li>Pilshchikov, Igor. \u201cStikhotvornoe poslanie v zhanrovoi sisteme evropeiskogo i russkogo klassitsizma (Metrika i tematika)\u201d [Verse Epistle in the Genre System of European and Russian Neoclassicism (Meters and Themes), 5500 words (in Russian)]. In: Hov\u00e1nyi, M\u00e1rton, and Moln\u00e1r, Angelika (eds.), <em>Nyelvi jelenl\u00e9t: \u201eMilyen nyelvet alkottam s besz\u00e9ltem?\u201d Nyelvi jelenl\u00e9t: Tanulm\u00e1nyok a nyolcvan\u00e9ves Kov\u00e1cs \u00c1rp\u00e1d tisztelet\u00e9re = \u201cL\u2019idioma ch\u2019usai e che fei.\u201d The Language Presence: Collected essays on the occasion of \u00c1rp\u00e1d Kov\u00e1cs\u2019s 80th birthday<\/em>, Budapest: ELTE (University of Budapest) E\u00f6tv\u00f6s J\u00f3zsef Collegium, 2024, pp. 69\u201385.<\/li><li>Anastasia Belousova. \u201cPoes\u00eda y po\u00e9tica entre los continentes: m\u00e9trica comparada y pr\u00e1ctica de la traducci\u00f3n de Igor Kaczurowskyj\u201d. Actas de la Cuarta Jornada Internacional de Estudios Eslavos. Buenos Aires, 2024, pp. 132-138.<\/li><\/ol><p>\u00a0<\/p><h5><strong style=\"font-family: -apple-system, BlinkMacSystemFont, 'Segoe UI', Roboto, 'Helvetica Neue', Arial, 'Noto Sans', sans-serif, 'Apple Color Emoji', 'Segoe UI Emoji', 'Segoe UI Symbol', 'Noto Color Emoji';\">PRESENTATIONS (organized conferences or conference panels\/ papers presented in conferences, workshops, etc.\/ invited lectures\/ roundtables\/ science popularization, etc.)<\/strong><\/h5><p><strong>Conference papers:<\/strong><\/p><ol><li>Flack Patrick, Kafkas Verwandlung: Scheidewege des europ\u00e4ischen Symbolismus (Rimbaud, Hofmannsthal, Zaum), Invited Talk, Oberseminar Slawistik, Universit\u00e4t Bamberg, January 22 2025<\/li><li>Flack, Patrick. \u201cConstructive Answers to the Crisis of Symbolism: the reception context of Russian Formalism in Prague and Vienna\u201d, <em>New Readings on Russian Formalism at the Crossroads of Slavic Cultural History<\/em>, Universit\u00e9 Libre de Bruxelles, October 22, 2024.<\/li><li>Micha\u0142 Mrugalski: \u201cBooks of Experience: Anthologies of Russian Formalism as Collection of Science Experiences\u201d, <em>New Readings on Russian Formalism: At the Crossroads of Slavic Cultural History<\/em>, Brussels, October 21-22, 2024.<\/li><li>Micha\u0142 Mrugalski: \u201c\u0411\u043e\u0440\u0435\u0446 \u0437\u0430 \u043f\u0440\u0430\u0432\u043e \u043d\u0430\u0440\u043e\u0434\u0430 \u0432 \u0438\u0441\u043a\u0443\u0441\u0441\u0442\u0432\u0435 \u0442\u0438\u0442\u0430\u043d\u043e\u0432\u201c. The Elements of Populist Terrorism in Avantgarde Practices and Discourses\u201d, <em>Titanism: Figures of Social and Political Subjectivity between Superman and Nation-Builder<\/em>, Fribourg, 23 &#8211; 25 May 2024.<\/li><li>Erik Martin: \u201cThe Poetics of Recognition and the Poison of Resentment: The Case of the \u201cSuperman\u201d Raskolnikov\u201d, <em>Titanism: Figures of Social and Political Subjectivity between Superman and Nation-Builder<\/em><strong>, <\/strong>Fribourg, May\u00a0 23 &#8211; 25 2024<\/li><li>Dobritsyn Andrei. The rhythm of French verse from the point of view of Russian syllabotonics (new data).<em> The Gasparov Conference 2024<\/em>, Russian State University for the Humanities, April 11, 2024.<\/li><li>Dobritsyn Andrei. The rhythm of French verse from the point of view of Russian syllabotonics and Batiushkov translations. <em>The 7<sup>th<\/sup> Ilyushin Conference<\/em>, Lomonosov Moscow State University, February 19, 2024.<\/li><\/ol>\t\t\t\t\t\t\t\t<\/div>\n\t\t\t\t<\/div>\n\t\t\t\t\t<\/div>\n\t\t\t\t<\/div>\n\t\t<div class=\"elementor-element elementor-element-19c65ea e-flex e-con-boxed e-con e-parent\" data-id=\"19c65ea\" data-element_type=\"container\">\n\t\t\t\t\t<div class=\"e-con-inner\">\n\t\t\t\t<div class=\"elementor-element elementor-element-35c1328 elementor-widget elementor-widget-image\" data-id=\"35c1328\" data-element_type=\"widget\" data-widget_type=\"image.default\">\n\t\t\t\t<div class=\"elementor-widget-container\">\n\t\t\t\t\t\t\t\t\t\t\t\t\t\t\t<img fetchpriority=\"high\" decoding=\"async\" width=\"2048\" height=\"194\" src=\"https:\/\/grants.ulbsibiu.ro\/netsim\/wp-content\/uploads\/banner-pnrr-2048x194.png\" class=\"attachment-2048x2048 size-2048x2048 wp-image-86\" alt=\"\" srcset=\"https:\/\/grants.ulbsibiu.ro\/netsim\/wp-content\/uploads\/banner-pnrr-2048x194.png 2048w, https:\/\/grants.ulbsibiu.ro\/netsim\/wp-content\/uploads\/banner-pnrr-300x28.png 300w, https:\/\/grants.ulbsibiu.ro\/netsim\/wp-content\/uploads\/banner-pnrr-1024x97.png 1024w, https:\/\/grants.ulbsibiu.ro\/netsim\/wp-content\/uploads\/banner-pnrr-768x73.png 768w, https:\/\/grants.ulbsibiu.ro\/netsim\/wp-content\/uploads\/banner-pnrr-1536x146.png 1536w\" sizes=\"(max-width: 2048px) 100vw, 2048px\" \/>\t\t\t\t\t\t\t\t\t\t\t\t\t\t\t<\/div>\n\t\t\t\t<\/div>\n\t\t\t\t\t<\/div>\n\t\t\t\t<\/div>\n\t\t\t\t<\/div>\n\t\t","protected":false},"excerpt":{"rendered":"<p>PUBLICATIONS (monographs\/ edited volumes\/ book chapters\/ special issues\/ articles, etc.) Polilova, Vera. &#8220;German and Spanish rhythmic accents in Russian three-ictus dolnik.&#8221; Studia Metrica et Poetica 11, no. 2 (2024): 7-44. https:\/\/doi.org\/10.12697\/smp.2024.11.2.01 Pilshchikov, Igor. \u201cStikhotvornoe poslanie v zhanrovoi sisteme evropeiskogo i russkogo klassitsizma (Metrika i tematika)\u201d [Verse Epistle in the Genre System of European and Russian [&hellip;]<\/p>\n","protected":false},"author":1,"featured_media":0,"parent":0,"menu_order":0,"comment_status":"closed","ping_status":"closed","template":"","meta":{"footnotes":""},"_links":{"self":[{"href":"https:\/\/grants.ulbsibiu.ro\/netsim\/wp-json\/wp\/v2\/pages\/94"}],"collection":[{"href":"https:\/\/grants.ulbsibiu.ro\/netsim\/wp-json\/wp\/v2\/pages"}],"about":[{"href":"https:\/\/grants.ulbsibiu.ro\/netsim\/wp-json\/wp\/v2\/types\/page"}],"author":[{"embeddable":true,"href":"https:\/\/grants.ulbsibiu.ro\/netsim\/wp-json\/wp\/v2\/users\/1"}],"replies":[{"embeddable":true,"href":"https:\/\/grants.ulbsibiu.ro\/netsim\/wp-json\/wp\/v2\/comments?post=94"}],"version-history":[{"count":8,"href":"https:\/\/grants.ulbsibiu.ro\/netsim\/wp-json\/wp\/v2\/pages\/94\/revisions"}],"predecessor-version":[{"id":103,"href":"https:\/\/grants.ulbsibiu.ro\/netsim\/wp-json\/wp\/v2\/pages\/94\/revisions\/103"}],"wp:attachment":[{"href":"https:\/\/grants.ulbsibiu.ro\/netsim\/wp-json\/wp\/v2\/media?parent=94"}],"curies":[{"name":"wp","href":"https:\/\/api.w.org\/{rel}","templated":true}]}}