{"id":108,"date":"2025-08-19T18:01:00","date_gmt":"2025-08-19T16:01:00","guid":{"rendered":"https:\/\/grants.ulbsibiu.ro\/leadtheteam\/?page_id=108"},"modified":"2025-09-18T16:46:08","modified_gmt":"2025-09-18T14:46:08","slug":"despre-proiect","status":"publish","type":"page","link":"https:\/\/grants.ulbsibiu.ro\/leadtheteam\/despre-proiect\/","title":{"rendered":"Despre proiect"},"content":{"rendered":"\n<div class=\"wp-block-group has-global-padding is-layout-constrained wp-block-group-is-layout-constrained\">\n<div class=\"wp-block-group has-surface-background-color has-background has-global-padding is-layout-constrained wp-block-group-is-layout-constrained\" style=\"border-radius:6px\">\n<p class=\"has-text-align-center\"><strong>Titlul proiectului: \u201eLEAD the team!\u201d<\/strong><br>Nr. contract finantare: 9375\/02.04.2025<br>Cod proiect: ID_13<br>Partener 1: Universitatea \u201eLucian Blaga\u201d din Sibiu<\/p>\n\n\n\n<p class=\"has-text-align-center\"><em><strong>PLANUL NA\u021aIONAL DE REDRESARE \u0218I REZILIEN\u021a\u0102<br>Pilonul VI. Politici pentru noua genera\u021bie.<br>Componenta 15. Educa\u021bie<br>Investi\u021bia 18. Program na\u021bional de leadership \u0219i management educational<\/strong><\/em><\/p>\n<\/div>\n\n\n\n<div class=\"wp-block-group animated animated-fadeInUp has-surface-background-color has-background has-global-padding is-layout-constrained wp-block-group-is-layout-constrained\" style=\"border-radius:6px;margin-top:var(--wp--preset--spacing--small);margin-bottom:var(--wp--preset--spacing--small)\">\n<div class=\"wp-block-columns are-vertically-aligned-center is-layout-flex wp-container-core-columns-is-layout-28f84493 wp-block-columns-is-layout-flex\">\n<div class=\"wp-block-column is-vertically-aligned-center is-layout-flow wp-block-column-is-layout-flow\" style=\"flex-basis:30%\">\n<div class=\"wp-block-group is-style-default has-surface-background-color has-background is-layout-flow wp-block-group-is-layout-flow\">\n<h3 class=\"wp-block-heading has-text-align-center\" style=\"letter-spacing:-0.04em;line-height:1.1\">Parteneri<\/h3>\n<\/div>\n<\/div>\n\n\n\n<div class=\"wp-block-column is-vertically-aligned-center is-layout-flow wp-block-column-is-layout-flow\" style=\"padding-right:var(--wp--preset--spacing--medium);padding-left:var(--wp--preset--spacing--medium);flex-basis:70%\">\n<div class=\"wp-block-group has-pure-white-background-color has-background has-global-padding is-content-justification-center is-layout-constrained wp-block-group-is-layout-constrained\" style=\"border-radius:6px\">\n<div class=\"wp-block-group is-style-default is-content-justification-space-between is-nowrap is-layout-flex wp-container-core-group-is-layout-fac7237a wp-block-group-is-layout-flex\" style=\"padding-top:0;padding-right:var(--wp--preset--spacing--medium);padding-bottom:0;padding-left:var(--wp--preset--spacing--medium)\">\n<div class=\"wp-block-uagb-image uagb-block-f737523d wp-block-uagb-image--layout-default wp-block-uagb-image--effect-static wp-block-uagb-image--align-none\"><figure class=\"wp-block-uagb-image__figure\"><img loading=\"lazy\" decoding=\"async\"  sizes=\"auto, (max-width: 480px) 150px\" src=\"https:\/\/grants.ulbsibiu.ro\/leadtheteam\/wp-content\/uploads\/2025\/08\/logo_ulbs.png\" alt=\"\" width=\"187\" height=\"50\" title=\"\" role=\"img\"\/><\/figure><\/div>\n\n\n\n<div class=\"wp-block-uagb-image uagb-block-a8c927ce wp-block-uagb-image--layout-default wp-block-uagb-image--effect-static wp-block-uagb-image--align-none\"><figure class=\"wp-block-uagb-image__figure\"><img loading=\"lazy\" decoding=\"async\"  sizes=\"auto, (max-width: 480px) 150px\" src=\"https:\/\/grants.ulbsibiu.ro\/leadtheteam\/wp-content\/uploads\/2025\/08\/ccd_bn.png\" alt=\"\" width=\"85\" height=\"50\" title=\"\" role=\"img\"\/><\/figure><\/div>\n\n\n\n<div class=\"wp-block-uagb-image uagb-block-3ce80d2a wp-block-uagb-image--layout-default wp-block-uagb-image--effect-static wp-block-uagb-image--align-none\"><figure class=\"wp-block-uagb-image__figure\"><img loading=\"lazy\" decoding=\"async\"  sizes=\"auto, (max-width: 480px) 150px\" src=\"https:\/\/grants.ulbsibiu.ro\/leadtheteam\/wp-content\/uploads\/2025\/08\/ccd_braila.jpg\" alt=\"\" width=\"230\" height=\"50\" title=\"\" role=\"img\"\/><\/figure><\/div>\n<\/div>\n<\/div>\n<\/div>\n<\/div>\n<\/div>\n\n\n\n<div class=\"wp-block-group has-global-padding is-layout-constrained wp-block-group-is-layout-constrained\">\n<p>Proiectul nostru contribuie la realizarea obiectivelor nationale: profesionalizarea carierei didactice, asigurarea unui raport optim \u00eentre formarea ini\u0163ial\u0103 \u015fi formarea continu\u0103, promovarea \u015fi perfec\u0163ionarea profesional\u0103 prin sistemul creditelor profesionale transferabile, precum si corelarea ofertei de formare cu standardele de formare continu\u0103 pentru profesia didactic\u0103, respectiv asigurarea unor competen\u0163e cheie in domeniul tematic management \u0219i leadership \u00een educa\u021bie.<\/p>\n\n\n\n<p>Programul nostru nostru vizeaz\u0103 excelen\u0163a \u00een generarea de modele de leadership si management educational printr-o abordare holistic\u0103 \u015fi curriculum de preg\u0103tire personalizat\u0103, consiliere \u015fi mentorat a personalului didactic; sunt vizate strategii integrate de management si leadership educational, modele inovative de preg\u0103tire a liderilor \u00een programe instructiv-educative.<\/p>\n\n\n\n<p><strong>Componenta B &#8211; activitati de mentorat \u0219i coaching<\/strong><\/p>\n\n\n\n<p>Programul de mentorat \u0219i coaching urmareste consolidarea \u0219i aprofundarea competen\u021belor in domeniul leadership-ului in randul liderilor educationali, prin noi programe bazate pe evidente fundamentate prin integrarea de modele consacrate. Programul integreaza modele consacrate de leadership (Nelson &amp; Low, 2011; Mateias, Low and Hammett, 2024), de peste 4 decenii de valorificare la nivel international: Modelul mixt &#8211; Procesul de Evaluare a Abilitatilor Emotionale (ESAP) si Pattern-uri ale Stilului de Viata (LSTI). Implementarea de noi modele de leadership, precum interventii bazate pe dovezi prin modelele cosacrate \u2013 contribuie la adaptarea, respectiv particularizarea activitatii de mentorat \u0219i coaching in leadership educational in acord cu particularitatile institutionale.<\/p>\n\n\n\n<p>Metodologic, programul de mentorat \u0219i coaching cuprinde o abordare holistic\u0103 de cercetare-dezvoltare profesional\u0103 pentru generarea de module de mentorat \u0219i coaching bazate pe evidente.&nbsp;Modulele de mentorat \u0219i coaching vor fi elaborate \u00een acord nevoile specifice in leadership prin strategii personalizate, integrand modele consacrate la nivelul dimensionilor de (1)comunicare interpersonala, (2) leadership, (3) management personal si (4)dezvoltare intrapersonala:<\/p>\n\n\n\n<ul class=\"wp-block-list\">\n<li>profil individual de leadership;<\/li>\n\n\n\n<li>plan de dezvoltare individual prin modele validate \u0219tiin\u021bific;<\/li>\n\n\n\n<li>profil colectiv de leadership;<\/li>\n\n\n\n<li>plan de dezvoltare colectiv prin modele validate \u0219tiin\u021bific<\/li>\n<\/ul>\n\n\n\n<p>Metodolgic, se vizeaza generarea de modele inovative de mentorat \u0219i coaching necesare elaborarii de recomandari pentru fundamentarea politicilor educationale in leadership bazate pe evidente. Generarea de practici bazate pe dovezi reprezinta oportunitati autentice de dezvoltare sistematica de mentorat \u0219i coaching \u00een vederea dezvolt\u0103rii abilitatilor de leadership la nivel individual si institutional. Implementarea de modele de leadership in procesul instructiv-educativ prin programe de mentorat \u0219i coaching bazate pe evidente contribuie la dezvoltarea personala, imbunatatirea performantei educationale si institutionale. Programul de mentorat \u0219i coaching integreaza o abordare metodologica holistica prin modele consacrate international in leadership educational configurand un parteneriat strategic public-privat.<\/p>\n\n\n\n<p>Programul de mentorat \u0219i coaching, fundamentat at\u00e2t stiin\u021bific, c\u00e2t \u0219i integr\u00e2nd o abordare practic\u0103 ferm\u0103, avanseaza un plan individualizat \u0219i integrat de consolidare \u0219i aprofundare competen\u021belor in domeniul leadership-ului, in concordan\u0163\u0103 cu strategia na\u0163ional\u0103 de dezvoltare a sistemului de formare continu\u0103. Se urm\u0103re\u0219te instrumentarea tuturor actorilor educa\u021bionali cu acele competen\u021be cheie&nbsp;necesare in domeniul leadership-ului educational pentru a r\u0103spunde cerin\u021belor complexe \u0219i dinamice ale societ\u0103\u021bii cunoa\u0219terii.&nbsp;<\/p>\n<\/div>\n<\/div>\n","protected":false},"excerpt":{"rendered":"<p>Titlul proiectului: \u201eLEAD the team!\u201dNr. contract finantare: 9375\/02.04.2025Cod proiect: ID_13Partener 1: Universitatea \u201eLucian Blaga\u201d din Sibiu PLANUL NA\u021aIONAL DE REDRESARE \u0218I REZILIEN\u021a\u0102Pilonul VI. Politici pentru noua genera\u021bie.Componenta 15. Educa\u021bieInvesti\u021bia 18. Program na\u021bional de leadership \u0219i management educational Proiectul nostru contribuie la realizarea obiectivelor nationale: profesionalizarea carierei didactice, asigurarea unui raport optim \u00eentre formarea ini\u0163ial\u0103 \u015fi [&hellip;]<\/p>\n","protected":false},"author":1,"featured_media":0,"parent":0,"menu_order":0,"comment_status":"closed","ping_status":"closed","template":"","meta":{"inline_featured_image":false,"_uag_custom_page_level_css":"","footnotes":""},"class_list":["post-108","page","type-page","status-publish","hentry"],"uagb_featured_image_src":{"full":false,"thumbnail":false,"medium":false,"medium_large":false,"large":false,"1536x1536":false,"2048x2048":false},"uagb_author_info":{"display_name":"first","author_link":"https:\/\/grants.ulbsibiu.ro\/leadtheteam\/author\/first\/"},"uagb_comment_info":0,"uagb_excerpt":"Titlul proiectului: \u201eLEAD the team!\u201dNr. contract finantare: 9375\/02.04.2025Cod proiect: ID_13Partener 1: Universitatea \u201eLucian Blaga\u201d din Sibiu PLANUL NA\u021aIONAL DE REDRESARE \u0218I REZILIEN\u021a\u0102Pilonul VI. Politici pentru noua genera\u021bie.Componenta 15. Educa\u021bieInvesti\u021bia 18. Program na\u021bional de leadership \u0219i management educational Proiectul nostru contribuie la realizarea obiectivelor nationale: profesionalizarea carierei didactice, asigurarea unui raport optim \u00eentre formarea ini\u0163ial\u0103 \u015fi&hellip;","_links":{"self":[{"href":"https:\/\/grants.ulbsibiu.ro\/leadtheteam\/wp-json\/wp\/v2\/pages\/108","targetHints":{"allow":["GET"]}}],"collection":[{"href":"https:\/\/grants.ulbsibiu.ro\/leadtheteam\/wp-json\/wp\/v2\/pages"}],"about":[{"href":"https:\/\/grants.ulbsibiu.ro\/leadtheteam\/wp-json\/wp\/v2\/types\/page"}],"author":[{"embeddable":true,"href":"https:\/\/grants.ulbsibiu.ro\/leadtheteam\/wp-json\/wp\/v2\/users\/1"}],"replies":[{"embeddable":true,"href":"https:\/\/grants.ulbsibiu.ro\/leadtheteam\/wp-json\/wp\/v2\/comments?post=108"}],"version-history":[{"count":31,"href":"https:\/\/grants.ulbsibiu.ro\/leadtheteam\/wp-json\/wp\/v2\/pages\/108\/revisions"}],"predecessor-version":[{"id":403,"href":"https:\/\/grants.ulbsibiu.ro\/leadtheteam\/wp-json\/wp\/v2\/pages\/108\/revisions\/403"}],"wp:attachment":[{"href":"https:\/\/grants.ulbsibiu.ro\/leadtheteam\/wp-json\/wp\/v2\/media?parent=108"}],"curies":[{"name":"wp","href":"https:\/\/api.w.org\/{rel}","templated":true}]}}