{"id":26,"date":"2024-12-06T21:04:41","date_gmt":"2024-12-06T21:04:41","guid":{"rendered":"https:\/\/grants.ulbsibiu.ro\/ldc\/?page_id=26"},"modified":"2024-12-06T21:04:41","modified_gmt":"2024-12-06T21:04:41","slug":"echipa","status":"publish","type":"page","link":"https:\/\/grants.ulbsibiu.ro\/ldc\/echipa\/","title":{"rendered":"Echipa"},"content":{"rendered":"\n<p>Conf. univ. dr. Sorina CORMAN \u2013 manager proiect<\/p>\n\n\n\n<p>Conf. univ. dr. habil. Alin CROITORU<\/p>\n\n\n\n<p>Lector univ. dr. Oana R\u0102D\u0102CIN\u0102 <\/p>\n\n\n\n<p>Drd. Simona Deborah CONSTANTINESCU \u2013 bursier SafeHabitus<\/p>\n\n\n\n<p><\/p>\n","protected":false},"excerpt":{"rendered":"<p>Conf. univ. dr. Sorina CORMAN \u2013 manager proiect Conf. univ. dr. habil. Alin CROITORU Lector univ. dr. Oana R\u0102D\u0102CIN\u0102 Drd. Simona Deborah CONSTANTINESCU \u2013 bursier<\/p>\n","protected":false},"author":1,"featured_media":0,"parent":0,"menu_order":0,"comment_status":"closed","ping_status":"closed","template":"","meta":{"_bbp_topic_count":0,"_bbp_reply_count":0,"_bbp_total_topic_count":0,"_bbp_total_reply_count":0,"_bbp_voice_count":0,"_bbp_anonymous_reply_count":0,"_bbp_topic_count_hidden":0,"_bbp_reply_count_hidden":0,"_bbp_forum_subforum_count":0,"footnotes":""},"class_list":["post-26","page","type-page","status-publish","hentry"],"_links":{"self":[{"href":"https:\/\/grants.ulbsibiu.ro\/ldc\/wp-json\/wp\/v2\/pages\/26"}],"collection":[{"href":"https:\/\/grants.ulbsibiu.ro\/ldc\/wp-json\/wp\/v2\/pages"}],"about":[{"href":"https:\/\/grants.ulbsibiu.ro\/ldc\/wp-json\/wp\/v2\/types\/page"}],"author":[{"embeddable":true,"href":"https:\/\/grants.ulbsibiu.ro\/ldc\/wp-json\/wp\/v2\/users\/1"}],"replies":[{"embeddable":true,"href":"https:\/\/grants.ulbsibiu.ro\/ldc\/wp-json\/wp\/v2\/comments?post=26"}],"version-history":[{"count":1,"href":"https:\/\/grants.ulbsibiu.ro\/ldc\/wp-json\/wp\/v2\/pages\/26\/revisions"}],"predecessor-version":[{"id":27,"href":"https:\/\/grants.ulbsibiu.ro\/ldc\/wp-json\/wp\/v2\/pages\/26\/revisions\/27"}],"wp:attachment":[{"href":"https:\/\/grants.ulbsibiu.ro\/ldc\/wp-json\/wp\/v2\/media?parent=26"}],"curies":[{"name":"wp","href":"https:\/\/api.w.org\/{rel}","templated":true}]}}