{"id":62,"date":"2025-12-02T18:33:12","date_gmt":"2025-12-02T18:33:12","guid":{"rendered":"https:\/\/grants.ulbsibiu.ro\/lais3e\/?page_id=62"},"modified":"2025-12-02T20:15:18","modified_gmt":"2025-12-02T20:15:18","slug":"ce-este-sistemul-3e","status":"publish","type":"page","link":"https:\/\/grants.ulbsibiu.ro\/lais3e\/despre-proiect\/ce-este-sistemul-3e\/","title":{"rendered":"Ce este sistemul 3E?"},"content":{"rendered":"<hr class=\"wp-block-separator is-style-wide\" \/>\n<section>\n<h2>Energie (E)<\/h2>\n<p>\n    Dimensiunea energetic\u0103 a sistemului 3E include:\n  <\/p>\n<ul>\n<li>consumul \u0219i produc\u021bia de energie,<\/li>\n<li>eficien\u021ba energetic\u0103,<\/li>\n<li>mixul energetic (structura surselor de energie),<\/li>\n<li>ponderea \u0219i dezvoltarea resurselor regenerabile.<\/li>\n<\/ul>\n<\/section>\n<section>\n<h2>Mediu (E)<\/h2>\n<p>\n    Dimensiunea de mediu surprinde impactul activit\u0103\u021bilor economice \u0219i al<br \/>\n    consumului de energie asupra ecosistemelor:\n  <\/p>\n<ul>\n<li>emisii de gaze cu efect de ser\u0103,<\/li>\n<li>calitatea aerului \u0219i a apei,<\/li>\n<li>utilizarea \u0219i conservarea resurselor naturale,<\/li>\n<li>nivelul de poluare \u0219i pierderea biodiversit\u0103\u021bii.<\/li>\n<\/ul>\n<\/section>\n<section>\n<h2>Economie (E)<\/h2>\n<p>\n    Dimensiunea economic\u0103 reflect\u0103 performan\u021ba \u0219i capacitatea de dezvoltare a<br \/>\n    economiei:\n  <\/p>\n<ul>\n<li>produsul intern brut (PIB) \u0219i productivitatea,<\/li>\n<li>investi\u021biile \u0219i capacitatea de inovare,<\/li>\n<li>competitivitatea \u0219i integrarea \u00een lan\u021burile valorice,<\/li>\n<li>structura sectoarelor economice \u0219i utilizarea resurselor.<\/li>\n<\/ul>\n<\/section>\n<section>\n<h2>Analiza integrat\u0103 3E<\/h2>\n<p>\n    Analiza integrat\u0103 3E urm\u0103re\u0219te modul \u00een care energia, mediul \u0219i economia<br \/>\n    interac\u021bioneaz\u0103 \u0219i se condi\u021bioneaz\u0103 reciproc. Ea permite identificarea<br \/>\n    compromisurilor \u0219i a sinergiilor dintre:\n  <\/p>\n<ul>\n<li>cre\u0219terea economic\u0103,<\/li>\n<li>protec\u021bia mediului,<\/li>\n<li>eficien\u021ba energetic\u0103 \u0219i securitatea energetic\u0103.<\/li>\n<\/ul>\n<p>\n    O abordare integrat\u0103 este esen\u021bial\u0103 pentru proiectarea de politici care s\u0103<br \/>\n    sus\u021bin\u0103 simultan competitivitatea economic\u0103, tranzi\u021bia verde \u0219i rezilien\u021ba<br \/>\n    social\u0103.\n  <\/p>\n<\/section>\n<section>\n<h2>Rela\u021bia cu dezvoltarea sustenabil\u0103<\/h2>\n<p>\n    Performan\u021ba sistemului 3E reprezint\u0103 un predictor important al progresului<br \/>\n    c\u0103tre Obiectivele de Dezvoltare Durabil\u0103. Un sistem 3E echilibrat indic\u0103:\n  <\/p>\n<ul>\n<li>utilizarea eficient\u0103 a resurselor,<\/li>\n<li>limitarea impactului negativ asupra mediului,<\/li>\n<li>o economie capabil\u0103 s\u0103 genereze valoare ad\u0103ugat\u0103 pe termen lung,<\/li>\n<li>cre\u0219terea calit\u0103\u021bii vie\u021bii \u0219i reducerea vulnerabilit\u0103\u021bilor.<\/li>\n<\/ul>\n<\/section>\n","protected":false},"excerpt":{"rendered":"<p>Energie (E) Dimensiunea energetic\u0103 a sistemului 3E include: consumul \u0219i produc\u021bia de energie, eficien\u021ba energetic\u0103, mixul energetic (structura surselor de energie), ponderea \u0219i dezvoltarea resurselor regenerabile. Mediu (E) Dimensiunea de mediu surprinde impactul activit\u0103\u021bilor economice \u0219i al consumului de energie asupra ecosistemelor: emisii de gaze cu efect de ser\u0103, calitatea aerului \u0219i a apei, utilizarea [&hellip;]<\/p>\n","protected":false},"author":1,"featured_media":0,"parent":13,"menu_order":0,"comment_status":"closed","ping_status":"closed","template":"","meta":{"footnotes":""},"class_list":["post-62","page","type-page","status-publish","hentry"],"_links":{"self":[{"href":"https:\/\/grants.ulbsibiu.ro\/lais3e\/wp-json\/wp\/v2\/pages\/62","targetHints":{"allow":["GET"]}}],"collection":[{"href":"https:\/\/grants.ulbsibiu.ro\/lais3e\/wp-json\/wp\/v2\/pages"}],"about":[{"href":"https:\/\/grants.ulbsibiu.ro\/lais3e\/wp-json\/wp\/v2\/types\/page"}],"author":[{"embeddable":true,"href":"https:\/\/grants.ulbsibiu.ro\/lais3e\/wp-json\/wp\/v2\/users\/1"}],"replies":[{"embeddable":true,"href":"https:\/\/grants.ulbsibiu.ro\/lais3e\/wp-json\/wp\/v2\/comments?post=62"}],"version-history":[{"count":3,"href":"https:\/\/grants.ulbsibiu.ro\/lais3e\/wp-json\/wp\/v2\/pages\/62\/revisions"}],"predecessor-version":[{"id":147,"href":"https:\/\/grants.ulbsibiu.ro\/lais3e\/wp-json\/wp\/v2\/pages\/62\/revisions\/147"}],"up":[{"embeddable":true,"href":"https:\/\/grants.ulbsibiu.ro\/lais3e\/wp-json\/wp\/v2\/pages\/13"}],"wp:attachment":[{"href":"https:\/\/grants.ulbsibiu.ro\/lais3e\/wp-json\/wp\/v2\/media?parent=62"}],"curies":[{"name":"wp","href":"https:\/\/api.w.org\/{rel}","templated":true}]}}