{"id":21,"date":"2025-12-02T16:30:20","date_gmt":"2025-12-02T16:30:20","guid":{"rendered":"https:\/\/grants.ulbsibiu.ro\/lais3e\/?page_id=21"},"modified":"2025-12-02T20:17:19","modified_gmt":"2025-12-02T20:17:19","slug":"contact-faq","status":"publish","type":"page","link":"https:\/\/grants.ulbsibiu.ro\/lais3e\/contact-faq\/","title":{"rendered":"Contact &amp; FAQ"},"content":{"rendered":"<hr class=\"wp-block-separator is-style-wide\" \/>\n<p>Pentru \u00eentreb\u0103ri legate de proiectul <strong>LAIS-3E<\/strong>, colabor\u0103ri sau<br \/>\ninforma\u021bii suplimentare, pute\u021bi folosi datele de contact de mai jos sau pute\u021bi<br \/>\nconsulta sec\u021biunea de \u00eentreb\u0103ri frecvente (FAQ).<\/p>\n<p>Selecta\u021bi sec\u021biunea dorit\u0103:<\/p>\n<div class=\"wp-block-group aligncenter\" style=\"margin-top: 30px;\">\n<div class=\"wp-block-buttons is-layout-flex is-content-justification-center\" style=\"gap: 20px; flex-wrap: wrap;\">\n<div class=\"wp-block-button\"><a class=\"wp-block-button__link wp-element-button\" style=\"padding: 12px 24px; font-size: 16px; border-radius: 6px; min-width: 220px; text-align: center;\" href=\"https:\/\/grants.ulbsibiu.ro\/lais3e\/contact-faq\/date-de-contact\/\"><br \/>\nDate de contact<br \/>\n<\/a><\/div>\n<div class=\"wp-block-button\"><a class=\"wp-block-button__link wp-element-button\" style=\"padding: 12px 24px; font-size: 16px; border-radius: 6px; min-width: 220px; text-align: center;\" href=\"https:\/\/grants.ulbsibiu.ro\/lais3e\/contact-faq\/intrebari-frecvente-faq\/\"><br \/>\n\u00centreb\u0103ri frecvente (FAQ)<br \/>\n<\/a><\/div>\n<\/div>\n<\/div>\n","protected":false},"excerpt":{"rendered":"<p>Pentru \u00eentreb\u0103ri legate de proiectul LAIS-3E, colabor\u0103ri sau informa\u021bii suplimentare, pute\u021bi folosi datele de contact de mai jos sau pute\u021bi consulta sec\u021biunea de \u00eentreb\u0103ri frecvente (FAQ). Selecta\u021bi sec\u021biunea dorit\u0103: Date de contact \u00centreb\u0103ri frecvente (FAQ)<\/p>\n","protected":false},"author":1,"featured_media":0,"parent":0,"menu_order":0,"comment_status":"closed","ping_status":"closed","template":"","meta":{"footnotes":""},"class_list":["post-21","page","type-page","status-publish","hentry"],"_links":{"self":[{"href":"https:\/\/grants.ulbsibiu.ro\/lais3e\/wp-json\/wp\/v2\/pages\/21","targetHints":{"allow":["GET"]}}],"collection":[{"href":"https:\/\/grants.ulbsibiu.ro\/lais3e\/wp-json\/wp\/v2\/pages"}],"about":[{"href":"https:\/\/grants.ulbsibiu.ro\/lais3e\/wp-json\/wp\/v2\/types\/page"}],"author":[{"embeddable":true,"href":"https:\/\/grants.ulbsibiu.ro\/lais3e\/wp-json\/wp\/v2\/users\/1"}],"replies":[{"embeddable":true,"href":"https:\/\/grants.ulbsibiu.ro\/lais3e\/wp-json\/wp\/v2\/comments?post=21"}],"version-history":[{"count":5,"href":"https:\/\/grants.ulbsibiu.ro\/lais3e\/wp-json\/wp\/v2\/pages\/21\/revisions"}],"predecessor-version":[{"id":151,"href":"https:\/\/grants.ulbsibiu.ro\/lais3e\/wp-json\/wp\/v2\/pages\/21\/revisions\/151"}],"wp:attachment":[{"href":"https:\/\/grants.ulbsibiu.ro\/lais3e\/wp-json\/wp\/v2\/media?parent=21"}],"curies":[{"name":"wp","href":"https:\/\/api.w.org\/{rel}","templated":true}]}}