{"id":113,"date":"2025-12-02T19:56:32","date_gmt":"2025-12-02T19:56:32","guid":{"rendered":"https:\/\/grants.ulbsibiu.ro\/lais3e\/?page_id=113"},"modified":"2026-03-14T10:11:55","modified_gmt":"2026-03-14T10:11:55","slug":"articole-stiintifice","status":"publish","type":"page","link":"https:\/\/grants.ulbsibiu.ro\/lais3e\/rezultate\/articole-stiintifice\/","title":{"rendered":"Articole \u0219tiin\u021bifice"},"content":{"rendered":"<hr class=\"wp-block-separator is-style-wide\" \/>\n<p>Lista articolelor \u0219tiin\u021bifice publicate \u00een cadrul proiectului LAIS-3E va fi actualizat\u0103<br \/>\npe m\u0103sur\u0103 ce rezultatele sunt acceptate \u0219i indexate. Publica\u021biile sunt grupate pe ani.<\/p>\n<h2>2025<\/h2>\n<p><strong>Autor(i):<\/strong> Uche, E., Caglar, A.E. &amp; <strong>Radulescu, M.<\/strong><\/p>\n<p><strong>Titlu:<\/strong> Assessing the environmental sustainability corridor in Japan: the role of artificial intelligence and low-carbon energy<\/p>\n<p><strong>Revist\u0103:<\/strong> <em>Humanities and Social Sciences Communications<\/em>, 12, 1918 (2025) [SSCI, Q1(JIF), Q1(AIS)]<\/p>\n<p><strong>DOI \/ link:<\/strong> <a href=\"https:\/\/doi.org\/10.1057\/s41599-025-06169-w\">https:\/\/doi.org\/&#8230;<\/a><\/p>\n<h2>2026<\/h2>\n<p><strong>Autor(i):<\/strong> <strong>Magdalena Radulescu<\/strong>, Mohammad Sharif Karimi, Said Khalfa Brika, Kamel Si Mohammed, Luigi Popescu<\/p>\n<p><strong>Titlu:<\/strong> The role of artificial intelligence and green technological innovation in shaping greener and nuclear energy efficiency: Evidence from developed and developing countries using a panel time-varying approach<\/p>\n<p><strong>Revist\u0103:<\/strong> <em>Energy Strategy Reviews<\/em>, 64, 102076 (2026) [SCIE, Q1(JIF), Q1(AIS)]<\/p>\n<p><strong>DOI \/ link:<\/strong> <a href=\"https:\/\/doi.org\/10.1016\/j.esr.2026.102076\">https:\/\/doi.org\/&#8230;<\/a><\/p>\n<p><!-- adaugi noi\n \t\n\n<li> pentru fiecare articol --><\/p>\n<h2>2027<\/h2>\n<p><strong>Autor(i):<\/strong> [Nume autori]<\/p>\n<p><strong>Titlu:<\/strong> [Titlul articolului]<\/p>\n<p><strong>Revist\u0103:<\/strong> [Numele jurnalului], [volum], [pagini], [indexare]<\/p>\n<p><strong>DOI \/ link:<\/strong> <a href=\"#\">https:\/\/doi.org\/&#8230;<\/a><\/p>\n","protected":false},"excerpt":{"rendered":"<p>Lista articolelor \u0219tiin\u021bifice publicate \u00een cadrul proiectului LAIS-3E va fi actualizat\u0103 pe m\u0103sur\u0103 ce rezultatele sunt acceptate \u0219i indexate. Publica\u021biile sunt grupate pe ani. 2025 Autor(i): Uche, E., Caglar, A.E. &amp; Radulescu, M. Titlu: Assessing the environmental sustainability corridor in Japan: the role of artificial intelligence and low-carbon energy Revist\u0103: Humanities and Social Sciences Communications, [&hellip;]<\/p>\n","protected":false},"author":1,"featured_media":0,"parent":19,"menu_order":0,"comment_status":"closed","ping_status":"closed","template":"","meta":{"footnotes":""},"class_list":["post-113","page","type-page","status-publish","hentry"],"_links":{"self":[{"href":"https:\/\/grants.ulbsibiu.ro\/lais3e\/wp-json\/wp\/v2\/pages\/113","targetHints":{"allow":["GET"]}}],"collection":[{"href":"https:\/\/grants.ulbsibiu.ro\/lais3e\/wp-json\/wp\/v2\/pages"}],"about":[{"href":"https:\/\/grants.ulbsibiu.ro\/lais3e\/wp-json\/wp\/v2\/types\/page"}],"author":[{"embeddable":true,"href":"https:\/\/grants.ulbsibiu.ro\/lais3e\/wp-json\/wp\/v2\/users\/1"}],"replies":[{"embeddable":true,"href":"https:\/\/grants.ulbsibiu.ro\/lais3e\/wp-json\/wp\/v2\/comments?post=113"}],"version-history":[{"count":6,"href":"https:\/\/grants.ulbsibiu.ro\/lais3e\/wp-json\/wp\/v2\/pages\/113\/revisions"}],"predecessor-version":[{"id":224,"href":"https:\/\/grants.ulbsibiu.ro\/lais3e\/wp-json\/wp\/v2\/pages\/113\/revisions\/224"}],"up":[{"embeddable":true,"href":"https:\/\/grants.ulbsibiu.ro\/lais3e\/wp-json\/wp\/v2\/pages\/19"}],"wp:attachment":[{"href":"https:\/\/grants.ulbsibiu.ro\/lais3e\/wp-json\/wp\/v2\/media?parent=113"}],"curies":[{"name":"wp","href":"https:\/\/api.w.org\/{rel}","templated":true}]}}