{"id":11,"date":"2025-12-02T16:27:12","date_gmt":"2025-12-02T16:27:12","guid":{"rendered":"https:\/\/grants.ulbsibiu.ro\/lais3e\/?page_id=11"},"modified":"2025-12-02T21:08:59","modified_gmt":"2025-12-02T21:08:59","slug":"home","status":"publish","type":"page","link":"https:\/\/grants.ulbsibiu.ro\/lais3e\/","title":{"rendered":""},"content":{"rendered":"\n<h2 class=\"wp-block-heading\"><\/h2>\n\n\n\n<div class=\"wp-block-group has-global-padding is-layout-constrained wp-container-core-group-is-layout-9bc89e3c wp-block-group-is-layout-constrained\" style=\"padding-top:var(--wp--preset--spacing--30);padding-bottom:var(--wp--preset--spacing--30)\">\n<h1 class=\"wp-block-heading has-text-align-center is-style-text-annotation has-contrast-color has-accent-5-background-color has-text-color has-background has-link-color has-large-font-size wp-elements-3c78ab033f899a086773a1a1eee5ff8a is-style-text-annotation--1\" style=\"border-width:2px;border-radius:15px\"><mark style=\"background-color:rgba(0, 0, 0, 0)\" class=\"has-inline-color has-accent-4-color\"><strong><em>Valorificarea inteligen\u021bei artificiale pentru o cre\u0219tere sustenabil\u0103.<br>O analiz\u0103 multidimensional\u0103 a sistemului Energie\u2013Mediu\u2013Economie (3E) \u0219i implica\u021bii politice<\/em><\/strong><\/mark><\/h1>\n<\/div>\n\n\n\n<p class=\"has-text-align-center has-large-font-size\"><mark style=\"background-color:rgba(0, 0, 0, 0)\" class=\"has-inline-color has-accent-4-color\"><strong><em>LAIS-3E<\/em><\/strong><\/mark><\/p>\n\n\n\n<div style=\"height:31px\" aria-hidden=\"true\" class=\"wp-block-spacer\"><\/div>\n\n\n\n<h3 class=\"wp-block-heading has-large-font-size\"><strong><mark style=\"background-color:rgba(0, 0, 0, 0)\" class=\"has-inline-color has-contrast-color\">Cod proiect<\/mark><mark style=\"background-color:rgba(0, 0, 0, 0)\" class=\"has-inline-color has-accent-3-color\">:<\/mark> PN-IV-PCB-RO-MD-2024-0343<\/strong><\/h3>\n\n\n\n<h3 class=\"wp-block-heading\"><strong>Perioada de desf\u0103\u0219urare<\/strong>:<\/h3>\n\n\n\n<p>01.09.2025 \u2013 31.08.2027<\/p>\n\n\n\n<div style=\"height:29px\" aria-hidden=\"true\" class=\"wp-block-spacer\"><\/div>\n\n\n\n<h3 class=\"wp-block-heading\"><\/h3>\n\n\n\n<h3 class=\"wp-block-heading has-large-font-size\"><strong>Descriere<\/strong>:<\/h3>\n\n\n\n<div class=\"wp-block-group is-style-default is-vertical is-content-justification-center is-layout-flex wp-container-core-group-is-layout-ce155fab wp-block-group-is-layout-flex\">\n<p>Proiectul <strong>LAIS-3E<\/strong> \u00ee\u0219i propune s\u0103 investigheze modul \u00een care inteligen\u021ba artificial\u0103 \u0219i tehnologiile inteligente pot contribui la transformarea sustenabil\u0103 a sistemului Energie\u2013Mediu\u2013Economie (3E).<\/p>\n\n\n\n<p><\/p>\n\n\n\n<p>Printr-o abordare integrat\u0103, proiectul analizeaz\u0103 coordonarea celor trei subsisteme, construie\u0219te indicatori compozi\u021bi 3E \u0219i evalueaz\u0103 impactul tehnologiilor inteligente asupra dezvolt\u0103rii sustenabile.<\/p>\n\n\n\n<p><\/p>\n\n\n\n<p>Ini\u021biativa este derulat\u0103 de <strong>Universitatea \u201eLucian Blaga\u201d din Sibiu<\/strong> \u00een colaborare cu <strong>Academia de Studii Economice din Moldova<\/strong>, consolid\u00e2nd o re\u021bea bilateral\u0103 de cercetare avansat\u0103 la interfa\u021ba dintre sustenabilitate, tehnologie \u0219i politici publice.<\/p>\n<\/div>\n\n\n\n<div style=\"height:48px\" aria-hidden=\"true\" class=\"wp-block-spacer\"><\/div>\n\n\n\n<p><\/p>\n\n\n<\/p>\n<hr class=\"wp-block-separator is-style-wide\" \/>\n\n\n<div class=\"wp-block-buttons is-content-justification-center is-layout-flex wp-container-core-buttons-is-layout-a89b3969 wp-block-buttons-is-layout-flex\">\n<div class=\"wp-block-button\"><a class=\"wp-block-button__link wp-element-button\" href=\"https:\/\/grants.ulbsibiu.ro\/lais3e\/despre-proiect\/\">Despre proiect<\/a><\/div>\n\n\n\n<div class=\"wp-block-button\"><a class=\"wp-block-button__link wp-element-button\" href=\"https:\/\/grants.ulbsibiu.ro\/lais3e\/echipa\/\">Echipa<\/a><\/div>\n\n\n\n<div class=\"wp-block-button\"><a class=\"wp-block-button__link wp-element-button\" href=\"https:\/\/grants.ulbsibiu.ro\/lais3e\/rezultate\/\">Rezultate<\/a><\/div>\n\n\n\n<div class=\"wp-block-button\"><a class=\"wp-block-button__link wp-element-button\" href=\"https:\/\/grants.ulbsibiu.ro\/lais3e\/contact-faq\/\">Contact<\/a><\/div>\n<\/div>\n\n\n\n<div class=\"wp-block-columns is-layout-flex wp-container-core-columns-is-layout-28f84493 wp-block-columns-is-layout-flex\">\n<div class=\"wp-block-column is-layout-flow wp-block-column-is-layout-flow\"><\/div>\n<\/div>\n\n\n\n<p><\/p>\n","protected":false},"excerpt":{"rendered":"<p>Valorificarea inteligen\u021bei artificiale pentru o cre\u0219tere sustenabil\u0103.O analiz\u0103 multidimensional\u0103 a sistemului Energie\u2013Mediu\u2013Economie (3E) \u0219i implica\u021bii politice LAIS-3E Cod proiect: PN-IV-PCB-RO-MD-2024-0343 Perioada de desf\u0103\u0219urare: 01.09.2025 \u2013 31.08.2027 Descriere: Proiectul LAIS-3E \u00ee\u0219i propune s\u0103 investigheze modul \u00een care inteligen\u021ba artificial\u0103 \u0219i tehnologiile inteligente pot contribui la transformarea sustenabil\u0103 a sistemului Energie\u2013Mediu\u2013Economie (3E). Printr-o abordare integrat\u0103, proiectul analizeaz\u0103 [&hellip;]<\/p>\n","protected":false},"author":1,"featured_media":0,"parent":0,"menu_order":0,"comment_status":"closed","ping_status":"closed","template":"","meta":{"footnotes":""},"class_list":["post-11","page","type-page","status-publish","hentry"],"_links":{"self":[{"href":"https:\/\/grants.ulbsibiu.ro\/lais3e\/wp-json\/wp\/v2\/pages\/11","targetHints":{"allow":["GET"]}}],"collection":[{"href":"https:\/\/grants.ulbsibiu.ro\/lais3e\/wp-json\/wp\/v2\/pages"}],"about":[{"href":"https:\/\/grants.ulbsibiu.ro\/lais3e\/wp-json\/wp\/v2\/types\/page"}],"author":[{"embeddable":true,"href":"https:\/\/grants.ulbsibiu.ro\/lais3e\/wp-json\/wp\/v2\/users\/1"}],"replies":[{"embeddable":true,"href":"https:\/\/grants.ulbsibiu.ro\/lais3e\/wp-json\/wp\/v2\/comments?post=11"}],"version-history":[{"count":22,"href":"https:\/\/grants.ulbsibiu.ro\/lais3e\/wp-json\/wp\/v2\/pages\/11\/revisions"}],"predecessor-version":[{"id":159,"href":"https:\/\/grants.ulbsibiu.ro\/lais3e\/wp-json\/wp\/v2\/pages\/11\/revisions\/159"}],"wp:attachment":[{"href":"https:\/\/grants.ulbsibiu.ro\/lais3e\/wp-json\/wp\/v2\/media?parent=11"}],"curies":[{"name":"wp","href":"https:\/\/api.w.org\/{rel}","templated":true}]}}