{"id":42,"date":"2025-05-11T05:08:22","date_gmt":"2025-05-11T05:08:22","guid":{"rendered":"https:\/\/grants.ulbsibiu.ro\/inovapractica\/?page_id=42"},"modified":"2025-05-11T05:15:04","modified_gmt":"2025-05-11T05:15:04","slug":"despre-2","status":"publish","type":"page","link":"https:\/\/grants.ulbsibiu.ro\/inovapractica\/despre-2\/","title":{"rendered":"Despre"},"content":{"rendered":"\n<p><\/p>\n\n\n\n<p><\/p>\n\n\n\n<figure class=\"wp-block-image alignwide size-full\"><img loading=\"lazy\" decoding=\"async\" width=\"986\" height=\"122\" src=\"https:\/\/grants.ulbsibiu.ro\/inovapractica\/wp-content\/uploads\/Sigle-2.png\" alt=\"\" class=\"wp-image-73\" srcset=\"https:\/\/grants.ulbsibiu.ro\/inovapractica\/wp-content\/uploads\/Sigle-2.png 986w, https:\/\/grants.ulbsibiu.ro\/inovapractica\/wp-content\/uploads\/Sigle-2-300x37.png 300w, https:\/\/grants.ulbsibiu.ro\/inovapractica\/wp-content\/uploads\/Sigle-2-768x95.png 768w\" sizes=\"auto, (max-width: 986px) 100vw, 986px\" \/><\/figure>\n\n\n\n<p><strong>Program: <\/strong>\u201eProgramul Educa\u021bie \u0219i Ocupare\u201c<\/p>\n\n\n\n<p><strong>Prioritate<\/strong><strong>: P07 <\/strong>\u201eCre\u0219terea calit\u0103\u021bii ofertei de educa\u021bie si formare profesional\u0103 pentru asigurarea echit\u0103\u021bii sistemului si o mai bun\u0103 adaptare la dinamica pie\u021bei muncii \u0219i la provoc\u0103rile inov\u0103rii \u0219i progresului tehnologic\u201d<\/p>\n\n\n\n<p><strong>Obiectiv<\/strong><strong> specific: ESO4.5<\/strong>. \u201e\u00cembun\u0103t\u0103\u021birea calit\u0103\u021bii, a caracterului incluziv, a eficacit\u0103\u021bii \u0219i a relevan\u021bei sistemelor de educa\u021bie \u0219i formare pentru pia\u021ba muncii, inclusiv prin validarea \u00eenv\u0103\u021b\u0103rii non-formale \u0219i informale, pentru a sprijini dob\u00e2ndirea de competen\u021be-cheie, inclusiv de competen\u021be de antreprenoriat \u0219i digitale, precum \u0219i prin promovarea introducerii sistemelor de formare dual\u0103 \u0219i a sistemelor de ucenicie (FSE+)\u201d<\/p>\n\n\n\n<p>Promovarea dezvolt\u0103rii programelor de studii ter\u021biare de \u00eenalt\u0103 calitate, flexibile \u0219i corelate cu cerin\u021bele pie\u021bei muncii &#8211; STAGII STUDEN\u021aI\u201c<\/p>\n\n\n\n<p>Cod proiect:&nbsp; <strong>PEO\/71\/PEO_P7\/OP4\/ESO4.5\/PEO_A49<\/strong><\/p>\n\n\n\n<p>Titlul proiectului<strong>:&nbsp; <\/strong><strong>INOVA- \u201e<\/strong><strong>Stagii<\/strong><strong> de <\/strong><strong>practic\u0103<\/strong><strong> <\/strong><strong>\u0219i<\/strong><strong> <\/strong><strong>programe<\/strong><strong> de internship de <\/strong><strong>\u00eenalt\u0103<\/strong><strong> <\/strong><strong>calitate<\/strong><strong>, <\/strong><strong>flexibile<\/strong><strong> <\/strong><strong>\u0219i<\/strong><strong> corelate cu <\/strong><strong>cerin\u021bele<\/strong><strong> <\/strong><strong>pie\u021bei<\/strong><strong> <\/strong><strong>muncii<\/strong><strong><em>\u201d<\/em><\/strong><\/p>\n\n\n\n<p><strong>Beneficiar<\/strong><strong>:&nbsp; <\/strong>Universitatea \u201eLucian Blaga\u201d din Sibiu<\/p>\n\n\n\n<p><strong>Perioada<\/strong><strong> de <\/strong><strong>implementare<\/strong><strong>: <\/strong>01.02.2025 &#8211; 31.01.2027<\/p>\n\n\n\n<p><\/p>\n","protected":false},"excerpt":{"rendered":"<p>Program: \u201eProgramul Educa\u021bie \u0219i Ocupare\u201c Prioritate: P07 \u201eCre\u0219terea calit\u0103\u021bii ofertei de educa\u021bie si formare profesional\u0103 pentru asigurarea echit\u0103\u021bii sistemului si o mai bun\u0103 adaptare la dinamica pie\u021bei muncii \u0219i la provoc\u0103rile inov\u0103rii \u0219i progresului tehnologic\u201d Obiectiv specific: ESO4.5. \u201e\u00cembun\u0103t\u0103\u021birea calit\u0103\u021bii, a caracterului incluziv, a eficacit\u0103\u021bii \u0219i a relevan\u021bei sistemelor de educa\u021bie \u0219i formare pentru pia\u021ba [&hellip;]<\/p>\n","protected":false},"author":1,"featured_media":0,"parent":0,"menu_order":0,"comment_status":"closed","ping_status":"closed","template":"","meta":{"site-sidebar-layout":"default","site-content-layout":"","ast-site-content-layout":"","site-content-style":"default","site-sidebar-style":"default","ast-global-header-display":"","ast-banner-title-visibility":"","ast-main-header-display":"","ast-hfb-above-header-display":"","ast-hfb-below-header-display":"","ast-hfb-mobile-header-display":"","site-post-title":"disabled","ast-breadcrumbs-content":"","ast-featured-img":"","footer-sml-layout":"","theme-transparent-header-meta":"","adv-header-id-meta":"","stick-header-meta":"","header-above-stick-meta":"","header-main-stick-meta":"","header-below-stick-meta":"","astra-migrate-meta-layouts":"default","ast-page-background-enabled":"default","ast-page-background-meta":{"desktop":{"background-color":"var(--ast-global-color-5)","background-image":"","background-repeat":"repeat","background-position":"center center","background-size":"auto","background-attachment":"scroll","background-type":"","background-media":"","overlay-type":"","overlay-color":"","overlay-opacity":"","overlay-gradient":""},"tablet":{"background-color":"","background-image":"","background-repeat":"repeat","background-position":"center center","background-size":"auto","background-attachment":"scroll","background-type":"","background-media":"","overlay-type":"","overlay-color":"","overlay-opacity":"","overlay-gradient":""},"mobile":{"background-color":"","background-image":"","background-repeat":"repeat","background-position":"center center","background-size":"auto","background-attachment":"scroll","background-type":"","background-media":"","overlay-type":"","overlay-color":"","overlay-opacity":"","overlay-gradient":""}},"ast-content-background-meta":{"desktop":{"background-color":"var(--ast-global-color-4)","background-image":"","background-repeat":"repeat","background-position":"center center","background-size":"auto","background-attachment":"scroll","background-type":"","background-media":"","overlay-type":"","overlay-color":"","overlay-opacity":"","overlay-gradient":""},"tablet":{"background-color":"var(--ast-global-color-4)","background-image":"","background-repeat":"repeat","background-position":"center center","background-size":"auto","background-attachment":"scroll","background-type":"","background-media":"","overlay-type":"","overlay-color":"","overlay-opacity":"","overlay-gradient":""},"mobile":{"background-color":"var(--ast-global-color-4)","background-image":"","background-repeat":"repeat","background-position":"center center","background-size":"auto","background-attachment":"scroll","background-type":"","background-media":"","overlay-type":"","overlay-color":"","overlay-opacity":"","overlay-gradient":""}},"footnotes":""},"class_list":["post-42","page","type-page","status-publish","hentry"],"_links":{"self":[{"href":"https:\/\/grants.ulbsibiu.ro\/inovapractica\/wp-json\/wp\/v2\/pages\/42","targetHints":{"allow":["GET"]}}],"collection":[{"href":"https:\/\/grants.ulbsibiu.ro\/inovapractica\/wp-json\/wp\/v2\/pages"}],"about":[{"href":"https:\/\/grants.ulbsibiu.ro\/inovapractica\/wp-json\/wp\/v2\/types\/page"}],"author":[{"embeddable":true,"href":"https:\/\/grants.ulbsibiu.ro\/inovapractica\/wp-json\/wp\/v2\/users\/1"}],"replies":[{"embeddable":true,"href":"https:\/\/grants.ulbsibiu.ro\/inovapractica\/wp-json\/wp\/v2\/comments?post=42"}],"version-history":[{"count":5,"href":"https:\/\/grants.ulbsibiu.ro\/inovapractica\/wp-json\/wp\/v2\/pages\/42\/revisions"}],"predecessor-version":[{"id":77,"href":"https:\/\/grants.ulbsibiu.ro\/inovapractica\/wp-json\/wp\/v2\/pages\/42\/revisions\/77"}],"wp:attachment":[{"href":"https:\/\/grants.ulbsibiu.ro\/inovapractica\/wp-json\/wp\/v2\/media?parent=42"}],"curies":[{"name":"wp","href":"https:\/\/api.w.org\/{rel}","templated":true}]}}