{"id":14,"date":"2025-03-06T15:32:33","date_gmt":"2025-03-06T15:32:33","guid":{"rendered":"https:\/\/grants.ulbsibiu.ro\/ideolit\/?page_id=14"},"modified":"2025-12-11T10:46:17","modified_gmt":"2025-12-11T10:46:17","slug":"results","status":"publish","type":"page","link":"https:\/\/grants.ulbsibiu.ro\/ideolit\/results\/","title":{"rendered":"Results"},"content":{"rendered":"\n<p class=\"has-medium-font-size\"><strong>[ CONFERENCE PRESENTATIONS ]<\/strong><\/p>\n\n\n\n<pre class=\"wp-block-preformatted has-small-font-size\"><strong>\u2013\u2013<\/strong> <strong>Historical Materialism Paris 2025: Conjurer la catastrophe \/ Combating the Catastrophe <\/strong><em>26th Jun 2025 9:00 - 28th Jun 2025 12:00<\/em>, <a href=\"https:\/\/hmparis.org\/le-programme\/\"><sub><sup>https:\/\/hmparis.org\/le-programme\/<\/sup><\/sub><\/a><br><br><em>Panel: Representing Disaster Nationalism in the East: Literature, Cinema, and Video Games<\/em>, 27th Jun 2025<br>   [1] Stefan Baghiu &amp; Anca Simina Martin \u2013 \u201eDisaster Globalism in Eastern Europe: The Vampires of Post-Communist Cinema and Literature\u201d<br>   [2] Ana Maria Deliu \u2013 \u201eModern Animal\u201d<br>   [3] Andreea Mironescu &amp; Mihai Iov\u0103nel \u2013 \u201eAuschwitz love fiction\u201d<br>   [4] Andrei Nae \u2013 \u201eBlack the Fall\u201d<\/pre>\n\n\n\n<pre class=\"wp-block-preformatted has-small-font-size\"><strong><strong>\u2013\u2013<\/strong> International Conference for the Study of the Novel Third Edition: Ideologies of Popular Fiction in Romania and Beyond: Cultural Functions, Global Circulations<\/strong> <br><em>17th and 18th of October, 2025<\/em>, <a href=\"https:\/\/icsnpuscariu.wordpress.com\/\"><sub><sup>https:\/\/icsnpuscariu.wordpress.com\/<\/sup><\/sub><\/a><br><em><br>Panel: Ideological Functions of Popular Fiction in Post-communist Romania<\/em><br>Chairing: \u0218tefan Baghiu<br>   [5] Mihai Iov\u0103nel (Lucian Blaga University of Sibiu, G. C\u0103linescu Institute of Literary History and Theory), Crime Fiction as a Paradigmatic Form of Post-communism<br>   [6] Anca Simina Martin (Lucian Blaga University of Sibiu), Nationalizing the Vampire in George Baronzi\u2019s Adaptation of Alexandre Dumas p\u00e8re\u2019 Histoire de la dame p\u00e2le<br>   [7] Andrei Nae, Irina Vasile, and Diana Dragomir (Lucian Blaga University of Sibiu, University of Bucharest), Laughing with\/of Trauma: Articulating Womanhood on Postsocialist Romania in Anca Munteanu's Nunt\u0103 \u00een Oa\u015f<br>   [8] Ana-Maria Deliu (Lucian Blaga University of Sibiu), Monsters, Markets and the Novel: The Romanian New Weird<br>   [9] Andreea Mironescu (Lucian Blaga University of Sibiu, Alexandru Ioan Cuza University of Ia\u0219i), Self-Help Postcommunist Literature from Self-Building to State Building<\/pre>\n\n\n\n<p class=\"has-small-font-size\"><\/p>\n\n\n\n<div style=\"height:10px\" aria-hidden=\"true\" class=\"wp-block-spacer\"><\/div>\n\n\n\n<p class=\"has-small-font-size\"><\/p>\n\n\n\n<p style=\"padding-top:0;padding-bottom:0\"><strong>[ ORGANIZED EVENTS ]<\/strong><\/p>\n\n\n\n<p class=\"has-small-font-size\">International Conference for the Study of the Novel Third Edition: Ideologies of Popular Fiction in Romania and Beyond: Cultural Functions, Global Circulations Programme 17-18 October 2025, <a href=\"https:\/\/icsnpuscariu.wordpress.com\/\"><sub><sup>https:\/\/icsnpuscariu.wordpress.com\/<\/sup><\/sub><\/a><\/p>\n\n\n\n<p class=\"has-small-font-size\"><\/p>\n\n\n\n<div style=\"height:10px\" aria-hidden=\"true\" class=\"wp-block-spacer\"><\/div>\n\n\n\n<p class=\"has-small-font-size\"><\/p>\n\n\n\n<p class=\"has-medium-font-size\"><strong>[ PUBLICATIONS ]<\/strong><\/p>\n\n\n\n<p class=\"has-small-font-size\">[1] Anca Simina Martin, Duncan Light, \u201eRepresenting Transylvania and Banat in Vampire Fiction: Speculative and Speculated Geographies in <em>Dracula<\/em> and <em>Vampirul<\/em>\u201d, in <em>Transylvanian Review<\/em>, Vol. XXXIV, No.3, Autumn 2025, pp. 41-64 <br>DOI: <a href=\"https:\/\/doi.org\/10.33993\/TR.2025.3.03\"><sup><sub>https:\/\/doi.org\/10.33993\/TR.2025.3.03<\/sub><\/sup><\/a>, online: <a href=\"https:\/\/centruldestudiitransilvane.ro\/wp-content\/uploads\/2025\/11\/TR_3_2025_Martin-Light.pdf\"><sub><sup>https:\/\/centruldestudiitransilvane.ro\/wp-content\/uploads\/2025\/11\/TR_3_2025_Martin-Light.pdf<\/sup><\/sub><\/a><br><br>[2] Andrei Nae, \u201eRepresenting the Holocaust in <em>Wolfenstein: The New Order<\/em>: Ethics of Play, Thanatopolitics and State of Exception\u201d, in <em>Word and Text A Journal of Literary Studies and Linguistics<\/em>, Vol. XV \u2013 2025, pp. 127-140 <br>online: <a href=\"https:\/\/jlsl.upg-ploiesti.ro\/site_engleza\/documente\/documente\/Arhiva\/Word_and_Text_2025\/08_Nae.pdf\"><sub><sup>https:\/\/jlsl.upg-ploiesti.ro\/site_engleza\/documente\/documente\/Arhiva\/Word_and_Text_2025\/08_Nae.pdf<\/sup><\/sub><\/a><br><br>[3] Mihai Iov\u0103nel, \u201eBibliografia pseudotraducerilor de roman \u00een postcomunismul rom\u00e2nesc (1990\u20132004)\u201d, in <em>Dacoromania Litteraria<\/em>, no. 12, 2025, pp. 305-321.<br><br>[4] Mihai Iov\u0103nel, \u201ePostcomunismul ca<em> genre<\/em>: de la istoria literatura la istoria realit\u0103\u021bii\u201d, in <em>Transilvania<\/em> (accepted).<\/p>\n\n\n\n<p><\/p>\n","protected":false},"excerpt":{"rendered":"<p>[ CONFERENCE PRESENTATIONS ] \u2013\u2013 Historical Materialism Paris 2025: Conjurer la catastrophe \/ Combating the Catastrophe 26th Jun 2025 9:00 &#8211; 28th Jun 2025 12:00, https:\/\/hmparis.org\/le-programme\/Panel: Representing Disaster Nationalism in the East: Literature, Cinema, and Video Games, 27th Jun 2025 [1] Stefan Baghiu &amp; Anca Simina Martin \u2013 \u201eDisaster Globalism in Eastern Europe: The Vampires [&hellip;]<\/p>\n","protected":false},"author":1,"featured_media":0,"parent":0,"menu_order":0,"comment_status":"closed","ping_status":"closed","template":"","meta":{"footnotes":""},"class_list":["post-14","page","type-page","status-publish","hentry"],"_links":{"self":[{"href":"https:\/\/grants.ulbsibiu.ro\/ideolit\/wp-json\/wp\/v2\/pages\/14","targetHints":{"allow":["GET"]}}],"collection":[{"href":"https:\/\/grants.ulbsibiu.ro\/ideolit\/wp-json\/wp\/v2\/pages"}],"about":[{"href":"https:\/\/grants.ulbsibiu.ro\/ideolit\/wp-json\/wp\/v2\/types\/page"}],"author":[{"embeddable":true,"href":"https:\/\/grants.ulbsibiu.ro\/ideolit\/wp-json\/wp\/v2\/users\/1"}],"replies":[{"embeddable":true,"href":"https:\/\/grants.ulbsibiu.ro\/ideolit\/wp-json\/wp\/v2\/comments?post=14"}],"version-history":[{"count":30,"href":"https:\/\/grants.ulbsibiu.ro\/ideolit\/wp-json\/wp\/v2\/pages\/14\/revisions"}],"predecessor-version":[{"id":167,"href":"https:\/\/grants.ulbsibiu.ro\/ideolit\/wp-json\/wp\/v2\/pages\/14\/revisions\/167"}],"wp:attachment":[{"href":"https:\/\/grants.ulbsibiu.ro\/ideolit\/wp-json\/wp\/v2\/media?parent=14"}],"curies":[{"name":"wp","href":"https:\/\/api.w.org\/{rel}","templated":true}]}}