{"id":13,"date":"2025-03-06T15:32:41","date_gmt":"2025-03-06T15:32:41","guid":{"rendered":"https:\/\/grants.ulbsibiu.ro\/ideolit\/?page_id=13"},"modified":"2025-08-04T09:20:19","modified_gmt":"2025-08-04T09:20:19","slug":"events","status":"publish","type":"page","link":"https:\/\/grants.ulbsibiu.ro\/ideolit\/events\/","title":{"rendered":"Conference"},"content":{"rendered":"\n<h1 class=\"wp-block-heading has-large-font-size\" id=\"up\"><strong>IDEOLOGIES OF POPULAR FICTION IN ROMANIA AND BEYOND: Cultural Functions, Global Circulations<\/strong><\/h1>\n\n\n\n<p><em><strong><a href=\"https:\/\/icsnpuscariu.wordpress.com\/\">The International Conference for the Study of the Novel, Third Edition<\/a><\/strong><\/em><\/p>\n\n\n\n<p class=\"has-medium-font-size\"><strong><strong>OCTOBER<\/strong><\/strong> <strong>17-18, 2025<\/strong><\/p>\n\n\n\n<p style=\"font-size:clamp(0.875rem, 0.875rem + ((1vw - 0.2rem) * 0.606), 1rem);\">Sextil Pu\u0219cariu Institute of Linguistics and Literary History, Cluj-Napoca, Romania<\/p>\n\n\n\n<div class=\"wp-block-group has-global-padding is-layout-constrained wp-block-group-is-layout-constrained\">\n<div class=\"wp-block-columns is-layout-flex wp-container-core-columns-is-layout-1 wp-block-columns-is-layout-flex\">\n<div class=\"wp-block-column is-layout-flow wp-block-column-is-layout-flow\" style=\"flex-basis:100%\">\n<blockquote class=\"wp-block-quote is-layout-flow wp-block-quote-is-layout-flow\">\n<p style=\"font-size:clamp(0.875rem, 0.875rem + ((1vw - 0.2rem) * 0.121), 0.9rem);\"><strong>keynote speakers<\/strong> \u2013\u2013\u2013\u2013\u2013\u2013\u2013<br>Clive Bloom, <em>Middlesex University London<\/em><br>Matthieu Letourneux, <em>Universit\u00e9 Paris Nanterre<\/em><\/p>\n<\/blockquote>\n<\/div>\n<\/div>\n\n\n\n<div style=\"height:13px\" aria-hidden=\"true\" class=\"wp-block-spacer\"><\/div>\n<\/div>\n\n\n\n<div class=\"wp-block-buttons alignwide is-content-justification-left is-layout-flex wp-container-core-buttons-is-layout-1 wp-block-buttons-is-layout-flex\">\n<div class=\"wp-block-button has-custom-font-size has-small-font-size\"><a class=\"wp-block-button__link wp-element-button\" href=\"#callforpapers\">call for papers<\/a><\/div>\n\n\n\n<div class=\"wp-block-button has-custom-font-size has-small-font-size\"><a class=\"wp-block-button__link wp-element-button\" href=\"#submission\">submission<\/a><\/div>\n\n\n\n<div class=\"wp-block-button has-custom-font-size has-small-font-size\"><a class=\"wp-block-button__link wp-element-button\" href=\"#registration\">registration<\/a><\/div>\n\n\n\n<div class=\"wp-block-button has-custom-font-size has-small-font-size\"><a class=\"wp-block-button__link wp-element-button\" href=\"#committees\">committees<\/a><\/div>\n<\/div>\n\n\n\n<div style=\"height:10px\" aria-hidden=\"true\" class=\"wp-block-spacer\"><\/div>\n\n\n\n<h3 class=\"wp-block-heading\" id=\"callforpapers\" style=\"font-size:clamp(0.875rem, 0.875rem + ((1vw - 0.2rem) * 1.818), 1.25rem);\">CALL FOR PAPERS<\/h3>\n\n\n\n<div style=\"height:0px\" aria-hidden=\"true\" class=\"wp-block-spacer\"><\/div>\n\n\n\n<blockquote class=\"wp-block-quote is-layout-flow wp-block-quote-is-layout-flow\">\n<p style=\"font-size:0.85rem\"><strong>important dates <\/strong><br>submission deadline \u2013\u2013 15 August 2025<br>notice of acceptance \u2013\u2013 2 September 2025<\/p>\n<\/blockquote>\n\n\n\n<div style=\"height:0px\" aria-hidden=\"true\" class=\"wp-block-spacer\"><\/div>\n\n\n\n<div class=\"wp-block-group has-global-padding is-layout-constrained wp-block-group-is-layout-constrained\">\n<p class=\"has-small-font-size\"><a href=\"https:\/\/icsnpuscariu.wordpress.com\/\"><mark style=\"background-color:#000000\" class=\"has-inline-color has-base-color\">https:\/\/icsnpuscariu.wordpress.com\/<\/mark><\/a><\/p>\n\n\n\n<p class=\"has-small-font-size\">The third edition of the&nbsp;<em>International Conference for the Study of the Novel<\/em>&nbsp;continues the line of inquiry pursued in the previous editions of the conference, with respect to the new methods and analytical tools promoted in contemporary literary studies after the transnational and digital turns. The 2025 edition conference is organised within the framework of the research project&nbsp;<em>Ideological Functions of Popular Literature in Postcommunist Romania<\/em>&nbsp;(IDEOLIT). This project is coordinated by Mihai Iov\u0103nel at Lucian Blaga University of Sibiu, Romania, and analyses how popular and consumer literature captured and engaged with the ideologies of the transition from a communist system to a market-based one. It aims to explore the cultural, political, and economic implications of popular literature \u2013 often referred to as \u201cparaliterature\u201d \u2013 in both national and transnational contexts, but with a focus on peripheral markets of literary consumption.<\/p>\n\n\n\n<p class=\"has-small-font-size\">In the last two decades, scholarly inquiry into popular genres \u2013 including science fiction, fantasy, crime fiction, romance, spy novels, children\u2019s literature, and comics \u2013 has intensified, contributing to a reconsideration of cultural hierarchies and the blurred lines between \u201chigh\u201d and \u201clow\u201d literature. These forms, once relegated to the margins of cultural legitimacy, are now recognised for their complex ideological roles and their ability to reshape literary canons, market dynamics, and cultural identities. This shift reflects broader postmodern debates on the hierarchy of cultural production, as well as the economic rationalities that dominate the neoliberal age, where artistic value is often conflated with market performance.<\/p>\n\n\n\n<p class=\"has-small-font-size\">As Clive Bloom argues in<em>&nbsp;Best-Sellers: Popular Fiction Since 1900<\/em>&nbsp;(2002) and&nbsp;<em>Violent London: 2000 Years of Riots, Rebels and Revolts<\/em>&nbsp;(2010), popular literature serves not only as entertainment but also as a political and sociological artifact, reflecting and refracting the ideologies of its time. Likewise, Matthieu Letourneux\u2019s&nbsp;<em>Fictions \u00e0 la cha\u00eene. Litt\u00e9ratures s\u00e9rielles et culture m\u00e9diatique<\/em>&nbsp;(2017) provides a framework for understanding the seriality, industrial logic, and cultural legitimacy of popular narratives, especially within the Francophone and European traditions.<\/p>\n\n\n\n<p class=\"has-small-font-size\">Popular novel is not only a cultural phenomenon but also a site of economic circulation, institutional negotiation, political representation, epistemic imagination, sociographic reflection, and transnational exchange. The asymmetrical flow of cultural goods \u2013 typically from the Anglo-American \u201ccentre\u201d to semi-peripheral or peripheral markets \u2013 raises important questions about cultural dependency, resistance, and hybridisation. Yet exceptions to this flow, such as the recent global popularity of Nordic noir (see&nbsp;<em>Crime Fiction as World Literature<\/em>), signal the potential for alternative models of circulation and influence.<\/p>\n\n\n\n<p class=\"has-small-font-size\">We invite proposals that address, but are not limited to, the following topics:<\/p>\n\n\n\n<ol class=\"wp-block-list\">\n<li class=\"has-small-font-size\">The competition between subgenres and the transformation of the literary canon.<\/li>\n\n\n\n<li class=\"has-small-font-size\">The cultural economy of popular literature and its market dynamics.<\/li>\n\n\n\n<li class=\"has-small-font-size\">Institutional imaginaries and their literary representations (e.g., the police, gendered labour).<\/li>\n\n\n\n<li class=\"has-small-font-size\">Political dimensions of popular novel: feminism, racial diversity, and ideology in genre fiction.<\/li>\n\n\n\n<li class=\"has-small-font-size\">The epistemic function of speculative genres in relation to science, technology, and futurism.<\/li>\n\n\n\n<li class=\"has-small-font-size\">Class representation and sociographic mapping in popular fiction.<\/li>\n\n\n\n<li class=\"has-small-font-size\">Transnational circulations: literary imports and exports, cultural asymmetries, and translation flows.<\/li>\n\n\n\n<li class=\"has-small-font-size\">Romanian popular novel in comparative, regional, or global frameworks.<\/li>\n<\/ol>\n\n\n\n<p class=\"has-small-font-size\">We welcome proposals from scholars working in literary studies, cultural studies, media studies, sociology, translation studies, and related fields. Contributions focused on the Romanian context, especially in dialogue with global perspectives, are particularly encouraged.<\/p>\n\n\n\n<p class=\"has-small-font-size\">The 2025 edition of the&nbsp;<em>International Conference for the Study of the Novel<\/em>&nbsp;continues the initiative launched in the first edition, and welcomes workshops meant to share the preliminary or final results achieved within research team grants concerned with the formal, thematic, systemic, transnational, quantitative, or digital study of the novel.<\/p>\n\n\n\n<p class=\"has-small-font-size\"><strong>\u2013\u2013 organizers:&nbsp;<\/strong>Sextil Pu\u0219cariu Institute of Linguistics and Literary History, Romanian Academy, Cluj-Napoca Branch; Lucian Blaga University of Sibiu, Faculty of Letters and Arts (PN-IV-P2-2.1-TE-2023-1275, within PNCDI IV).<\/p>\n\n\n\n<p class=\"has-small-font-size\"><strong>\u2013\u2013 location:&nbsp;<\/strong>Sextil Pu\u0219cariu Institute of Linguistics and Literary History, 21 Emil Racovi\u021b\u0103 St., Cluj-Napoca, Romania<\/p>\n\n\n\n<details class=\"wp-block-details has-small-font-size is-layout-flow wp-block-details-is-layout-flow\"><summary><strong>further reading:<\/strong><\/summary>\n<p>Baghiu, Stefan, and Anca Simina Martin. 2024.&nbsp;&#8220;The Transmedial Triangulation of Dracula: How Cinema Turned the Gothic Bloodsucker into a Gothicized Serial Killer.&#8221;&nbsp;<em>Nature Humanities and Social Sciences Communications<\/em>&nbsp;11, no. 1015, online: https:\/\/www.nature.com\/articles\/s41599-024-03531-2<br>&nbsp;<br>Berberich, Christine, ed. 2014.&nbsp;<em>The Bloomsbury Introduction to Popular Fiction<\/em>. London\u2013New Delhi\u2013New York\u2013Sydney: Bloomsbury Academic.<br><br>Bloom, Clive. 2021.&nbsp;<em>Bestsellers: Popular Fiction Since 1900<\/em>, 3rd ed. Cham: Palgrave Macmillan.<br><br>Bloom, Clive. 2010.&nbsp;<em>Violent London: 2000 Years of Riots, Rebels and Revolts<\/em>.&nbsp;Cham: Palgrave Macmillan.<br><br>Boltanski, Luc. 2014.&nbsp;<em>Mysteries and Conspiracies. Detective Stories, Spy Novels and the Making of Modern Societies<\/em>. Translated by Catherine Porter. Cambridge: Polity Press.<br><br>Bordwell, David. 2023.<em>&nbsp;Perplexing Plots: Popular Storytelling and the Poetics of Murder<\/em>. New York: Columbia University Press.<br><br>Edwards, Martin. 2022.&nbsp;<em>The Life of Crime. Detecting the History of Mysteries and Their Creators<\/em>. London: HarperCollins UK.<br><br>Frantz, Sarah S.G., and Eric Murphy Selinger. 2012.&nbsp;<em>New Approaches to Popular Romance Fiction<\/em>. Jefferson, North Carolina: McFarland &amp; Company, Inc.<br><br>Iov\u0103nel, Mihai. 2021.&nbsp;<em>Istoria literaturii rom\u00e2ne contemporane: 1990\u20132020<\/em>. Ia\u0219i: Polirom.<br>Leith, Sam. 2024.&nbsp;<em>The Haunted Wood: A History of Childhood Reading<\/em>. Toronto: Sutherland House Books.<br><br>Letourneux, Matthieu. 2017.&nbsp;<em>Fictions \u00e0 la cha\u00eene. Litt\u00e9ratures s\u00e9rielles et culture m\u00e9diatique<\/em>. Paris: Seuil.<br><br>Levine, Caroline. 2015.&nbsp;<em>Forms. Whole, Rhythm, Hierarchies, Networks<\/em>. Princeton: Princeton University Press.<br><br>Moraru, Christian. 2024.&nbsp;<em>Flat Aesthetics: Twenty-First-Century American Fiction and the Making of the Contemporary<\/em>. London: Bloomsbury Academic.<br><br>Moretti, Franco. 2013.&nbsp;<em>Distant Reading<\/em>. London: Verso.<br><br>Nilsson, Louise, David Damrosch, Theo D\u2019haen, eds. 2017.&nbsp;<em>Crime Fiction as World Literature<\/em>. New York: Bloomsbuy Academic, 2017.<br><br>Roberts, Adam. 2025.&nbsp;<em>Fantasy: A Short History<\/em>, London\u2013New York\u2013Oxford\u2013New Delhi\u2013Sydney: Bloomsbury Academic.<br><br>Terian, Andrei. 2019.&nbsp;&#8220;Istoria literar\u0103 \u0219i analiza cantitativ\u0103. Un studiu al pie\u021bei de carte actuale din Rom\u00e2nia.&#8221; In&nbsp;<em>Exploring the Digital Turn<\/em>, edited by&nbsp;Anca-Diana Bibiri, Camelia Gr\u0103dinaru, Emanuel Grosu, Andreea Mironescu, and Roxana Patra\u0219, pp. 33\u201343. Ia\u0219i: Editura Universit\u0103\u021bii&nbsp;&#8220;Al. I. Cuza.&#8221;<br><\/p>\n<\/details>\n<\/div>\n\n\n\n<div class=\"wp-block-buttons is-content-justification-right is-layout-flex wp-container-core-buttons-is-layout-2 wp-block-buttons-is-layout-flex\" style=\"margin-top:0;margin-bottom:0;padding-top:0;padding-bottom:0\">\n<div class=\"wp-block-button has-custom-font-size is-style-fill has-small-font-size\"><a class=\"wp-block-button__link wp-element-button\" href=\"#up\"><strong>^^<\/strong><\/a><\/div>\n<\/div>\n\n\n\n<h3 class=\"wp-block-heading\" id=\"submission\" style=\"font-size:clamp(0.875rem, 0.875rem + ((1vw - 0.2rem) * 1.818), 1.25rem);\">SUBMISSION<\/h3>\n\n\n\n<p style=\"font-size:0.85rem\">Please send an <strong>abstract <\/strong>of 300\u2013400 words, along with a short <strong>biographical note <\/strong>(maximum 150 words).<\/p>\n\n\n\n<p style=\"font-size:0.85rem\"><strong>The working languages of the conference are <\/strong>English, French, and Romanian.<\/p>\n\n\n\n<p style=\"font-size:0.85rem\"><strong>\u2013\u2013 important dates: <\/strong><br>submission deadline \u2013\u2013 15 August 2025<br>notice of acceptance \u2013\u2013 2 September 2025<\/p>\n\n\n\n<p style=\"font-size:0.85rem\"><strong>\u2013\u2013 submission address <strong>and guidelines<\/strong>:<\/strong> icsn.proposals@gmail.com<br><br><strong>\u2013\u2013 contact information:<\/strong> <br> . Mihai Iov\u0103nel<br> \u2013\u2013 researcher, Lucian Blaga University of Sibiu, Faculty of Letters and Arts<br> (PN-IV-P2-2.1-TE-2023-1275, within PNCDI IV) <br> . \u0218tefan Baghiu<br> \u2013\u2013 lecturer, Lucian Blaga University of Sibiu, Faculty of Letters and Arts&nbsp;<\/p>\n\n\n\n<div class=\"wp-block-buttons is-content-justification-right is-layout-flex wp-container-core-buttons-is-layout-3 wp-block-buttons-is-layout-flex\" style=\"margin-top:0;margin-bottom:0;padding-top:0;padding-bottom:0\">\n<div class=\"wp-block-button has-custom-font-size is-style-fill has-small-font-size\"><a class=\"wp-block-button__link wp-element-button\" href=\"#up\"><strong>^^<\/strong><\/a><\/div>\n<\/div>\n\n\n\n<h3 class=\"wp-block-heading\" id=\"registration\" style=\"font-size:clamp(0.875rem, 0.875rem + ((1vw - 0.2rem) * 1.818), 1.25rem);\">REGISTRATION &amp; FEES<\/h3>\n\n\n\n<p style=\"font-size:0.85rem\"><strong>\u2013\u2013 regular registration fees: <\/strong>50 Euros<br><strong>\u2013\u2013 PhD students and early-career researchers under 26: <\/strong>30 Euros<br><\/p>\n\n\n\n<p style=\"font-size:0.85rem\">Further details regarding payment methods to be established.<br><\/p>\n\n\n\n<div class=\"wp-block-buttons is-content-justification-right is-layout-flex wp-container-core-buttons-is-layout-4 wp-block-buttons-is-layout-flex\" style=\"margin-top:0;margin-bottom:0;padding-top:0;padding-bottom:0\">\n<div class=\"wp-block-button has-custom-font-size is-style-fill has-small-font-size\"><a class=\"wp-block-button__link wp-element-button\" href=\"#up\"><strong>^^<\/strong><\/a><\/div>\n<\/div>\n\n\n\n<h3 class=\"wp-block-heading\" id=\"committees\" style=\"font-size:clamp(0.875rem, 0.875rem + ((1vw - 0.2rem) * 1.818), 1.25rem);\">COMMITTEES<\/h3>\n\n\n\n<p style=\"font-size:0.75rem\"><strong>\u2013\u2013 main organizer:<\/strong><br>Sextil Pu\u0219cariu Institute of Linguistics and Literary History, Cluj-Napoca<\/p>\n\n\n\n<p style=\"font-size:0.75rem\"><strong>\u2013\u2013 partners:<\/strong><br>Babe\u0219-Bolyai University, Cluj-Napoca<br>Lucian Blaga University of Sibiu<\/p>\n\n\n\n<p style=\"font-size:0.75rem\"><strong>\u2013\u2013 organizing committee <strong>of The International Conference for the Study of the Novel<\/strong>:<\/strong><br>Cosmin Borza [<em>Sextil Pu\u0219cariu Institute of Linguistics and Literary History, Cluj-Napoca<\/em>]<br>Liliana Burlacu&nbsp;[<em>Sextil Pu\u0219cariu Institute of Linguistics and Literary History, Cluj-Napoca<\/em>]<br>Daiana G\u00e2rdan [<em>Sextil Pu\u0219cariu Institute of Linguistics and Literary History, Cluj-Napoca<\/em>]<br>Emanuel Modoc&nbsp;[<em>Sextil Pu\u0219cariu Institute of Linguistics and Literary History, Cluj-Napoca<\/em>]<br>Magda W\u00e4chter&nbsp;[<em>Sextil Pu\u0219cariu Institute of Linguistics and Literary History, Cluj-Napoca<\/em>]<\/p>\n\n\n\n<p style=\"font-size:0.75rem\"><strong>\u2013\u2013 organizing committee <strong>of <strong>the third edition:<\/strong><\/strong><\/strong><br>Ana-Maria Deliu [<em>Lucian Blaga University of Sibiu<\/em>]<br>Mihai Iov\u0103nel [<em>Lucian Blaga University of Sibiu \/ G. C\u0103linescu Institute of Literary History and Theory, Bucharest<\/em>]<br>Anca Simina Martin [<em>Lucian Blaga University of Sibiu<\/em>]<br>Andreea Mironescu [<em>Lucian Blaga University of Sibiu \/ Alexandru Ioan Cuza University of Ia\u0219i<\/em>]<br>Andrei Nae [<em>Lucian Blaga University of Sibiu \/ University of Bucharest<\/em>]<\/p>\n\n\n\n<p style=\"font-size:0.75rem\"><strong>\u2013\u2013 scientific committee:<\/strong><br>\u0218tefan Baghiu [<em>Lucian Blaga University of Sibiu<\/em>]<br>Paul Cernat [<em>University of Bucharest<\/em>]<br>Dan Cepraga [<em>University of Padua, Italy<\/em>]<br>C\u00e9cile Folschweiller [<em>INALCO, Paris<\/em>]<br>Alex Goldi\u0219 [<em>Babes-Bolyai University, Cluj-Napoca<\/em>]<br>Mihai Iov\u0103nel [<em>Lucian Blaga University of Sibiu \/ G. C\u0103linescu Institute of Literary History and Theory, Bucharest<\/em>]<br>Angelo Mitchievici [<em>Ovidius University of Constan\u021ba<\/em>]<br>Roxana Patra\u0219 [<em>Alexandru Ioan Cuza University of Ia\u0219i<\/em>]<br>Cristoph Sch\u00f6ch [<em>Trier Center for Digital Humanities, Germania<\/em>]<br>Andrei Terian [<em>Lucian Blaga University of Sibiu<\/em>]<br>C\u0103lin Teuti\u0219an [<em>Babes-Bolyai University, Cluj-Napoca<\/em>]<br>Adrian Tudurachi [<em>Sextil Pu\u0219cariu Institute of Linguistics and Literary History, Cluj-Napoca<\/em>]<br>Mihaela Ursa [<em>Babes-Bolyai University, Cluj-Napoca<\/em>]<br><\/p>\n\n\n\n<div class=\"wp-block-buttons is-content-justification-right is-layout-flex wp-container-core-buttons-is-layout-5 wp-block-buttons-is-layout-flex\" style=\"margin-top:0;margin-bottom:0;padding-top:0;padding-bottom:0\">\n<div class=\"wp-block-button has-custom-font-size is-style-fill has-small-font-size\"><a class=\"wp-block-button__link wp-element-button\" href=\"#up\"><strong>^^<\/strong><\/a><\/div>\n<\/div>\n","protected":false},"excerpt":{"rendered":"<p>IDEOLOGIES OF POPULAR FICTION IN ROMANIA AND BEYOND: Cultural Functions, Global Circulations The International Conference for the Study of the Novel, Third Edition OCTOBER 17-18, 2025 Sextil Pu\u0219cariu Institute of Linguistics and Literary History, Cluj-Napoca, Romania keynote speakers \u2013\u2013\u2013\u2013\u2013\u2013\u2013Clive Bloom, Middlesex University LondonMatthieu Letourneux, Universit\u00e9 Paris Nanterre CALL FOR PAPERS important dates submission deadline \u2013\u2013 [&hellip;]<\/p>\n","protected":false},"author":1,"featured_media":0,"parent":0,"menu_order":0,"comment_status":"closed","ping_status":"closed","template":"","meta":{"footnotes":""},"class_list":["post-13","page","type-page","status-publish","hentry"],"_links":{"self":[{"href":"https:\/\/grants.ulbsibiu.ro\/ideolit\/wp-json\/wp\/v2\/pages\/13","targetHints":{"allow":["GET"]}}],"collection":[{"href":"https:\/\/grants.ulbsibiu.ro\/ideolit\/wp-json\/wp\/v2\/pages"}],"about":[{"href":"https:\/\/grants.ulbsibiu.ro\/ideolit\/wp-json\/wp\/v2\/types\/page"}],"author":[{"embeddable":true,"href":"https:\/\/grants.ulbsibiu.ro\/ideolit\/wp-json\/wp\/v2\/users\/1"}],"replies":[{"embeddable":true,"href":"https:\/\/grants.ulbsibiu.ro\/ideolit\/wp-json\/wp\/v2\/comments?post=13"}],"version-history":[{"count":22,"href":"https:\/\/grants.ulbsibiu.ro\/ideolit\/wp-json\/wp\/v2\/pages\/13\/revisions"}],"predecessor-version":[{"id":141,"href":"https:\/\/grants.ulbsibiu.ro\/ideolit\/wp-json\/wp\/v2\/pages\/13\/revisions\/141"}],"wp:attachment":[{"href":"https:\/\/grants.ulbsibiu.ro\/ideolit\/wp-json\/wp\/v2\/media?parent=13"}],"curies":[{"name":"wp","href":"https:\/\/api.w.org\/{rel}","templated":true}]}}