{"id":188,"date":"2024-11-24T10:02:20","date_gmt":"2024-11-24T10:02:20","guid":{"rendered":"https:\/\/grants.ulbsibiu.ro\/ferbopo\/?page_id=188"},"modified":"2026-04-16T21:23:51","modified_gmt":"2026-04-16T21:23:51","slug":"team","status":"publish","type":"page","link":"https:\/\/grants.ulbsibiu.ro\/ferbopo\/team\/","title":{"rendered":"FERBOPO Team"},"content":{"rendered":"<div class='rt-container-fluid rt-team-container rt-pos-r rt-team-container-190' id='rt-team-container-3489403507'  data-layout='layout1' data-desktop-col='3'  data-tab-col='3'  data-mobile-col='3' data-sc-id='190' data-popup-bg=''><div data-title='Loading ...' class='rt-row rt-content-loader layout1 ttp-even ttp-pre-loader'><div class=\"rt-col-md-4 rt-col-sm-4 rt-col-xs-4  even-grid-item rt-grid-item\" data-id=\"160\"><div class=\"single-team-area\"><div class=\"single-team\"><figure><a class=\"\" data-id=\"160\" target=\"_self\" href=\"https:\/\/grants.ulbsibiu.ro\/ferbopo\/team\/lavinia-stan\/\"><img loading=\"lazy\" decoding=\"async\" width=\"400\" height=\"400\" src=\"https:\/\/grants.ulbsibiu.ro\/ferbopo\/wp-content\/uploads\/Lavinia-STAN.jpg\" class=\"img-responsive rt-team-img\" alt=\"Lavinia STAN\" \/><\/a><\/figure><\/div><div class=\"tlp-content\"><h3><span class=\"team-name\"><a class=\"\" data-id=\"160\" target=\"_self\" title=\"Lavinia STAN\" href=\"https:\/\/grants.ulbsibiu.ro\/ferbopo\/team\/lavinia-stan\/\">Lavinia STAN<\/a><\/span><\/h3><\/div><div class=\"social-icons\"><a href=\"https:\/\/ca.linkedin.com\/in\/lavinia-stan-240859a\" title=\"linkedin\" target=\"_blank\"><i class=\"fab fa-linkedin\"><\/i><\/a><\/div><div class=\"readmore-btn hirme-resume\"><\/div><div class=\"readmore-btn tlp-readmore-button\"><a class=\"rt-ream-me-btn\" data-id=\"160\" target=\"_self\" title=\"Lavinia STAN\" href=\"https:\/\/grants.ulbsibiu.ro\/ferbopo\/team\/lavinia-stan\/\">Read More<\/a><\/div><\/div><\/div><div class=\"rt-col-md-4 rt-col-sm-4 rt-col-xs-4  even-grid-item rt-grid-item\" data-id=\"164\"><div class=\"single-team-area\"><div class=\"single-team\"><figure><a class=\"\" data-id=\"164\" target=\"_self\" href=\"https:\/\/grants.ulbsibiu.ro\/ferbopo\/team\/ionela-vlase\/\"><img loading=\"lazy\" decoding=\"async\" width=\"716\" height=\"716\" src=\"https:\/\/grants.ulbsibiu.ro\/ferbopo\/wp-content\/uploads\/Ionela-VLASE-1024x1024.jpg\" class=\"img-responsive rt-team-img\" alt=\"Ionela VLASE\" \/><\/a><\/figure><\/div><div class=\"tlp-content\"><h3><span class=\"team-name\"><a class=\"\" data-id=\"164\" target=\"_self\" title=\"Ionela VLASE\" href=\"https:\/\/grants.ulbsibiu.ro\/ferbopo\/team\/ionela-vlase\/\">Ionela VLASE<\/a><\/span><\/h3><\/div><div class=\"readmore-btn hirme-resume\"><\/div><div class=\"readmore-btn tlp-readmore-button\"><a class=\"rt-ream-me-btn\" data-id=\"164\" target=\"_self\" title=\"Ionela VLASE\" href=\"https:\/\/grants.ulbsibiu.ro\/ferbopo\/team\/ionela-vlase\/\">Read More<\/a><\/div><\/div><\/div><div class=\"rt-col-md-4 rt-col-sm-4 rt-col-xs-4  even-grid-item rt-grid-item\" data-id=\"165\"><div class=\"single-team-area\"><div class=\"single-team\"><figure><a class=\"\" data-id=\"165\" target=\"_self\" href=\"https:\/\/grants.ulbsibiu.ro\/ferbopo\/team\/mihaela-herciu\/\"><img loading=\"lazy\" decoding=\"async\" width=\"716\" height=\"716\" src=\"https:\/\/grants.ulbsibiu.ro\/ferbopo\/wp-content\/uploads\/mihaela-herciu-1024x1024.jpg\" class=\"img-responsive rt-team-img\" alt=\"Mihaela HERCIU\" \/><\/a><\/figure><\/div><div class=\"tlp-content\"><h3><span class=\"team-name\"><a class=\"\" data-id=\"165\" target=\"_self\" title=\"Mihaela HERCIU\" href=\"https:\/\/grants.ulbsibiu.ro\/ferbopo\/team\/mihaela-herciu\/\">Mihaela HERCIU<\/a><\/span><\/h3><\/div><div class=\"social-icons\"><a href=\"https:\/\/ro.linkedin.com\/in\/mihaela-herciu-a9574576\" title=\"linkedin\" target=\"_blank\"><i class=\"fab fa-linkedin\"><\/i><\/a><\/div><div class=\"readmore-btn hirme-resume\"><\/div><div class=\"readmore-btn tlp-readmore-button\"><a class=\"rt-ream-me-btn\" data-id=\"165\" target=\"_self\" title=\"Mihaela HERCIU\" href=\"https:\/\/grants.ulbsibiu.ro\/ferbopo\/team\/mihaela-herciu\/\">Read More<\/a><\/div><\/div><\/div><div class=\"rt-col-md-4 rt-col-sm-4 rt-col-xs-4  even-grid-item rt-grid-item\" data-id=\"463\"><div class=\"single-team-area\"><div class=\"single-team\"><figure><a class=\"\" data-id=\"463\" target=\"_self\" href=\"https:\/\/grants.ulbsibiu.ro\/ferbopo\/team\/anca-mandru\/\"><img loading=\"lazy\" decoding=\"async\" width=\"716\" height=\"477\" src=\"https:\/\/grants.ulbsibiu.ro\/ferbopo\/wp-content\/uploads\/Mandru-Anca_1-klein-1024x682.jpg\" class=\"img-responsive rt-team-img\" alt=\"Anca MANDRU\" \/><\/a><\/figure><\/div><div class=\"tlp-content\"><h3><span class=\"team-name\"><a class=\"\" data-id=\"463\" target=\"_self\" title=\"Anca MANDRU\" href=\"https:\/\/grants.ulbsibiu.ro\/ferbopo\/team\/anca-mandru\/\">Anca MANDRU<\/a><\/span><\/h3><\/div><div class=\"readmore-btn hirme-resume\"><\/div><div class=\"readmore-btn tlp-readmore-button\"><a class=\"rt-ream-me-btn\" data-id=\"463\" target=\"_self\" title=\"Anca MANDRU\" href=\"https:\/\/grants.ulbsibiu.ro\/ferbopo\/team\/anca-mandru\/\">Read More<\/a><\/div><\/div><\/div><div class=\"rt-col-md-4 rt-col-sm-4 rt-col-xs-4  even-grid-item rt-grid-item\" data-id=\"483\"><div class=\"single-team-area\"><div class=\"single-team\"><figure><a class=\"\" data-id=\"483\" target=\"_self\" href=\"https:\/\/grants.ulbsibiu.ro\/ferbopo\/team\/greta-timea-biro\/\"><img loading=\"lazy\" decoding=\"async\" width=\"716\" height=\"716\" src=\"https:\/\/grants.ulbsibiu.ro\/ferbopo\/wp-content\/uploads\/Greta-Biro.jpg\" class=\"img-responsive rt-team-img\" alt=\"Gr\u00e9ta T\u00edmea BIR\u00d3\" \/><\/a><\/figure><\/div><div class=\"tlp-content\"><h3><span class=\"team-name\"><a class=\"\" data-id=\"483\" target=\"_self\" title=\"Gr\u00e9ta T\u00edmea BIR\u00d3\" href=\"https:\/\/grants.ulbsibiu.ro\/ferbopo\/team\/greta-timea-biro\/\">Gr\u00e9ta T\u00edmea BIR\u00d3<\/a><\/span><\/h3><\/div><div class=\"readmore-btn hirme-resume\"><\/div><div class=\"readmore-btn tlp-readmore-button\"><a class=\"rt-ream-me-btn\" data-id=\"483\" target=\"_self\" title=\"Gr\u00e9ta T\u00edmea BIR\u00d3\" href=\"https:\/\/grants.ulbsibiu.ro\/ferbopo\/team\/greta-timea-biro\/\">Read More<\/a><\/div><\/div><\/div><div class=\"rt-col-md-4 rt-col-sm-4 rt-col-xs-4  even-grid-item rt-grid-item\" data-id=\"484\"><div class=\"single-team-area\"><div class=\"single-team\"><figure><a class=\"\" data-id=\"484\" target=\"_self\" href=\"https:\/\/grants.ulbsibiu.ro\/ferbopo\/team\/stefan-morar\/\"><img loading=\"lazy\" decoding=\"async\" width=\"716\" height=\"861\" src=\"https:\/\/grants.ulbsibiu.ro\/ferbopo\/wp-content\/uploads\/SM_TMR.jpeg\" class=\"img-responsive rt-team-img\" alt=\"\u0218tefan MORAR\" \/><\/a><\/figure><\/div><div class=\"tlp-content\"><h3><span class=\"team-name\"><a class=\"\" data-id=\"484\" target=\"_self\" title=\"\u0218tefan MORAR\" href=\"https:\/\/grants.ulbsibiu.ro\/ferbopo\/team\/stefan-morar\/\">\u0218tefan MORAR<\/a><\/span><\/h3><\/div><div class=\"readmore-btn hirme-resume\"><\/div><div class=\"readmore-btn tlp-readmore-button\"><a class=\"rt-ream-me-btn\" data-id=\"484\" target=\"_self\" title=\"\u0218tefan MORAR\" href=\"https:\/\/grants.ulbsibiu.ro\/ferbopo\/team\/stefan-morar\/\">Read More<\/a><\/div><\/div><\/div><div class=\"rt-col-md-4 rt-col-sm-4 rt-col-xs-4  even-grid-item rt-grid-item\" data-id=\"488\"><div class=\"single-team-area\"><div class=\"single-team\"><figure><a class=\"\" data-id=\"488\" target=\"_self\" href=\"https:\/\/grants.ulbsibiu.ro\/ferbopo\/team\/diane-vancea\/\"><img loading=\"lazy\" decoding=\"async\" width=\"716\" height=\"716\" src=\"https:\/\/grants.ulbsibiu.ro\/ferbopo\/wp-content\/uploads\/Diane-Vancea-1024x1024.jpeg\" class=\"img-responsive rt-team-img\" alt=\"Diane Paula Corina VANCEA\" \/><\/a><\/figure><\/div><div class=\"tlp-content\"><h3><span class=\"team-name\"><a class=\"\" data-id=\"488\" target=\"_self\" title=\"Diane Paula Corina VANCEA\" href=\"https:\/\/grants.ulbsibiu.ro\/ferbopo\/team\/diane-vancea\/\">Diane Paula Corina VANCEA<\/a><\/span><\/h3><\/div><div class=\"readmore-btn hirme-resume\"><\/div><div class=\"readmore-btn tlp-readmore-button\"><a class=\"rt-ream-me-btn\" data-id=\"488\" target=\"_self\" title=\"Diane Paula Corina VANCEA\" href=\"https:\/\/grants.ulbsibiu.ro\/ferbopo\/team\/diane-vancea\/\">Read More<\/a><\/div><\/div><\/div><div class=\"rt-col-md-4 rt-col-sm-4 rt-col-xs-4  even-grid-item rt-grid-item\" data-id=\"490\"><div class=\"single-team-area\"><div class=\"single-team\"><figure><a class=\"\" data-id=\"490\" target=\"_self\" href=\"https:\/\/grants.ulbsibiu.ro\/ferbopo\/team\/ruxandra-gubernat\/\"><img loading=\"lazy\" decoding=\"async\" width=\"716\" height=\"716\" src=\"https:\/\/grants.ulbsibiu.ro\/ferbopo\/wp-content\/uploads\/ruxandra-gubernat-1024x1024.jpg\" class=\"img-responsive rt-team-img\" alt=\"Ruxandra GUBERNAT\" \/><\/a><\/figure><\/div><div class=\"tlp-content\"><h3><span class=\"team-name\"><a class=\"\" data-id=\"490\" target=\"_self\" title=\"Ruxandra GUBERNAT\" href=\"https:\/\/grants.ulbsibiu.ro\/ferbopo\/team\/ruxandra-gubernat\/\">Ruxandra GUBERNAT<\/a><\/span><\/h3><\/div><div class=\"readmore-btn hirme-resume\"><\/div><div class=\"readmore-btn tlp-readmore-button\"><a class=\"rt-ream-me-btn\" data-id=\"490\" target=\"_self\" title=\"Ruxandra GUBERNAT\" href=\"https:\/\/grants.ulbsibiu.ro\/ferbopo\/team\/ruxandra-gubernat\/\">Read More<\/a><\/div><\/div><\/div><div class=\"rt-col-md-4 rt-col-sm-4 rt-col-xs-4  even-grid-item rt-grid-item\" data-id=\"493\"><div class=\"single-team-area\"><div class=\"single-team\"><figure><a class=\"\" data-id=\"493\" target=\"_self\" href=\"https:\/\/grants.ulbsibiu.ro\/ferbopo\/team\/mihaela-ivanescu\/\"><img loading=\"lazy\" decoding=\"async\" width=\"186\" height=\"330\" src=\"https:\/\/grants.ulbsibiu.ro\/ferbopo\/wp-content\/uploads\/Mihaela-IVANESCU.jpg\" class=\"img-responsive rt-team-img\" alt=\"Mihaela IV\u0102NESCU\u00a0\" \/><\/a><\/figure><\/div><div class=\"tlp-content\"><h3><span class=\"team-name\"><a class=\"\" data-id=\"493\" target=\"_self\" title=\"Mihaela IV\u0102NESCU\u00a0\" href=\"https:\/\/grants.ulbsibiu.ro\/ferbopo\/team\/mihaela-ivanescu\/\">Mihaela IV\u0102NESCU\u00a0<\/a><\/span><\/h3><\/div><div class=\"readmore-btn hirme-resume\"><\/div><div class=\"readmore-btn tlp-readmore-button\"><a class=\"rt-ream-me-btn\" data-id=\"493\" target=\"_self\" title=\"Mihaela IV\u0102NESCU\u00a0\" href=\"https:\/\/grants.ulbsibiu.ro\/ferbopo\/team\/mihaela-ivanescu\/\">Read More<\/a><\/div><\/div><\/div><div class=\"rt-col-md-4 rt-col-sm-4 rt-col-xs-4  even-grid-item rt-grid-item\" data-id=\"664\"><div class=\"single-team-area\"><div class=\"single-team\"><figure><a class=\"\" data-id=\"664\" target=\"_self\" href=\"https:\/\/grants.ulbsibiu.ro\/ferbopo\/team\/carolina-timbalari\/\"><img loading=\"lazy\" decoding=\"async\" width=\"470\" height=\"527\" src=\"https:\/\/grants.ulbsibiu.ro\/ferbopo\/wp-content\/uploads\/caro.jpg\" class=\"img-responsive rt-team-img\" alt=\"Carolina \u021a\u00eembalari - FERBOPO Team\" \/><\/a><\/figure><\/div><div class=\"tlp-content\"><h3><span class=\"team-name\"><a class=\"\" data-id=\"664\" target=\"_self\" title=\"Carolina \u021a\u00ceMBALARI\" href=\"https:\/\/grants.ulbsibiu.ro\/ferbopo\/team\/carolina-timbalari\/\">Carolina \u021a\u00ceMBALARI<\/a><\/span><\/h3><\/div><div class=\"readmore-btn hirme-resume\"><\/div><div class=\"readmore-btn tlp-readmore-button\"><a class=\"rt-ream-me-btn\" data-id=\"664\" target=\"_self\" title=\"Carolina \u021a\u00ceMBALARI\" href=\"https:\/\/grants.ulbsibiu.ro\/ferbopo\/team\/carolina-timbalari\/\">Read More<\/a><\/div><\/div><\/div><div class=\"rt-col-md-4 rt-col-sm-4 rt-col-xs-4  even-grid-item rt-grid-item\" data-id=\"665\"><div class=\"single-team-area\"><div class=\"single-team\"><figure><a class=\"\" data-id=\"665\" target=\"_self\" href=\"https:\/\/grants.ulbsibiu.ro\/ferbopo\/team\/alexandra-radu\/\"><img loading=\"lazy\" decoding=\"async\" width=\"678\" height=\"1024\" src=\"https:\/\/grants.ulbsibiu.ro\/ferbopo\/wp-content\/uploads\/01-678x1024.jpg\" class=\"img-responsive rt-team-img\" alt=\"Alexandra Radu - FERBOPO Team\" \/><\/a><\/figure><\/div><div class=\"tlp-content\"><h3><span class=\"team-name\"><a class=\"\" data-id=\"665\" target=\"_self\" title=\"Alexandra-Ioana RADU\" href=\"https:\/\/grants.ulbsibiu.ro\/ferbopo\/team\/alexandra-radu\/\">Alexandra-Ioana RADU<\/a><\/span><\/h3><\/div><div class=\"readmore-btn hirme-resume\"><\/div><div class=\"readmore-btn tlp-readmore-button\"><a class=\"rt-ream-me-btn\" data-id=\"665\" target=\"_self\" title=\"Alexandra-Ioana RADU\" href=\"https:\/\/grants.ulbsibiu.ro\/ferbopo\/team\/alexandra-radu\/\">Read More<\/a><\/div><\/div><\/div><div class=\"rt-col-md-4 rt-col-sm-4 rt-col-xs-4  even-grid-item rt-grid-item\" data-id=\"667\"><div class=\"single-team-area\"><div class=\"single-team\"><figure><a class=\"\" data-id=\"667\" target=\"_self\" href=\"https:\/\/grants.ulbsibiu.ro\/ferbopo\/team\/bogdan-iulian-mihai\/\"><img loading=\"lazy\" decoding=\"async\" width=\"716\" height=\"955\" src=\"https:\/\/grants.ulbsibiu.ro\/ferbopo\/wp-content\/uploads\/bogdan-mihai-768x1024.jpeg\" class=\"img-responsive rt-team-img\" alt=\"Bogdan Mihai - FERBOPO Team\" \/><\/a><\/figure><\/div><div class=\"tlp-content\"><h3><span class=\"team-name\"><a class=\"\" data-id=\"667\" target=\"_self\" title=\"Bogdan-Iulian MIHAI\" href=\"https:\/\/grants.ulbsibiu.ro\/ferbopo\/team\/bogdan-iulian-mihai\/\">Bogdan-Iulian MIHAI<\/a><\/span><\/h3><\/div><div class=\"readmore-btn hirme-resume\"><\/div><div class=\"readmore-btn tlp-readmore-button\"><a class=\"rt-ream-me-btn\" data-id=\"667\" target=\"_self\" title=\"Bogdan-Iulian MIHAI\" href=\"https:\/\/grants.ulbsibiu.ro\/ferbopo\/team\/bogdan-iulian-mihai\/\">Read More<\/a><\/div><\/div><\/div><div class=\"rt-col-md-4 rt-col-sm-4 rt-col-xs-4  even-grid-item rt-grid-item\" data-id=\"669\"><div class=\"single-team-area\"><div class=\"single-team\"><figure><a class=\"\" data-id=\"669\" target=\"_self\" href=\"https:\/\/grants.ulbsibiu.ro\/ferbopo\/team\/simona-vinerean-opreana\/\"><img loading=\"lazy\" decoding=\"async\" width=\"540\" height=\"810\" src=\"https:\/\/grants.ulbsibiu.ro\/ferbopo\/wp-content\/uploads\/simona.vinerean.jpg\" class=\"img-responsive rt-team-img\" alt=\"Simona VINEREAN-OPREANA\" \/><\/a><\/figure><\/div><div class=\"tlp-content\"><h3><span class=\"team-name\"><a class=\"\" data-id=\"669\" target=\"_self\" title=\"Simona VINEREAN-OPREANA\" href=\"https:\/\/grants.ulbsibiu.ro\/ferbopo\/team\/simona-vinerean-opreana\/\">Simona VINEREAN-OPREANA<\/a><\/span><\/h3><\/div><div class=\"readmore-btn hirme-resume\"><\/div><div class=\"readmore-btn tlp-readmore-button\"><a class=\"rt-ream-me-btn\" data-id=\"669\" target=\"_self\" title=\"Simona VINEREAN-OPREANA\" href=\"https:\/\/grants.ulbsibiu.ro\/ferbopo\/team\/simona-vinerean-opreana\/\">Read More<\/a><\/div><\/div><\/div><div class=\"rt-col-md-4 rt-col-sm-4 rt-col-xs-4  even-grid-item rt-grid-item\" data-id=\"671\"><div class=\"single-team-area\"><div class=\"single-team\"><figure><a class=\"\" data-id=\"671\" target=\"_self\" href=\"https:\/\/grants.ulbsibiu.ro\/ferbopo\/team\/mircea-fuciu\/\"><img loading=\"lazy\" decoding=\"async\" width=\"716\" height=\"716\" src=\"https:\/\/grants.ulbsibiu.ro\/ferbopo\/wp-content\/uploads\/IMG_9163_profil_ULBS-FUCIU-MIRCEA-scaled-e1680637222550-1024x1024.jpg\" class=\"img-responsive rt-team-img\" alt=\"Mircea FUCIU\" \/><\/a><\/figure><\/div><div class=\"tlp-content\"><h3><span class=\"team-name\"><a class=\"\" data-id=\"671\" target=\"_self\" title=\"Mircea FUCIU\" href=\"https:\/\/grants.ulbsibiu.ro\/ferbopo\/team\/mircea-fuciu\/\">Mircea FUCIU<\/a><\/span><\/h3><\/div><div class=\"readmore-btn hirme-resume\"><\/div><div class=\"readmore-btn tlp-readmore-button\"><a class=\"rt-ream-me-btn\" data-id=\"671\" target=\"_self\" title=\"Mircea FUCIU\" href=\"https:\/\/grants.ulbsibiu.ro\/ferbopo\/team\/mircea-fuciu\/\">Read More<\/a><\/div><\/div><\/div><div class=\"rt-col-md-4 rt-col-sm-4 rt-col-xs-4  even-grid-item rt-grid-item\" data-id=\"682\"><div class=\"single-team-area\"><div class=\"single-team\"><figure><a class=\"\" data-id=\"682\" target=\"_self\" href=\"https:\/\/grants.ulbsibiu.ro\/ferbopo\/team\/livia-pogan\/\"><img loading=\"lazy\" decoding=\"async\" width=\"716\" height=\"870\" src=\"https:\/\/grants.ulbsibiu.ro\/ferbopo\/wp-content\/uploads\/poza-site-Livia-843x1024.jpg\" class=\"img-responsive rt-team-img\" alt=\"Livia Pogan - FERBOPO Team\" \/><\/a><\/figure><\/div><div class=\"tlp-content\"><h3><span class=\"team-name\"><a class=\"\" data-id=\"682\" target=\"_self\" title=\"Livia POGAN\" href=\"https:\/\/grants.ulbsibiu.ro\/ferbopo\/team\/livia-pogan\/\">Livia POGAN<\/a><\/span><\/h3><\/div><div class=\"readmore-btn hirme-resume\"><\/div><div class=\"readmore-btn tlp-readmore-button\"><a class=\"rt-ream-me-btn\" data-id=\"682\" target=\"_self\" title=\"Livia POGAN\" href=\"https:\/\/grants.ulbsibiu.ro\/ferbopo\/team\/livia-pogan\/\">Read More<\/a><\/div><\/div><\/div><div class=\"rt-col-md-4 rt-col-sm-4 rt-col-xs-4  even-grid-item rt-grid-item\" data-id=\"684\"><div class=\"single-team-area\"><div class=\"single-team\"><figure><a class=\"\" data-id=\"684\" target=\"_self\" href=\"https:\/\/grants.ulbsibiu.ro\/ferbopo\/team\/viorel-proteasa\/\"><img loading=\"lazy\" decoding=\"async\" width=\"716\" height=\"895\" src=\"https:\/\/grants.ulbsibiu.ro\/ferbopo\/wp-content\/uploads\/profil_foto-819x1024.jpeg\" class=\"img-responsive rt-team-img\" alt=\"Viorel Proteasa - FERBOPO Team\" \/><\/a><\/figure><\/div><div class=\"tlp-content\"><h3><span class=\"team-name\"><a class=\"\" data-id=\"684\" target=\"_self\" title=\"Viorel PROTEASA\" href=\"https:\/\/grants.ulbsibiu.ro\/ferbopo\/team\/viorel-proteasa\/\">Viorel PROTEASA<\/a><\/span><\/h3><\/div><div class=\"readmore-btn hirme-resume\"><\/div><div class=\"readmore-btn tlp-readmore-button\"><a class=\"rt-ream-me-btn\" data-id=\"684\" target=\"_self\" title=\"Viorel PROTEASA\" href=\"https:\/\/grants.ulbsibiu.ro\/ferbopo\/team\/viorel-proteasa\/\">Read More<\/a><\/div><\/div><\/div><div class=\"rt-loading-overlay\"><\/div><div class=\"rt-loading rt-ball-clip-rotate\"><div><\/div><\/div><\/div><\/div>\n\n\n\n<p><\/p>\n","protected":false},"excerpt":{"rendered":"","protected":false},"author":1,"featured_media":0,"parent":0,"menu_order":0,"comment_status":"closed","ping_status":"closed","template":"template-modules.php","meta":{"footnotes":""},"class_list":["post-188","page","type-page","status-publish","hentry"],"yoast_head":"<!-- This site is optimized with the Yoast SEO plugin v24.2 - https:\/\/yoast.com\/wordpress\/plugins\/seo\/ -->\n<title>FERBOPO Team - FERBOPO ERA Chair - EU-Funded Project<\/title>\n<meta name=\"description\" content=\"Key team members of FERBOPO ERA Chair EU-funded Project - Horizon Europe Project\" \/>\n<meta name=\"robots\" content=\"index, follow, max-snippet:-1, max-image-preview:large, max-video-preview:-1\" \/>\n<link rel=\"canonical\" href=\"https:\/\/grants.ulbsibiu.ro\/ferbopo\/team\/\" \/>\n<meta property=\"og:locale\" content=\"en_US\" \/>\n<meta property=\"og:type\" content=\"article\" \/>\n<meta property=\"og:title\" content=\"FERBOPO Team - FERBOPO ERA Chair - EU-Funded Project\" \/>\n<meta property=\"og:description\" content=\"Key team members of FERBOPO ERA Chair EU-funded Project - Horizon Europe Project\" \/>\n<meta property=\"og:url\" content=\"https:\/\/grants.ulbsibiu.ro\/ferbopo\/team\/\" \/>\n<meta property=\"og:site_name\" content=\"FERBOPO ERA Chair - EU-Funded Project\" \/>\n<meta property=\"article:modified_time\" content=\"2026-04-16T21:23:51+00:00\" \/>\n<meta name=\"twitter:card\" content=\"summary_large_image\" \/>\n<meta name=\"twitter:label1\" content=\"Est. reading time\" \/>\n\t<meta name=\"twitter:data1\" content=\"1 minute\" \/>\n<script type=\"application\/ld+json\" class=\"yoast-schema-graph\">{\"@context\":\"https:\/\/schema.org\",\"@graph\":[{\"@type\":\"WebPage\",\"@id\":\"https:\/\/grants.ulbsibiu.ro\/ferbopo\/team\/\",\"url\":\"https:\/\/grants.ulbsibiu.ro\/ferbopo\/team\/\",\"name\":\"FERBOPO Team - FERBOPO ERA Chair - EU-Funded Project\",\"isPartOf\":{\"@id\":\"https:\/\/grants.ulbsibiu.ro\/ferbopo\/#website\"},\"datePublished\":\"2024-11-24T10:02:20+00:00\",\"dateModified\":\"2026-04-16T21:23:51+00:00\",\"description\":\"Key team members of FERBOPO ERA Chair EU-funded Project - Horizon Europe Project\",\"breadcrumb\":{\"@id\":\"https:\/\/grants.ulbsibiu.ro\/ferbopo\/team\/#breadcrumb\"},\"inLanguage\":\"en-US\",\"potentialAction\":[{\"@type\":\"ReadAction\",\"target\":[\"https:\/\/grants.ulbsibiu.ro\/ferbopo\/team\/\"]}]},{\"@type\":\"BreadcrumbList\",\"@id\":\"https:\/\/grants.ulbsibiu.ro\/ferbopo\/team\/#breadcrumb\",\"itemListElement\":[{\"@type\":\"ListItem\",\"position\":1,\"name\":\"Home\",\"item\":\"https:\/\/grants.ulbsibiu.ro\/ferbopo\/\"},{\"@type\":\"ListItem\",\"position\":2,\"name\":\"FERBOPO Team\"}]},{\"@type\":\"WebSite\",\"@id\":\"https:\/\/grants.ulbsibiu.ro\/ferbopo\/#website\",\"url\":\"https:\/\/grants.ulbsibiu.ro\/ferbopo\/\",\"name\":\"FERBOPO ERA Chair - EU-Funded Project\",\"description\":\"Fostering Excellence in Research on State-Church-Body Politics\",\"potentialAction\":[{\"@type\":\"SearchAction\",\"target\":{\"@type\":\"EntryPoint\",\"urlTemplate\":\"https:\/\/grants.ulbsibiu.ro\/ferbopo\/?s={search_term_string}\"},\"query-input\":{\"@type\":\"PropertyValueSpecification\",\"valueRequired\":true,\"valueName\":\"search_term_string\"}}],\"inLanguage\":\"en-US\"}]}<\/script>\n<!-- \/ Yoast SEO plugin. -->","yoast_head_json":{"title":"FERBOPO Team - FERBOPO ERA Chair - EU-Funded Project","description":"Key team members of FERBOPO ERA Chair EU-funded Project - Horizon Europe Project","robots":{"index":"index","follow":"follow","max-snippet":"max-snippet:-1","max-image-preview":"max-image-preview:large","max-video-preview":"max-video-preview:-1"},"canonical":"https:\/\/grants.ulbsibiu.ro\/ferbopo\/team\/","og_locale":"en_US","og_type":"article","og_title":"FERBOPO Team - FERBOPO ERA Chair - EU-Funded Project","og_description":"Key team members of FERBOPO ERA Chair EU-funded Project - Horizon Europe Project","og_url":"https:\/\/grants.ulbsibiu.ro\/ferbopo\/team\/","og_site_name":"FERBOPO ERA Chair - EU-Funded Project","article_modified_time":"2026-04-16T21:23:51+00:00","twitter_card":"summary_large_image","twitter_misc":{"Est. reading time":"1 minute"},"schema":{"@context":"https:\/\/schema.org","@graph":[{"@type":"WebPage","@id":"https:\/\/grants.ulbsibiu.ro\/ferbopo\/team\/","url":"https:\/\/grants.ulbsibiu.ro\/ferbopo\/team\/","name":"FERBOPO Team - FERBOPO ERA Chair - EU-Funded Project","isPartOf":{"@id":"https:\/\/grants.ulbsibiu.ro\/ferbopo\/#website"},"datePublished":"2024-11-24T10:02:20+00:00","dateModified":"2026-04-16T21:23:51+00:00","description":"Key team members of FERBOPO ERA Chair EU-funded Project - Horizon Europe Project","breadcrumb":{"@id":"https:\/\/grants.ulbsibiu.ro\/ferbopo\/team\/#breadcrumb"},"inLanguage":"en-US","potentialAction":[{"@type":"ReadAction","target":["https:\/\/grants.ulbsibiu.ro\/ferbopo\/team\/"]}]},{"@type":"BreadcrumbList","@id":"https:\/\/grants.ulbsibiu.ro\/ferbopo\/team\/#breadcrumb","itemListElement":[{"@type":"ListItem","position":1,"name":"Home","item":"https:\/\/grants.ulbsibiu.ro\/ferbopo\/"},{"@type":"ListItem","position":2,"name":"FERBOPO Team"}]},{"@type":"WebSite","@id":"https:\/\/grants.ulbsibiu.ro\/ferbopo\/#website","url":"https:\/\/grants.ulbsibiu.ro\/ferbopo\/","name":"FERBOPO ERA Chair - EU-Funded Project","description":"Fostering Excellence in Research on State-Church-Body Politics","potentialAction":[{"@type":"SearchAction","target":{"@type":"EntryPoint","urlTemplate":"https:\/\/grants.ulbsibiu.ro\/ferbopo\/?s={search_term_string}"},"query-input":{"@type":"PropertyValueSpecification","valueRequired":true,"valueName":"search_term_string"}}],"inLanguage":"en-US"}]}},"_links":{"self":[{"href":"https:\/\/grants.ulbsibiu.ro\/ferbopo\/wp-json\/wp\/v2\/pages\/188"}],"collection":[{"href":"https:\/\/grants.ulbsibiu.ro\/ferbopo\/wp-json\/wp\/v2\/pages"}],"about":[{"href":"https:\/\/grants.ulbsibiu.ro\/ferbopo\/wp-json\/wp\/v2\/types\/page"}],"author":[{"embeddable":true,"href":"https:\/\/grants.ulbsibiu.ro\/ferbopo\/wp-json\/wp\/v2\/users\/1"}],"replies":[{"embeddable":true,"href":"https:\/\/grants.ulbsibiu.ro\/ferbopo\/wp-json\/wp\/v2\/comments?post=188"}],"version-history":[{"count":11,"href":"https:\/\/grants.ulbsibiu.ro\/ferbopo\/wp-json\/wp\/v2\/pages\/188\/revisions"}],"predecessor-version":[{"id":486,"href":"https:\/\/grants.ulbsibiu.ro\/ferbopo\/wp-json\/wp\/v2\/pages\/188\/revisions\/486"}],"wp:attachment":[{"href":"https:\/\/grants.ulbsibiu.ro\/ferbopo\/wp-json\/wp\/v2\/media?parent=188"}],"curies":[{"name":"wp","href":"https:\/\/api.w.org\/{rel}","templated":true}]}}