{"id":554,"date":"2025-11-14T15:31:18","date_gmt":"2025-11-14T15:31:18","guid":{"rendered":"https:\/\/grants.ulbsibiu.ro\/elabchrom\/?page_id=554"},"modified":"2025-11-14T15:52:52","modified_gmt":"2025-11-14T15:52:52","slug":"daniela-stanciu-pascarita","status":"publish","type":"page","link":"https:\/\/grants.ulbsibiu.ro\/elabchrom\/daniela-stanciu-pascarita\/","title":{"rendered":"Daniela Stanciu-P\u0103sc\u0103ri\u021b\u0103"},"content":{"rendered":"\t\t<div data-elementor-type=\"wp-page\" data-elementor-id=\"554\" class=\"elementor elementor-554\">\n\t\t\t\t\t\t\t\t\t<section class=\"elementor-section elementor-top-section elementor-element elementor-element-00f2df1 elementor-section-boxed elementor-section-height-default elementor-section-height-default\" data-id=\"00f2df1\" data-element_type=\"section\">\n\t\t\t\t\t\t<div class=\"elementor-container elementor-column-gap-default\">\n\t\t\t\t\t<div class=\"elementor-column elementor-col-100 elementor-top-column elementor-element elementor-element-ba2d1a8\" data-id=\"ba2d1a8\" data-element_type=\"column\">\n\t\t\t<div class=\"elementor-widget-wrap elementor-element-populated\">\n\t\t\t\t\t\t\t\t<div class=\"elementor-element elementor-element-cf293a0 elementor-widget elementor-widget-spacer\" data-id=\"cf293a0\" data-element_type=\"widget\" data-widget_type=\"spacer.default\">\n\t\t\t\t<div class=\"elementor-widget-container\">\n\t\t\t<style>\/*! elementor - v3.12.1 - 02-04-2023 *\/\n.elementor-column .elementor-spacer-inner{height:var(--spacer-size)}.e-con{--container-widget-width:100%}.e-con-inner>.elementor-widget-spacer,.e-con>.elementor-widget-spacer{width:var(--container-widget-width,var(--spacer-size));--align-self:var(--container-widget-align-self,initial);--flex-shrink:0}.e-con-inner>.elementor-widget-spacer>.elementor-widget-container,.e-con-inner>.elementor-widget-spacer>.elementor-widget-container>.elementor-spacer,.e-con>.elementor-widget-spacer>.elementor-widget-container,.e-con>.elementor-widget-spacer>.elementor-widget-container>.elementor-spacer{height:100%}.e-con-inner>.elementor-widget-spacer>.elementor-widget-container>.elementor-spacer>.elementor-spacer-inner,.e-con>.elementor-widget-spacer>.elementor-widget-container>.elementor-spacer>.elementor-spacer-inner{height:var(--container-widget-height,var(--spacer-size))}<\/style>\t\t<div class=\"elementor-spacer\">\n\t\t\t<div class=\"elementor-spacer-inner\"><\/div>\n\t\t<\/div>\n\t\t\t\t<\/div>\n\t\t\t\t<\/div>\n\t\t\t\t\t<\/div>\n\t\t<\/div>\n\t\t\t\t\t\t\t<\/div>\n\t\t<\/section>\n\t\t\t\t<section class=\"elementor-section elementor-top-section elementor-element elementor-element-06faf4f elementor-section-boxed elementor-section-height-default elementor-section-height-default\" data-id=\"06faf4f\" data-element_type=\"section\">\n\t\t\t\t\t\t<div class=\"elementor-container elementor-column-gap-default\">\n\t\t\t\t\t<div class=\"elementor-column elementor-col-33 elementor-top-column elementor-element elementor-element-58cfe9b\" data-id=\"58cfe9b\" data-element_type=\"column\">\n\t\t\t<div class=\"elementor-widget-wrap elementor-element-populated\">\n\t\t\t\t\t\t\t\t<div class=\"elementor-element elementor-element-bc23a44 elementor-widget elementor-widget-image\" data-id=\"bc23a44\" data-element_type=\"widget\" data-widget_type=\"image.default\">\n\t\t\t\t<div class=\"elementor-widget-container\">\n\t\t\t<style>\/*! elementor - v3.12.1 - 02-04-2023 *\/\n.elementor-widget-image{text-align:center}.elementor-widget-image a{display:inline-block}.elementor-widget-image a img[src$=\".svg\"]{width:48px}.elementor-widget-image img{vertical-align:middle;display:inline-block}<\/style>\t\t\t\t\t\t\t\t\t\t\t\t<img decoding=\"async\" width=\"943\" height=\"1024\" src=\"https:\/\/grants.ulbsibiu.ro\/elabchrom\/wp-content\/uploads\/Daniela_Stanciu_poza-scaled-e1763133337620-943x1024.jpg\" class=\"attachment-large size-large wp-image-548\" alt=\"\" loading=\"lazy\" srcset=\"https:\/\/grants.ulbsibiu.ro\/elabchrom\/wp-content\/uploads\/Daniela_Stanciu_poza-scaled-e1763133337620-943x1024.jpg 943w, https:\/\/grants.ulbsibiu.ro\/elabchrom\/wp-content\/uploads\/Daniela_Stanciu_poza-scaled-e1763133337620-276x300.jpg 276w, https:\/\/grants.ulbsibiu.ro\/elabchrom\/wp-content\/uploads\/Daniela_Stanciu_poza-scaled-e1763133337620-768x834.jpg 768w, https:\/\/grants.ulbsibiu.ro\/elabchrom\/wp-content\/uploads\/Daniela_Stanciu_poza-scaled-e1763133337620-1415x1536.jpg 1415w, https:\/\/grants.ulbsibiu.ro\/elabchrom\/wp-content\/uploads\/Daniela_Stanciu_poza-scaled-e1763133337620.jpg 1566w\" sizes=\"(max-width: 943px) 100vw, 943px\" \/>\t\t\t\t\t\t\t\t\t\t\t\t\t\t\t<\/div>\n\t\t\t\t<\/div>\n\t\t\t\t\t<\/div>\n\t\t<\/div>\n\t\t\t\t<div class=\"elementor-column elementor-col-66 elementor-top-column elementor-element elementor-element-7138cb3\" data-id=\"7138cb3\" data-element_type=\"column\">\n\t\t\t<div class=\"elementor-widget-wrap elementor-element-populated\">\n\t\t\t\t\t\t\t\t<div class=\"elementor-element elementor-element-aeadebe eael-dual-header-content-align-left elementor-widget elementor-widget-eael-dual-color-header\" data-id=\"aeadebe\" data-element_type=\"widget\" data-widget_type=\"eael-dual-color-header.default\">\n\t\t\t\t<div class=\"elementor-widget-container\">\n\t\t\t\n\t\t        <div class=\"eael-dual-header\">\n\t\t\t\t<h2 class=\"title\"><span  class=\"lead solid-color\">Daniela Stanciu-P\u0103sc\u0103ri\u021ba<\/span> <span>ulbs<\/span><\/h2>\n\t\t\t\t<span class=\"subtext\"><\/span>\n\t\t\t\t<\/div>\n\t\n\t\t\n\t\t\n\t\t\n\t\t\t\t<\/div>\n\t\t\t\t<\/div>\n\t\t\t\t<div class=\"elementor-element elementor-element-96d41ea elementor-widget elementor-widget-eael-creative-button\" data-id=\"96d41ea\" data-element_type=\"widget\" data-widget_type=\"eael-creative-button.default\">\n\t\t\t\t<div class=\"elementor-widget-container\">\n\t\t\t        <div class=\"eael-creative-button-wrapper\">\n\n            <a class=\"eael-creative-button eael-creative-button--wayra\" data-text=\"\">\n\n\t    \n                <div class=\"creative-button-inner\">\n\n                                            <span class=\"eael-creative-button-icon-left\"><i aria-hidden=\"true\" class=\"fas fa-graduation-cap\"><\/i><\/span>                    \n                    <span class=\"cretive-button-text\">LECTURER PHD<\/span>\n\n                                    <\/div>\n\t                        <\/a>\n        <\/div>\n\t\t<\/div>\n\t\t\t\t<\/div>\n\t\t\t\t<div class=\"elementor-element elementor-element-315cabe elementor-widget elementor-widget-eael-creative-button\" data-id=\"315cabe\" data-element_type=\"widget\" data-widget_type=\"eael-creative-button.default\">\n\t\t\t\t<div class=\"elementor-widget-container\">\n\t\t\t        <div class=\"eael-creative-button-wrapper\">\n\n            <a class=\"eael-creative-button eael-creative-button--wayra\" href=\"mailto:daniela.stanciu@ulbsibiu.ro\" data-text=\"\">\n\n\t    \n                <div class=\"creative-button-inner\">\n\n                                            <span class=\"eael-creative-button-icon-left\"><i aria-hidden=\"true\" class=\"far fa-envelope\"><\/i><\/span>                    \n                    <span class=\"cretive-button-text\">daniela.stanciu@ulbsibiu.ro<\/span>\n\n                                    <\/div>\n\t                        <\/a>\n        <\/div>\n\t\t<\/div>\n\t\t\t\t<\/div>\n\t\t\t\t<div class=\"elementor-element elementor-element-5157422 elementor-widget elementor-widget-eael-creative-button\" data-id=\"5157422\" data-element_type=\"widget\" data-widget_type=\"eael-creative-button.default\">\n\t\t\t\t<div class=\"elementor-widget-container\">\n\t\t\t        <div class=\"eael-creative-button-wrapper\">\n\n            <a class=\"eael-creative-button eael-creative-button--wayra\" href=\"https:\/\/orcid.org\/0000-0002-8039-2993\" data-text=\"\">\n\n\t    \n                <div class=\"creative-button-inner\">\n\n                                            <span class=\"eael-creative-button-icon-left\"><i aria-hidden=\"true\" class=\"fab fa-orcid\"><\/i><\/span>                    \n                    <span class=\"cretive-button-text\">ORCID-ID<\/span>\n\n                                    <\/div>\n\t                        <\/a>\n        <\/div>\n\t\t<\/div>\n\t\t\t\t<\/div>\n\t\t\t\t\t<\/div>\n\t\t<\/div>\n\t\t\t\t\t\t\t<\/div>\n\t\t<\/section>\n\t\t\t\t<section class=\"elementor-section elementor-top-section elementor-element elementor-element-5770fd5 elementor-section-boxed elementor-section-height-default elementor-section-height-default\" data-id=\"5770fd5\" data-element_type=\"section\">\n\t\t\t\t\t\t<div class=\"elementor-container elementor-column-gap-default\">\n\t\t\t\t\t<div class=\"elementor-column elementor-col-100 elementor-top-column elementor-element elementor-element-87bb4ef\" data-id=\"87bb4ef\" data-element_type=\"column\">\n\t\t\t<div class=\"elementor-widget-wrap elementor-element-populated\">\n\t\t\t\t\t\t\t\t<div class=\"elementor-element elementor-element-8f90167 elementor-widget elementor-widget-text-editor\" data-id=\"8f90167\" data-element_type=\"widget\" data-widget_type=\"text-editor.default\">\n\t\t\t\t<div class=\"elementor-widget-container\">\n\t\t\t<style>\/*! elementor - v3.12.1 - 02-04-2023 *\/\n.elementor-widget-text-editor.elementor-drop-cap-view-stacked .elementor-drop-cap{background-color:#69727d;color:#fff}.elementor-widget-text-editor.elementor-drop-cap-view-framed .elementor-drop-cap{color:#69727d;border:3px solid;background-color:transparent}.elementor-widget-text-editor:not(.elementor-drop-cap-view-default) .elementor-drop-cap{margin-top:8px}.elementor-widget-text-editor:not(.elementor-drop-cap-view-default) .elementor-drop-cap-letter{width:1em;height:1em}.elementor-widget-text-editor .elementor-drop-cap{float:left;text-align:center;line-height:1;font-size:50px}.elementor-widget-text-editor .elementor-drop-cap-letter{display:inline-block}<\/style>\t\t\t\t<p>Daniela Stanciu-P\u0103sc\u0103ri\u021ba is an assistant professor in the Department of History, Heritage and Protestant Theology, Faculty of Socio-Human Sciences, Lucian Blaga University of Sibiu. The PhD thesis focused on a comparative approach to the leisure activities of the Germans in Transylvania and Banat before and during the First World War, and was defended at the Babe\u0219-Bolyai University of Cluj-Napoca, under the careful guidance of Professor Rudolf Gr\u00e4f. Her research interests include urban anthropology and the study of the city in the modern era, the history of nationalities and minorities, and the history of everyday life under social, cultural and demographic aspects. <br \/>During her studies, Daniela Stanciu-P\u0103sc\u0103rita carried out research internships in Germany and Austria at the Eberhard Karls University of T\u00fcbingen (2011), Institut f\u00fcr donauschw\u00e4bische Geschichte und Landeskunde, T\u00fcbingen (2014 &amp; 2017), Institut f\u00fcr Osteurop\u00e4ische Geschichte, Vienna (2015), Humboldt University of Berlin (2018 &amp; 2019). <br \/>Daniela Stanciu-P\u0103sc\u0103ri\u021ba is currently working on her UEFISCDI-funded postdoctoral project, Being a Minority in Greater Romania.Integration and Patterns of Sociability among Transylvanian Saxons (POL-SOC-SAS), and she is also a fellow of the New Europe College from October 2024 to July 2025. <br \/>Recent published works include Daniela Stanciu-P\u0103sc\u0103ri\u021ba, Loisir \u00een vremuri de pace \u0219i r\u0103zboi. Germanii din Transilvania \u0219i Banat [Leisure in times of war and peace. The Germans from Transylvania and Banat], ed. Mega, Cluj-Napoca, 2024; Daniela Stanciu-P\u0103sc\u0103ri\u021ba, The Precariousness of Everyday Life in Sibiu in Connection to the Great War, in Ana Sima (ed.) Fighting Hardship, Keeping Hope. The Transylvanian Home Front During the Great War, Peter Lang, 2022, Berlin, Daniela Stanciu-P\u0103sc\u0103ri\u021ba, Das Kaffeehaus aus Hermannstadt. Unterhaltung und Geselligkeit am Anfang des 20. Jahrhunderts, S\u00fcdost-Forschungen 80 (2021).<\/p>\t\t\t\t\t\t<\/div>\n\t\t\t\t<\/div>\n\t\t\t\t<div class=\"elementor-element elementor-element-23c0399 elementor-widget elementor-widget-heading\" data-id=\"23c0399\" data-element_type=\"widget\" data-widget_type=\"heading.default\">\n\t\t\t\t<div class=\"elementor-widget-container\">\n\t\t\t<style>\/*! elementor - v3.12.1 - 02-04-2023 *\/\n.elementor-heading-title{padding:0;margin:0;line-height:1}.elementor-widget-heading .elementor-heading-title[class*=elementor-size-]>a{color:inherit;font-size:inherit;line-height:inherit}.elementor-widget-heading .elementor-heading-title.elementor-size-small{font-size:15px}.elementor-widget-heading .elementor-heading-title.elementor-size-medium{font-size:19px}.elementor-widget-heading .elementor-heading-title.elementor-size-large{font-size:29px}.elementor-widget-heading .elementor-heading-title.elementor-size-xl{font-size:39px}.elementor-widget-heading .elementor-heading-title.elementor-size-xxl{font-size:59px}<\/style><h4 class=\"elementor-heading-title elementor-size-default\">Academic interests:<\/h4>\t\t<\/div>\n\t\t\t\t<\/div>\n\t\t\t\t<div class=\"elementor-element elementor-element-4d7ad43 elementor-widget elementor-widget-text-editor\" data-id=\"4d7ad43\" data-element_type=\"widget\" data-widget_type=\"text-editor.default\">\n\t\t\t\t<div class=\"elementor-widget-container\">\n\t\t\t\t\t\t\t<p>urban anthropology and the study of the city in the modern era, history of nationalities and minorities, history of everyday life under social, cultural and demographic aspects<\/p>\t\t\t\t\t\t<\/div>\n\t\t\t\t<\/div>\n\t\t\t\t\t<\/div>\n\t\t<\/div>\n\t\t\t\t\t\t\t<\/div>\n\t\t<\/section>\n\t\t\t\t\t\t\t<\/div>\n\t\t","protected":false},"excerpt":{"rendered":"<p>Daniela Stanciu-P\u0103sc\u0103ri\u021ba ulbs LECTURER PHD daniela.stanciu@ulbsibiu.ro ORCID-ID Daniela Stanciu-P\u0103sc\u0103ri\u021ba is an assistant professor in the Department of History, Heritage and Protestant Theology, Faculty of Socio-Human Sciences, Lucian Blaga University of Sibiu. The PhD thesis focused on a comparative approach to the leisure activities of the Germans in Transylvania and Banat before and during the First &hellip;<\/p>\n<p class=\"read-more\"> <a class=\"\" href=\"https:\/\/grants.ulbsibiu.ro\/elabchrom\/daniela-stanciu-pascarita\/\"> <span class=\"screen-reader-text\">Daniela Stanciu-P\u0103sc\u0103ri\u021b\u0103<\/span> Read More &raquo;<\/a><\/p>\n","protected":false},"author":3,"featured_media":0,"parent":0,"menu_order":0,"comment_status":"closed","ping_status":"closed","template":"","meta":{"site-sidebar-layout":"no-sidebar","site-content-layout":"page-builder","ast-global-header-display":"","ast-main-header-display":"","ast-hfb-above-header-display":"","ast-hfb-below-header-display":"","ast-hfb-mobile-header-display":"","site-post-title":"disabled","ast-breadcrumbs-content":"","ast-featured-img":"disabled","footer-sml-layout":"","theme-transparent-header-meta":"","adv-header-id-meta":"","stick-header-meta":"","header-above-stick-meta":"","header-main-stick-meta":"","header-below-stick-meta":""},"_links":{"self":[{"href":"https:\/\/grants.ulbsibiu.ro\/elabchrom\/wp-json\/wp\/v2\/pages\/554"}],"collection":[{"href":"https:\/\/grants.ulbsibiu.ro\/elabchrom\/wp-json\/wp\/v2\/pages"}],"about":[{"href":"https:\/\/grants.ulbsibiu.ro\/elabchrom\/wp-json\/wp\/v2\/types\/page"}],"author":[{"embeddable":true,"href":"https:\/\/grants.ulbsibiu.ro\/elabchrom\/wp-json\/wp\/v2\/users\/3"}],"replies":[{"embeddable":true,"href":"https:\/\/grants.ulbsibiu.ro\/elabchrom\/wp-json\/wp\/v2\/comments?post=554"}],"version-history":[{"count":13,"href":"https:\/\/grants.ulbsibiu.ro\/elabchrom\/wp-json\/wp\/v2\/pages\/554\/revisions"}],"predecessor-version":[{"id":578,"href":"https:\/\/grants.ulbsibiu.ro\/elabchrom\/wp-json\/wp\/v2\/pages\/554\/revisions\/578"}],"wp:attachment":[{"href":"https:\/\/grants.ulbsibiu.ro\/elabchrom\/wp-json\/wp\/v2\/media?parent=554"}],"curies":[{"name":"wp","href":"https:\/\/api.w.org\/{rel}","templated":true}]}}