{"id":319,"date":"2023-11-23T07:19:16","date_gmt":"2023-11-23T07:19:16","guid":{"rendered":"https:\/\/grants.ulbsibiu.ro\/elabchrom\/?page_id=319"},"modified":"2025-07-29T09:45:18","modified_gmt":"2025-07-29T09:45:18","slug":"afsin-altayli","status":"publish","type":"page","link":"https:\/\/grants.ulbsibiu.ro\/elabchrom\/afsin-altayli\/","title":{"rendered":"Af\u015fin Altayl\u0131"},"content":{"rendered":"\t\t<div data-elementor-type=\"wp-page\" data-elementor-id=\"319\" class=\"elementor elementor-319\">\n\t\t\t\t\t\t\t\t\t<section class=\"elementor-section elementor-top-section elementor-element elementor-element-00f2df1 elementor-section-boxed elementor-section-height-default elementor-section-height-default\" data-id=\"00f2df1\" data-element_type=\"section\">\n\t\t\t\t\t\t<div class=\"elementor-container elementor-column-gap-default\">\n\t\t\t\t\t<div class=\"elementor-column elementor-col-100 elementor-top-column elementor-element elementor-element-ba2d1a8\" data-id=\"ba2d1a8\" data-element_type=\"column\">\n\t\t\t<div class=\"elementor-widget-wrap elementor-element-populated\">\n\t\t\t\t\t\t\t\t<div class=\"elementor-element elementor-element-cf293a0 elementor-widget elementor-widget-spacer\" data-id=\"cf293a0\" data-element_type=\"widget\" data-widget_type=\"spacer.default\">\n\t\t\t\t<div class=\"elementor-widget-container\">\n\t\t\t<style>\/*! elementor - v3.12.1 - 02-04-2023 *\/\n.elementor-column .elementor-spacer-inner{height:var(--spacer-size)}.e-con{--container-widget-width:100%}.e-con-inner>.elementor-widget-spacer,.e-con>.elementor-widget-spacer{width:var(--container-widget-width,var(--spacer-size));--align-self:var(--container-widget-align-self,initial);--flex-shrink:0}.e-con-inner>.elementor-widget-spacer>.elementor-widget-container,.e-con-inner>.elementor-widget-spacer>.elementor-widget-container>.elementor-spacer,.e-con>.elementor-widget-spacer>.elementor-widget-container,.e-con>.elementor-widget-spacer>.elementor-widget-container>.elementor-spacer{height:100%}.e-con-inner>.elementor-widget-spacer>.elementor-widget-container>.elementor-spacer>.elementor-spacer-inner,.e-con>.elementor-widget-spacer>.elementor-widget-container>.elementor-spacer>.elementor-spacer-inner{height:var(--container-widget-height,var(--spacer-size))}<\/style>\t\t<div class=\"elementor-spacer\">\n\t\t\t<div class=\"elementor-spacer-inner\"><\/div>\n\t\t<\/div>\n\t\t\t\t<\/div>\n\t\t\t\t<\/div>\n\t\t\t\t\t<\/div>\n\t\t<\/div>\n\t\t\t\t\t\t\t<\/div>\n\t\t<\/section>\n\t\t\t\t<section class=\"elementor-section elementor-top-section elementor-element elementor-element-06faf4f elementor-section-boxed elementor-section-height-default elementor-section-height-default\" data-id=\"06faf4f\" data-element_type=\"section\">\n\t\t\t\t\t\t<div class=\"elementor-container elementor-column-gap-default\">\n\t\t\t\t\t<div class=\"elementor-column elementor-col-33 elementor-top-column elementor-element elementor-element-58cfe9b\" data-id=\"58cfe9b\" data-element_type=\"column\">\n\t\t\t<div class=\"elementor-widget-wrap elementor-element-populated\">\n\t\t\t\t\t\t\t\t<div class=\"elementor-element elementor-element-bc23a44 elementor-widget elementor-widget-image\" data-id=\"bc23a44\" data-element_type=\"widget\" data-widget_type=\"image.default\">\n\t\t\t\t<div class=\"elementor-widget-container\">\n\t\t\t<style>\/*! elementor - v3.12.1 - 02-04-2023 *\/\n.elementor-widget-image{text-align:center}.elementor-widget-image a{display:inline-block}.elementor-widget-image a img[src$=\".svg\"]{width:48px}.elementor-widget-image img{vertical-align:middle;display:inline-block}<\/style>\t\t\t\t\t\t\t\t\t\t\t\t<img decoding=\"async\" width=\"1024\" height=\"1024\" src=\"https:\/\/grants.ulbsibiu.ro\/elabchrom\/wp-content\/uploads\/IMG_0701-scaled-e1700724033261-1024x1024.jpg\" class=\"attachment-large size-large wp-image-321\" alt=\"\" loading=\"lazy\" srcset=\"https:\/\/grants.ulbsibiu.ro\/elabchrom\/wp-content\/uploads\/IMG_0701-scaled-e1700724033261-1024x1024.jpg 1024w, https:\/\/grants.ulbsibiu.ro\/elabchrom\/wp-content\/uploads\/IMG_0701-scaled-e1700724033261-300x300.jpg 300w, https:\/\/grants.ulbsibiu.ro\/elabchrom\/wp-content\/uploads\/IMG_0701-scaled-e1700724033261-150x150.jpg 150w, https:\/\/grants.ulbsibiu.ro\/elabchrom\/wp-content\/uploads\/IMG_0701-scaled-e1700724033261-768x768.jpg 768w, https:\/\/grants.ulbsibiu.ro\/elabchrom\/wp-content\/uploads\/IMG_0701-scaled-e1700724033261-1536x1536.jpg 1536w, https:\/\/grants.ulbsibiu.ro\/elabchrom\/wp-content\/uploads\/elementor\/thumbs\/IMG_0701-scaled-e1700724033261-qfrv1tui3zi212cxx6ccvzyu6bgo7pnefa2wlw7kp4.jpg 500w, https:\/\/grants.ulbsibiu.ro\/elabchrom\/wp-content\/uploads\/IMG_0701-scaled-e1700724033261.jpg 1996w\" sizes=\"(max-width: 1024px) 100vw, 1024px\" \/>\t\t\t\t\t\t\t\t\t\t\t\t\t\t\t<\/div>\n\t\t\t\t<\/div>\n\t\t\t\t\t<\/div>\n\t\t<\/div>\n\t\t\t\t<div class=\"elementor-column elementor-col-66 elementor-top-column elementor-element elementor-element-7138cb3\" data-id=\"7138cb3\" data-element_type=\"column\">\n\t\t\t<div class=\"elementor-widget-wrap elementor-element-populated\">\n\t\t\t\t\t\t\t\t<div class=\"elementor-element elementor-element-aeadebe eael-dual-header-content-align-left elementor-widget elementor-widget-eael-dual-color-header\" data-id=\"aeadebe\" data-element_type=\"widget\" data-widget_type=\"eael-dual-color-header.default\">\n\t\t\t\t<div class=\"elementor-widget-container\">\n\t\t\t\n\t\t        <div class=\"eael-dual-header\">\n\t\t\t\t<h2 class=\"title\"><span  class=\"lead solid-color\">Af\u015fin Altayl\u0131<\/span> <span>UBE<\/span><\/h2>\n\t\t\t\t<span class=\"subtext\"><\/span>\n\t\t\t\t<\/div>\n\t\n\t\t\n\t\t\n\t\t\n\t\t\t\t<\/div>\n\t\t\t\t<\/div>\n\t\t\t\t<div class=\"elementor-element elementor-element-96d41ea elementor-widget elementor-widget-eael-creative-button\" data-id=\"96d41ea\" data-element_type=\"widget\" data-widget_type=\"eael-creative-button.default\">\n\t\t\t\t<div class=\"elementor-widget-container\">\n\t\t\t        <div class=\"eael-creative-button-wrapper\">\n\n            <a class=\"eael-creative-button eael-creative-button--wayra\" data-text=\"\">\n\n\t    \n                <div class=\"creative-button-inner\">\n\n                                            <span class=\"eael-creative-button-icon-left\"><i aria-hidden=\"true\" class=\"fas fa-graduation-cap\"><\/i><\/span>                    \n                    <span class=\"cretive-button-text\">PARTNERSHIP AND RESEARCH VALORISATION RESPONSIBLE<\/span>\n\n                                    <\/div>\n\t                        <\/a>\n        <\/div>\n\t\t<\/div>\n\t\t\t\t<\/div>\n\t\t\t\t<div class=\"elementor-element elementor-element-315cabe elementor-widget elementor-widget-eael-creative-button\" data-id=\"315cabe\" data-element_type=\"widget\" data-widget_type=\"eael-creative-button.default\">\n\t\t\t\t<div class=\"elementor-widget-container\">\n\t\t\t        <div class=\"eael-creative-button-wrapper\">\n\n            <a class=\"eael-creative-button eael-creative-button--wayra\" href=\"mailto:Sakir-Afsin.Altayli@u-bourgogne.fr\" data-text=\"\">\n\n\t    \n                <div class=\"creative-button-inner\">\n\n                                            <span class=\"eael-creative-button-icon-left\"><i aria-hidden=\"true\" class=\"far fa-envelope\"><\/i><\/span>                    \n                    <span class=\"cretive-button-text\">Sakir-Afsin.Altayli@u-bourgogne.fr<\/span>\n\n                                    <\/div>\n\t                        <\/a>\n        <\/div>\n\t\t<\/div>\n\t\t\t\t<\/div>\n\t\t\t\t<div class=\"elementor-element elementor-element-5157422 elementor-widget elementor-widget-eael-creative-button\" data-id=\"5157422\" data-element_type=\"widget\" data-widget_type=\"eael-creative-button.default\">\n\t\t\t\t<div class=\"elementor-widget-container\">\n\t\t\t        <div class=\"eael-creative-button-wrapper\">\n\n            <a class=\"eael-creative-button eael-creative-button--wayra\" href=\"https:\/\/orcid.org\/\" data-text=\"\">\n\n\t    \n                <div class=\"creative-button-inner\">\n\n                                            <span class=\"eael-creative-button-icon-left\"><i aria-hidden=\"true\" class=\"fab fa-orcid\"><\/i><\/span>                    \n                    <span class=\"cretive-button-text\">ORCID-ID<\/span>\n\n                                    <\/div>\n\t                        <\/a>\n        <\/div>\n\t\t<\/div>\n\t\t\t\t<\/div>\n\t\t\t\t\t<\/div>\n\t\t<\/div>\n\t\t\t\t\t\t\t<\/div>\n\t\t<\/section>\n\t\t\t\t<section class=\"elementor-section elementor-top-section elementor-element elementor-element-5770fd5 elementor-section-boxed elementor-section-height-default elementor-section-height-default\" data-id=\"5770fd5\" data-element_type=\"section\">\n\t\t\t\t\t\t<div class=\"elementor-container elementor-column-gap-default\">\n\t\t\t\t\t<div class=\"elementor-column elementor-col-100 elementor-top-column elementor-element elementor-element-87bb4ef\" data-id=\"87bb4ef\" data-element_type=\"column\">\n\t\t\t<div class=\"elementor-widget-wrap elementor-element-populated\">\n\t\t\t\t\t\t\t\t<div class=\"elementor-element elementor-element-8f90167 elementor-widget elementor-widget-text-editor\" data-id=\"8f90167\" data-element_type=\"widget\" data-widget_type=\"text-editor.default\">\n\t\t\t\t<div class=\"elementor-widget-container\">\n\t\t\t<style>\/*! elementor - v3.12.1 - 02-04-2023 *\/\n.elementor-widget-text-editor.elementor-drop-cap-view-stacked .elementor-drop-cap{background-color:#69727d;color:#fff}.elementor-widget-text-editor.elementor-drop-cap-view-framed .elementor-drop-cap{color:#69727d;border:3px solid;background-color:transparent}.elementor-widget-text-editor:not(.elementor-drop-cap-view-default) .elementor-drop-cap{margin-top:8px}.elementor-widget-text-editor:not(.elementor-drop-cap-view-default) .elementor-drop-cap-letter{width:1em;height:1em}.elementor-widget-text-editor .elementor-drop-cap{float:left;text-align:center;line-height:1;font-size:50px}.elementor-widget-text-editor .elementor-drop-cap-letter{display:inline-block}<\/style>\t\t\t\t<p>Af\u015fin Altayl\u0131 is partnership &amp; research valorisation responsible and ELABCHROM project officer\u00a0at Institut Denis Diderot,\u00a0University of Burgundy.\u00a0Specialised in museums and cultural heritage, he regards promoting the social role of museums and cultural organisations as an aim and means to deepening the dialogue around contemporary societal issues.<\/p><p>Before joining the University of Burgundy, he assumed different roles at museum organisations such as the International Council of Museums (ICOM) and the European Museum Forum that runs the European Museum of the Year Awards.\u00a0Af\u015fin\u00a0coordinated different projects for various public and private museums and institutions specialising in museology, cultural heritage and cultural policy management. Among them were Istanbul 2010 European Capital of Culture, Turkish Ministry of Culture, EU Culture Programme, Mimar Sinan Fine Arts University and Istanbul Bilgi University where he lectured in museum studies.<\/p><p>Af\u015fin also took part in different editorial roles at academic journals and professional reviews such as the Museum International (editorial board member) and CAMOC Review (chief editor). He is still member of the editorial board at \u201cCurator: the Museum Journal\u201d.<\/p>\t\t\t\t\t\t<\/div>\n\t\t\t\t<\/div>\n\t\t\t\t\t<\/div>\n\t\t<\/div>\n\t\t\t\t\t\t\t<\/div>\n\t\t<\/section>\n\t\t\t\t\t\t\t<\/div>\n\t\t","protected":false},"excerpt":{"rendered":"<p>Af\u015fin Altayl\u0131 UBE PARTNERSHIP AND RESEARCH VALORISATION RESPONSIBLE Sakir-Afsin.Altayli@u-bourgogne.fr ORCID-ID Af\u015fin Altayl\u0131 is partnership &amp; research valorisation responsible and ELABCHROM project officer\u00a0at Institut Denis Diderot,\u00a0University of Burgundy.\u00a0Specialised in museums and cultural heritage, he regards promoting the social role of museums and cultural organisations as an aim and means to deepening the dialogue around contemporary societal &hellip;<\/p>\n<p class=\"read-more\"> <a class=\"\" href=\"https:\/\/grants.ulbsibiu.ro\/elabchrom\/afsin-altayli\/\"> <span class=\"screen-reader-text\">Af\u015fin Altayl\u0131<\/span> Read More &raquo;<\/a><\/p>\n","protected":false},"author":2,"featured_media":0,"parent":0,"menu_order":0,"comment_status":"closed","ping_status":"closed","template":"","meta":{"site-sidebar-layout":"no-sidebar","site-content-layout":"page-builder","ast-global-header-display":"","ast-main-header-display":"","ast-hfb-above-header-display":"","ast-hfb-below-header-display":"","ast-hfb-mobile-header-display":"","site-post-title":"disabled","ast-breadcrumbs-content":"","ast-featured-img":"disabled","footer-sml-layout":"","theme-transparent-header-meta":"","adv-header-id-meta":"","stick-header-meta":"","header-above-stick-meta":"","header-main-stick-meta":"","header-below-stick-meta":""},"_links":{"self":[{"href":"https:\/\/grants.ulbsibiu.ro\/elabchrom\/wp-json\/wp\/v2\/pages\/319"}],"collection":[{"href":"https:\/\/grants.ulbsibiu.ro\/elabchrom\/wp-json\/wp\/v2\/pages"}],"about":[{"href":"https:\/\/grants.ulbsibiu.ro\/elabchrom\/wp-json\/wp\/v2\/types\/page"}],"author":[{"embeddable":true,"href":"https:\/\/grants.ulbsibiu.ro\/elabchrom\/wp-json\/wp\/v2\/users\/2"}],"replies":[{"embeddable":true,"href":"https:\/\/grants.ulbsibiu.ro\/elabchrom\/wp-json\/wp\/v2\/comments?post=319"}],"version-history":[{"count":10,"href":"https:\/\/grants.ulbsibiu.ro\/elabchrom\/wp-json\/wp\/v2\/pages\/319\/revisions"}],"predecessor-version":[{"id":471,"href":"https:\/\/grants.ulbsibiu.ro\/elabchrom\/wp-json\/wp\/v2\/pages\/319\/revisions\/471"}],"wp:attachment":[{"href":"https:\/\/grants.ulbsibiu.ro\/elabchrom\/wp-json\/wp\/v2\/media?parent=319"}],"curies":[{"name":"wp","href":"https:\/\/api.w.org\/{rel}","templated":true}]}}