{"id":152,"date":"2023-05-03T04:54:37","date_gmt":"2023-05-03T04:54:37","guid":{"rendered":"https:\/\/grants.ulbsibiu.ro\/elabchrom\/?page_id=152"},"modified":"2023-05-03T05:26:30","modified_gmt":"2023-05-03T05:26:30","slug":"tuuli-lahdesmaki-2","status":"publish","type":"page","link":"https:\/\/grants.ulbsibiu.ro\/elabchrom\/tuuli-lahdesmaki-2\/","title":{"rendered":"Tuuli L\u00e4hdesm\u00e4ki"},"content":{"rendered":"\t\t<div data-elementor-type=\"wp-page\" data-elementor-id=\"152\" class=\"elementor elementor-152\">\n\t\t\t\t\t\t\t\t\t<section class=\"elementor-section elementor-top-section elementor-element elementor-element-00f2df1 elementor-section-boxed elementor-section-height-default elementor-section-height-default\" data-id=\"00f2df1\" data-element_type=\"section\">\n\t\t\t\t\t\t<div class=\"elementor-container elementor-column-gap-default\">\n\t\t\t\t\t<div class=\"elementor-column elementor-col-100 elementor-top-column elementor-element elementor-element-ba2d1a8\" data-id=\"ba2d1a8\" data-element_type=\"column\">\n\t\t\t<div class=\"elementor-widget-wrap elementor-element-populated\">\n\t\t\t\t\t\t\t\t<div class=\"elementor-element elementor-element-cf293a0 elementor-widget elementor-widget-spacer\" data-id=\"cf293a0\" data-element_type=\"widget\" data-widget_type=\"spacer.default\">\n\t\t\t\t<div class=\"elementor-widget-container\">\n\t\t\t<style>\/*! elementor - v3.12.1 - 02-04-2023 *\/\n.elementor-column .elementor-spacer-inner{height:var(--spacer-size)}.e-con{--container-widget-width:100%}.e-con-inner>.elementor-widget-spacer,.e-con>.elementor-widget-spacer{width:var(--container-widget-width,var(--spacer-size));--align-self:var(--container-widget-align-self,initial);--flex-shrink:0}.e-con-inner>.elementor-widget-spacer>.elementor-widget-container,.e-con-inner>.elementor-widget-spacer>.elementor-widget-container>.elementor-spacer,.e-con>.elementor-widget-spacer>.elementor-widget-container,.e-con>.elementor-widget-spacer>.elementor-widget-container>.elementor-spacer{height:100%}.e-con-inner>.elementor-widget-spacer>.elementor-widget-container>.elementor-spacer>.elementor-spacer-inner,.e-con>.elementor-widget-spacer>.elementor-widget-container>.elementor-spacer>.elementor-spacer-inner{height:var(--container-widget-height,var(--spacer-size))}<\/style>\t\t<div class=\"elementor-spacer\">\n\t\t\t<div class=\"elementor-spacer-inner\"><\/div>\n\t\t<\/div>\n\t\t\t\t<\/div>\n\t\t\t\t<\/div>\n\t\t\t\t\t<\/div>\n\t\t<\/div>\n\t\t\t\t\t\t\t<\/div>\n\t\t<\/section>\n\t\t\t\t<section class=\"elementor-section elementor-top-section elementor-element elementor-element-06faf4f elementor-section-boxed elementor-section-height-default elementor-section-height-default\" data-id=\"06faf4f\" data-element_type=\"section\">\n\t\t\t\t\t\t<div class=\"elementor-container elementor-column-gap-default\">\n\t\t\t\t\t<div class=\"elementor-column elementor-col-33 elementor-top-column elementor-element elementor-element-58cfe9b\" data-id=\"58cfe9b\" data-element_type=\"column\">\n\t\t\t<div class=\"elementor-widget-wrap elementor-element-populated\">\n\t\t\t\t\t\t\t\t<div class=\"elementor-element elementor-element-bc23a44 elementor-widget elementor-widget-image\" data-id=\"bc23a44\" data-element_type=\"widget\" data-widget_type=\"image.default\">\n\t\t\t\t<div class=\"elementor-widget-container\">\n\t\t\t<style>\/*! elementor - v3.12.1 - 02-04-2023 *\/\n.elementor-widget-image{text-align:center}.elementor-widget-image a{display:inline-block}.elementor-widget-image a img[src$=\".svg\"]{width:48px}.elementor-widget-image img{vertical-align:middle;display:inline-block}<\/style>\t\t\t\t\t\t\t\t\t\t\t\t<img decoding=\"async\" width=\"1024\" height=\"1024\" src=\"https:\/\/grants.ulbsibiu.ro\/elabchrom\/wp-content\/uploads\/Lahdemaki-2021-lahi1-Tuuli-Lahdesmaki-scaled-e1680638934410-1024x1024.jpg\" class=\"attachment-large size-large wp-image-60\" alt=\"\" loading=\"lazy\" srcset=\"https:\/\/grants.ulbsibiu.ro\/elabchrom\/wp-content\/uploads\/Lahdemaki-2021-lahi1-Tuuli-Lahdesmaki-scaled-e1680638934410-1024x1024.jpg 1024w, https:\/\/grants.ulbsibiu.ro\/elabchrom\/wp-content\/uploads\/Lahdemaki-2021-lahi1-Tuuli-Lahdesmaki-scaled-e1680638934410-300x300.jpg 300w, https:\/\/grants.ulbsibiu.ro\/elabchrom\/wp-content\/uploads\/Lahdemaki-2021-lahi1-Tuuli-Lahdesmaki-scaled-e1680638934410-150x150.jpg 150w, https:\/\/grants.ulbsibiu.ro\/elabchrom\/wp-content\/uploads\/Lahdemaki-2021-lahi1-Tuuli-Lahdesmaki-scaled-e1680638934410-768x768.jpg 768w, https:\/\/grants.ulbsibiu.ro\/elabchrom\/wp-content\/uploads\/Lahdemaki-2021-lahi1-Tuuli-Lahdesmaki-scaled-e1680638934410-1536x1536.jpg 1536w, https:\/\/grants.ulbsibiu.ro\/elabchrom\/wp-content\/uploads\/Lahdemaki-2021-lahi1-Tuuli-Lahdesmaki-scaled-e1680638934410.jpg 1644w\" sizes=\"(max-width: 1024px) 100vw, 1024px\" \/>\t\t\t\t\t\t\t\t\t\t\t\t\t\t\t<\/div>\n\t\t\t\t<\/div>\n\t\t\t\t\t<\/div>\n\t\t<\/div>\n\t\t\t\t<div class=\"elementor-column elementor-col-66 elementor-top-column elementor-element elementor-element-7138cb3\" data-id=\"7138cb3\" data-element_type=\"column\">\n\t\t\t<div class=\"elementor-widget-wrap elementor-element-populated\">\n\t\t\t\t\t\t\t\t<div class=\"elementor-element elementor-element-aeadebe eael-dual-header-content-align-left elementor-widget elementor-widget-eael-dual-color-header\" data-id=\"aeadebe\" data-element_type=\"widget\" data-widget_type=\"eael-dual-color-header.default\">\n\t\t\t\t<div class=\"elementor-widget-container\">\n\t\t\t\n\t\t        <div class=\"eael-dual-header\">\n\t\t\t\t<h2 class=\"title\"><span  class=\"lead solid-color\">Tuuli L\u00e4hdesm\u00e4ki<\/span> <span>jyu<\/span><\/h2>\n\t\t\t\t<span class=\"subtext\"><\/span>\n\t\t\t\t<\/div>\n\t\n\t\t\n\t\t\n\t\t\n\t\t\t\t<\/div>\n\t\t\t\t<\/div>\n\t\t\t\t<div class=\"elementor-element elementor-element-96d41ea elementor-widget elementor-widget-eael-creative-button\" data-id=\"96d41ea\" data-element_type=\"widget\" data-widget_type=\"eael-creative-button.default\">\n\t\t\t\t<div class=\"elementor-widget-container\">\n\t\t\t        <div class=\"eael-creative-button-wrapper\">\n\n            <a class=\"eael-creative-button eael-creative-button--wayra\" data-text=\"\">\n\n\t    \n                <div class=\"creative-button-inner\">\n\n                                            <span class=\"eael-creative-button-icon-left\"><i aria-hidden=\"true\" class=\"fas fa-graduation-cap\"><\/i><\/span>                    \n                    <span class=\"cretive-button-text\">ASSOCIATE PROFESSOR, PHD<\/span>\n\n                                    <\/div>\n\t                        <\/a>\n        <\/div>\n\t\t<\/div>\n\t\t\t\t<\/div>\n\t\t\t\t<div class=\"elementor-element elementor-element-315cabe elementor-widget elementor-widget-eael-creative-button\" data-id=\"315cabe\" data-element_type=\"widget\" data-widget_type=\"eael-creative-button.default\">\n\t\t\t\t<div class=\"elementor-widget-container\">\n\t\t\t        <div class=\"eael-creative-button-wrapper\">\n\n            <a class=\"eael-creative-button eael-creative-button--wayra\" href=\"mailto:tuuli.lahdesmaki@jyu.fi\" data-text=\"\">\n\n\t    \n                <div class=\"creative-button-inner\">\n\n                                            <span class=\"eael-creative-button-icon-left\"><i aria-hidden=\"true\" class=\"far fa-envelope\"><\/i><\/span>                    \n                    <span class=\"cretive-button-text\">tuuli.lahdesmaki@jyu.fi<\/span>\n\n                                    <\/div>\n\t                        <\/a>\n        <\/div>\n\t\t<\/div>\n\t\t\t\t<\/div>\n\t\t\t\t<div class=\"elementor-element elementor-element-5157422 elementor-widget elementor-widget-eael-creative-button\" data-id=\"5157422\" data-element_type=\"widget\" data-widget_type=\"eael-creative-button.default\">\n\t\t\t\t<div class=\"elementor-widget-container\">\n\t\t\t        <div class=\"eael-creative-button-wrapper\">\n\n            <a class=\"eael-creative-button eael-creative-button--wayra\" href=\"https:\/\/orcid.org\/0000-0002-5166-489X\" data-text=\"\">\n\n\t    \n                <div class=\"creative-button-inner\">\n\n                                            <span class=\"eael-creative-button-icon-left\"><i aria-hidden=\"true\" class=\"fab fa-orcid\"><\/i><\/span>                    \n                    <span class=\"cretive-button-text\">ORCID-ID<\/span>\n\n                                    <\/div>\n\t                        <\/a>\n        <\/div>\n\t\t<\/div>\n\t\t\t\t<\/div>\n\t\t\t\t\t<\/div>\n\t\t<\/div>\n\t\t\t\t\t\t\t<\/div>\n\t\t<\/section>\n\t\t\t\t<section class=\"elementor-section elementor-top-section elementor-element elementor-element-5770fd5 elementor-section-boxed elementor-section-height-default elementor-section-height-default\" data-id=\"5770fd5\" data-element_type=\"section\">\n\t\t\t\t\t\t<div class=\"elementor-container elementor-column-gap-default\">\n\t\t\t\t\t<div class=\"elementor-column elementor-col-100 elementor-top-column elementor-element elementor-element-87bb4ef\" data-id=\"87bb4ef\" data-element_type=\"column\">\n\t\t\t<div class=\"elementor-widget-wrap elementor-element-populated\">\n\t\t\t\t\t\t\t\t<div class=\"elementor-element elementor-element-8f90167 elementor-widget elementor-widget-text-editor\" data-id=\"8f90167\" data-element_type=\"widget\" data-widget_type=\"text-editor.default\">\n\t\t\t\t<div class=\"elementor-widget-container\">\n\t\t\t<style>\/*! elementor - v3.12.1 - 02-04-2023 *\/\n.elementor-widget-text-editor.elementor-drop-cap-view-stacked .elementor-drop-cap{background-color:#69727d;color:#fff}.elementor-widget-text-editor.elementor-drop-cap-view-framed .elementor-drop-cap{color:#69727d;border:3px solid;background-color:transparent}.elementor-widget-text-editor:not(.elementor-drop-cap-view-default) .elementor-drop-cap{margin-top:8px}.elementor-widget-text-editor:not(.elementor-drop-cap-view-default) .elementor-drop-cap-letter{width:1em;height:1em}.elementor-widget-text-editor .elementor-drop-cap{float:left;text-align:center;line-height:1;font-size:50px}.elementor-widget-text-editor .elementor-drop-cap-letter{display:inline-block}<\/style>\t\t\t\t<p>Tuuli L\u00e4hdesm\u00e4ki (PhD in Art History, DSocSc in Sociology) is an associate professor of Art History (tenure track) at the University of Jyv\u00e4skyl\u00e4 (JYU). Has received the title of Docent in Art History at the University of Jyv\u00e4skyl\u00e4, in Area and Cultural Studies at the University of Helsinki, and in Critical Heritage Studies at the University of Turku, Finland. L\u00e4hdesm\u00e4ki&#8217;s research interests and publications focus on EU cultural and heritage politics and policies, meaning-making processes in art and culture, strategies of interpreting the past, memory, identity and identity politics, and European narratives. She has actively applied and successfully received competed for external research funding, altogether over \u20ac4,8 M, and led several research projects exploring EU heritage policy, politics and initiatives, such as EUROHERIT, funded by European Research Council, and HERIDI, funded by the Academy of Finland. Moreover, L\u00e4hdesm\u00e4ki has recently worked as a consortium PI in a Horizon2020-funded project DIALLS and is current a consortium PI in a Horizon Europe-funded project REBOOT. The previous focused on cultural literacy learning in Europe and the latter explores the competitiveness of European film industry. L\u00e4hdesm\u00e4ki has worked as a Visiting Fellow\/Professor at the University of Cambridge, the University of Limerick, the University of P\u00e9cs, the European University Institute, and the Fulda University of Applied Sciences. Her recent publications include a co-edited special issue Heritage Diplomacy: Policy, Praxis and Power (International Journal of Cultural Policy, 2023) and co-authored books Learning Cultural Literacy through Creative Practices in Schools (Palgrave Macmillan, 2022); Europe from Below. Notions of Europe and the European among Participants of EU Cultural Initiatives (Brill, 2021); and Creating and Governing Cultural Heritage in the European Union: The European Heritage Label (Routledge, 2020).<\/p>\t\t\t\t\t\t<\/div>\n\t\t\t\t<\/div>\n\t\t\t\t<div class=\"elementor-element elementor-element-23c0399 elementor-widget elementor-widget-heading\" data-id=\"23c0399\" data-element_type=\"widget\" data-widget_type=\"heading.default\">\n\t\t\t\t<div class=\"elementor-widget-container\">\n\t\t\t<style>\/*! elementor - v3.12.1 - 02-04-2023 *\/\n.elementor-heading-title{padding:0;margin:0;line-height:1}.elementor-widget-heading .elementor-heading-title[class*=elementor-size-]>a{color:inherit;font-size:inherit;line-height:inherit}.elementor-widget-heading .elementor-heading-title.elementor-size-small{font-size:15px}.elementor-widget-heading .elementor-heading-title.elementor-size-medium{font-size:19px}.elementor-widget-heading .elementor-heading-title.elementor-size-large{font-size:29px}.elementor-widget-heading .elementor-heading-title.elementor-size-xl{font-size:39px}.elementor-widget-heading .elementor-heading-title.elementor-size-xxl{font-size:59px}<\/style><h4 class=\"elementor-heading-title elementor-size-default\">Academic interests:<\/h4>\t\t<\/div>\n\t\t\t\t<\/div>\n\t\t\t\t<div class=\"elementor-element elementor-element-4d7ad43 elementor-widget elementor-widget-text-editor\" data-id=\"4d7ad43\" data-element_type=\"widget\" data-widget_type=\"text-editor.default\">\n\t\t\t\t<div class=\"elementor-widget-container\">\n\t\t\t\t\t\t\t<p>EU heritage, diversity and cultural policy, intercultural dialogue, cultural identities, belonging, European narratives, memory, public space<\/p>\t\t\t\t\t\t<\/div>\n\t\t\t\t<\/div>\n\t\t\t\t\t<\/div>\n\t\t<\/div>\n\t\t\t\t\t\t\t<\/div>\n\t\t<\/section>\n\t\t\t\t\t\t\t<\/div>\n\t\t","protected":false},"excerpt":{"rendered":"<p>Tuuli L\u00e4hdesm\u00e4ki jyu ASSOCIATE PROFESSOR, PHD tuuli.lahdesmaki@jyu.fi ORCID-ID Tuuli L\u00e4hdesm\u00e4ki (PhD in Art History, DSocSc in Sociology) is an associate professor of Art History (tenure track) at the University of Jyv\u00e4skyl\u00e4 (JYU). Has received the title of Docent in Art History at the University of Jyv\u00e4skyl\u00e4, in Area and Cultural Studies at the University of &hellip;<\/p>\n<p class=\"read-more\"> <a class=\"\" href=\"https:\/\/grants.ulbsibiu.ro\/elabchrom\/tuuli-lahdesmaki-2\/\"> <span class=\"screen-reader-text\">Tuuli L\u00e4hdesm\u00e4ki<\/span> Read More &raquo;<\/a><\/p>\n","protected":false},"author":2,"featured_media":0,"parent":0,"menu_order":0,"comment_status":"closed","ping_status":"closed","template":"","meta":{"site-sidebar-layout":"no-sidebar","site-content-layout":"page-builder","ast-global-header-display":"","ast-main-header-display":"","ast-hfb-above-header-display":"","ast-hfb-below-header-display":"","ast-hfb-mobile-header-display":"","site-post-title":"disabled","ast-breadcrumbs-content":"","ast-featured-img":"disabled","footer-sml-layout":"","theme-transparent-header-meta":"","adv-header-id-meta":"","stick-header-meta":"","header-above-stick-meta":"","header-main-stick-meta":"","header-below-stick-meta":""},"_links":{"self":[{"href":"https:\/\/grants.ulbsibiu.ro\/elabchrom\/wp-json\/wp\/v2\/pages\/152"}],"collection":[{"href":"https:\/\/grants.ulbsibiu.ro\/elabchrom\/wp-json\/wp\/v2\/pages"}],"about":[{"href":"https:\/\/grants.ulbsibiu.ro\/elabchrom\/wp-json\/wp\/v2\/types\/page"}],"author":[{"embeddable":true,"href":"https:\/\/grants.ulbsibiu.ro\/elabchrom\/wp-json\/wp\/v2\/users\/2"}],"replies":[{"embeddable":true,"href":"https:\/\/grants.ulbsibiu.ro\/elabchrom\/wp-json\/wp\/v2\/comments?post=152"}],"version-history":[{"count":4,"href":"https:\/\/grants.ulbsibiu.ro\/elabchrom\/wp-json\/wp\/v2\/pages\/152\/revisions"}],"predecessor-version":[{"id":218,"href":"https:\/\/grants.ulbsibiu.ro\/elabchrom\/wp-json\/wp\/v2\/pages\/152\/revisions\/218"}],"wp:attachment":[{"href":"https:\/\/grants.ulbsibiu.ro\/elabchrom\/wp-json\/wp\/v2\/media?parent=152"}],"curies":[{"name":"wp","href":"https:\/\/api.w.org\/{rel}","templated":true}]}}