{"id":504,"date":"2021-12-29T20:58:44","date_gmt":"2021-12-29T20:58:44","guid":{"rendered":"https:\/\/grants.ulbsibiu.ro\/edupractica\/?page_id=504"},"modified":"2021-12-29T20:58:44","modified_gmt":"2021-12-29T20:58:44","slug":"principii-si-responsabilitati-etice-in-cercetarea-medicala-3","status":"publish","type":"page","link":"https:\/\/grants.ulbsibiu.ro\/edupractica\/?page_id=504","title":{"rendered":"Principii \u015fi Responsabilit\u0103\u0163i Etice \u00een Cercetarea Medical\u0103"},"content":{"rendered":"\n<div class=\"wp-block-pdf-viewer-block-standard\" style=\"text-align:left\"><div class=\"uploaded-pdf\"><a href=\"https:\/\/grants.ulbsibiu.ro\/edupractica\/wp-content\/uploads\/2021\/12\/Principii_responsabilitati_etice_site.pdf\" data-width=\"\" data-height=\"\"><\/a><\/div><\/div>\n","protected":false},"excerpt":{"rendered":"","protected":false},"author":1,"featured_media":0,"parent":0,"menu_order":0,"comment_status":"closed","ping_status":"closed","template":"","meta":[],"_links":{"self":[{"href":"https:\/\/grants.ulbsibiu.ro\/edupractica\/index.php?rest_route=\/wp\/v2\/pages\/504"}],"collection":[{"href":"https:\/\/grants.ulbsibiu.ro\/edupractica\/index.php?rest_route=\/wp\/v2\/pages"}],"about":[{"href":"https:\/\/grants.ulbsibiu.ro\/edupractica\/index.php?rest_route=\/wp\/v2\/types\/page"}],"author":[{"embeddable":true,"href":"https:\/\/grants.ulbsibiu.ro\/edupractica\/index.php?rest_route=\/wp\/v2\/users\/1"}],"replies":[{"embeddable":true,"href":"https:\/\/grants.ulbsibiu.ro\/edupractica\/index.php?rest_route=%2Fwp%2Fv2%2Fcomments&post=504"}],"version-history":[{"count":1,"href":"https:\/\/grants.ulbsibiu.ro\/edupractica\/index.php?rest_route=\/wp\/v2\/pages\/504\/revisions"}],"predecessor-version":[{"id":506,"href":"https:\/\/grants.ulbsibiu.ro\/edupractica\/index.php?rest_route=\/wp\/v2\/pages\/504\/revisions\/506"}],"wp:attachment":[{"href":"https:\/\/grants.ulbsibiu.ro\/edupractica\/index.php?rest_route=%2Fwp%2Fv2%2Fmedia&parent=504"}],"curies":[{"name":"wp","href":"https:\/\/api.w.org\/{rel}","templated":true}]}}