{"id":482,"date":"2021-10-24T19:09:25","date_gmt":"2021-10-24T19:09:25","guid":{"rendered":"https:\/\/grants.ulbsibiu.ro\/edupractica\/?page_id=482"},"modified":"2021-10-24T19:09:25","modified_gmt":"2021-10-24T19:09:25","slug":"tematica-practica-amg-iv","status":"publish","type":"page","link":"https:\/\/grants.ulbsibiu.ro\/edupractica\/?page_id=482","title":{"rendered":"Tematica practica AMG IV"},"content":{"rendered":"\n<ol type=\"1\"><li>Tehnici de protec\u021bie personal\u0103 \u00een contextul pandemiei COVID<\/li><li>Organizarea circuitelor pentru sec\u021bia de Chirurgie, \u00een contextul pandemiei COVID<\/li><li>3.\u00a0\u00a0\u00a0\u00a0 Tehnici de echipare personal\u0103 \u00een contextul pandemiei COVID-19<\/li><li>Administrarea medicamentelor prin injec\u021bii.<\/li><li>Condi\u021bii de asepsie \u0219i antisepsie \u00een cursul activit\u0103\u021bii practice.<\/li><li>Manopere practice de recoltare a probele biologice folosite \u00een cursul activit\u0103\u021bii practice.<\/li><li>Afec\u021biuni de supraveghere epidemiologic\u0103 \u00een practica medical\u0103.<\/li><\/ol>\n","protected":false},"excerpt":{"rendered":"<p>Tehnici de protec\u021bie personal\u0103 \u00een contextul pandemiei COVID Organizarea circuitelor pentru sec\u021bia de Chirurgie, \u00een contextul pandemiei COVID 3.\u00a0\u00a0\u00a0\u00a0 Tehnici de echipare personal\u0103 \u00een contextul pandemiei COVID-19 Administrarea medicamentelor prin injec\u021bii. Condi\u021bii de asepsie \u0219i antisepsie \u00een cursul activit\u0103\u021bii practice. Manopere practice de recoltare a probele biologice folosite \u00een cursul activit\u0103\u021bii practice. Afec\u021biuni de supraveghere [&hellip;]<\/p>\n","protected":false},"author":1,"featured_media":0,"parent":0,"menu_order":0,"comment_status":"closed","ping_status":"closed","template":"","meta":[],"_links":{"self":[{"href":"https:\/\/grants.ulbsibiu.ro\/edupractica\/index.php?rest_route=\/wp\/v2\/pages\/482"}],"collection":[{"href":"https:\/\/grants.ulbsibiu.ro\/edupractica\/index.php?rest_route=\/wp\/v2\/pages"}],"about":[{"href":"https:\/\/grants.ulbsibiu.ro\/edupractica\/index.php?rest_route=\/wp\/v2\/types\/page"}],"author":[{"embeddable":true,"href":"https:\/\/grants.ulbsibiu.ro\/edupractica\/index.php?rest_route=\/wp\/v2\/users\/1"}],"replies":[{"embeddable":true,"href":"https:\/\/grants.ulbsibiu.ro\/edupractica\/index.php?rest_route=%2Fwp%2Fv2%2Fcomments&post=482"}],"version-history":[{"count":1,"href":"https:\/\/grants.ulbsibiu.ro\/edupractica\/index.php?rest_route=\/wp\/v2\/pages\/482\/revisions"}],"predecessor-version":[{"id":483,"href":"https:\/\/grants.ulbsibiu.ro\/edupractica\/index.php?rest_route=\/wp\/v2\/pages\/482\/revisions\/483"}],"wp:attachment":[{"href":"https:\/\/grants.ulbsibiu.ro\/edupractica\/index.php?rest_route=%2Fwp%2Fv2%2Fmedia&parent=482"}],"curies":[{"name":"wp","href":"https:\/\/api.w.org\/{rel}","templated":true}]}}