{"id":480,"date":"2021-10-24T19:08:19","date_gmt":"2021-10-24T19:08:19","guid":{"rendered":"https:\/\/grants.ulbsibiu.ro\/edupractica\/?page_id=480"},"modified":"2021-10-24T19:08:19","modified_gmt":"2021-10-24T19:08:19","slug":"tematica-practica-amg-iii","status":"publish","type":"page","link":"https:\/\/grants.ulbsibiu.ro\/edupractica\/?page_id=480","title":{"rendered":"Tematica practica AMG III"},"content":{"rendered":"\n<ol type=\"1\"><li>Tehnici de protec\u021bie personal\u0103 \u00een contextul pandemiei COVID<\/li><li>Circuitele func\u021bionale privind organizarea \u0219i desf\u0103\u0219urarea activit\u0103\u021bii practice \u00een spital Tehnici de dezechipare personal\u0103 \u00een contextul pandemiei COVID-19<\/li><li>Administrarea medicamentelor prin injec\u021bii.<\/li><li>Recoltarea probelor biologice<\/li><li>Tehnici de m\u0103surare \u0219i monitorizare a tensiunii arteriale<\/li><li>Tehnici de m\u0103surare a pulsului \u0219i a respira\u021biei<\/li><li>Recoltarea s\u00e2ngelui \u00een sistem vacutainer<\/li><li>Recoltarea s\u00e2ngelui pentru hemocultur\u0103<\/li><li>C\u0103i de administrare a medicamentelor<\/li><li>Tehnica injec\u021biei i.d. \u0219i s.c.&nbsp; \u2013 incidente \u0219i accidente<\/li><li>Nursing preoperator<\/li><li>Nursing Postoperator<\/li><li>Tehnici de igien\u0103 a bolnavului<\/li><li>Tehnici de alimentare a bolnavului<\/li><\/ol>\n","protected":false},"excerpt":{"rendered":"<p>Tehnici de protec\u021bie personal\u0103 \u00een contextul pandemiei COVID Circuitele func\u021bionale privind organizarea \u0219i desf\u0103\u0219urarea activit\u0103\u021bii practice \u00een spital Tehnici de dezechipare personal\u0103 \u00een contextul pandemiei COVID-19 Administrarea medicamentelor prin injec\u021bii. Recoltarea probelor biologice Tehnici de m\u0103surare \u0219i monitorizare a tensiunii arteriale Tehnici de m\u0103surare a pulsului \u0219i a respira\u021biei Recoltarea s\u00e2ngelui \u00een sistem vacutainer Recoltarea [&hellip;]<\/p>\n","protected":false},"author":1,"featured_media":0,"parent":0,"menu_order":0,"comment_status":"closed","ping_status":"closed","template":"","meta":[],"_links":{"self":[{"href":"https:\/\/grants.ulbsibiu.ro\/edupractica\/index.php?rest_route=\/wp\/v2\/pages\/480"}],"collection":[{"href":"https:\/\/grants.ulbsibiu.ro\/edupractica\/index.php?rest_route=\/wp\/v2\/pages"}],"about":[{"href":"https:\/\/grants.ulbsibiu.ro\/edupractica\/index.php?rest_route=\/wp\/v2\/types\/page"}],"author":[{"embeddable":true,"href":"https:\/\/grants.ulbsibiu.ro\/edupractica\/index.php?rest_route=\/wp\/v2\/users\/1"}],"replies":[{"embeddable":true,"href":"https:\/\/grants.ulbsibiu.ro\/edupractica\/index.php?rest_route=%2Fwp%2Fv2%2Fcomments&post=480"}],"version-history":[{"count":1,"href":"https:\/\/grants.ulbsibiu.ro\/edupractica\/index.php?rest_route=\/wp\/v2\/pages\/480\/revisions"}],"predecessor-version":[{"id":481,"href":"https:\/\/grants.ulbsibiu.ro\/edupractica\/index.php?rest_route=\/wp\/v2\/pages\/480\/revisions\/481"}],"wp:attachment":[{"href":"https:\/\/grants.ulbsibiu.ro\/edupractica\/index.php?rest_route=%2Fwp%2Fv2%2Fmedia&parent=480"}],"curies":[{"name":"wp","href":"https:\/\/api.w.org\/{rel}","templated":true}]}}