{"id":461,"date":"2021-10-19T18:38:39","date_gmt":"2021-10-19T18:38:39","guid":{"rendered":"https:\/\/grants.ulbsibiu.ro\/edupractica\/?page_id=461"},"modified":"2021-10-19T18:38:39","modified_gmt":"2021-10-19T18:38:39","slug":"tematica-practica-laborator-biologie","status":"publish","type":"page","link":"https:\/\/grants.ulbsibiu.ro\/edupractica\/?page_id=461","title":{"rendered":"Tematica practica laborator Biologie"},"content":{"rendered":"\n<ol type=\"1\"><li>Norme generale de protec\u021bia \u0219i securitatea muncii \u00een laboratorul pilot cu specific \u00een evaluarea calit\u0103\u021bii produselor de s\u0103n\u0103tate. Prezentarea laboratorului.<\/li><li>Analiza unor factori de mediu.<\/li><li>Identificarea \u0219i cuantificarea unor fitocompu\u0219i cu poten\u021bial bioactiv.<\/li><li>Analiza unor lichide biologice \u00een vederea identific\u0103rii \u0219i cuantific\u0103rii unor compu\u0219i de interes.<\/li><\/ol>\n","protected":false},"excerpt":{"rendered":"<p>Norme generale de protec\u021bia \u0219i securitatea muncii \u00een laboratorul pilot cu specific \u00een evaluarea calit\u0103\u021bii produselor de s\u0103n\u0103tate. Prezentarea laboratorului. Analiza unor factori de mediu. Identificarea \u0219i cuantificarea unor fitocompu\u0219i cu poten\u021bial bioactiv. Analiza unor lichide biologice \u00een vederea identific\u0103rii \u0219i cuantific\u0103rii unor compu\u0219i de interes.<\/p>\n","protected":false},"author":1,"featured_media":0,"parent":0,"menu_order":0,"comment_status":"closed","ping_status":"closed","template":"","meta":[],"_links":{"self":[{"href":"https:\/\/grants.ulbsibiu.ro\/edupractica\/index.php?rest_route=\/wp\/v2\/pages\/461"}],"collection":[{"href":"https:\/\/grants.ulbsibiu.ro\/edupractica\/index.php?rest_route=\/wp\/v2\/pages"}],"about":[{"href":"https:\/\/grants.ulbsibiu.ro\/edupractica\/index.php?rest_route=\/wp\/v2\/types\/page"}],"author":[{"embeddable":true,"href":"https:\/\/grants.ulbsibiu.ro\/edupractica\/index.php?rest_route=\/wp\/v2\/users\/1"}],"replies":[{"embeddable":true,"href":"https:\/\/grants.ulbsibiu.ro\/edupractica\/index.php?rest_route=%2Fwp%2Fv2%2Fcomments&post=461"}],"version-history":[{"count":1,"href":"https:\/\/grants.ulbsibiu.ro\/edupractica\/index.php?rest_route=\/wp\/v2\/pages\/461\/revisions"}],"predecessor-version":[{"id":462,"href":"https:\/\/grants.ulbsibiu.ro\/edupractica\/index.php?rest_route=\/wp\/v2\/pages\/461\/revisions\/462"}],"wp:attachment":[{"href":"https:\/\/grants.ulbsibiu.ro\/edupractica\/index.php?rest_route=%2Fwp%2Fv2%2Fmedia&parent=461"}],"curies":[{"name":"wp","href":"https:\/\/api.w.org\/{rel}","templated":true}]}}