{"id":457,"date":"2021-10-19T18:37:07","date_gmt":"2021-10-19T18:37:07","guid":{"rendered":"https:\/\/grants.ulbsibiu.ro\/edupractica\/?page_id=457"},"modified":"2021-10-19T18:37:08","modified_gmt":"2021-10-19T18:37:08","slug":"tematica-practica-laborator-farmacie","status":"publish","type":"page","link":"https:\/\/grants.ulbsibiu.ro\/edupractica\/?page_id=457","title":{"rendered":"Tematica practica laborator Farmacie"},"content":{"rendered":"\n<ol type=\"1\"><li>Norme generale de protec\u021bia \u0219i securitatea muncii \u00een laboratorul pilot cu specific \u00een evaluarea calit\u0103\u021bii produselor de s\u0103n\u0103tate. Prezentarea laboratorului.<\/li><li>Recoltarea, extrac\u021bia \u0219i analiza compu\u0219ilor cu poten\u021bial bioactiv din plante.<\/li><li>Izolarea \u0219i analiza unor substan\u021be de interes din forme farmaceutice.<\/li><li>Bune practici de fabrica\u021bie, analiz\u0103 \u0219i distribu\u021bie a produselor de s\u0103n\u0103tate.<\/li><\/ol>\n","protected":false},"excerpt":{"rendered":"<p>Norme generale de protec\u021bia \u0219i securitatea muncii \u00een laboratorul pilot cu specific \u00een evaluarea calit\u0103\u021bii produselor de s\u0103n\u0103tate. Prezentarea laboratorului. Recoltarea, extrac\u021bia \u0219i analiza compu\u0219ilor cu poten\u021bial bioactiv din plante. Izolarea \u0219i analiza unor substan\u021be de interes din forme farmaceutice. Bune practici de fabrica\u021bie, analiz\u0103 \u0219i distribu\u021bie a produselor de s\u0103n\u0103tate.<\/p>\n","protected":false},"author":1,"featured_media":0,"parent":0,"menu_order":0,"comment_status":"closed","ping_status":"closed","template":"","meta":[],"_links":{"self":[{"href":"https:\/\/grants.ulbsibiu.ro\/edupractica\/index.php?rest_route=\/wp\/v2\/pages\/457"}],"collection":[{"href":"https:\/\/grants.ulbsibiu.ro\/edupractica\/index.php?rest_route=\/wp\/v2\/pages"}],"about":[{"href":"https:\/\/grants.ulbsibiu.ro\/edupractica\/index.php?rest_route=\/wp\/v2\/types\/page"}],"author":[{"embeddable":true,"href":"https:\/\/grants.ulbsibiu.ro\/edupractica\/index.php?rest_route=\/wp\/v2\/users\/1"}],"replies":[{"embeddable":true,"href":"https:\/\/grants.ulbsibiu.ro\/edupractica\/index.php?rest_route=%2Fwp%2Fv2%2Fcomments&post=457"}],"version-history":[{"count":1,"href":"https:\/\/grants.ulbsibiu.ro\/edupractica\/index.php?rest_route=\/wp\/v2\/pages\/457\/revisions"}],"predecessor-version":[{"id":458,"href":"https:\/\/grants.ulbsibiu.ro\/edupractica\/index.php?rest_route=\/wp\/v2\/pages\/457\/revisions\/458"}],"wp:attachment":[{"href":"https:\/\/grants.ulbsibiu.ro\/edupractica\/index.php?rest_route=%2Fwp%2Fv2%2Fmedia&parent=457"}],"curies":[{"name":"wp","href":"https:\/\/api.w.org\/{rel}","templated":true}]}}