{"id":367,"date":"2021-10-16T20:07:34","date_gmt":"2021-10-16T20:07:34","guid":{"rendered":"https:\/\/grants.ulbsibiu.ro\/edupractica\/?page_id=367"},"modified":"2021-10-16T20:07:34","modified_gmt":"2021-10-16T20:07:34","slug":"tematica-practica-studenti-farmacie-an-iv","status":"publish","type":"page","link":"https:\/\/grants.ulbsibiu.ro\/edupractica\/?page_id=367","title":{"rendered":"Tematica practica studenti Farmacie an IV"},"content":{"rendered":"\n<p>ianuarie &#8211; septembrie 2021<\/p>\n\n\n\n<p><\/p>\n\n\n\n<p><strong>Tema 1.<\/strong> Organizarea \u0219i func\u021bionarea farmaciei.<\/p>\n\n\n\n<p><strong>Tema 2<\/strong>. Recep\u021bia calitativ\u0103 \u0219i cantitativ\u0103 a produselor farmaceutice \u00een Farmacie: medicamente, suplimente nutritive, substan\u021be farmaceutice, produse tehnico-medicale.<\/p>\n\n\n\n<p><strong>Tema 3.<\/strong> Formularea, prepararea \u0219i eliberarea medicamentelor.<\/p>\n\n\n\n<p><strong>Tema 4.<\/strong> Activit\u0103\u0163ile farmacistului \u00een farmacia de spital \/ farmacia comunitar\u0103 &#8211; activitatea de farmacovigilen\u021b\u0103.<\/p>\n\n\n\n<p><strong>Tema 5.<\/strong> Activit\u0103\u0163ile farmacistului \u00een depozitul farmaceutic.<\/p>\n\n\n\n<p><strong>Tema 6.<\/strong> I. Activitatea specific\u0103 cu substan\u0163e cu regim special (psihotrope \u0219i stupefiante) \u0219i rolul farmacistului \u00een prevenirea \u015fi combaterea consumului ilicit de droguri. II. Substan\u0163ele cu regim legal special \u015fi sportivii.<\/p>\n\n\n\n<p><strong>Tema 7.<\/strong> I. Produse vegetale \u0219i fitomedicamente II. Suplimente alimentare (SA).<\/p>\n\n\n\n<p><strong>Tema 8. <\/strong>Cunoa\u0219terea produselor homeopate. &nbsp;<\/p>\n\n\n\n<p><strong>Tema 9.<\/strong> Medicamente biologice.<\/p>\n","protected":false},"excerpt":{"rendered":"<p>ianuarie &#8211; septembrie 2021 Tema 1. Organizarea \u0219i func\u021bionarea farmaciei. Tema 2. Recep\u021bia calitativ\u0103 \u0219i cantitativ\u0103 a produselor farmaceutice \u00een Farmacie: medicamente, suplimente nutritive, substan\u021be farmaceutice, produse tehnico-medicale. Tema 3. Formularea, prepararea \u0219i eliberarea medicamentelor. Tema 4. Activit\u0103\u0163ile farmacistului \u00een farmacia de spital \/ farmacia comunitar\u0103 &#8211; activitatea de farmacovigilen\u021b\u0103. Tema 5. Activit\u0103\u0163ile farmacistului \u00een [&hellip;]<\/p>\n","protected":false},"author":1,"featured_media":0,"parent":0,"menu_order":0,"comment_status":"closed","ping_status":"closed","template":"","meta":[],"_links":{"self":[{"href":"https:\/\/grants.ulbsibiu.ro\/edupractica\/index.php?rest_route=\/wp\/v2\/pages\/367"}],"collection":[{"href":"https:\/\/grants.ulbsibiu.ro\/edupractica\/index.php?rest_route=\/wp\/v2\/pages"}],"about":[{"href":"https:\/\/grants.ulbsibiu.ro\/edupractica\/index.php?rest_route=\/wp\/v2\/types\/page"}],"author":[{"embeddable":true,"href":"https:\/\/grants.ulbsibiu.ro\/edupractica\/index.php?rest_route=\/wp\/v2\/users\/1"}],"replies":[{"embeddable":true,"href":"https:\/\/grants.ulbsibiu.ro\/edupractica\/index.php?rest_route=%2Fwp%2Fv2%2Fcomments&post=367"}],"version-history":[{"count":1,"href":"https:\/\/grants.ulbsibiu.ro\/edupractica\/index.php?rest_route=\/wp\/v2\/pages\/367\/revisions"}],"predecessor-version":[{"id":368,"href":"https:\/\/grants.ulbsibiu.ro\/edupractica\/index.php?rest_route=\/wp\/v2\/pages\/367\/revisions\/368"}],"wp:attachment":[{"href":"https:\/\/grants.ulbsibiu.ro\/edupractica\/index.php?rest_route=%2Fwp%2Fv2%2Fmedia&parent=367"}],"curies":[{"name":"wp","href":"https:\/\/api.w.org\/{rel}","templated":true}]}}