{"id":243,"date":"2021-04-21T18:51:53","date_gmt":"2021-04-21T18:51:53","guid":{"rendered":"https:\/\/grants.ulbsibiu.ro\/edupractica\/?page_id=243"},"modified":"2024-04-08T07:03:12","modified_gmt":"2024-04-08T07:03:12","slug":"echipa","status":"publish","type":"page","link":"https:\/\/grants.ulbsibiu.ro\/edupractica\/?page_id=243","title":{"rendered":"Echipa"},"content":{"rendered":"\n<figure class=\"wp-block-table is-style-regular\"><table><tbody><tr><td><strong>Echipa de management<\/strong><\/td><\/tr><tr><td>Prof. dr. Gligor Felicia Gabriela<\/td><td>Manager de proiect<\/td><\/tr><tr><td><strong>Echipa de implementare<\/strong><\/td><\/tr><tr><td>Stan Mariana Silvia<\/td><td>Responsabil grup \u021bint\u0103 studen\u021bi<\/td><\/tr><tr><td>Lect. dr. Ilie Daniela Minodora<\/td><td>Responsabil grup \u021bint\u0103 studen\u021bi<\/td><\/tr><tr><td>Luca Daniela<\/td><td>Responsabil grup \u021bint\u0103 studen\u021bi<\/td><\/tr><tr><td>Lect. dr. T\u0103u\u0219an Ioan<\/td><td>Responsabil parteneriate de practic\u0103 consolidate<\/td><\/tr><tr><td>Conf. dr. B\u0103n\u0103duc Angela Maria<\/td><td>Responsabil parteneriate de practic\u0103 nou create<\/td><\/tr><tr><td>Conf. dr. B\u0103n\u0103duc Doru Stelian<\/td><td>Responsabil de stagii de practic\u0103<\/td><\/tr><tr><td>Conf. dr. Cormo\u0219 Gabriela<\/td><td>Responsabil de stagii de practic\u0103<\/td><\/tr><tr><td>Conf. dr. \u0218tef Laura<\/td><td>Responsabil de stagii de practic\u0103<\/td><\/tr><tr><td>Sef lucr. dr. Popa Maria<\/td><td>Supervizor stagii de practic\u0103<\/td><\/tr><tr><td>Conf. dr. Turtureanu Adrian<\/td><td>Supervizor stagii de practic\u0103<\/td><\/tr><tr><td>Sef. Lucr. dr. Juncan Anca Maria<\/td><td>Supervizor stagii de practic\u0103<\/td><\/tr><tr><td>Conf. dr. Gheoca Voichi\u021ba<\/td><td>Supervizor stagii de practic\u0103<\/td><\/tr><tr><td>Sef lucr. dr. Olosutean Horea George<\/td><td>Supervizor stagii de practic\u0103<\/td><\/tr><tr><td>Conf. dr. Fr\u0103\u021bil\u0103 Anca Maria<\/td><td>Supervizor stagii de practic\u0103<\/td><\/tr><tr><td>Conf. dr. Georgescu Cecilia<\/td><td>Expert instructor practic\u0103 laborator<\/td><\/tr><tr><td>Sef lucr. dr. Frum Adina<br><br>Asist. dr. Arseniu Anca Maria <\/td><td>Expert instructor practic\u0103 laborator<br><br>Expert instructor practic\u0103 laborator<\/td><\/tr><tr><td>Conf. dr. Ghibu Morgovan Steliana<\/td><td>Specialist tehnic rela\u021bii mediul socio-economic<\/td><\/tr><tr><td>Prof. dr. \u0218ipos Anca Sorina<br><br>Lector dr. Danci Oana Viorica<\/td><td>Specialist tehnic nediscriminare \u0219i egalitate de \u0219anse<br><br>Expert membru comisie evaluare<\/td><\/tr><tr><td><strong>Personal administrativ<\/strong><\/td><\/tr><tr><td>Faloba Viorica<\/td><td>Asistent manager proiect<\/td><\/tr><tr><td>Puia Cristina Maria<\/td><td>Responsabil financiar<\/td><\/tr><tr><td>Poro\u0219anu Gina Viorica<\/td><td>Responsabil achizi\u021bii<\/td><\/tr><tr><td>B\u0103dil\u0103 Daniela Elena<\/td><td>Consilier juridic<\/td><\/tr><tr><td>Vintil\u0103 Diana Elena<\/td><td>Responsabil resurse umane<\/td><\/tr><tr><td>Petru\u021ba Gisella Anamaria<\/td><td>Responsabil salarizare<\/td><\/tr><\/tbody><\/table><\/figure>\n","protected":false},"excerpt":{"rendered":"<p>Echipa de management Prof. dr. Gligor Felicia Gabriela Manager de proiect Echipa de implementare Stan Mariana Silvia Responsabil grup \u021bint\u0103 studen\u021bi Lect. dr. Ilie Daniela Minodora Responsabil grup \u021bint\u0103 studen\u021bi Luca Daniela Responsabil grup \u021bint\u0103 studen\u021bi Lect. dr. T\u0103u\u0219an Ioan Responsabil parteneriate de practic\u0103 consolidate Conf. dr. B\u0103n\u0103duc Angela Maria Responsabil parteneriate de practic\u0103 nou [&hellip;]<\/p>\n","protected":false},"author":1,"featured_media":0,"parent":0,"menu_order":0,"comment_status":"closed","ping_status":"closed","template":"","meta":[],"_links":{"self":[{"href":"https:\/\/grants.ulbsibiu.ro\/edupractica\/index.php?rest_route=\/wp\/v2\/pages\/243"}],"collection":[{"href":"https:\/\/grants.ulbsibiu.ro\/edupractica\/index.php?rest_route=\/wp\/v2\/pages"}],"about":[{"href":"https:\/\/grants.ulbsibiu.ro\/edupractica\/index.php?rest_route=\/wp\/v2\/types\/page"}],"author":[{"embeddable":true,"href":"https:\/\/grants.ulbsibiu.ro\/edupractica\/index.php?rest_route=\/wp\/v2\/users\/1"}],"replies":[{"embeddable":true,"href":"https:\/\/grants.ulbsibiu.ro\/edupractica\/index.php?rest_route=%2Fwp%2Fv2%2Fcomments&post=243"}],"version-history":[{"count":18,"href":"https:\/\/grants.ulbsibiu.ro\/edupractica\/index.php?rest_route=\/wp\/v2\/pages\/243\/revisions"}],"predecessor-version":[{"id":905,"href":"https:\/\/grants.ulbsibiu.ro\/edupractica\/index.php?rest_route=\/wp\/v2\/pages\/243\/revisions\/905"}],"wp:attachment":[{"href":"https:\/\/grants.ulbsibiu.ro\/edupractica\/index.php?rest_route=%2Fwp%2Fv2%2Fmedia&parent=243"}],"curies":[{"name":"wp","href":"https:\/\/api.w.org\/{rel}","templated":true}]}}