{"id":120,"date":"2021-04-19T05:41:54","date_gmt":"2021-04-19T05:41:54","guid":{"rendered":"https:\/\/grants.ulbsibiu.ro\/edupractica\/?page_id=120"},"modified":"2021-04-21T20:12:46","modified_gmt":"2021-04-21T20:12:46","slug":"despre-proiect","status":"publish","type":"page","link":"https:\/\/grants.ulbsibiu.ro\/edupractica\/?page_id=120","title":{"rendered":"Despre proiect"},"content":{"rendered":"\n<p><strong>Tip proiect:<\/strong> POCU\/626\/6\/13\/Cre\u0219terea num\u0103rului absolven\u0163ilor de \u00eenva\u0163am\u00e2nt ter\u0163iar universitar \u0219i non-universitar care \u00ee\u0219i g\u0103sesc un loc de munc\u0103 urmare a accesului la activita\u0163i de \u00eenva\u0163are\/ cercetare\/ inovare la un poten\u021bial loc de munca, cu accent pe sectoarele economice cu poten\u021bial competitiv identificate conform SNC \u0219i domeniile de specializare inteligent\u0103 conform SNCDI.<\/p>\n\n\n\n<p><strong>Cod proiect: 131571<\/strong><\/p>\n\n\n\n<p><strong>Denumire proiect: <\/strong>EDU PRACTICA \u2013 Cheia succesului primului loc de munca pentru studentii ULBS<\/p>\n\n\n\n<p><strong>Axa prioritar\u0103: Stagii de practic\u0103 pentru studen\u0163i \u2013 Regiuni mai pu\u0163in dezvoltate<\/strong><\/p>\n\n\n\n<p>Proiectul se implementeaz\u0103 \u00een cadrul Universitatii \u201eLucian Blaga\u201c din Sibiu (ULBS), Jude\u021bul Sibiu, Regiunea Centru.<\/p>\n\n\n\n<p><\/p>\n\n\n\n<p><strong>Perioada de desfasurare a proiectului: 28 octombrie 2020 &#8211; 27 octombrie 2022 <\/strong><\/p>\n\n\n\n<p><\/p>\n\n\n\n<p><\/p>\n\n\n\n<p><strong>Obiectivul general:<\/strong> Cre\u015fterea num\u0103rului absolven\u0163ilor de \u00eenv\u0103\u0163\u0103m\u00e2nt ter\u0163iar universitar din domeniile Biologie, Medicin\u0103 \u015fi Farmacie din cadrul Universit\u0103\u0163ii \u201eLucian Blaga\u201d din Sibiu care \u00ee\u015fi g\u0103sesc un loc de munc\u0103 ca urmare a accesului la stagii de practic\u0103 la poten\u0163iali angajatori prin intermediul unor parteneriate sustenabile ale universit\u0103\u0163ii cu sectorul privat pentru facilitarea tranzi\u0163iei de la educa\u0163ie la un loc de munc\u0103, la servicii de consiliere \u015fi orientare profesional\u0103 axate pe dob\u00e2ndirea de competen\u0163e transversale corelate cu necesit\u0103\u0163ile pie\u0163ei muncii, la un sistem de informare coordonat\u0103, precum \u015fi la activit\u0103\u0163i de formare de competen\u0163e antreprenoriale prin intreprinderea simulat\u0103.<\/p>\n\n\n\n<p><strong>Proiectul isi propune:<\/strong><\/p>\n\n\n\n<ul><li>un num\u0103r de 340 de studen\u021bi care beneficiaz\u0103 de sprijin pentru tranzi\u021bia de la \u0219coala la via\u021ba activ\u0103;<\/li><li>un num\u0103r de 245 de studenti care dob\u00e2ndesc o calificare la \u00eencetarea calita\u021bii de participant;<\/li><li>un num\u0103r de 136 studen\u021bi care \u00ee\u0219i g\u0103sesc un loc de munc\u0103 la \u00eencetarea calit\u0103\u021bii de participant;<\/li><li>un numar de 112 studenti care urmeaz\u0103 studii\/cursuri de formare (competen\u021be antreprenoriale prin intreprindere simulat\u0103) la \u00eencetarea calit\u0103\u021bii de participant;<\/li><li>s\u0103 asigure crearea unui parteneriat social puternic \u00eentre mediul academic (ULBS) \u0219i sectorul privat (angajatori, organizatori de practica, etc.) si\/sau actori din domeniul cercet\u0103rii \u0219i inovarii, prin dezvoltarea, concretizarea \u0219i implementarea unor astfel de parteneriate deja existente, dar \u0219i a unor noi astfel de parteneriate;<\/li><li>s\u0103 asigure conceperea, dezvoltarea \u0219i implementarea unui sistem de informare coordonat pe direc\u021bia angajator-unitate de \u00eenv\u0103\u021b\u0103m\u00e2nt superior \u0219i pilotarea de solu\u021bii inovatoare \u00een consiliere \u0219i orientare profesional\u0103.<\/li><\/ul>\n\n\n\n<p>Proiectul va genera un efect pozitiv, at\u00e2t la nivelul grupului \u0163int\u0103, c\u00e2t \u015fi la nivel local \u015fi la nivelul \u00eentregii regiuni. Prin acest proiect se asigur\u0103 dezvoltarea resursei umane pentru integrarea durabil\u0103 pe pia\u0163a muncii prin promovarea \u00eenv\u0103\u0163\u0103rii pe tot parcursul vie\u0163ii, pentru dob\u00e2ndirea cuno\u015ftin\u0163elor \u015fi dezvoltarea abilit\u0103\u0163ilor \u015fi a aptitudinilor de munc\u0103 a celor 340 de studenti \u00eenmatricula\u0163i \u00een sistemul na\u0163ional de \u00eenva\u0163\u0103m\u00e2nt (licen\u0163\u0103) din cadrul ULBS pentru \u00eembun\u0103t\u0103\u0163irea inser\u0163iei acestora pe pia\u0163a muncii \u015fi cre\u015fterea ratei de ocupare, de angajabilitate si\/sau se desfasurare a unei activit\u0103\u0163i independente la nivel local, regional \u015fi na\u0163ional.<\/p>\n\n\n\n<p>Activitatea implic\u0103 grupul \u021bint\u0103 din cadrul Facult\u0103\u021bii de \u0218tiinte \u2013 Specializare Biologie, Facult\u0103\u021bii de Medicin\u0103 \u2013 Specializarea Farmacie \u0219i Facult\u0103\u021bii de Medicin\u0103 \u2013 Specializarea Asisten\u021b\u0103 Medical\u0103 General\u0103.<\/p>\n\n\n\n<p>Proiectul urm\u0103re\u0219te cre\u0219terea ratei de participare a studentilor (ISCED 5-7) la programele de \u00eenva\u021bare la locul de munc\u0103 (stagii de practic\u0103) din cadrul parteneriatelor nou \u00eenfiin\u021bate\/dezvoltate dar \u0219i din cadrul celor deja existente, care s\u0103 faciliteze inser\u021bia pe pia\u021ba muncii a absolven\u021bilor de studii ter\u021biare din cadrul ULBS.<\/p>\n\n\n\n<p>Parteneriatele nou infiin\u021bate sunt dezvoltate \u00eentre ULBS, sectorul privat si actori din domeniul cercet\u0103rii \u0219i inovarii, inclusiv \u00een vederea organiz\u0103rii de stagii de practic\u0103. Domeniile de preg\u0103tire profesional\u0103 pun accent pe sectoarele economice cu poten\u021bial competitive identificate \u00een SNC, precum \u0219i SNCDI.<\/p>\n\n\n\n<p>Prin obiectivul s\u0103u general \u2013 proiectul contribuie direct la realizarea obiectivului general al PROGRAMULUI OPERATIONAL CAPITAL UMAN 2014 \u20132020, de asigurare a cre\u0219terii accesului la un sistem de educa\u021bie \u0219i formare profesional\u0103 de calitate \u0219i stimulare a ocup\u0103rii viz\u00e2nd participarea la stagii de practic\u0103 \u0219i la activit\u0103\u021bi de consiliere \u0219i orientare profesional\u0103 pentru 340 de studen\u021bi, precum \u0219i crearea unui sistem de informare coordonat\u0103 \u00eentre sectorul privat \u0219i \u00eenv\u0103\u021b\u0103m\u00e2ntul superior, proiectul contribuind \u0219i la atingerea Obiectivului tematic 10. Proiectul contribuie la realizarea priorit\u0103\u021bilor strategice ale SNC prin preg\u0103tirea genera\u021biilor viitoare de profesioni\u0219ti competen\u021bi \u0219i de promovare a sectoarelor de dezvoltare inteligent\u0103 \u00een care ace\u0219tia s\u0103 lucreze.<\/p>\n","protected":false},"excerpt":{"rendered":"<p>Tip proiect: POCU\/626\/6\/13\/Cre\u0219terea num\u0103rului absolven\u0163ilor de \u00eenva\u0163am\u00e2nt ter\u0163iar universitar \u0219i non-universitar care \u00ee\u0219i g\u0103sesc un loc de munc\u0103 urmare a accesului la activita\u0163i de \u00eenva\u0163are\/ cercetare\/ inovare la un poten\u021bial loc de munca, cu accent pe sectoarele economice cu poten\u021bial competitiv identificate conform SNC \u0219i domeniile de specializare inteligent\u0103 conform SNCDI. Cod proiect: 131571 Denumire [&hellip;]<\/p>\n","protected":false},"author":1,"featured_media":0,"parent":0,"menu_order":0,"comment_status":"closed","ping_status":"closed","template":"","meta":[],"_links":{"self":[{"href":"https:\/\/grants.ulbsibiu.ro\/edupractica\/index.php?rest_route=\/wp\/v2\/pages\/120"}],"collection":[{"href":"https:\/\/grants.ulbsibiu.ro\/edupractica\/index.php?rest_route=\/wp\/v2\/pages"}],"about":[{"href":"https:\/\/grants.ulbsibiu.ro\/edupractica\/index.php?rest_route=\/wp\/v2\/types\/page"}],"author":[{"embeddable":true,"href":"https:\/\/grants.ulbsibiu.ro\/edupractica\/index.php?rest_route=\/wp\/v2\/users\/1"}],"replies":[{"embeddable":true,"href":"https:\/\/grants.ulbsibiu.ro\/edupractica\/index.php?rest_route=%2Fwp%2Fv2%2Fcomments&post=120"}],"version-history":[{"count":4,"href":"https:\/\/grants.ulbsibiu.ro\/edupractica\/index.php?rest_route=\/wp\/v2\/pages\/120\/revisions"}],"predecessor-version":[{"id":294,"href":"https:\/\/grants.ulbsibiu.ro\/edupractica\/index.php?rest_route=\/wp\/v2\/pages\/120\/revisions\/294"}],"wp:attachment":[{"href":"https:\/\/grants.ulbsibiu.ro\/edupractica\/index.php?rest_route=%2Fwp%2Fv2%2Fmedia&parent=120"}],"curies":[{"name":"wp","href":"https:\/\/api.w.org\/{rel}","templated":true}]}}