{"id":332,"date":"2026-04-29T18:34:12","date_gmt":"2026-04-29T18:34:12","guid":{"rendered":"https:\/\/grants.ulbsibiu.ro\/ecojust\/?page_id=332"},"modified":"2026-05-11T06:43:23","modified_gmt":"2026-05-11T06:43:23","slug":"conference-program","status":"publish","type":"page","link":"https:\/\/grants.ulbsibiu.ro\/ecojust\/conference-program\/","title":{"rendered":"Conference program"},"content":{"rendered":"\n<div class=\"wp-block-columns is-layout-flex wp-container-core-columns-is-layout-28f84493 wp-block-columns-is-layout-flex\">\n<div class=\"wp-block-column is-layout-flow wp-block-column-is-layout-flow\" style=\"flex-basis:2%\">\n<p class=\"has-x-large-font-size\">\ud83d\udccd<\/p>\n<\/div>\n\n\n\n<div class=\"wp-block-column is-layout-flow wp-block-column-is-layout-flow\" style=\"flex-basis:50%\">\n<p><meta http-equiv=\"content-type\" content=\"text\/html; charset=utf-8\"><strong>Lucian Blaga University Library<\/strong><br>Lucian Blaga Street, 2A<br>Sibiu, Romania<\/p>\n<\/div>\n<\/div>\n\n\n<h2 id=\"tablepress-4-name\" class=\"tablepress-table-name tablepress-table-name-id-4\">Monday, May 18, 2026 (Day 1)<\/h2>\n\n<table id=\"tablepress-4\" class=\"tablepress tablepress-id-4 tbody-has-connected-cells\" aria-labelledby=\"tablepress-4-name\">\n<tbody class=\"row-striping row-hover\">\n<tr class=\"row-1\">\n\t<td class=\"column-1\">08:30<\/td><td class=\"column-2\">09:00<\/td><td colspan=\"2\" class=\"column-3\"><strong>Registration: Welcome Coffee &amp; Registration<\/strong><\/td>\n<\/tr>\n<tr class=\"row-2\">\n\t<td class=\"column-1\">09:00<\/td><td class=\"column-2\">09:15<\/td><td colspan=\"2\" class=\"column-3\">Opening Session: <em>A welcome message from ULBS representatives and EcoJust management<\/em><br \/>\n<strong>Room:<\/strong> Senate Hall<\/td>\n<\/tr>\n<tr class=\"row-3\">\n\t<td class=\"column-1\">09:15<\/td><td class=\"column-2\">11:15<\/td><td colspan=\"2\" class=\"column-3\">Keynote Session: Film screening and opening discussion with <strong>Prof. Stefania Barca, Prof. Erik Swyngedouw<\/strong>, and <strong>Prof. Vivian Price<\/strong><br \/>\n<strong>Room:<\/strong> Senate Hall<\/td>\n<\/tr>\n<tr class=\"row-4\">\n\t<td class=\"column-1\">11:15<\/td><td class=\"column-2\">11:45<\/td><td colspan=\"2\" class=\"column-3\"><em>Coffee Break<\/em><br \/>\nLibrary Lobby<\/td>\n<\/tr>\n<tr class=\"row-5\">\n\t<td class=\"column-1\">11:45<\/td><td class=\"column-2\">13:00<\/td><td colspan=\"2\" class=\"column-3\"><strong>Parallel Sessions<\/strong><\/td>\n<\/tr>\n<tr class=\"row-6\">\n\t<td colspan=\"2\" class=\"column-1\"><\/td><td class=\"column-3\"><strong>T1 \u2013 Energy Justice and Inequalities in the Green Transition<br \/>\nChair:<\/strong> Hestia Delibas<br \/>\n<strong>Room:<\/strong> Senate Hall<\/td><td class=\"column-4\"><strong>G1 \u2013 Environment, Extraction, and Governance in Post-Socialist Eastern Europe<br \/>\nChair:<\/strong> Gabriel Girigan<br \/>\n<strong>Room:<\/strong> Computer Lab<\/td>\n<\/tr>\n<tr class=\"row-7\">\n\t<td class=\"column-1\"><\/td><td class=\"column-2\"><\/td><td class=\"column-3\">Giulia Mininni &amp; Saska Petrova \u2013 <em>Intersectional energy precarities in extractive practices<\/em><\/td><td class=\"column-4\">Ruxandra P\u0103duraru, Alexandru Iorga, Drago\u0219 Tudorache &#8211; <em>Tulcea\u2013Chilia Veche Road (DJ222N): Stone, Dust, and Promises<\/em><\/td>\n<\/tr>\n<tr class=\"row-8\">\n\t<td class=\"column-1\"><\/td><td class=\"column-2\"><\/td><td class=\"column-3\">Katarina Ku\u0161i\u0107 \u2013 <em>Water, wind, and sun: Continuity and change in the energy futures of the Dinaric karst<\/em><\/td><td class=\"column-4\">Bogdan Iancu &#8211; <em>From irrigation to extraction: the socio-ecological afterlives of a socialist water infrastructure in southern Romania<\/em><\/td>\n<\/tr>\n<tr class=\"row-9\">\n\t<td class=\"column-1\"><\/td><td class=\"column-2\"><\/td><td class=\"column-3\">Lilian Pungas \u2013 <em>Agroecology right beneath high-voltage power lines and oil shale plants<\/em><\/td><td class=\"column-4\">Linda Szab\u00f3, Czegl\u00e9di Alexandra &#8211; <em>Governance of ruptured resistances to infrastructures of East Asian EV battery investments across Hungary<\/em><\/td>\n<\/tr>\n<tr class=\"row-10\">\n\t<td class=\"column-1\"><\/td><td class=\"column-2\"><\/td><td class=\"column-3\">Nikola A. Venkov-Rose \u2013 <em>\u201cBorn to pollute: Cleaning Stolipinovo \u2013 mission impossible\u201d: The media-governance complex as a socio-political apparatus sustaining environmental racism<\/em><\/td><td class=\"column-4\">Sergiu Novac &#8211; <em>The Residual Violence of the Green Atom: Romania\u2019s Uranium Mining in the Age of Nuclear Renaissance<\/em><\/td>\n<\/tr>\n<tr class=\"row-11\">\n\t<td class=\"column-1\"><\/td><td class=\"column-2\"><\/td><td class=\"column-3\">No\u00e9mi Gonda &amp; Jutka Bari \u2013 <em>Energy poverty, racial abandonment and the limits of energy justice: reflections from a Roma settlement in Hungary<\/em><\/td><td class=\"column-4\">Dorina Damsa, Kathinka Fossum Evertsen, Hallam Tuck &#8211; <em>Para-criminal modes of forest governance in Romania\/European Union<\/em><\/td>\n<\/tr>\n<tr class=\"row-12\">\n\t<td class=\"column-1\"><\/td><td class=\"column-2\"><\/td><td colspan=\"2\" class=\"column-3\"><strong>Lunch Break at &#8220;Rabbit Hole and Soup&#8221;<\/strong><br \/>\nAddress:<em> Grand Square, no. 11<\/em><\/td>\n<\/tr>\n<tr class=\"row-13\">\n\t<td class=\"column-1\">14:30<\/td><td class=\"column-2\">15:45<\/td><td colspan=\"2\" class=\"column-3\"><strong>Parallel Sessions<\/strong><\/td>\n<\/tr>\n<tr class=\"row-14\">\n\t<td colspan=\"2\" class=\"column-1\"><\/td><td class=\"column-3\"><strong>R1 \u2013 Green Just Transitions?<br \/>\nChair:<\/strong> Filip Alexandrescu<br \/>\n<strong>Room:<\/strong> Senate Hall<\/td><td class=\"column-4\"><strong>Ignite Talks<br \/>\nChair:<\/strong> Ioana Savin<br \/>\n<strong>Room:<\/strong> Computer Lab<\/td>\n<\/tr>\n<tr class=\"row-15\">\n\t<td class=\"column-1\"><\/td><td class=\"column-2\"><\/td><td class=\"column-3\">Daniela Ana, Michael Eilenberg &#8211; <em>Drying Landscapes, Shifting Practices: Unequal Green Transition and transnational farming in Romania<\/em><\/td><td class=\"column-4\">Ioana Pantilimon &#8211; <em>The Eco-Social and Intercultural Pact of the South and Green Transitions in Eastern Europe<\/em><\/td>\n<\/tr>\n<tr class=\"row-16\">\n\t<td class=\"column-1\"><\/td><td class=\"column-2\"><\/td><td class=\"column-3\">Markus Sattler &#8211; <em>A just green transition without the meta-industrial class? Labour, class and resistance to hydropower in Georgia<\/em><\/td><td class=\"column-4\">Josefina Marklund &#8211; <em>The Politics of Sidelining Just Transition<\/em><\/td>\n<\/tr>\n<tr class=\"row-17\">\n\t<td class=\"column-1\"><\/td><td class=\"column-2\"><\/td><td class=\"column-3\">Mikul\u00e1\u0161 \u010cern\u00edk &#8211; <em>Steering the Wheel of Just Transition in Czechia: Civic resistance in post-mining regional development<\/em><\/td><td class=\"column-4\">George Iord\u0103chescu &#8211; <em>Conservation frontierization in the Carpathian Mountains: understanding justice between extractivisms and non-extractive use<\/em><\/td>\n<\/tr>\n<tr class=\"row-18\">\n\t<td class=\"column-1\"><\/td><td class=\"column-2\"><\/td><td class=\"column-3\">Emanuela Ignatoiu-Sora &#8211; <em>Naiads, insurance companies and climate justice: Pechea from a hydrofeminist perspective<\/em><\/td><td class=\"column-4\">Donald Davis &#8211; <em>Greying the Greenzone: Environmental Injustice in the Jadar Valley of Serbia<\/em><\/td>\n<\/tr>\n<tr class=\"row-19\">\n\t<td class=\"column-1\"><\/td><td class=\"column-2\"><\/td><td class=\"column-3\"><\/td><td class=\"column-4\">C\u0103lin Cotoi, Alexandru Iorga &#8211; <em>The Return of Development: War and Natures in the Danube Delta<\/em><\/td>\n<\/tr>\n<tr class=\"row-20\">\n\t<td class=\"column-1\"><\/td><td class=\"column-2\"><\/td><td class=\"column-3\"><\/td><td class=\"column-4\">Carmen Voinea, Mihai Stoica &#8211; <em>Exploring knowledge about methane gas emissions and community organisation potential in frontline communities<\/em><\/td>\n<\/tr>\n<tr class=\"row-21\">\n\t<td class=\"column-1\">15:45<\/td><td class=\"column-2\">16:00<\/td><td colspan=\"2\" class=\"column-3\"><em>Coffee Break<\/em><br \/>\nLibrary Lobby<\/td>\n<\/tr>\n<tr class=\"row-22\">\n\t<td class=\"column-1\">16:00<\/td><td class=\"column-2\">17:00<\/td><td colspan=\"2\" class=\"column-3\"><strong>Special Format Session:<\/strong> Film screening &amp; discussion: <em>\u201cNatural Gas, The Bridge To Climate Disaster\u201d<\/em> with Maria Martelli, Just Wondering collective<br \/>\n<strong>Room:<\/strong> Senate Hall<\/td>\n<\/tr>\n<tr class=\"row-23\">\n\t<td class=\"column-1\">18:30<\/td><td class=\"column-2\">20:00<\/td><td colspan=\"2\" class=\"column-3\"><strong>Dinner at The \u201cLa Dobrun\u201d Restaurant<br \/>\nAddress:<\/strong> <em>Dobrun Street, no. 1<\/em><\/td>\n<\/tr>\n<\/tbody>\n<\/table>\n<!-- #tablepress-4 from cache -->\n\n<h2 id=\"tablepress-6-name\" class=\"tablepress-table-name tablepress-table-name-id-6\">Tuesday, May 19, 2026 (Day 2)<\/h2>\n\n<table id=\"tablepress-6\" class=\"tablepress tablepress-id-6 tbody-has-connected-cells\" aria-labelledby=\"tablepress-6-name\">\n<tbody class=\"row-striping row-hover\">\n<tr class=\"row-1\">\n\t<td class=\"column-1\">09:00<\/td><td class=\"column-2\">10:15<\/td><td colspan=\"2\" class=\"column-3\"><strong>R2 \u2013 Transitions\u2019 Environmental Conflicts<br \/>\nChair:<\/strong> Filip Alexandrescu<br \/>\n<strong>Room:<\/strong> Senate Hall<\/td><td class=\"column-5\"><\/td>\n<\/tr>\n<tr class=\"row-2\">\n\t<td class=\"column-1\"><\/td><td class=\"column-2\"><\/td><td colspan=\"2\" class=\"column-3\">Bal\u0161a Lubarda &#8211; <em>Exclusionary environments: Environmentalism and scapegoating in Serbia and Montenegro<\/em><\/td><td class=\"column-5\"><\/td>\n<\/tr>\n<tr class=\"row-3\">\n\t<td class=\"column-1\"><\/td><td class=\"column-2\"><\/td><td colspan=\"2\" class=\"column-3\">Rositsa Kratunkova &#8211; <em>De-hydrocapitalism: struggles for water in Bulgaria<\/em><\/td><td class=\"column-5\"><\/td>\n<\/tr>\n<tr class=\"row-4\">\n\t<td class=\"column-1\"><\/td><td class=\"column-2\"><\/td><td colspan=\"2\" class=\"column-3\">Nora Hein &#8211; <em>A \u2018Justice Lens\u2019 perspective on the Green Transition in South Moravia (Czechia) and Kaigu Peatland (Latvia)<\/em><\/td><td class=\"column-5\"><\/td>\n<\/tr>\n<tr class=\"row-5\">\n\t<td class=\"column-1\"><\/td><td class=\"column-2\"><\/td><td colspan=\"2\" class=\"column-3\">Clara Salaverr\u00eda Embid &#8211; <em>\u2018Tomorrow in your backyard?\u2019 Ecological distribution conflicts and sustainability transitions in Bosnia and Herzegovina<\/em><\/td><td class=\"column-5\"><\/td>\n<\/tr>\n<tr class=\"row-6\">\n\t<td class=\"column-1\"><\/td><td class=\"column-2\"><\/td><td colspan=\"2\" class=\"column-3\">Adrian Deoanc\u0103 &#8211; <em>Thinking Between the Posts: Postcarbon, Postsocialism and Cement<\/em><\/td><td class=\"column-5\"><\/td>\n<\/tr>\n<tr class=\"row-7\">\n\t<td class=\"column-1\">10:15<\/td><td class=\"column-2\">10:40<\/td><td colspan=\"2\" class=\"column-3\"><em>Coffee Break<\/em><br \/>\nLibrary Lobby<\/td><td class=\"column-5\"><\/td>\n<\/tr>\n<tr class=\"row-8\">\n\t<td class=\"column-1\">10:40<\/td><td class=\"column-2\">12:00<\/td><td class=\"column-3\"><strong>T2 \u2013 Industrial Legacies and Green Extractivism<br \/>\nChair:<\/strong> Irina Velicu<br \/>\n<strong>Room:<\/strong> Senate Hall<\/td><td class=\"column-4\"><strong><\/strong><\/td><td class=\"column-5\"><\/td>\n<\/tr>\n<tr class=\"row-9\">\n\t<td class=\"column-1\"><\/td><td class=\"column-2\"><\/td><td colspan=\"2\" class=\"column-3\">Agnes Gagyi &amp; Lela Rekhviashvili \u2013 <em>Green investment conflicts at the EU\u2019s eastern peripheries: towards a comparative research framework<\/em><\/td><td class=\"column-5\"><\/td>\n<\/tr>\n<tr class=\"row-10\">\n\t<td class=\"column-1\"><\/td><td class=\"column-2\"><\/td><td colspan=\"2\" class=\"column-3\">Laura Maghe\u021biu \u2013 <em>\u201cThis Will Revolutionize Private Forestry Here\u201d- On Romania\u2019s Emergent Carbon Offseting Industry Landscape<\/em><\/td><td class=\"column-5\"><\/td>\n<\/tr>\n<tr class=\"row-11\">\n\t<td class=\"column-1\"><\/td><td class=\"column-2\"><\/td><td colspan=\"2\" class=\"column-3\">Anna Iosif \u2013 <em>Productive Pollution. Landscapes of Labour and Contamination in a Romanian Socialist City<\/em><\/td><td class=\"column-5\"><\/td>\n<\/tr>\n<tr class=\"row-12\">\n\t<td class=\"column-1\"><\/td><td class=\"column-2\"><\/td><td colspan=\"2\" class=\"column-3\">Elena-Maria Cauti\u0219 &#8211; <em>Wasted Heritage Futures: Toxic Inheritances of Post-Socialism at the Rulmentul Factory, Bra\u0219ov<\/em><\/td><td class=\"column-5\"><\/td>\n<\/tr>\n<tr class=\"row-13\">\n\t<td class=\"column-1\"><\/td><td class=\"column-2\"><\/td><td colspan=\"2\" class=\"column-3\">Jana Tsoneva \u2013 <em>From fossil socialism to helio-socialism: towards an alternative to market-based decarbonization<\/em><\/td><td class=\"column-5\"><\/td>\n<\/tr>\n<tr class=\"row-14\">\n\t<td class=\"column-1\">12:00<\/td><td class=\"column-2\">13:00<\/td><td colspan=\"2\" class=\"column-3\"><strong>Coffee and Networking Break<\/strong><br \/>\nLibrary Lobby<\/td><td class=\"column-5\"><\/td>\n<\/tr>\n<tr class=\"row-15\">\n\t<td class=\"column-1\">13:00<\/td><td class=\"column-2\">14:30<\/td><td colspan=\"2\" class=\"column-3\"><strong>Lunch Break at Rabbit Hole and Soup<\/strong><br \/>\nAddress:<em> Grand Square, no. 11<\/em><\/td><td class=\"column-5\"><\/td>\n<\/tr>\n<tr class=\"row-16\">\n\t<td class=\"column-1\">14:30<\/td><td class=\"column-2\">15:45<\/td><td colspan=\"2\" class=\"column-3\"><strong>Parallel Sessions<\/strong><\/td><td class=\"column-5\"><\/td>\n<\/tr>\n<tr class=\"row-17\">\n\t<td class=\"column-1\"><\/td><td class=\"column-2\"><\/td><td class=\"column-3\"><strong>R3 \u2013 Post-socialist Scenarios of Transformation<br \/>\nChair:<\/strong> Bogdan V\u0103tavu<br \/>\n<strong>Room:<\/strong> Senate Hall<\/td><td class=\"column-4\"><strong>G2 \u2013 Local Governments Navigating Post-Socialist Legacies and the Green Agenda in CEE<br \/>\nChair:<\/strong> Filip Alexandrescu<br \/>\n<strong>Room:<\/strong> Computer Lab<\/td><td class=\"column-5\"><\/td>\n<\/tr>\n<tr class=\"row-18\">\n\t<td class=\"column-1\"><\/td><td class=\"column-2\"><\/td><td class=\"column-3\">Anastasia Oprea &#8211; <em>Feminist Transformative Leadership in Post-Socialist Rural Romania<\/em><\/td><td class=\"column-4\">Piotr Derejczyk &#8211; <em>Local Government in Poland and the Green Transition: Institutional Legacies of Post-Communist Transformation and Contemporary Climate Challenges<\/em><\/td><td class=\"column-5\"><\/td>\n<\/tr>\n<tr class=\"row-19\">\n\t<td class=\"column-1\"><\/td><td class=\"column-2\"><\/td><td class=\"column-3\">Lenka Such\u00e1, Zuzana Harm\u00e1\u010dkov\u00e1, Pavl\u00edna Schultzov\u00e1 &#8211; <em>Triggering Social-Ecological Transformation in Central and Eastern Europe<\/em><\/td><td class=\"column-4\">Vlad Bejinariu &#8211; <em>EU&#8217;s Mission 100 as Socio-Ecological Fix: Green Transitions, Inter-Scalar Tensions, and New Accumulation<\/em><\/td><td class=\"column-5\"><\/td>\n<\/tr>\n<tr class=\"row-20\">\n\t<td class=\"column-1\"><\/td><td class=\"column-2\"><\/td><td class=\"column-3\">Lenka Such\u00e1, Zuzana Harm\u00e1\u010dkov\u00e1, Eli\u0161ka K. Lorencov\u00e1, Magdal\u00e9na Koudelkov\u00e1, Jitka Mart\u00ednkov\u00e1 &#8211; <em>From Global Scenarios to Local Realities: Rethinking Shared Socio-economic Pathways in Central and Eastern Europe<\/em><\/td><td class=\"column-4\">Iacob Mihai &#8211;<em> Unpacking the Sustainability Fix: Governance Mechanisms in Urban Redevelopment across Central and Eastern Europe<\/em><\/td><td class=\"column-5\"><\/td>\n<\/tr>\n<tr class=\"row-21\">\n\t<td class=\"column-1\"><\/td><td class=\"column-2\"><\/td><td class=\"column-3\">Giorgian Gu\u021boiu &#8211; <em>Nature and urban space: an Open Marxist framework<\/em><\/td><td class=\"column-4\">Vedran Obu\u0107ina &#8211;<em> Faith-Based Actors in Environmental Governance: Religious Contributions to the Green Transition in Central and Eastern Europe<\/em><\/td><td class=\"column-5\"><\/td>\n<\/tr>\n<tr class=\"row-22\">\n\t<td class=\"column-1\"><\/td><td class=\"column-2\"><\/td><td class=\"column-3\">Ina Lauren\u021biu &#8211; <em>Among Blocks, Gardens, and Hills: Social dynamics and urban transformation in Sopor<\/em><\/td><td class=\"column-4\"><\/td><td class=\"column-5\"><\/td>\n<\/tr>\n<tr class=\"row-23\">\n\t<td class=\"column-1\">15:45<\/td><td class=\"column-2\">16:00<\/td><td colspan=\"2\" class=\"column-3\"><strong>Coffee Break<\/strong><br \/>\nLibrary Lobby<\/td><td class=\"column-5\"><\/td>\n<\/tr>\n<tr class=\"row-24\">\n\t<td class=\"column-1\">16:00<\/td><td class=\"column-2\">16:30<\/td><td colspan=\"2\" class=\"column-3\"><em>Eco-Drama<\/em> with <strong>Oana Rusu<\/strong>, actress at \u201cIon Dacian\u201d National Operetta and Musical Theatre \/\/ researcher EcoJust<br \/>\n<strong>Room:<\/strong> Senate Hall<\/td><td class=\"column-5\"><\/td>\n<\/tr>\n<tr class=\"row-25\">\n\t<td class=\"column-1\">16:30<\/td><td class=\"column-2\">17:30<\/td><td colspan=\"2\" class=\"column-3\"><strong>Closing Discussion<\/strong><br \/>\nPreliminary conclusions and discussions about the future challenges with our guests of honour,<strong> Prof. Stefania Barca, Prof. Erik Swyngedouw<\/strong> and <strong>Prof. Vivian Price<\/strong><br \/>\n<strong>Chair:<\/strong> Irina Velicu<br \/>\n<strong>Room:<\/strong> Senate Hall<\/td><td class=\"column-5\"><\/td>\n<\/tr>\n<tr class=\"row-26\">\n\t<td class=\"column-1\">18:30<\/td><td class=\"column-2\">20:00<\/td><td colspan=\"2\" class=\"column-3\"><strong>Dinner at the \u201cLa Dobrun\u201d Restaurant<br \/>\nAddress: <em>Dobrun Street, no. 1<\/em><\/strong><\/td><td class=\"column-5\"><\/td>\n<\/tr>\n<\/tbody>\n<\/table>\n<!-- #tablepress-6 from cache -->\n\n\n<p><\/p>\n","protected":false},"excerpt":{"rendered":"<p>\ud83d\udccd Lucian Blaga University LibraryLucian Blaga Street, 2ASibiu, Romania<\/p>\n","protected":false},"author":1,"featured_media":386,"parent":0,"menu_order":0,"comment_status":"closed","ping_status":"closed","template":"","meta":{"footnotes":""},"class_list":["post-332","page","type-page","status-publish","has-post-thumbnail","hentry"],"_links":{"self":[{"href":"https:\/\/grants.ulbsibiu.ro\/ecojust\/wp-json\/wp\/v2\/pages\/332","targetHints":{"allow":["GET"]}}],"collection":[{"href":"https:\/\/grants.ulbsibiu.ro\/ecojust\/wp-json\/wp\/v2\/pages"}],"about":[{"href":"https:\/\/grants.ulbsibiu.ro\/ecojust\/wp-json\/wp\/v2\/types\/page"}],"author":[{"embeddable":true,"href":"https:\/\/grants.ulbsibiu.ro\/ecojust\/wp-json\/wp\/v2\/users\/1"}],"replies":[{"embeddable":true,"href":"https:\/\/grants.ulbsibiu.ro\/ecojust\/wp-json\/wp\/v2\/comments?post=332"}],"version-history":[{"count":7,"href":"https:\/\/grants.ulbsibiu.ro\/ecojust\/wp-json\/wp\/v2\/pages\/332\/revisions"}],"predecessor-version":[{"id":387,"href":"https:\/\/grants.ulbsibiu.ro\/ecojust\/wp-json\/wp\/v2\/pages\/332\/revisions\/387"}],"wp:featuredmedia":[{"embeddable":true,"href":"https:\/\/grants.ulbsibiu.ro\/ecojust\/wp-json\/wp\/v2\/media\/386"}],"wp:attachment":[{"href":"https:\/\/grants.ulbsibiu.ro\/ecojust\/wp-json\/wp\/v2\/media?parent=332"}],"curies":[{"name":"wp","href":"https:\/\/api.w.org\/{rel}","templated":true}]}}