{"id":13,"date":"2024-02-02T12:43:52","date_gmt":"2024-02-02T12:43:52","guid":{"rendered":"https:\/\/grants.ulbsibiu.ro\/corecon\/?page_id=13"},"modified":"2024-10-14T12:27:06","modified_gmt":"2024-10-14T12:27:06","slug":"about-us","status":"publish","type":"page","link":"https:\/\/grants.ulbsibiu.ro\/corecon\/about-us\/","title":{"rendered":"About us"},"content":{"rendered":"\n<p class=\"has-medium-font-size\">Full project title: <strong>The <mark style=\"background-color:rgba(0, 0, 0, 0);color:#ed0000\" class=\"has-inline-color\">co<\/mark>verage and <mark style=\"background-color:rgba(0, 0, 0, 0);color:#ed0000\" class=\"has-inline-color\">re<\/mark>ception of the Russian-Ukrainian <mark style=\"background-color:rgba(0, 0, 0, 0);color:#df0000\" class=\"has-inline-color\">co<\/mark><mark style=\"background-color:rgba(0, 0, 0, 0);color:#ed0000\" class=\"has-inline-color\">n<\/mark>flict in Polish, Romanian and English-language media: A comparative critical discourse study with recommendations for journalism training (<mark style=\"background-color:rgba(0, 0, 0, 0);color:#ed0000\" class=\"has-inline-color\">CORECON<\/mark>)<\/strong><\/p>\n\n\n\n<p>Often referred to as the \u201cSecond Cold War\u201d or even the \u201cThird World War\u201d, the Russian-Ukrainian military conflict is undoubtedly not only one of the major events of this decade, but one that is set to profoundly influence European history. Yet, the military conflict is only one face of an ideological and informational war that has already polarized the planet. How to detect the truth beyond the propagandas and identify the rhetorical strategies by which the producers of various discourses try to influence public opinion? In an era of \u201cpost-truth\u201d, and at the time when AI tends to substitute or even create reality, such a question acquires new relevance and urgency and calls for interdisciplinary and collaborative research.<\/p>\n\n\n\n<p>To address the informational challenges in the conflict-ridden public sphere, the studies should not only concern the belligerent camps where propagandas reign, but focus on the analysis of the variety of mediated discourses developed in response to the conflict. For these reasons, the international team of researchers in CORECON aims to explore the evolving coverage of Russian-Ukrainian conflict, together with its social, economic and political implications, by analyzing the dominant patterns and perceptions of the unfolding events in the Polish, Romanian and English-language media.<\/p>\n\n\n\n<p>The project aims to apply the eclectic toolkit of Critical Discourse Studies to raise public awareness of the extent, techniques, and implications of media technologies and discourses regarding the Russian-Ukrainian conflict, not only through academic publications, but also through popularization events. It offers some recommendations for journalism training and media literacy, which constitutes a necessary premise for preserving the democratic character of the societies in which we live.<\/p>\n\n\n\n<details class=\"wp-block-details is-layout-flow wp-block-details-is-layout-flow\"><summary>Romanian<\/summary>\n<p>Numit adeseori \u201eAl Doilea R\u0103zboi Rece\u201d sau chiar \u201eAl Treilea R\u0103zboi Mondial\u201d, conflictul ruso-ucrainean este, f\u0103r\u0103 \u00eendoial\u0103, nu numai unul dintre evenimentele majore ale epocii noastre, dar \u0219i unul care va influen\u021ba profund istoria urm\u0103toarelor decenii. \u00cens\u0103 conflictul militar \u0219i economic reprezint\u0103 doar unul dintre efectele unui r\u0103zboi ideologic \u0219i informa\u021bional mai amplu, care a polarizat deja \u00eentreaga planet\u0103. Cum s\u0103 descoperi adev\u0103rul dincolo de propagand\u0103 \u0219i s\u0103 identifici strategiile retorice prin care produc\u0103torii diverselor discursuri \u00eencearc\u0103 manipularea opiniei publice? \u00centr-o epoc\u0103 a <em>post-adev\u0103rului<\/em> \u0219i \u00een condi\u021biile \u00een care IA tinde s\u0103 substituie sau chiar s\u0103 creeze realitatea, o asemenea \u00eentrebare dob\u00e2nde\u0219te o nou\u0103 relevan\u021b\u0103 \u0219i o urgen\u021b\u0103 care reclam\u0103 o cercetare interdisciplinar\u0103 \u0219i colaborativ\u0103.<\/p>\n\n\n\n<p>Pentru a r\u0103spunde provoc\u0103rilor informa\u021bionale din sfera public\u0103 \u00een ceea ce prive\u0219te conflictul ruso-ucrainean, studiile consacrate acestuia ar trebui s\u0103 se refere nu doar la taberele beligerante, \u00een care propaganda e suveran\u0103, ci \u0219i la varietatea de discursuri mediate generate ca urmare a conflictului. Din aceste motive, echipa interna\u021bional\u0103 de cercet\u0103tori din cadrul CORECON \u00ee\u0219i propune s\u0103 exploreze evolu\u021bia reflect\u0103rii conflictului ruso-ucrainean, precum \u0219i implica\u021biile sale sociale, economice \u0219i politice, analiz\u00e2nd reprezent\u0103rile dominante \u0219i receptarea social\u0103 a evenimentelor \u00een mass-media polonez\u0103, rom\u00e2n\u0103 \u0219i englez\u0103.<\/p>\n\n\n\n<p>Proiectul nostru propune aplicarea unui set eclectic de instrumente din domeniul <em>studiului critic al discursului<\/em> pentru a facilita con\u0219tientizarea de c\u0103tre public a dimensiunilor, tehnicilor \u0219i implica\u021biilor manipul\u0103rii mediatice a conflictului ruso-ucrainean, nu doar prin publica\u021bii academice, ci \u0219i prin evenimente de tipul <em>Citizen Science<\/em>, care s\u0103 includ\u0103 recomand\u0103ri pentru preg\u0103tirea jurnali\u0219tilor \u2013 ceea ce constituie, \u00een opinia noastr\u0103, o premis\u0103 necesar\u0103 pentru p\u0103strarea caracterului democratic al societ\u0103\u021bii \u00een care tr\u0103im.<\/p>\n<\/details>\n\n\n\n<details class=\"wp-block-details has-medium-font-size is-layout-flow wp-block-details-is-layout-flow\"><summary>Polish<\/summary>\n<p>Czasem nazywana \u201cdrug\u0105 zimn\u0105 wojn\u0105\u201d lub \u201etrzeci\u0105 wojn\u0105 \u015bwiatow\u0105\u201d, inwazja Rosji na Ukrain\u0119 jest nie tylko jednym z najwa\u017cniejszych wydarze\u0144 tej dekady, ale tak\u017ce konfliktem, kt\u00f3ry w du\u017cym stopniu ukszta\u0142tuje histori\u0119 Europy. Jednak konflikt militarny jest tylko jednym z oblicz konfliktu ideologii i wojny informacyjnej, kt\u00f3re spolaryzowa\u0142y \u015bwiat. Jak mo\u017cna dotrze\u0107 do prawdy w\u015br\u00f3d kampanii propagandowych i jak sprawnie zidentyfikowa\u0107 strategie retoryczne r\u00f3\u017cnych aktor\u00f3w politycznych i autor\u00f3w dyskurs\u00f3w, kt\u00f3rych zamiarem jest wp\u0142ywanie na opini\u0119 publiczn\u0105? W erze post-prawdy, kiedy cz\u0119\u015b\u0107 rzeczywisto\u015bci kreowana jest za pomoc\u0105 sztucznej inteligencji, takie pytania staja si\u0119 bardziej pil\u0105ce i wa\u017ckie i wymagaj\u0105 pog\u0142\u0119bionych i interdyscyplinarnych bada\u0144.<\/p>\n\n\n\n<p>Aby podj\u0105\u0107 wyzwanie badania sfery publicznej przepe\u0142nionej dyskursami konfliktu, warto nie tyle przygl\u0105da\u0107 si\u0119 propagandzie p\u0142yn\u0105cej z ka\u017cdej ze skonfliktowanych stron, ale skoncentrowa\u0107 si\u0119 na r\u00f3\u017cnorodno\u015bci medialnych dyskurs\u00f3w powstaj\u0105cych w reakcji na konflikt. Dlatego mi\u0119dzynarodowa grupa badawcza w projekcie CORECON podejmie badania zmieniaj\u0105cych si\u0119 trend\u00f3w relacjonowania rosyjsko-ukrai\u0144skiego konfliktu, wraz z jego implikacjami w sferze spo\u0142ecznej, gospodarczej i politycznej, poprzez systematyczn\u0105 analiz\u0119 dominuj\u0105cych wzorc\u00f3w reprezentacji i percepcji wydarze\u0144 w polsko-, rumu\u0144sko- i angielskoj\u0119zycznych mediach.<\/p>\n\n\n\n<p>Projekt wykorzystuje eklektyczn\u0105 metodologi\u0119 Krytycznych Studi\u00f3w nad Dyskursem, maj\u0105c na celu podniesienie \u015bwiadomo\u015bci zakresu, technik i wp\u0142ywu medialnych technologii i dyskurs\u00f3w dotycz\u0105cych konfliktu rosyjsko-ukrai\u0144skiego nie tylko poprzez publikacje naukowe, ale tak\u017ce za po\u015brednictwem dzia\u0142a\u0144 popularyzatorskich. W toku projektu powstan\u0105 rekomendacje dotycz\u0105ce kszta\u0142cenia dziennikarzy zajmuj\u0105cych si\u0119 relacjonowaniem konflikt\u00f3w, a tak\u017ce materia\u0142y edukacyjne, kt\u00f3re podnios\u0105 \u015bwiadomo\u015b\u0107 roli medi\u00f3w w demokratycznych spo\u0142ecze\u0144stwach, w jakich \u017cyjemy.<\/p>\n<\/details>\n","protected":false},"excerpt":{"rendered":"<p>Full project title: The coverage and reception of the Russian-Ukrainian conflict in Polish, Romanian and English-language media: A comparative critical discourse study with recommendations for journalism training (CORECON) Often referred to as the \u201cSecond Cold War\u201d or even the \u201cThird World War\u201d, the Russian-Ukrainian military conflict is undoubtedly not only one of the major events [&hellip;]<\/p>\n","protected":false},"author":1,"featured_media":0,"parent":0,"menu_order":0,"comment_status":"closed","ping_status":"closed","template":"","meta":{"footnotes":""},"class_list":["post-13","page","type-page","status-publish","hentry"],"_links":{"self":[{"href":"https:\/\/grants.ulbsibiu.ro\/corecon\/wp-json\/wp\/v2\/pages\/13","targetHints":{"allow":["GET"]}}],"collection":[{"href":"https:\/\/grants.ulbsibiu.ro\/corecon\/wp-json\/wp\/v2\/pages"}],"about":[{"href":"https:\/\/grants.ulbsibiu.ro\/corecon\/wp-json\/wp\/v2\/types\/page"}],"author":[{"embeddable":true,"href":"https:\/\/grants.ulbsibiu.ro\/corecon\/wp-json\/wp\/v2\/users\/1"}],"replies":[{"embeddable":true,"href":"https:\/\/grants.ulbsibiu.ro\/corecon\/wp-json\/wp\/v2\/comments?post=13"}],"version-history":[{"count":5,"href":"https:\/\/grants.ulbsibiu.ro\/corecon\/wp-json\/wp\/v2\/pages\/13\/revisions"}],"predecessor-version":[{"id":293,"href":"https:\/\/grants.ulbsibiu.ro\/corecon\/wp-json\/wp\/v2\/pages\/13\/revisions\/293"}],"wp:attachment":[{"href":"https:\/\/grants.ulbsibiu.ro\/corecon\/wp-json\/wp\/v2\/media?parent=13"}],"curies":[{"name":"wp","href":"https:\/\/api.w.org\/{rel}","templated":true}]}}