{"id":811,"date":"2025-04-14T14:59:13","date_gmt":"2025-04-14T11:59:13","guid":{"rendered":"https:\/\/grants.ulbsibiu.ro\/cocerc\/?page_id=811"},"modified":"2025-04-15T13:25:37","modified_gmt":"2025-04-15T10:25:37","slug":"ghid-orientativ-de-stabilire-a-rezidentei-fiscale-pentru-cercetatori-straini-in-romania","status":"publish","type":"page","link":"https:\/\/grants.ulbsibiu.ro\/cocerc\/ghid-orientativ-de-stabilire-a-rezidentei-fiscale-pentru-cercetatori-straini-in-romania\/","title":{"rendered":"Ghid orientativ reziden\u021b\u0103 fiscal\u0103"},"content":{"rendered":"\n<p class=\"has-normal-font-size\">\u00cen contextul activit\u0103\u021bilor de cercetare desf\u0103\u0219urate \u00een Rom\u00e2nia, stabilirea reziden\u021bei fiscale este esen\u021bial\u0103 pentru conformarea fiscal\u0103 \u0219i evitarea dublei impuneri. Ghidul orientativ este conceput pentru cercet\u0103torii str\u0103ini care inten\u021bioneaz\u0103 s\u0103 desf\u0103\u0219oare activit\u0103\u021bi \u0219tiin\u021bifice \u00een Rom\u00e2nia. Ghidul ofer\u0103 informa\u021bii despre:<\/p>\n\n\n\n<ul>\n<li class=\"has-normal-font-size\">criteriile de determinare a reziden\u021bei fiscale conform conven\u021biilor interna\u021bionale;<\/li>\n\n\n\n<li class=\"has-normal-font-size\">procedurile administrative necesare \u00een func\u021bie de statutul de reziden\u021b\u0103 (UE sau non-UE);<\/li>\n\n\n\n<li class=\"has-normal-font-size\">pa\u0219ii pentru ob\u021binerea Num\u0103rului de Identificare Fiscal\u0103 (NIF);<\/li>\n\n\n\n<li class=\"has-normal-font-size\">aspecte legislative relevante;<\/li>\n\n\n\n<li class=\"has-normal-font-size\">surse oficiale de informare.<br><\/li>\n<\/ul>\n\n\n\n<p>Ghidul orientativ privind stabilirea reziden\u021bei fiscale este disponibil mai jos, \u00een limba rom\u00e2n\u0103 \u0219i englez\u0103, \u00een format PDF:<\/p>\n\n\n\n<p><strong>Rom\u00e2n\u0103:<\/strong><\/p>\n\n\n\n<div data-wp-interactive=\"\" class=\"wp-block-file\"><object data-wp-bind--hidden=\"!selectors.core.file.hasPdfPreview\" hidden class=\"wp-block-file__embed\" data=\"https:\/\/grants.ulbsibiu.ro\/cocerc\/wp-content\/uploads\/GHID-REZIDENTA-FISCALA_COCerc_RO.pdf\" type=\"application\/pdf\" style=\"width:100%;height:600px\" aria-label=\"Embed of GHID-REZIDENTA-FISCALA_COCerc_RO.\"><\/object><a id=\"wp-block-file--media-55197099-3e2f-4243-9c16-716ac652427e\" href=\"https:\/\/grants.ulbsibiu.ro\/cocerc\/wp-content\/uploads\/GHID-REZIDENTA-FISCALA_COCerc_RO.pdf\">GHID-REZIDENTA-FISCALA_COCerc_RO<\/a><a href=\"https:\/\/grants.ulbsibiu.ro\/cocerc\/wp-content\/uploads\/GHID-REZIDENTA-FISCALA_COCerc_RO.pdf\" class=\"wp-block-file__button wp-element-button\" download aria-describedby=\"wp-block-file--media-55197099-3e2f-4243-9c16-716ac652427e\">Download<\/a><\/div>\n\n\n\n<p><strong>English<\/strong>:<\/p>\n\n\n\n<div data-wp-interactive=\"\" class=\"wp-block-file\"><object data-wp-bind--hidden=\"!selectors.core.file.hasPdfPreview\" hidden class=\"wp-block-file__embed\" data=\"https:\/\/grants.ulbsibiu.ro\/cocerc\/wp-content\/uploads\/TAX-RESIDENCE-GUIDE_COCerc_EN.pdf\" type=\"application\/pdf\" style=\"width:100%;height:600px\" aria-label=\"Embed of TAX-RESIDENCE-GUIDE_COCerc_EN.\"><\/object><a id=\"wp-block-file--media-5da8dce0-4c68-40f4-8113-854a1ae8ac97\" href=\"https:\/\/grants.ulbsibiu.ro\/cocerc\/wp-content\/uploads\/TAX-RESIDENCE-GUIDE_COCerc_EN.pdf\">TAX-RESIDENCE-GUIDE_COCerc_EN<\/a><a href=\"https:\/\/grants.ulbsibiu.ro\/cocerc\/wp-content\/uploads\/TAX-RESIDENCE-GUIDE_COCerc_EN.pdf\" class=\"wp-block-file__button wp-element-button\" download aria-describedby=\"wp-block-file--media-5da8dce0-4c68-40f4-8113-854a1ae8ac97\">Download<\/a><\/div>\n\n\n\n<p class=\"has-normal-font-size\">Pentru \u00eentreb\u0103ri suplimentare, v\u0103 pute\u021bi adresa echipei COCERC \u2013 ULBS la adresa: <a class=\"\" href=\"mailto:grant.cocerc@ulbsibiu.ro\">grant.cocerc@ulbsibiu.ro<\/a>. <\/p>\n\n\n\n<p class=\"has-normal-font-size\">Toate serviciile oferite \u00een cadrul acestui program sunt gratuite.<\/p>\n","protected":false},"excerpt":{"rendered":"<p>\u00cen contextul activit\u0103\u021bilor de cercetare desf\u0103\u0219urate \u00een Rom\u00e2nia, stabilirea reziden\u021bei fiscale este esen\u021bial\u0103 pentru conformarea fiscal\u0103 \u0219i evitarea dublei impuneri. Ghidul orientativ este conceput pentru cercet\u0103torii str\u0103ini care inten\u021bioneaz\u0103 s\u0103 [&hellip;]<\/p>\n","protected":false},"author":1,"featured_media":0,"parent":0,"menu_order":0,"comment_status":"closed","ping_status":"closed","template":"","meta":{"footnotes":""},"_links":{"self":[{"href":"https:\/\/grants.ulbsibiu.ro\/cocerc\/wp-json\/wp\/v2\/pages\/811"}],"collection":[{"href":"https:\/\/grants.ulbsibiu.ro\/cocerc\/wp-json\/wp\/v2\/pages"}],"about":[{"href":"https:\/\/grants.ulbsibiu.ro\/cocerc\/wp-json\/wp\/v2\/types\/page"}],"author":[{"embeddable":true,"href":"https:\/\/grants.ulbsibiu.ro\/cocerc\/wp-json\/wp\/v2\/users\/1"}],"replies":[{"embeddable":true,"href":"https:\/\/grants.ulbsibiu.ro\/cocerc\/wp-json\/wp\/v2\/comments?post=811"}],"version-history":[{"count":6,"href":"https:\/\/grants.ulbsibiu.ro\/cocerc\/wp-json\/wp\/v2\/pages\/811\/revisions"}],"predecessor-version":[{"id":1019,"href":"https:\/\/grants.ulbsibiu.ro\/cocerc\/wp-json\/wp\/v2\/pages\/811\/revisions\/1019"}],"wp:attachment":[{"href":"https:\/\/grants.ulbsibiu.ro\/cocerc\/wp-json\/wp\/v2\/media?parent=811"}],"curies":[{"name":"wp","href":"https:\/\/api.w.org\/{rel}","templated":true}]}}